{"id":11202,"date":"2023-08-31T12:05:54","date_gmt":"2023-08-31T12:05:54","guid":{"rendered":"https:\/\/lonexvezimeliai.eu\/?post_type=product&#038;p=11202"},"modified":"2023-08-31T12:08:56","modified_gmt":"2023-08-31T12:08:56","slug":"vaikiskas-universalus-vezimelis-lonex-soft-3in1","status":"publish","type":"product","link":"https:\/\/lonexvezimeliai.eu\/en\/product\/vaikiskas-universalus-vezimelis-lonex-soft-3in1\/","title":{"rendered":"Children&#039;s universal stroller LONEX SOFT 3in1"},"content":{"rendered":"<section id=\"extContent2-kl\" class=\"mbr-section ext\u0421ontent cid-tAlOQwhWvX\">\n<div class=\"container\">\n<div class=\"title col-12 col-md-12\">\n<h2 class=\"align-center mbr-fonts-style pb-5 display-1\">Patogus lop\u0161ys<\/h2>\n<\/div>\n<div class=\"media-container-row mt-4\">\n<div class=\"article article-right-border mb-4 col-sm-12 col-md-6\"><\/div>\n<div class=\"article mb-4 col-sm-12 col-md-6\">\n<p class=\"mbr-text-right mbr-fonts-style align-left display-5\"><span class=\"HwtZe\" lang=\"lt\"><span class=\"jCAhz ChMk0b\"><span class=\"ryNqvb\">Ve\u017eim\u0117lio gamybai naudojamas hibridinis audinys yra patvarus ir lengvai pri\u017ei\u016brimas<\/span><\/span><\/span>.<\/p>\n<p><span class=\"HwtZe\" lang=\"lt\"><span class=\"jCAhz ChMk0b\"><span class=\"ryNqvb\">\u012ed\u0117klas, u\u017etikrinantis oro cirkuliacij\u0105,bei \u0161velnus j\u016bs\u0173 k\u016bdikiui.<\/span><\/span><\/span><\/p>\n<\/div>\n<\/div>\n<\/div>\n<\/section>\n<section id=\"image1-km\" class=\"cid-tAlOQx1YNZ\">\n<figure class=\"mbr-figure container\">\n<div class=\"image-block\"><img decoding=\"async\" class=\"\" title=\"wersja spacerowa\" src=\"https:\/\/lonexcompany.com\/assets\/images\/lonex-soft-hybrydowa-tkanina-1598x900.jpg\" alt=\"w\u00f3zek dzieci\u0119cy Lonex SOFT - baby pram\" width=\"1400\" \/><\/div>\n<\/figure>\n<\/section>\n<section id=\"image1-l8\" class=\"cid-tAlZOSy2M8\">\n<figure class=\"mbr-figure container\">\n<div class=\"image-block\"><img decoding=\"async\" class=\"\" title=\"wersja spacerowa\" src=\"https:\/\/lonexcompany.com\/assets\/images\/lonex-soft-gondola-pl-1598x1177.jpg\" alt=\"w\u00f3zek dzieci\u0119cy Lonex SOFT - baby pram\" width=\"1400\" \/><\/div>\n<\/figure>\n<\/section>\n<section id=\"article6-kn\" class=\"mbr-section article content1 cid-tAlOQxGmbs\">\n<div class=\"container\">\n<div class=\"media-container-row\">\n<div class=\"mbr-text col-12 col-md-8 mbr-fonts-style display-5\">\n<div>Lop\u0161io i\u0161matavimai:<\/div>\n<div><\/div>\n<div>ilgis <strong>80\u00a0cm<\/strong>, ploti <strong>36 cm<\/strong>, auk\u0161tis <strong>19\u00a0cm<\/strong><\/div>\n<div><\/div>\n<\/div>\n<\/div>\n<\/div>\n<\/section>\n<section id=\"article6-lc\" class=\"mbr-section article content1 cid-tAuVyLiQ6Y\">\n<div class=\"container\">\n<div class=\"media-container-row\">\n<div class=\"mbr-text col-12 col-md-8 mbr-fonts-style display-2\">\n<p class=\"\"><strong>Lonex SOFT<\/strong> video:<\/p>\n<\/div>\n<\/div>\n<\/div>\n<\/section>\n<section id=\"image1-ld\" class=\"cid-tAuVzyqD0v\">\n<figure class=\"mbr-figure container\">\n<div class=\"image-block\"><a class=\"\" href=\"https:\/\/youtu.be\/6mu4gGiVYFg\" target=\"_blank\" rel=\"noopener\"><img decoding=\"async\" title=\"\" src=\"https:\/\/lonexcompany.com\/assets\/images\/logo-yt-620x272.jpg\" alt=\"YT\" width=\"1400\" \/><\/a><\/div>\n<\/figure>\n<\/section>\n<section id=\"extContent2-l7\" class=\"mbr-section ext\u0421ontent cid-tAlZfqCjsd\">\n<div class=\"container\">\n<div class=\"title col-12 col-md-12\">\n<h2 class=\"align-center mbr-fonts-style pb-5 display-1\"><\/h2>\n<\/div>\n<div class=\"media-container-row mt-4\">\n<div class=\"article article-right-border mb-4 col-sm-12 col-md-6\">\n<p class=\"mbr-text-left align-right mbr-fonts-style display-5\"><span class=\"HwtZe\" lang=\"lt\"><span class=\"jCAhz ChMk0b\"><span class=\"ryNqvb\">SOFT ve\u017eim\u0117lis yra su geliniais ratukais, kurie suteikia nepaprast\u0105 komfort\u0105 ir amortizacij\u0105<\/span><\/span><\/span><\/p>\n<\/div>\n<div class=\"article mb-4 col-sm-12 col-md-6\">\n<p class=\"mbr-text-right mbr-fonts-style align-left display-5\"><span class=\"HwtZe\" lang=\"lt\"><span class=\"jCAhz ChMk0b\"><span class=\"ryNqvb\">Reguliuojama rankena u\u017etikrins j\u016bs\u0173<\/span><\/span> <span class=\"jCAhz ChMk0b\"><span class=\"ryNqvb\">komfort\u0105 ir saugum\u0105 j\u016bs\u0173 vaikui<\/span><\/span><\/span>.<\/p>\n<\/div>\n<\/div>\n<\/div>\n<\/section>\n<section id=\"image1-ko\" class=\"cid-tAlOQyleAm\">\n<figure class=\"mbr-figure container\">\n<div class=\"image-block\"><img decoding=\"async\" class=\"\" title=\"wersja spacerowa\" src=\"https:\/\/lonexcompany.com\/assets\/images\/lonex-soft-pl-1598x1177.jpg\" alt=\"w\u00f3zek dzieci\u0119cy Lonex SOFT - baby pram\" width=\"1400\" \/><\/div>\n<\/figure>\n<\/section>\n<section id=\"features18-kp\" class=\"mbr-section features18 cid-tAlOQz0OxQ\">\n<div class=\"container-fluid\">\n<div class=\"row justify-content-center pt-5\">\n<div class=\"card px-3 py-4 col-12 col-md-6 col-lg-4\">\n<div class=\"card-wrapper\">\n<div class=\"card-img\"><img decoding=\"async\" class=\"\" title=\"pokrowiec na n\u00f3\u017cki\" src=\"https:\/\/lonexcompany.com\/assets\/images\/lonex-soft-okienko-wiatrolap-828x552.jpg\" alt=\"w\u00f3zek dzieci\u0119cy Lonex SOFT - baby pram\" \/><\/div>\n<div class=\"card-box\">\n<p class=\"mbr-text mbr-fonts-style align-center mbr-white display-5\"><span class=\"HwtZe\" lang=\"lt\"><span class=\"jCAhz ChMk0b\"><span class=\"ryNqvb\">Lop\u0161io langas puikiai papildo funkcionalum\u0105<\/span><\/span><\/span><\/p>\n<\/div>\n<\/div>\n<\/div>\n<div class=\"card px-3 py-4 col-12 col-md-6 col-lg-4\">\n<div class=\"card-wrapper\">\n<div class=\"card-img\"><img decoding=\"async\" class=\"\" title=\"przek\u0142adane siedzisko spacer\u00f3wki PAX\" src=\"https:\/\/lonexcompany.com\/assets\/images\/lonex-soft-gondola-wentylacja-a-s1-828x552.jpg\" alt=\"w\u00f3zek dzieci\u0119cy Lonex SOFT - baby pram\" \/><\/div>\n<div class=\"card-box\">\n<p class=\"mbr-text mbr-fonts-style align-center mbr-white display-5\"><span class=\"HwtZe\" lang=\"lt\"><span class=\"jCAhz ChMk0b\"><span class=\"ryNqvb\">Papildoma ventiliacija lop\u0161yje<\/span><\/span><span class=\"jCAhz ChMk0b\"><span class=\"ryNqvb\">u\u017etikrina maksimali\u0105 oro cirkuliacij\u0105<\/span><\/span><\/span><\/p>\n<\/div>\n<\/div>\n<\/div>\n<div class=\"card px-3 py-4 col-12 col-md-6 col-lg-4\">\n<div class=\"card-wrapper\">\n<div class=\"card-img\"><img decoding=\"async\" class=\"\" title=\"pozycja do spania PAX\" src=\"https:\/\/lonexcompany.com\/assets\/images\/lonex-soft-rama-skladanie-828x552.jpg\" alt=\"w\u00f3zek dzieci\u0119cy Lonex SOFT - baby pram\" \/><\/div>\n<div class=\"card-box\">\n<p class=\"mbr-text mbr-fonts-style align-center mbr-white display-5\"><span class=\"HwtZe\" lang=\"lt\"><span class=\"jCAhz ChMk0b\"><span class=\"ryNqvb\">Ve\u017eim\u0117l\u012f lengva sulankstyti ir i\u0161skleisti, tod\u0117l patogu laikyti ir transportuoti<\/span><\/span><\/span><\/p>\n<\/div>\n<\/div>\n<\/div>\n<\/div>\n<\/div>\n<\/section>\n<section id=\"extContent2-kq\" class=\"mbr-section ext\u0421ontent cid-tAlOQzYfp1\">\n<div class=\"container\">\n<div class=\"title col-12 col-md-12\">\n<h2 class=\"align-center mbr-fonts-style pb-5 display-1\">Lengvas pasivaiks\u010diojimas<\/h2>\n<\/div>\n<div class=\"media-container-row mt-4\"><span class=\"HwtZe\" lang=\"lt\"><span class=\"jCAhz ChMk0b\"><span class=\"ryNqvb\">Patogi s\u0117dyn\u0117 ir reguliuojamas atlo\u0161as u\u017etikrina vaikui komfort\u0105<\/span><\/span> .<span class=\"jCAhz ChMk0b\"><span class=\"ryNqvb\">Gilus stogelis, apsaugantis nuo UV spinduli\u0173<\/span><\/span><\/span><\/div>\n<\/div>\n<\/section>\n<section id=\"image1-kr\" class=\"cid-tAlOQAC6UE\">\n<figure class=\"mbr-figure container\">\n<div class=\"image-block\"><img decoding=\"async\" class=\"\" title=\"wersja spacerowa\" src=\"https:\/\/lonexcompany.com\/assets\/images\/lonex-soft-spacerowka-pl-1598x1177.jpg\" alt=\"w\u00f3zek dzieci\u0119cy Lonex SOFT - baby pram\" width=\"1400\" \/><\/div>\n<\/figure>\n<\/section>\n<section id=\"features18-ks\" class=\"mbr-section features18 cid-tAlOQB9aFz\">\n<div class=\"container-fluid\">\n<div class=\"row justify-content-center pt-5\">\n<div class=\"card px-3 py-4 col-12 col-md-6 col-lg-4\">\n<div class=\"card-wrapper\">\n<div class=\"card-img\"><img decoding=\"async\" class=\"\" title=\"pokrowiec na n\u00f3\u017cki\" src=\"https:\/\/lonexcompany.com\/assets\/images\/lonex-soft-spacerowka-b-828x552.jpg\" alt=\"w\u00f3zek dzieci\u0119cy Lonex SOFT - baby pram\" \/><\/div>\n<div class=\"card-box\">\n<p class=\"mbr-text mbr-fonts-style align-center mbr-white display-5\">\u00a0<span class=\"HwtZe\" lang=\"lt\"><span class=\"jCAhz ChMk0b\"><span class=\"ryNqvb\">U\u017evalkalas pagamintas i\u0161 auk\u0161tos kokyb\u0117s med\u017eiagos, kuri yra mink\u0161ta ir maloni<\/span><\/span> <span class=\"jCAhz ChMk0b\"><span class=\"ryNqvb\">prisilietimui.<\/span><\/span><\/span><\/p>\n<\/div>\n<\/div>\n<\/div>\n<div class=\"card px-3 py-4 col-12 col-md-6 col-lg-4\">\n<div class=\"card-wrapper\">\n<div class=\"card-img\"><img decoding=\"async\" class=\"\" title=\"przek\u0142adane siedzisko spacer\u00f3wki PAX\" src=\"https:\/\/lonexcompany.com\/assets\/images\/lonex-soft-spacerowka-c-828x552.jpg\" alt=\"w\u00f3zek dzieci\u0119cy Lonex SOFT - baby pram\" \/><\/div>\n<div class=\"card-box\">\n<p class=\"mbr-text mbr-fonts-style align-center mbr-white display-5\"><span class=\"HwtZe\" lang=\"lt\"><span class=\"jCAhz ChMk0b\"><span class=\"ryNqvb\">Momentin\u0117 sistema<\/span><\/span> <span class=\"jCAhz ChMk0b\"><span class=\"ryNqvb\">nuimamas priekis\/gala<\/span><\/span><\/span>s<\/p>\n<\/div>\n<\/div>\n<\/div>\n<div class=\"card px-3 py-4 col-12 col-md-6 col-lg-4\">\n<div class=\"card-wrapper\">\n<div class=\"card-img\"><img decoding=\"async\" class=\"\" title=\"pozycja do spania PAX\" src=\"https:\/\/lonexcompany.com\/assets\/images\/lonex-soft-spacerowka-d-828x552.jpg\" alt=\"w\u00f3zek dzieci\u0119cy Lonex SOFT - baby pram\" \/><\/div>\n<div class=\"card-box\">\n<p class=\"mbr-text mbr-fonts-style align-center mbr-white display-5\"><span class=\"HwtZe\" lang=\"lt\"><span class=\"jCAhz ChMk0b\"><span class=\"ryNqvb\">Patogi miegojimo pad\u0117tis<\/span><\/span> <span class=\"jCAhz ChMk0b\"><span class=\"ryNqvb\">maksimaliam komfortui<\/span><\/span><\/span><\/p>\n<\/div>\n<\/div>\n<\/div>\n<\/div>\n<\/div>\n<\/section>\n<section id=\"extContent2-kt\" class=\"mbr-section ext\u0421ontent cid-tAlOQCaejv\">\n<div class=\"container\">\n<div class=\"title col-12 col-md-12\">\n<h2 class=\"align-center mbr-fonts-style pb-5 display-1\">Saugus foteliukas<\/h2>\n<\/div>\n<div class=\"media-container-row mt-4\"><span class=\"HwtZe\" lang=\"lt\"><span class=\"jCAhz ChMk0b\"><span class=\"ryNqvb\">Kite+ \u2013 tai k\u0117dut\u0117, u\u017etikrinanti maksimal\u0173 saugum\u0105 nuo pirm\u0173j\u0173 vaiko gyvenimo dien\u0173<\/span><\/span> <span class=\"jCAhz ChMk0b\"><span class=\"ryNqvb\">2 montavimo tipai: tvirtinimas prie ISOFIX pagrindo (parinktis keturi viename pagrinde u\u017e papildom\u0105 mokest\u012f) arba naudojant automobilio saugos dir\u017eus<\/span><\/span><\/span>.<\/div>\n<\/div>\n<\/section>\n<section id=\"image1-ku\" class=\"cid-tAlOQCVRQS\">\n<figure class=\"mbr-figure container\">\n<div class=\"image-block\"><img decoding=\"async\" class=\"\" title=\"wersja spacerowa\" src=\"https:\/\/lonexcompany.com\/assets\/images\/lonex-soft-fotelik-kite-pl-1598x1177.jpg\" alt=\"w\u00f3zek dzieci\u0119cy Lonex SOFT - baby pram\" width=\"1400\" \/><\/div>\n<\/figure>\n<\/section>\n<section id=\"features18-kv\" class=\"mbr-section features18 cid-tAlOQDzICb\">\n<div class=\"container-fluid\">\n<div class=\"row justify-content-center pt-5\">\n<div class=\"card px-3 py-4 col-12 col-md-6 col-lg-4\">\n<div class=\"card-wrapper\">\n<div class=\"card-img\"><img decoding=\"async\" class=\"\" title=\"pokrowiec na n\u00f3\u017cki\" src=\"https:\/\/lonexcompany.com\/assets\/images\/lonex-soft-fotelik-b-s1-828x552.jpg\" alt=\"w\u00f3zek dzieci\u0119cy Lonex SOFT - baby pram\" \/><\/div>\n<div class=\"card-box\">\n<p class=\"mbr-text mbr-fonts-style align-center mbr-white display-5\"><span class=\"HwtZe\" lang=\"lt\"><span class=\"jCAhz ChMk0b\"><span class=\"ryNqvb\">Komplekte dangtelis<\/span><\/span> <span class=\"jCAhz ChMk0b\"><span class=\"ryNqvb\">gobtuvai ir \u0161iltas u\u017evalkalas kojoms<\/span><\/span><\/span><\/p>\n<\/div>\n<\/div>\n<\/div>\n<div class=\"card px-3 py-4 col-12 col-md-6 col-lg-4\">\n<div class=\"card-wrapper\">\n<div class=\"card-img\"><img decoding=\"async\" class=\"\" title=\"przek\u0142adane siedzisko spacer\u00f3wki PAX\" src=\"https:\/\/lonexcompany.com\/assets\/images\/lonex-soft-fotelik-a-828x552.jpg\" alt=\"w\u00f3zek dzieci\u0119cy Lonex SOFT - baby pram\" \/><\/div>\n<div class=\"card-box\">\n<p class=\"mbr-text mbr-fonts-style align-center mbr-white display-5\"><span class=\"HwtZe\" lang=\"lt\"><span class=\"jCAhz ChMk0b\"><span class=\"ryNqvb\">Prijungiami adapteriai.<\/span><\/span> <span class=\"jCAhz ChMk0b\"><span class=\"ryNqvb\">Standartin\u0117 r\u0117mo s\u0117dyn\u0117<\/span><\/span><\/span><\/p>\n<\/div>\n<\/div>\n<\/div>\n<\/div>\n<\/div>\n<\/section>\n<section id=\"extContent2-kw\" class=\"mbr-section ext\u0421ontent cid-tAlOQECNxO\">\n<div class=\"container\">\n<div class=\"title col-12 col-md-12\">\n<h2 class=\"align-center mbr-fonts-style pb-5 display-1\">Komplekte krep\u0161ys<\/h2>\n<\/div>\n<div class=\"media-container-row mt-4\"><span class=\"HwtZe\" lang=\"lt\"><span class=\"jCAhz ChMk0b\"><span class=\"ryNqvb\">Patogus b\u016bdas susid\u0117ti svarbiausius dalykus, kurie turi b\u016bti po ranka pasivaik\u0161\u010diojimo metu.<\/span><\/span> <span class=\"jCAhz ChMk0b\"><span class=\"ryNqvb\">Krep\u0161yje yra skyreliai, kuriuose galima pasl\u0117pti buteliukus, u\u017ekand\u017eius, \u017eaislus, sauskelnes, servet\u0117les ir k\u016bdiki\u0173 drabu\u017e\u0117lius.<\/span><\/span><\/span><\/div>\n<\/div>\n<\/section>\n<section id=\"image1-kx\" class=\"cid-tAlOQFfi30\">\n<figure class=\"mbr-figure container\">\n<div class=\"image-block\"><img decoding=\"async\" class=\"\" title=\"wersja spacerowa\" src=\"https:\/\/lonexcompany.com\/assets\/images\/lonex-soft-tobra-s1-1500x1000.jpg\" alt=\"w\u00f3zek dzieci\u0119cy Lonex SOFT - baby pram\" width=\"1400\" \/><\/div>\n<\/figure>\n<\/section>\n<section id=\"features18-l1\" class=\"mbr-section features18 cid-tAlOQIhA4D\">\n<div class=\"container-fluid\">\n<h2 class=\"mbr-section-title align-left mbr-fonts-style mbr-bold mbr-white display-1\">I\u0161matavimai ir svoris<\/h2>\n<div class=\"row justify-content-center pt-5\">\n<div class=\"card px-3 py-4 col-12 col-md-6 col-lg-4\">\n<div class=\"card-wrapper\">\n<div class=\"card-img\"><img decoding=\"async\" class=\"\" title=\"pokrowiec na n\u00f3\u017cki\" src=\"https:\/\/lonexcompany.com\/assets\/images\/lonex-soft-wymiar-wagi-a-828x621.jpg\" alt=\"w\u00f3zek dzieci\u0119cy Lonex SOFT - baby pram\" \/><\/div>\n<\/div>\n<\/div>\n<div class=\"card px-3 py-4 col-12 col-md-6 col-lg-4\">\n<div class=\"card-wrapper\">\n<div class=\"card-img\"><img decoding=\"async\" class=\"\" title=\"przek\u0142adane siedzisko spacer\u00f3wki PAX\" src=\"https:\/\/lonexcompany.com\/assets\/images\/lonex-soft-wymiar-wagi-b-828x621.jpg\" alt=\"w\u00f3zek dzieci\u0119cy Lonex SOFT - baby pram\" \/><\/div>\n<\/div>\n<\/div>\n<\/div>\n<\/div>\n<\/section>\n<section id=\"features18-l2\" class=\"mbr-section features18 cid-tAlOQJbuKd\">\n<div class=\"container-fluid\">\n<div class=\"row justify-content-center pt-5\">\n<div class=\"card px-3 py-4 col-12 col-md-6 col-lg-4\">\n<div class=\"card-wrapper\">\n<div class=\"card-img\"><img decoding=\"async\" class=\"\" title=\"pokrowiec na n\u00f3\u017cki\" src=\"https:\/\/lonexcompany.com\/assets\/images\/lonex-soft-wymiar-wagi-c-828x621.jpg\" alt=\"w\u00f3zek dzieci\u0119cy Lonex SOFT - baby pram\" \/><\/div>\n<\/div>\n<\/div>\n<div class=\"card px-3 py-4 col-12 col-md-6 col-lg-4\">\n<div class=\"card-wrapper\">\n<div class=\"card-img\"><img decoding=\"async\" class=\"\" title=\"przek\u0142adane siedzisko spacer\u00f3wki PAX\" src=\"https:\/\/lonexcompany.com\/assets\/images\/lonex-soft-wymiar-wagi-d-828x621.jpg\" alt=\"w\u00f3zek dzieci\u0119cy Lonex SOFT - baby pram\" \/><\/div>\n<\/div>\n<\/div>\n<\/div>\n<\/div>\n<\/section>\n<section id=\"article6-l3\" class=\"mbr-section article content1 cid-tAlOQKf11o\">\n<div class=\"container\">\n<div class=\"media-container-row\">\n<div class=\"mbr-text col-12 col-md-8 mbr-fonts-style display-7\">\n<p class=\"\">*<span class=\"HwtZe\" lang=\"lt\"><span class=\"jCAhz ChMk0b\"><span class=\"ryNqvb\">svoriai pateikiami kartu su gelio ratukais<\/span><\/span><\/span><\/p>\n<\/div>\n<\/div>\n<\/div>\n<\/section>\n<section id=\"gallery1-l6\" class=\"mbr-gallery mbr-slider-carousel cid-tAlVBOaHES\">\n<div class=\"container\">\n<h2 class=\"align-left mbr-fonts-style mbr-section-title display-1 pb-4\">Spalvos pasirinkimas<\/h2>\n<\/div>\n<div>\n<div class=\"col-left-gallery\">\n<div class=\"mbr-gallery-row\">\n<div class=\"mbr-gallery-layout-default\">\n<div>\n<div>\n<div class=\"mbr-gallery-item mbr-gallery-item--p2\" data-video-url=\"false\" data-tags=\"Niesamowite\">\n<div data-slide-to=\"0\" data-bs-slide-to=\"0\" data-toggle=\"modal\" data-bs-toggle=\"modal\"><img decoding=\"async\" title=\"\" src=\"https:\/\/lonexcompany.com\/assets\/images\/lonex-soft-01-dark-grey-1900x1400-800x589.jpg\" alt=\"\" \/><\/div>\n<\/div>\n<div class=\"mbr-gallery-item mbr-gallery-item--p2\" data-video-url=\"false\" data-tags=\"Wra\u017cliwe\">\n<div data-slide-to=\"1\" data-bs-slide-to=\"1\" data-toggle=\"modal\" data-bs-toggle=\"modal\"><img decoding=\"async\" title=\"\" src=\"https:\/\/lonexcompany.com\/assets\/images\/lonex-soft-02-blue-1900x1400-800x589.jpg\" alt=\"\" \/><\/div>\n<\/div>\n<div class=\"mbr-gallery-item mbr-gallery-item--p2\" data-video-url=\"false\" data-tags=\"Tw\u00f3rcze\">\n<div data-slide-to=\"2\" data-bs-slide-to=\"2\" data-toggle=\"modal\" data-bs-toggle=\"modal\"><img decoding=\"async\" title=\"\" src=\"https:\/\/lonexcompany.com\/assets\/images\/lonex-soft-03-light-beige-1900x1400-800x589.jpg\" alt=\"\" \/><\/div>\n<\/div>\n<div class=\"mbr-gallery-item mbr-gallery-item--p2\" data-video-url=\"false\" data-tags=\"Animowane\">\n<div data-slide-to=\"3\" data-bs-slide-to=\"3\" data-toggle=\"modal\" data-bs-toggle=\"modal\"><img decoding=\"async\" title=\"\" src=\"https:\/\/lonexcompany.com\/assets\/images\/lonex-soft-04-sky-1900x1400-800x589.jpg\" alt=\"\" \/><\/div>\n<\/div>\n<\/div>\n<\/div>\n<\/div>\n<\/div>\n<\/div>\n<\/div>\n<\/section>","protected":false},"excerpt":{"rendered":"<p>Patogus lop\u0161ys Ve\u017eim\u0117lio gamybai naudojamas hibridinis audinys yra patvarus ir lengvai pri\u017ei\u016brimas. \u012ed\u0117klas, u\u017etikrinantis oro cirkuliacij\u0105,bei \u0161velnus j\u016bs\u0173 k\u016bdikiui. Lop\u0161io i\u0161matavimai: ilgis 80\u00a0cm, ploti 36 cm, auk\u0161tis 19\u00a0cm Lonex SOFT video: SOFT ve\u017eim\u0117lis yra su geliniais ratukais, kurie suteikia nepaprast\u0105 komfort\u0105 ir amortizacij\u0105 Reguliuojama rankena u\u017etikrins j\u016bs\u0173 komfort\u0105 ir saugum\u0105 j\u016bs\u0173 vaikui. Lop\u0161io langas puikiai [&hellip;]<\/p>","protected":false},"featured_media":11204,"template":"","meta":[],"product_cat":[219],"product_tag":[],"acf":[],"_links":{"self":[{"href":"https:\/\/lonexvezimeliai.eu\/en\/wp-json\/wp\/v2\/product\/11202"}],"collection":[{"href":"https:\/\/lonexvezimeliai.eu\/en\/wp-json\/wp\/v2\/product"}],"about":[{"href":"https:\/\/lonexvezimeliai.eu\/en\/wp-json\/wp\/v2\/types\/product"}],"wp:featuredmedia":[{"embeddable":true,"href":"https:\/\/lonexvezimeliai.eu\/en\/wp-json\/wp\/v2\/media\/11204"}],"wp:attachment":[{"href":"https:\/\/lonexvezimeliai.eu\/en\/wp-json\/wp\/v2\/media?parent=11202"}],"wp:term":[{"taxonomy":"product_cat","embeddable":true,"href":"https:\/\/lonexvezimeliai.eu\/en\/wp-json\/wp\/v2\/product_cat?post=11202"},{"taxonomy":"product_tag","embeddable":true,"href":"https:\/\/lonexvezimeliai.eu\/en\/wp-json\/wp\/v2\/product_tag?post=11202"}],"curies":[{"name":"wp","href":"https:\/\/api.w.org\/{rel}","templated":true}]}}