{"id":10791,"date":"2023-03-13T19:59:37","date_gmt":"2023-03-13T19:59:37","guid":{"rendered":"https:\/\/lonexvezimeliai.eu\/?product=o%c2%afeczko-dzieciece-sosnowe-pookr%c2%a5ge-mi%c2%8c-biae-120x60cm"},"modified":"2023-04-01T08:32:45","modified_gmt":"2023-04-01T08:32:45","slug":"o%c2%afeczko-dzieciece-sosnowe-pookr%c2%a5ge-mi%c2%8c-biae-120x60cm","status":"publish","type":"product","link":"https:\/\/lonexvezimeliai.eu\/en\/product\/o%c2%afeczko-dzieciece-sosnowe-pookr%c2%a5ge-mi%c2%8c-biae-120x60cm\/","title":{"rendered":"Crib teddy bear \/ white 120X60CM"},"content":{"rendered":"<p><span class=\"jCAhz ChMk0b\"><span class=\"ryNqvb\">Gra\u017ei klasikin\u0117 vaiki\u0161ka lova,<\/span><\/span><span class=\"jCAhz ChMk0b\"><span class=\"ryNqvb\">pagamintas i\u0161 pu\u0161ies medienos<\/span><\/span>\u00a0.<span class=\"jCAhz ChMk0b\"><span class=\"ryNqvb\">Vaiki\u0161ka lovel\u0117, kurios vidinis matmuo 120x60cm.<\/span><\/span>\u00a0<span class=\"jCAhz ChMk0b\"><span class=\"ryNqvb\">Lova parduodama be \u010diu\u017einio ir patalyn\u0117s komplekto.<\/span><\/span>\u00a0<span class=\"jCAhz ChMk0b\"><span class=\"ryNqvb\">Atitinka visus saugos reikalavimus<\/span><\/span>\u00a0.<span class=\"jCAhz ChMk0b\"><span class=\"ryNqvb\">Vidiniai matmenys 120x60cm<\/span><\/span>\u00a0<span class=\"jCAhz ChMk0b\"><span class=\"ryNqvb\">Pagaminta i\u0161 pu\u0161ies,d<\/span><\/span><span class=\"jCAhz ChMk0b\"><span class=\"ryNqvb\">a\u017eytos baltai<\/span><\/span>\u00a0.<span class=\"jCAhz ChMk0b\"><span class=\"ryNqvb\">Da\u017eyta saugiais da\u017eais.<\/span><\/span>\u00a0<span class=\"jCAhz ChMk0b\"><span class=\"ryNqvb\">3 auk\u0161\u010dio lygiai<\/span><\/span>\u00a0<span class=\"jCAhz ChMk0b\"><span class=\"ryNqvb\">2 nuimami laipteliai<\/span><\/span>\u00a0.<span class=\"jCAhz ChMk0b\"><span class=\"ryNqvb\">Tvirta ir stabili konstrukcija<\/span><\/span>\u00a0.<span class=\"jCAhz ChMk0b\"><span class=\"ryNqvb\">Lengvas surinkimas<\/span><\/span>\u00a0.<span class=\"jCAhz ChMk0b\"><span class=\"ryNqvb\">Surinkimo instrukcija pridedama.<\/span><\/span><\/p>","protected":false},"excerpt":{"rendered":"<p>Gra\u017ei klasikin\u0117 vaiki\u0161ka lova,pagamintas i\u0161 pu\u0161ies medienos\u00a0.Vaiki\u0161ka lovel\u0117, kurios vidinis matmuo 120x60cm.\u00a0Lova parduodama be \u010diu\u017einio ir patalyn\u0117s komplekto.\u00a0Atitinka visus saugos reikalavimus\u00a0.Vidiniai matmenys 120x60cm\u00a0Pagaminta i\u0161 pu\u0161ies,da\u017eytos baltai\u00a0.Da\u017eyta saugiais da\u017eais.\u00a03 auk\u0161\u010dio lygiai\u00a02 nuimami laipteliai\u00a0.Tvirta ir stabili konstrukcija\u00a0.Lengvas surinkimas\u00a0.Surinkimo instrukcija pridedama.<\/p>","protected":false},"featured_media":10792,"template":"","meta":[],"product_cat":[217],"product_tag":[],"acf":[],"_links":{"self":[{"href":"https:\/\/lonexvezimeliai.eu\/en\/wp-json\/wp\/v2\/product\/10791"}],"collection":[{"href":"https:\/\/lonexvezimeliai.eu\/en\/wp-json\/wp\/v2\/product"}],"about":[{"href":"https:\/\/lonexvezimeliai.eu\/en\/wp-json\/wp\/v2\/types\/product"}],"wp:featuredmedia":[{"embeddable":true,"href":"https:\/\/lonexvezimeliai.eu\/en\/wp-json\/wp\/v2\/media\/10792"}],"wp:attachment":[{"href":"https:\/\/lonexvezimeliai.eu\/en\/wp-json\/wp\/v2\/media?parent=10791"}],"wp:term":[{"taxonomy":"product_cat","embeddable":true,"href":"https:\/\/lonexvezimeliai.eu\/en\/wp-json\/wp\/v2\/product_cat?post=10791"},{"taxonomy":"product_tag","embeddable":true,"href":"https:\/\/lonexvezimeliai.eu\/en\/wp-json\/wp\/v2\/product_tag?post=10791"}],"curies":[{"name":"wp","href":"https:\/\/api.w.org\/{rel}","templated":true}]}}