{"id":10779,"date":"2023-03-13T19:58:23","date_gmt":"2023-03-13T19:58:23","guid":{"rendered":"https:\/\/lonexvezimeliai.eu\/?product=wozek-dzieciecy-lonex-pax-eko-pro"},"modified":"2023-08-08T12:55:38","modified_gmt":"2023-08-08T12:55:38","slug":"wozek-dzieciecy-lonex-pax-eko-pro","status":"publish","type":"product","link":"https:\/\/lonexvezimeliai.eu\/en\/product\/wozek-dzieciecy-lonex-pax-eko-pro\/","title":{"rendered":"Stroller Lonex PAX EKO PRO 2in1 and 3in1"},"content":{"rendered":"<section id=\"extContent2-jv\" class=\"mbr-section ext\u0421ontent cid-sUioy7rL9N\">\n<div class=\"container\">\n<div class=\"title col-12 col-md-12\">\n<h2 class=\"align-center mbr-fonts-style pb-5 display-1\">EKO\u00a0<strong>PRO<br \/>\n<\/strong><\/h2>\n<p>&nbsp;<\/p>\n<\/div>\n<div class=\"media-container-row mt-4\">\n<div class=\"article article-right-border mb-4 col-sm-12 col-md-6\">\n<p class=\"mbr-text-left align-right mbr-fonts-style display-5\"><span class=\"HwtZe\" lang=\"lt\"><span class=\"jCAhz ChMk0b\"><span class=\"ryNqvb\">Lop\u0161ys pagamintas i\u0161 nat\u016brali\u0173 vyteli\u0173<\/span><\/span> ,<span class=\"jCAhz ChMk0b\"><span class=\"ryNqvb\"> pinta rankomis<br \/>\n<\/span><\/span><\/span><\/p>\n<\/div>\n<div class=\"article mb-4 col-sm-12 col-md-6\">\n<p class=\"mbr-text-right mbr-fonts-style align-left display-5\"><span class=\"HwtZe\" lang=\"lt\"><span class=\"jCAhz ChMk0b\"><span class=\"ryNqvb\">\u012ed\u0117klas u\u017etikrina oro cirkuliacij\u0105, pakankamai subtilus j\u016bs\u0173 k\u016bdikiui<\/span><\/span><\/span><\/p>\n<\/div>\n<\/div>\n<\/div>\n<\/section>\n<section id=\"image1-jw\" class=\"cid-sUioy7Kidt\">\n<figure class=\"mbr-figure container\">\n<div class=\"image-block\"><img decoding=\"async\" class=\"lazyload\" title=\"Gondola PAX\" src=\"https:\/\/lonexcompany.com\/assets\/images\/eko-pro-opis-02-pl-1598x1177.jpg\" alt=\"w\u00f3zek dzieci\u0119cy EKO-PRO - baby pram\" width=\"1400\" data-src=\"assets\/images\/eko-pro-opis-02-pl-1598x1177.jpg\" \/><\/div>\n<\/figure>\n<\/section>\n<section id=\"article6-jx\" class=\"mbr-section article content1 cid-sUioy81DsF\">\n<div class=\"container\">\n<div class=\"media-container-row\">\n<div class=\"mbr-text col-12 col-md-8 mbr-fonts-style display-5\">\n<div>Lop\u0161io i\u0161matavimai<\/div>\n<div><\/div>\n<div>Vidinis ilgis <strong>80 cm<\/strong>, <strong>plotis 38 cm<\/strong>, <strong>auk\u0161tis 20 cm<\/strong><\/div>\n<div><\/div>\n<\/div>\n<\/div>\n<\/div>\n<\/section>\n<section id=\"image1-jy\" class=\"cid-sUioy8pcPq\">\n<figure class=\"mbr-figure container\">\n<div class=\"image-block\"><img decoding=\"async\" class=\"lazyload\" title=\"Ekosk\u00f3ra PAX EKO\" src=\"https:\/\/lonexcompany.com\/assets\/images\/eko-pro-opis-01-pl-1598x1177.jpg\" alt=\"w\u00f3zek dzieci\u0119cy EKO-PRO - baby pram\" width=\"1400\" data-src=\"assets\/images\/eko-pro-opis-01-pl-1598x1177.jpg\" \/><\/div>\n<\/figure>\n<\/section>\n<section id=\"features18-jz\" class=\"mbr-section features18 cid-sUioy8IBAR\">\n<div class=\"container-fluid\">\n<div class=\"row justify-content-center pt-5\">\n<div class=\"card px-3 py-4 col-12 col-md-6 col-lg-4\">\n<div class=\"card-wrapper\">\n<div class=\"card-img\"><img decoding=\"async\" class=\"lazyload\" title=\"moskitiera\" src=\"https:\/\/lonexcompany.com\/assets\/images\/eko-pro-raczka-882x588.jpg\" alt=\"w\u00f3zek dzieci\u0119cy EKO-PRO - baby pram\" data-src=\"assets\/images\/eko-pro-raczka-882x588.jpg\" \/><\/div>\n<div class=\"card-box\">\n<p class=\"mbr-text mbr-fonts-style align-center mbr-white display-5\"><span class=\"HwtZe\" lang=\"lt\"><span class=\"jCAhz ChMk0b\"><span class=\"ryNqvb\">Gondolos rankena i<\/span><\/span> <span class=\"jCAhz ChMk0b\"><span class=\"ryNqvb\">pagaminta i\u0161 auk\u0161tos kokyb\u0117s<\/span><\/span> <span class=\"jCAhz ChMk0b\"><span class=\"ryNqvb\">eko odos<\/span><\/span><\/span><\/p>\n<\/div>\n<\/div>\n<\/div>\n<div class=\"card px-3 py-4 col-12 col-md-6 col-lg-4\">\n<div class=\"card-wrapper\">\n<div class=\"card-img\"><img decoding=\"async\" class=\"lazyload\" title=\"wntylacja gondoli PAX\" src=\"https:\/\/lonexcompany.com\/assets\/images\/eko-pro-gondola-wentylacja-882x588.jpg\" alt=\"w\u00f3zek dzieci\u0119cy EKO-PRO - baby pram\" data-src=\"assets\/images\/eko-pro-gondola-wentylacja-882x588.jpg\" \/><\/div>\n<div class=\"card-box\">\n<p class=\"mbr-text mbr-fonts-style align-center mbr-white display-5\"><span class=\"HwtZe\" lang=\"lt\"><span class=\"jCAhz ChMk0b\"><span class=\"ryNqvb\">Papildoma ventiliacija\u00a0<\/span><\/span> <span class=\"jCAhz ChMk0b\"><span class=\"ryNqvb\">suteikia maksimal\u0173<\/span><\/span> <span class=\"jCAhz ChMk0b\"><span class=\"ryNqvb\">oro cirkuliacij\u0105.<\/span><\/span><\/span><\/p>\n<\/div>\n<\/div>\n<\/div>\n<div class=\"card px-3 py-4 col-12 col-md-6 col-lg-4\">\n<div class=\"card-wrapper\">\n<div class=\"card-img\"><img decoding=\"async\" class=\"lazyload\" title=\"sk\u0142adnaie ramy PAX\" src=\"https:\/\/lonexcompany.com\/assets\/images\/eko-pro-rama-skladanie-882x588.jpg\" alt=\"w\u00f3zek dzieci\u0119cy EKO-PRO - baby pram\" data-src=\"assets\/images\/eko-pro-rama-skladanie-882x588.jpg\" \/><\/div>\n<div class=\"card-box\">\n<p class=\"mbr-text mbr-fonts-style align-center mbr-white display-5\"><span class=\"HwtZe\" lang=\"lt\"><span class=\"jCAhz ChMk0b\"><span class=\"ryNqvb\">Kompakti\u0161kai sulankstomas<\/span><\/span> <span class=\"jCAhz ChMk0b\"><span class=\"ryNqvb\">r\u0117mas su apsauga<\/span><\/span> <span class=\"jCAhz ChMk0b\"><span class=\"ryNqvb\">prie\u0161 i\u0161siskleid\u017eiant<\/span><\/span><\/span><\/p>\n<\/div>\n<\/div>\n<\/div>\n<\/div>\n<\/div>\n<\/section>\n<section id=\"extContent2-k0\" class=\"mbr-section ext\u0421ontent cid-sUioy9lvkC\">\n<div class=\"container\">\n<div class=\"title col-12 col-md-12\">\n<h2 class=\"align-center mbr-fonts-style pb-5 display-1\">Lengvas pasivaik\u0161\u010diojimas<\/h2>\n<\/div>\n<div class=\"media-container-row mt-4\">\n<div class=\"article article-right-border mb-4 col-sm-12 col-md-6\">\n<p class=\"mbr-text-left align-right mbr-fonts-style display-5\">\n<\/div>\n<div class=\"article mb-4 col-sm-12 col-md-6\">\n<p class=\"mbr-text-right mbr-fonts-style align-left display-5\"><span class=\"HwtZe\" lang=\"lt\"><span class=\"jCAhz ChMk0b\"><span class=\"ryNqvb\">Gilus stogelis, apsaugantis nuo UV spinduli\u0173<\/span><\/span><\/span><\/p>\n<\/div>\n<\/div>\n<\/div>\n<\/section>\n<section id=\"image1-k1\" class=\"cid-sUioy9H6tK\">\n<figure class=\"mbr-figure container\">\n<div class=\"image-block\"><img decoding=\"async\" class=\"lazyload\" title=\"wersja spacerowa\" src=\"https:\/\/lonexcompany.com\/assets\/images\/eko-pro-opis-03-pl-1598x1177.jpg\" alt=\"w\u00f3zek dzieci\u0119cy EKO-PRO - baby pram\" width=\"1400\" data-src=\"assets\/images\/eko-pro-opis-03-pl-1598x1177.jpg\" \/><\/div>\n<\/figure>\n<\/section>\n<section id=\"features18-k2\" class=\"mbr-section features18 cid-sUioya1tJG\">\n<div class=\"container-fluid\">\n<div class=\"row justify-content-center pt-5\">\n<div class=\"card px-3 py-4 col-12 col-md-6 col-lg-4\">\n<div class=\"card-wrapper\">\n<div class=\"card-img\"><img decoding=\"async\" class=\"lazyload\" title=\"pokrowiec na n\u00f3\u017cki\" src=\"https:\/\/lonexcompany.com\/assets\/images\/eko-pro-bok-spaceroka-a-882x588.jpg\" alt=\"w\u00f3zek dzieci\u0119cy EKO-PRO - baby pram\" data-src=\"assets\/images\/eko-pro-bok-spaceroka-a-882x588.jpg\" \/><\/div>\n<div class=\"card-box\">\n<p class=\"mbr-text mbr-fonts-style align-center mbr-white display-5\">\u0160iltas,apgaubiantis kojas gaubtas.<\/p>\n<\/div>\n<\/div>\n<\/div>\n<div class=\"card px-3 py-4 col-12 col-md-6 col-lg-4\">\n<div class=\"card-wrapper\">\n<div class=\"card-img\"><img decoding=\"async\" class=\"lazyload\" title=\"przek\u0142adane siedzisko spacer\u00f3wki PAX\" src=\"https:\/\/lonexcompany.com\/assets\/images\/eko-pro-bok-spaceroka-e-882x588.jpg\" alt=\"w\u00f3zek dzieci\u0119cy EK-PRO - baby pram\" data-src=\"assets\/images\/eko-pro-bok-spaceroka-e-882x588.jpg\" \/><\/div>\n<div class=\"card-box\">\n<p class=\"mbr-text mbr-fonts-style align-center mbr-white display-5\"><span class=\"HwtZe\" lang=\"lt\"><span class=\"jCAhz ChMk0b\"><span class=\"ryNqvb\">Momentin\u0117 sistema<\/span><\/span> &#8211;<span class=\"jCAhz ChMk0b\"><span class=\"ryNqvb\"> priekis\/galas<\/span><\/span><\/span><\/p>\n<\/div>\n<\/div>\n<\/div>\n<div class=\"card px-3 py-4 col-12 col-md-6 col-lg-4\">\n<div class=\"card-wrapper\">\n<div class=\"card-img\"><img decoding=\"async\" class=\"lazyload\" title=\"pozycja do spania PAX\" src=\"https:\/\/lonexcompany.com\/assets\/images\/eko-pro-bok-spaceroka-d-882x588.jpg\" alt=\"w\u00f3zek dzieci\u0119cy EKO-PRO - baby pram\" data-src=\"assets\/images\/eko-pro-bok-spaceroka-d-882x588.jpg\" \/><\/div>\n<div class=\"card-box\">\n<p class=\"mbr-text mbr-fonts-style align-center mbr-white display-5\"><span class=\"HwtZe\" lang=\"lt\"><span class=\"jCAhz ChMk0b\"><span class=\"ryNqvb\">Miego pad\u0117tis<\/span><\/span> <span class=\"jCAhz ChMk0b\"><span class=\"ryNqvb\">maksimaliam komfortui<\/span><\/span><\/span><\/p>\n<\/div>\n<\/div>\n<\/div>\n<\/div>\n<\/div>\n<\/section>\n<section id=\"extContent2-k3\" class=\"mbr-section ext\u0421ontent cid-sUioyaGFsi\">\n<div class=\"container\">\n<div class=\"title col-12 col-md-12\">\n<h2 class=\"align-center mbr-fonts-style pb-5 display-1\"><span class=\"HwtZe\" lang=\"lt\"><span class=\"jCAhz ChMk0b\"><span class=\"ryNqvb\">Saugi s\u0117dyn\u0117<\/span><\/span><\/span><\/h2>\n<\/div>\n<div class=\"media-container-row mt-4\">\n<div class=\"article article-right-border mb-4 col-sm-12 col-md-6\">\n<p class=\"mbr-text-left align-right mbr-fonts-style display-5\"><span class=\"HwtZe\" lang=\"lt\"><span class=\"jCAhz ChMk0b\"><span class=\"ryNqvb\">Kite+ \u2013 tai k\u0117dut\u0117, u\u017etikrinanti maksimal\u0173 saugum\u0105 nuo pirm\u0173j\u0173 vaiko gyvenimo dien\u0173<\/span><\/span><\/span><\/p>\n<\/div>\n<div class=\"article mb-4 col-sm-12 col-md-6\">\n<p class=\"mbr-text-right mbr-fonts-style align-left display-5\"><span class=\"HwtZe\" lang=\"lt\"><span class=\"jCAhz ChMk0b\"><span class=\"ryNqvb\">2 montavimo tipai: tvirtinimas prie ISOFIX pagrindo (parinktis keturi viename pagrinde u\u017e papildom\u0105 mokest\u012f) arba automobilio dir\u017eais<\/span><\/span><\/span><\/p>\n<\/div>\n<\/div>\n<\/div>\n<\/section>\n<section id=\"image1-k4\" class=\"cid-sUioyb3RMc\">\n<figure class=\"mbr-figure container\">\n<div class=\"image-block\"><img decoding=\"async\" class=\"lazyload\" title=\"fotelik PAX\" src=\"https:\/\/lonexcompany.com\/assets\/images\/eko-pro-opis-04-pl-1598x1177.jpg\" alt=\"w\u00f3zek dzieci\u0119cy EKO-PRO - baby pram\" width=\"1400\" data-src=\"assets\/images\/eko-pro-opis-04-pl-1598x1177.jpg\" \/><\/div>\n<\/figure>\n<\/section>\n<section id=\"features18-k5\" class=\"mbr-section features18 cid-sUioybscvM\">\n<div class=\"container-fluid\">\n<div class=\"row justify-content-center pt-5\">\n<div class=\"card px-3 py-4 col-12 col-md-6 col-lg-4\">\n<div class=\"card-wrapper\">\n<div class=\"card-img\"><img decoding=\"async\" class=\"lazyload\" title=\"pokrowiec na n\u00f3\u017cki\" src=\"https:\/\/lonexcompany.com\/assets\/images\/eko-pro-fotelik-bok-a-882x588.jpg\" alt=\"w\u00f3zek dzieci\u0119cy EKO-PRO - baby pram\" data-src=\"assets\/images\/eko-pro-fotelik-bok-a-882x588.jpg\" \/><\/div>\n<div class=\"card-box\">\n<p class=\"mbr-text mbr-fonts-style align-center mbr-white display-5\"><span class=\"HwtZe\" lang=\"lt\"><span class=\"jCAhz ChMk0b\"><span class=\"ryNqvb\">Komplekte &#8222;stogeli&#8221;<\/span><\/span><span class=\"jCAhz ChMk0b\"><span class=\"ryNqvb\"> ir \u0161iltas koj\u0173 apdangalas<\/span><\/span><\/span><\/p>\n<\/div>\n<\/div>\n<\/div>\n<div class=\"card px-3 py-4 col-12 col-md-6 col-lg-4\">\n<div class=\"card-wrapper\">\n<div class=\"card-img\"><img decoding=\"async\" class=\"lazyload\" title=\"adaptery do fotelika PAX\" src=\"https:\/\/lonexcompany.com\/assets\/images\/eko-pro-fotelik-bok-b-882x588.jpg\" alt=\"w\u00f3zek dzieci\u0119cy EKO-PRO - baby pram\" data-src=\"assets\/images\/eko-pro-fotelik-bok-b-882x588.jpg\" \/><\/div>\n<div class=\"card-box\">\n<p class=\"mbr-text mbr-fonts-style align-center mbr-white display-5\"><span class=\"HwtZe\" lang=\"lt\"><span class=\"jCAhz ChMk0b\"><span class=\"ryNqvb\">\u012ftraukta \u012f standart\u0105<\/span><\/span> <span class=\"jCAhz ChMk0b\"><span class=\"ryNqvb\">adapteriai su automobiline k\u0117dute<\/span><\/span><\/span><\/p>\n<\/div>\n<\/div>\n<\/div>\n<\/div>\n<\/div>\n<\/section>\n<section id=\"features18-k6\" class=\"mbr-section features18 cid-sUioyc4ceD\">\n<div class=\"container-fluid\">\n<h2 class=\"mbr-section-title align-left mbr-fonts-style mbr-bold mbr-white display-1\">Pridedami priedai<\/h2>\n<div class=\"row justify-content-center pt-5\">\n<div class=\"card px-3 py-4 col-12 col-md-6 col-lg-4\">\n<div class=\"card-wrapper\">\n<div class=\"card-img\"><img decoding=\"async\" class=\"lazyload\" title=\"uchwyt na butelk\u0119\" src=\"https:\/\/lonexcompany.com\/assets\/images\/eko-pro-uchwyt-kubek-882x588.jpg\" alt=\"w\u00f3zek dzieci\u0119cy EKO-PRO - baby pram\" data-src=\"assets\/images\/eko-pro-uchwyt-kubek-882x588.jpg\" \/><\/div>\n<div class=\"card-box\">\n<p class=\"mbr-text mbr-fonts-style align-center mbr-white display-5\"><strong>G\u0117rimo laikiklis<br \/>\n<\/strong><\/p>\n<\/div>\n<\/div>\n<\/div>\n<div class=\"card px-3 py-4 col-12 col-md-6 col-lg-4\">\n<div class=\"card-wrapper\">\n<div class=\"card-img\"><img decoding=\"async\" class=\"lazyload\" title=\"torba w zestawie\" src=\"https:\/\/lonexcompany.com\/assets\/images\/eko-pro-torba-882x588.jpg\" alt=\"w\u00f3zek dzieci\u0119cy EKO-PRO - baby pram\" data-src=\"assets\/images\/eko-pro-torba-882x588.jpg\" \/><\/div>\n<div class=\"card-box\">\n<p class=\"mbr-text mbr-fonts-style align-center mbr-white display-5\"><strong>\u0160iuolaiki\u0161ka rankin\u0117<br \/>\n<\/strong><\/p>\n<\/div>\n<\/div>\n<\/div>\n<div class=\"card px-3 py-4 col-12 col-md-6 col-lg-4\">\n<div class=\"card-wrapper\">\n<div class=\"card-img\"><img decoding=\"async\" class=\"lazyload\" title=\"pozycja do spania PAX\" src=\"https:\/\/lonexcompany.com\/assets\/images\/eko-pro-kuferek-882x588.jpg\" alt=\"w\u00f3zek dzieci\u0119cy EKO-PRO - baby pram\" data-src=\"assets\/images\/eko-pro-kuferek-882x588.jpg\" \/><\/div>\n<div class=\"card-box\">\n<p class=\"mbr-text mbr-fonts-style align-center mbr-white display-5\"><span class=\"HwtZe\" lang=\"lt\"><span class=\"jCAhz ChMk0b\"><span class=\"ryNqvb\">Nuimama ir u\u017esegama u\u017etrauktuku<\/span><\/span> <span class=\"jCAhz ChMk0b\"><span class=\"ryNqvb\">talpi baga\u017ein\u0117 <\/span><\/span><\/span><\/p>\n<\/div>\n<\/div>\n<\/div>\n<\/div>\n<\/div>\n<\/section>\n<section id=\"article6-kg\" class=\"mbr-section article content1 cid-sYIOV1Vvxp\">\n<div class=\"container\">\n<div class=\"media-container-row\">\n<div class=\"mbr-text col-12 col-md-8 mbr-fonts-style display-1\">\n<p class=\"\">Pa\u017ei\u016br\u0117kite filmuot\u0105 med\u017eiag\u0105 apie <strong>Lonex EKO PRO<\/strong><\/p>\n<\/div>\n<\/div>\n<\/div>\n<\/section>\n<section id=\"image1-kh\" class=\"cid-sYIOVNjIj9\">\n<figure class=\"mbr-figure container\">\n<div class=\"image-block\"><a class=\"\" href=\"https:\/\/youtu.be\/7W1XuxC8aTw\" target=\"_blank\" rel=\"noopener\"><img decoding=\"async\" class=\"lazyload\" title=\"\" src=\"https:\/\/lonexcompany.com\/assets\/images\/logo-yt-620x272.jpg\" alt=\"YT\" width=\"1400\" data-src=\"assets\/images\/logo-yt-620x272.jpg\" \/><\/a><\/div>\n<\/figure>\n<\/section>\n<section id=\"features18-k9\" class=\"mbr-section features18 cid-sUioydlby1\">\n<div class=\"container-fluid\">\n<h2 class=\"mbr-section-title align-left mbr-fonts-style mbr-bold mbr-white display-1\">I\u0161matavimai ir svoriai<\/h2>\n<div class=\"row justify-content-center pt-5\">\n<div class=\"card px-3 py-4 col-12 col-md-6 col-lg-4\">\n<div class=\"card-wrapper\">\n<div class=\"card-img\"><img decoding=\"async\" class=\"lazyload\" title=\"wymiar w\u00f3zka PAX \" src=\"https:\/\/lonexcompany.com\/assets\/images\/eko-pro-wymiary-1-882x650.jpg\" alt=\"w\u00f3zek dzieci\u0119cy EKO-PRO - baby pram\" data-src=\"assets\/images\/eko-pro-wymiary-1-882x650.jpg\" \/><\/div>\n<\/div>\n<\/div>\n<div class=\"card px-3 py-4 col-12 col-md-6 col-lg-4\">\n<div class=\"card-wrapper\">\n<div class=\"card-img\"><img decoding=\"async\" class=\"lazyload\" title=\"wymiar w\u00f3zka PAX \" src=\"https:\/\/lonexcompany.com\/assets\/images\/eko-pro-wymiary-2-882x650.jpg\" alt=\"w\u00f3zek dzieci\u0119cy EKO-PRO - baby pram\" data-src=\"assets\/images\/eko-pro-wymiary-2-882x650.jpg\" \/><\/div>\n<\/div>\n<\/div>\n<\/div>\n<\/div>\n<\/section>\n<section id=\"features18-ka\" class=\"mbr-section features18 cid-sUioye8hnX\">\n<div class=\"container-fluid\">\n<div class=\"row justify-content-center pt-5\">\n<div class=\"card px-3 py-4 col-12 col-md-6 col-lg-4\">\n<div class=\"card-wrapper\">\n<div class=\"card-img\"><img decoding=\"async\" class=\"lazyload\" title=\"wymiar w\u00f3zka PAX \" src=\"https:\/\/lonexcompany.com\/assets\/images\/eko-pro-wymiary-3-882x650.jpg\" alt=\"w\u00f3zek dzieci\u0119cy EKO-PRO - baby pram\" data-src=\"assets\/images\/eko-pro-wymiary-3-882x650.jpg\" \/><\/div>\n<\/div>\n<\/div>\n<div class=\"card px-3 py-4 col-12 col-md-6 col-lg-4\">\n<div class=\"card-wrapper\">\n<div class=\"card-img\"><img decoding=\"async\" class=\"lazyload\" title=\"wymiar w\u00f3zka PAX \" src=\"https:\/\/lonexcompany.com\/assets\/images\/eko-pro-wymiary-4-882x650.jpg\" alt=\"w\u00f3zek dzieci\u0119cy EKO-PRO - baby pram\" data-src=\"assets\/images\/eko-pro-wymiary-4-882x650.jpg\" \/><\/div>\n<\/div>\n<\/div>\n<\/div>\n<\/div>\n<\/section>\n<section id=\"article6-kb\" class=\"mbr-section article content1 cid-sUioyeLtNF\">\n<div class=\"container\">\n<div class=\"media-container-row\">\n<div class=\"mbr-text col-12 col-md-8 mbr-fonts-style display-7\">\n<p class=\"\">*svoris kartu su ratukais<\/p>\n<\/div>\n<\/div>\n<\/div>\n<\/section>\n<section id=\"extGallery2-kc\" class=\"mbr-gallery mbr-slider-carousel extGallery cid-sUioyf6Cw0\">\n<div class=\"container\">\n<div class=\"row justify-content-center\">\n<div class=\"col-sm-10\">\n<h2 class=\"mbr-section-title mbr-fonts-style align-center display-1\">I\u0161sirinkite spalv\u0105\u00a0 EKO PRO<\/h2>\n<\/div>\n<\/div>\n<\/div>\n<div>\n<div class=\"pt-5\">\n<div class=\"mbr-gallery-row\">\n<div class=\"mbr-gallery-layout-default\">\n<div>\n<div>\n<div class=\"mbr-gallery-item mbr-gallery-item--p1\" data-video-url=\"false\" data-tags=\"Niesamowite\">\n<div data-slide-to=\"0\" data-bs-slide-to=\"0\" data-toggle=\"modal\" data-bs-toggle=\"modal\"><img decoding=\"async\" class=\"lazyload\" title=\"kolor 01 silver dust\" src=\"https:\/\/lonexcompany.com\/assets\/images\/eko-pro-01-mokka-1900x1400-800x589.jpg\" alt=\"w\u00f3zek dzieci\u0119cy EKO-PRO - baby pram\" data-src=\"assets\/images\/eko-pro-01-mokka-1900x1400-800x589.jpg\" \/><\/div>\n<\/div>\n<div class=\"mbr-gallery-item mbr-gallery-item--p1\" data-video-url=\"false\" data-tags=\"Niesamowite\">\n<div data-slide-to=\"1\" data-bs-slide-to=\"1\" data-toggle=\"modal\" data-bs-toggle=\"modal\"><img decoding=\"async\" class=\"lazyload\" title=\"\" src=\"https:\/\/lonexcompany.com\/assets\/images\/eko-pro-02-dark-1900x1400-800x589.jpg\" alt=\"\" data-src=\"assets\/images\/eko-pro-02-dark-1900x1400-800x589.jpg\" \/><\/div>\n<\/div>\n<div class=\"mbr-gallery-item mbr-gallery-item--p1\" data-video-url=\"false\" data-tags=\"Niesamowite\">\n<div data-slide-to=\"2\" data-bs-slide-to=\"2\" data-toggle=\"modal\" data-bs-toggle=\"modal\"><img decoding=\"async\" class=\"lazyload\" title=\"\" src=\"https:\/\/lonexcompany.com\/assets\/images\/eko-pro-03-silver-1-1900x1400-800x589.jpg\" alt=\"\" data-src=\"assets\/images\/eko-pro-03-silver-1-1900x1400-800x589.jpg\" \/><\/div>\n<\/div>\n<div class=\"mbr-gallery-item mbr-gallery-item--p1\" data-video-url=\"false\" data-tags=\"Niesamowite\">\n<div data-slide-to=\"3\" data-bs-slide-to=\"3\" data-toggle=\"modal\" data-bs-toggle=\"modal\"><img decoding=\"async\" class=\"lazyload\" title=\"\" src=\"https:\/\/lonexcompany.com\/assets\/images\/eko-pro-04-creamy-1900x1400-800x589.jpg\" alt=\"\" data-src=\"assets\/images\/eko-pro-04-creamy-1900x1400-800x589.jpg\" \/><\/div>\n<\/div>\n<div class=\"mbr-gallery-item mbr-gallery-item--p1\" data-video-url=\"false\" data-tags=\"Niesamowite\">\n<div data-slide-to=\"4\" data-bs-slide-to=\"4\" data-toggle=\"modal\" data-bs-toggle=\"modal\"><img decoding=\"async\" class=\"lazyload\" title=\"\" src=\"https:\/\/lonexcompany.com\/assets\/images\/eko-pro-05-forest-1900x1400-800x589.jpg\" alt=\"\" data-src=\"assets\/images\/eko-pro-05-forest-1900x1400-800x589.jpg\" \/><\/div>\n<\/div>\n<\/div>\n<\/div>\n<\/div>\n<\/div>\n<\/div>\n<\/div>\n<\/section>\n<p style=\"text-align: center;\"><span style=\"color: #000000;\">\u00a0<\/span><\/p>\n<p>&nbsp;<\/p>","protected":false},"excerpt":{"rendered":"<p>Vaiki\u0161kas ve\u017eim\u0117lis Lonex PAX EKO PRO.Ekologi\u0161kas.<\/p>","protected":false},"featured_media":10780,"template":"","meta":[],"product_cat":[219],"product_tag":[],"acf":[],"_links":{"self":[{"href":"https:\/\/lonexvezimeliai.eu\/en\/wp-json\/wp\/v2\/product\/10779"}],"collection":[{"href":"https:\/\/lonexvezimeliai.eu\/en\/wp-json\/wp\/v2\/product"}],"about":[{"href":"https:\/\/lonexvezimeliai.eu\/en\/wp-json\/wp\/v2\/types\/product"}],"wp:featuredmedia":[{"embeddable":true,"href":"https:\/\/lonexvezimeliai.eu\/en\/wp-json\/wp\/v2\/media\/10780"}],"wp:attachment":[{"href":"https:\/\/lonexvezimeliai.eu\/en\/wp-json\/wp\/v2\/media?parent=10779"}],"wp:term":[{"taxonomy":"product_cat","embeddable":true,"href":"https:\/\/lonexvezimeliai.eu\/en\/wp-json\/wp\/v2\/product_cat?post=10779"},{"taxonomy":"product_tag","embeddable":true,"href":"https:\/\/lonexvezimeliai.eu\/en\/wp-json\/wp\/v2\/product_tag?post=10779"}],"curies":[{"name":"wp","href":"https:\/\/api.w.org\/{rel}","templated":true}]}}