{"id":10774,"date":"2023-03-13T19:58:23","date_gmt":"2023-03-13T19:58:23","guid":{"rendered":"https:\/\/lonexvezimeliai.eu\/?product=wozek-dzieciecy-lonex-pax-fresh"},"modified":"2025-09-30T07:47:01","modified_gmt":"2025-09-30T07:47:01","slug":"vaikiskas-vezimelis-lonex-pax-fresh-2in1","status":"publish","type":"product","link":"https:\/\/lonexvezimeliai.eu\/en\/product\/vaikiskas-vezimelis-lonex-pax-fresh-2in1\/","title":{"rendered":"Stroller Lonex PAX FRESH 2in1 and 3in1"},"content":{"rendered":"<section id=\"extContent2-j7\" class=\"mbr-section ext\u0421ontent cid-sLJ19cFnr6\">\n<div class=\"container\">\n<div class=\"title col-12 col-md-12\">\n<h2 class=\"align-center mbr-fonts-style pb-5 display-1\">PAX\u00a0<strong>FRESH<\/strong><\/h2>\n<p><span class=\"jCAhz ChMk0b\"><span class=\"ryNqvb\">\u012esivaizduokite ve\u017eim\u0117l\u012f, kuris traukia ak\u012f&#8230; d\u017eiugina savo patogumu.<\/span><\/span> <span class=\"jCAhz ChMk0b\"><span class=\"ryNqvb\">Jums nebereikia ie\u0161koti savo svajoni\u0173 Lonex PAX FRESH ve\u017eim\u0117lio.<\/span><\/span> <span class=\"jCAhz ChMk0b\"><span class=\"ryNqvb\">Unikalus ra\u0161tas, unikalus funkcionalumas ir \u0161tai kas<\/span><\/span> <span class=\"jCAhz ChMk0b\"><span class=\"ryNqvb\">Negaliu atitraukti nuo jo aki\u0173&#8230;..<\/span><\/span> <span class=\"jCAhz ChMk0b\"><span class=\"ryNqvb\">Pa\u017ei\u016br\u0117kite patys ir su\u017einokite apie jo galimybes&#8230; pateisinkite savo l\u016bkes\u010dius<\/span><\/span> <span class=\"jCAhz ChMk0b\"><span class=\"ryNqvb\">\u2013 pristatome<\/span><\/span><\/p>\n<\/div>\n<div class=\"media-container-row mt-4\">\n<div class=\"article article-right-border mb-4 col-sm-12 col-md-6\">\n<p class=\"mbr-text-left align-right mbr-fonts-style display-5\"><span class=\"jCAhz ChMk0b\"><span class=\"ryNqvb\">Auk\u0161\u010diausios kokyb\u0117s apsaugin\u0117 medviln\u0117<\/span><\/span> <span class=\"jCAhz ChMk0b\"><span class=\"ryNqvb\">prie\u0161 dr\u0117gm\u0117s susilaikym\u0105<\/span><\/span> .<span class=\"jCAhz ChMk0b\"><span class=\"ryNqvb\">\u012ed\u0117klas, u\u017etikrinantis oro cirkuliacij\u0105, tinkamai \u0161velnus j\u016bs\u0173 k\u016bdikiui.<\/span><\/span><\/p>\n<p><strong>\u012e\u00a0 komplekt\u0105 2in1 ne\u012feina auto k\u0117dut\u0117.<\/strong><\/p>\n<\/div>\n<\/div>\n<\/div>\n<\/section>\n<section id=\"image1-j8\" class=\"cid-sLJ19dkjIf\">\n<figure class=\"mbr-figure container\">\n<div class=\"image-block\"><img decoding=\"async\" class=\"lazyload\" title=\"Gondola PAX\" src=\"https:\/\/lonexcompany.com\/assets\/images\/pax-fresh-opis-02-pl-1598x1177.jpg\" alt=\"w\u00f3zek dzieci\u0119cy PAX - baby pram\" width=\"1400\" data-src=\"assets\/images\/pax-fresh-opis-02-pl-1598x1177.jpg\" \/><\/div>\n<\/figure>\n<\/section>\n<section id=\"article6-j9\" class=\"mbr-section article content1 cid-sLJ19dLs3s\">\n<div class=\"container\">\n<div class=\"media-container-row\">\n<div class=\"mbr-text col-12 col-md-8 mbr-fonts-style display-5\">\n<div>Vidiniai gondolos matmenys<\/div>\n<div><\/div>\n<div><strong>ilgis78 cm<\/strong>, plotis <strong>38 cm<\/strong>, auk\u0161tis <strong>20 cm<\/strong><\/div>\n<div><\/div>\n<\/div>\n<\/div>\n<\/div>\n<\/section>\n<section id=\"image1-ja\" class=\"cid-sLJ19edAVq\">\n<figure class=\"mbr-figure container\">\n<div class=\"image-block\"><img decoding=\"async\" class=\"lazyload\" title=\"Ekosk\u00f3ra PAX EKO\" src=\"https:\/\/lonexcompany.com\/assets\/images\/pax-fresh-opis-01-pl-1598x1177.jpg\" alt=\"w\u00f3zek dzieci\u0119cy PAX - baby pram\" width=\"1400\" data-src=\"assets\/images\/pax-fresh-opis-01-pl-1598x1177.jpg\" \/><\/div>\n<\/figure>\n<\/section>\n<section id=\"features18-jb\" class=\"mbr-section features18 cid-sLJ19eEL75\">\n<div class=\"container-fluid\">\n<div class=\"row justify-content-center pt-5\">\n<div class=\"card px-3 py-4 col-12 col-md-6 col-lg-4\">\n<div class=\"card-wrapper\">\n<div class=\"card-img\"><img decoding=\"async\" class=\"lazyload\" title=\"moskitiera\" src=\"https:\/\/lonexcompany.com\/assets\/images\/pax-09-bok-moskitiera-835x557.jpg\" alt=\"w\u00f3zek dzieci\u0119cy PAX - baby pram\" data-src=\"assets\/images\/pax-09-bok-moskitiera-835x557.jpg\" \/><\/div>\n<div class=\"card-box\">\n<p class=\"mbr-text mbr-fonts-style align-center mbr-white display-5\"><span class=\"jCAhz ChMk0b\"><span class=\"ryNqvb\">Puikiai priglud\u0119s<\/span><\/span> <span class=\"jCAhz ChMk0b\"><span class=\"ryNqvb\">i\u0161traukiamas tinklelis nuo uod\u0173<\/span><\/span><\/p>\n<\/div>\n<\/div>\n<\/div>\n<div class=\"card px-3 py-4 col-12 col-md-6 col-lg-4\">\n<div class=\"card-wrapper\">\n<div class=\"card-img\"><img decoding=\"async\" class=\"lazyload\" title=\"wntylacja gondoli PAX\" src=\"https:\/\/lonexcompany.com\/assets\/images\/pax-09-gondola-835x557.jpg\" alt=\"w\u00f3zek dzieci\u0119cy PAX - baby pram\" data-src=\"assets\/images\/pax-09-gondola-835x557.jpg\" \/><\/div>\n<div class=\"card-box\">\n<p class=\"mbr-text mbr-fonts-style align-center mbr-white display-5\"><span class=\"jCAhz ChMk0b\"><span class=\"ryNqvb\">Papildoma ventiliacija <\/span><\/span><span class=\"jCAhz ChMk0b\"><span class=\"ryNqvb\">\u00a0u\u017etikrina maksimali\u0105 oro cirkuliacij\u0105<\/span><\/span><\/p>\n<\/div>\n<\/div>\n<\/div>\n<div class=\"card px-3 py-4 col-12 col-md-6 col-lg-4\">\n<div class=\"card-wrapper\">\n<div class=\"card-img\"><img decoding=\"async\" class=\"lazyload\" title=\"sk\u0142adnaie ramy PAX\" src=\"https:\/\/lonexcompany.com\/assets\/images\/pax-eko-2021-skladanie-ramy-880x587.jpg\" alt=\"w\u00f3zek dzieci\u0119cy PAX - baby pram\" data-src=\"assets\/images\/pax-eko-2021-skladanie-ramy-880x587.jpg\" \/><\/div>\n<div class=\"card-box\">\n<p class=\"mbr-text mbr-fonts-style align-center mbr-white display-5\"><strong><span class=\"jCAhz ChMk0b\"><span class=\"ryNqvb\">Kompakti\u0161kai sulankstomas<\/span><\/span> <span class=\"jCAhz ChMk0b\"><span class=\"ryNqvb\">r\u0117mas su apsauga<\/span><\/span> <span class=\"jCAhz ChMk0b\"><span class=\"ryNqvb\">prie\u0161 i\u0161siskleid\u017eiant.<\/span><\/span> <span class=\"jCAhz ChMk0b\"><span class=\"ryNqvb\">Lengvas ve\u017eim\u0117lis.<\/span><\/span> <span class=\"jCAhz ChMk0b\"><span class=\"ryNqvb\">Nuimamas, malonus<\/span><\/span> <span class=\"jCAhz ChMk0b\"><span class=\"ryNqvb\">vidpadis.<\/span><\/span>\u00a0<span class=\"jCAhz ChMk0b\"><span class=\"ryNqvb\">Baldakimas su giliu stogu, apsaugan\u010diu nuo UV spinduli\u0173<\/span><\/span> <\/strong><\/p>\n<\/div>\n<\/div>\n<\/div>\n<\/div>\n<\/div>\n<\/section>\n<section id=\"image1-jd\" class=\"cid-sLJ19giOSs\">\n<figure class=\"mbr-figure container\">\n<div class=\"image-block\"><img decoding=\"async\" class=\"lazyload\" title=\"wersja spacerowa\" src=\"https:\/\/lonexcompany.com\/assets\/images\/pax-fresh-opis-03-pl-1598x1177.jpg\" alt=\"w\u00f3zek dzieci\u0119cy PAX - baby pram\" width=\"1400\" data-src=\"assets\/images\/pax-fresh-opis-03-pl-1598x1177.jpg\" \/><\/div>\n<\/figure>\n<\/section>\n<section id=\"features18-je\" class=\"mbr-section features18 cid-sLJ19gPeHa\">\n<div class=\"container-fluid\">\n<div class=\"row justify-content-center pt-5\">\n<div class=\"card px-3 py-4 col-12 col-md-6 col-lg-4\">\n<div class=\"card-wrapper\">\n<div class=\"card-img\"><img decoding=\"async\" class=\"lazyload\" title=\"pokrowiec na n\u00f3\u017cki\" src=\"https:\/\/lonexcompany.com\/assets\/images\/pax-09-bok-spacerowka-a-835x557.jpg\" alt=\"w\u00f3zek dzieci\u0119cy PAX - baby pram\" data-src=\"assets\/images\/pax-09-bok-spacerowka-a-835x557.jpg\" \/><\/div>\n<div class=\"card-box\">\n<p class=\"mbr-text mbr-fonts-style align-center mbr-white display-5\"><span class=\"jCAhz ChMk0b\"><span class=\"ryNqvb\">\u0160iltas u\u017evalkalas, dengiantis kojas<\/span><\/span> <span class=\"jCAhz ChMk0b\"><span class=\"ryNqvb\">pagamintas i\u0161 auk\u0161tos kokyb\u0117s eko odos<\/span><\/span><\/p>\n<\/div>\n<\/div>\n<\/div>\n<div class=\"card px-3 py-4 col-12 col-md-6 col-lg-4\">\n<div class=\"card-wrapper\">\n<div class=\"card-img\"><img decoding=\"async\" class=\"lazyload\" title=\"przek\u0142adane siedzisko spacer\u00f3wki PAX\" src=\"https:\/\/lonexcompany.com\/assets\/images\/pax-09-bok-spacerowka-e-835x557.jpg\" alt=\"w\u00f3zek dzieci\u0119cy PAX - baby pram\" data-src=\"assets\/images\/pax-09-bok-spacerowka-e-835x557.jpg\" \/><\/div>\n<div class=\"card-box\">\n<p class=\"mbr-text mbr-fonts-style align-center mbr-white display-5\"><span class=\"jCAhz ChMk0b\"><span class=\"ryNqvb\">Momentin\u0117 sistema<\/span><\/span> <span class=\"jCAhz ChMk0b\"><span class=\"ryNqvb\">nuimamas priekis\/galas<\/span><\/span><\/p>\n<\/div>\n<\/div>\n<\/div>\n<div class=\"card px-3 py-4 col-12 col-md-6 col-lg-4\">\n<div class=\"card-wrapper\">\n<div class=\"card-img\"><img decoding=\"async\" class=\"lazyload\" title=\"pozycja do spania PAX\" src=\"https:\/\/lonexcompany.com\/assets\/images\/pax-09-bok-spacerowka-d-835x557.jpg\" alt=\"w\u00f3zek dzieci\u0119cy PAX - baby pram\" data-src=\"assets\/images\/pax-09-bok-spacerowka-d-835x557.jpg\" \/><\/div>\n<div class=\"card-box\">\n<p class=\"mbr-text mbr-fonts-style align-center mbr-white display-5\">Pilnai i\u0161tiesiama pozicija miegui.<\/p>\n<\/div>\n<\/div>\n<\/div>\n<\/div>\n<\/div>\n<\/section>\n<section id=\"extContent2-jf\" class=\"mbr-section ext\u0421ontent cid-sLJ19hNQ8r\">\n<div class=\"container\">\n<div class=\"title col-12 col-md-12\">\n<h2 class=\"align-center mbr-fonts-style pb-5 display-1\"><span class=\"jCAhz ChMk0b\"><span class=\"ryNqvb\">Kite+ \u2013 tai automobilin\u0117 k\u0117dut\u0117, u\u017etikrinanti maksimal\u0173 saugum\u0105 nuo pirm\u0173j\u0173 vaiko gyvenimo dien\u0173<\/span><\/span> <span class=\"jCAhz ChMk0b\"><span class=\"ryNqvb\">2 montavimo tipai: tvirtinimas prie ISOFIX pagrindo (pagrindo parinktis papildomam 4in1) arba automobilio dir\u017e\u0173<\/span><\/span><\/h2>\n<\/div>\n<\/div>\n<\/section>\n<section id=\"image1-jg\" class=\"cid-sLJ19ipE4L\">\n<figure class=\"mbr-figure container\">\n<div class=\"image-block\"><img decoding=\"async\" class=\"lazyload\" title=\"fotelik PAX\" src=\"https:\/\/lonexcompany.com\/assets\/images\/pax-fotel-kite-1598x1177.jpg\" alt=\"w\u00f3zek dzieci\u0119cy PAX - baby pram\" width=\"1400\" data-src=\"assets\/images\/pax-fotel-kite-1598x1177.jpg\" \/><\/div>\n<\/figure>\n<\/section>\n<section id=\"features18-jh\" class=\"mbr-section features18 cid-sLJ19j2t2S\">\n<div class=\"container-fluid\">\n<div class=\"row justify-content-center pt-5\">\n<div class=\"card px-3 py-4 col-12 col-md-6 col-lg-4\">\n<div class=\"card-wrapper\">\n<div class=\"card-img\"><img decoding=\"async\" class=\"lazyload\" title=\"pokrowiec na n\u00f3\u017cki\" src=\"https:\/\/lonexcompany.com\/assets\/images\/pax-09-fotelik-a-835x557.jpg\" alt=\"w\u00f3zek dzieci\u0119cy PAX - baby pram\" data-src=\"assets\/images\/pax-09-fotelik-a-835x557.jpg\" \/><\/div>\n<div class=\"card-box\">\n<p class=\"mbr-text mbr-fonts-style align-center mbr-white display-5\"><span class=\"jCAhz ChMk0b\"><span class=\"ryNqvb\">Komplekte k\u0117dut\u0117s stogelis<\/span><\/span><span class=\"jCAhz ChMk0b\"><span class=\"ryNqvb\">\u00a0ir \u0161iltas koj\u0173 apdangalas<\/span><\/span><\/p>\n<\/div>\n<\/div>\n<\/div>\n<div class=\"card px-3 py-4 col-12 col-md-6 col-lg-4\">\n<div class=\"card-wrapper\">\n<div class=\"card-img\"><img decoding=\"async\" class=\"lazyload\" title=\"adaptery do fotelika PAX\" src=\"https:\/\/lonexcompany.com\/assets\/images\/pax-09-fotelik-b-835x557.jpg\" alt=\"w\u00f3zek dzieci\u0119cy PAX - baby pram\" data-src=\"assets\/images\/pax-09-fotelik-b-835x557.jpg\" \/><\/div>\n<div class=\"card-box\">\n<p class=\"mbr-text mbr-fonts-style align-center mbr-white display-5\">\u00a0<span class=\"jCAhz ChMk0b\"><span class=\"ryNqvb\">Pridedami priedai<\/span><\/span><\/p>\n<\/div>\n<\/div>\n<\/div>\n<\/div>\n<\/div>\n<\/section>\n<section id=\"features18-ji\" class=\"mbr-section features18 cid-sLJ19k3Clo\">\n<div class=\"container-fluid\">\n<div class=\"row justify-content-center pt-5\">\n<div class=\"card px-3 py-4 col-12 col-md-6 col-lg-4\">\n<div class=\"card-wrapper\">\n<div class=\"card-img\"><img decoding=\"async\" class=\"lazyload\" title=\"uchwyt na butelk\u0119\" src=\"https:\/\/lonexcompany.com\/assets\/images\/pax-eko-2021-kubek-880x587.jpg\" alt=\"w\u00f3zek dzieci\u0119cy PAX - baby pram\" data-src=\"assets\/images\/pax-eko-2021-kubek-880x587.jpg\" \/><\/div>\n<\/div>\n<\/div>\n<div class=\"card px-3 py-4 col-12 col-md-6 col-lg-4\">\n<div class=\"card-wrapper\">\n<div class=\"card-img\"><img decoding=\"async\" class=\"lazyload\" title=\"torba w zestawie\" src=\"https:\/\/lonexcompany.com\/assets\/images\/pax-eko-2021-torba-880x587.jpg\" alt=\"w\u00f3zek dzieci\u0119cy PAX - baby pram\" data-src=\"assets\/images\/pax-eko-2021-torba-880x587.jpg\" \/><\/div>\n<div class=\"card-box\">\n<p class=\"mbr-text mbr-fonts-style align-center mbr-white display-5\"><span class=\"jCAhz ChMk0b\"><span class=\"ryNqvb\">Modernus ir talpus\u00a0krep\u0161ys \/ kuprin\u0117<\/span><\/span> <span class=\"jCAhz ChMk0b\"><span class=\"ryNqvb\">pagaminta i\u0161 eko odos su magnetiniu u\u017esegimu<\/span><\/span><\/p>\n<\/div>\n<\/div>\n<\/div>\n<div class=\"card px-3 py-4 col-12 col-md-6 col-lg-4\">\n<div class=\"card-wrapper\">\n<div class=\"card-img\"><img decoding=\"async\" class=\"lazyload\" title=\"pozycja do spania PAX\" src=\"https:\/\/lonexcompany.com\/assets\/images\/pax-eko-2021-wyciagany-kosz-569x379.jpg\" alt=\"w\u00f3zek dzieci\u0119cy PAX - baby pram\" data-src=\"assets\/images\/pax-eko-2021-wyciagany-kosz-569x379.jpg\" \/><\/div>\n<div class=\"card-box\">\n<p class=\"mbr-text mbr-fonts-style align-center mbr-white display-5\"><span class=\"jCAhz ChMk0b\"><span class=\"ryNqvb\">Nuimamas\u00a0ir u\u017esegamas u\u017etrauktuku<\/span><\/span> <span class=\"jCAhz ChMk0b\"><span class=\"ryNqvb\">talpus pirkini\u0173 krep\u0161elis<\/span><\/span><\/p>\n<\/div>\n<p>&nbsp;<\/p>\n<div class=\"card-box\">\n<p class=\"mbr-text mbr-fonts-style align-center mbr-white display-5\"><span class=\"jCAhz ChMk0b\"><span class=\"ryNqvb\">Pamatykite svarbiausias Lonex PAX savybes vaizdo \u012fra\u0161e<\/span><\/span>e:<\/p>\n<\/div>\n<\/div>\n<\/div>\n<\/div>\n<\/div>\n<\/section>\n<section id=\"image1-jk\" class=\"cid-sLJ19lxLDA\">\n<figure class=\"mbr-figure container\">\n<div class=\"image-block\"><a class=\"\" href=\"https:\/\/www.youtube.com\/watch?v=EtsBgBbuTnw\" target=\"_blank\" rel=\"noopener\"><img decoding=\"async\" class=\"lazyload\" title=\"\" src=\"https:\/\/lonexcompany.com\/assets\/images\/logo-yt-620x272.jpg\" alt=\"YT\" width=\"1400\" data-src=\"assets\/images\/logo-yt-620x272.jpg\" \/><\/a><\/div>\n<\/figure>\n<\/section>\n<section id=\"features18-jl\" class=\"mbr-section features18 cid-sLJ19miYwE\">\n<div class=\"container-fluid\">\n<h2 class=\"mbr-section-title align-left mbr-fonts-style mbr-bold mbr-white display-1\">Matmenys ir svoriai<\/h2>\n<div class=\"row justify-content-center pt-5\">\n<div class=\"card px-3 py-4 col-12 col-md-6 col-lg-4\">\n<div class=\"card-wrapper\">\n<div class=\"card-img\"><img decoding=\"async\" loading=\"lazy\" class=\"lazyload alignnone\" title=\"wymiar w\u00f3zka PAX \" src=\"https:\/\/lonexcompany.com\/assets\/images\/pax-wymiary-gondola-880x660.jpg\" alt=\" PAX - \" width=\"880\" height=\"660\" data-src=\"assets\/images\/pax-wymiary-gondola-880x660.jpg\" \/><\/div>\n<\/div>\n<\/div>\n<div class=\"card px-3 py-4 col-12 col-md-6 col-lg-4\">\n<div class=\"card-wrapper\">\n<div class=\"card-img\"><img decoding=\"async\" class=\"lazyload\" title=\"wymiar w\u00f3zka PAX \" src=\"https:\/\/lonexcompany.com\/assets\/images\/pax-wymiary-rama-880x660.jpg\" alt=\"w\u00f3zek dzieci\u0119cy PAX - baby pram\" data-src=\"assets\/images\/pax-wymiary-rama-880x660.jpg\" \/><\/div>\n<\/div>\n<\/div>\n<\/div>\n<\/div>\n<\/section>\n<section id=\"features18-jm\" class=\"mbr-section features18 cid-sLJ19neHYG\">\n<div class=\"container-fluid\">\n<div class=\"row justify-content-center pt-5\">\n<div class=\"card px-3 py-4 col-12 col-md-6 col-lg-4\">\n<div class=\"card-wrapper\">\n<div class=\"card-img\"><img decoding=\"async\" class=\"lazyload\" title=\"wymiar w\u00f3zka PAX \" src=\"https:\/\/lonexcompany.com\/assets\/images\/pax-wysokosc-szerokosc-880x660.jpg\" alt=\"w\u00f3zek dzieci\u0119cy PAX - baby pram\" data-src=\"assets\/images\/pax-wysokosc-szerokosc-880x660.jpg\" \/><\/div>\n<\/div>\n<\/div>\n<div class=\"card px-3 py-4 col-12 col-md-6 col-lg-4\">\n<div class=\"card-wrapper\">\n<div class=\"card-img\"><img decoding=\"async\" class=\"lazyload\" title=\"wymiar w\u00f3zka PAX \" src=\"https:\/\/lonexcompany.com\/assets\/images\/pax-spacerowka-waga-880x660.jpg\" alt=\"w\u00f3zek dzieci\u0119cy PAX - baby pram\" data-src=\"assets\/images\/pax-spacerowka-waga-880x660.jpg\" \/><\/div>\n<\/div>\n<\/div>\n<\/div>\n<\/div>\n<\/section>\n<section id=\"article6-jn\" class=\"mbr-section article content1 cid-sLJ19o7xSJ\">\n<div class=\"container\">\n<div class=\"media-container-row\">\n<div class=\"mbr-text col-12 col-md-8 mbr-fonts-style display-7\">\n<p class=\"\">*svoriai pateikiami kartu su geliniais ratukais<\/p>\n<\/div>\n<\/div>\n<\/div>\n<\/section>\n<section id=\"extGallery2-jr\" class=\"mbr-gallery mbr-slider-carousel extGallery cid-sLJ79Z2HlW\">\n<div class=\"container\">\n<div class=\"row justify-content-center\">\n<div class=\"col-sm-10\">\n<h2 class=\"mbr-section-title mbr-fonts-style align-center display-1\">I\u0161sirink\u00a0 PAX ve\u017eim\u0117li\u0173 spalv\u0105<\/h2>\n<\/div>\n<\/div>\n<\/div>\n<div>\n<div class=\"pt-5\">\n<div class=\"mbr-gallery-row\">\n<div class=\"mbr-gallery-layout-default\">\n<div>\n<div>\n<div class=\"mbr-gallery-item mbr-gallery-item--p1\" data-video-url=\"false\" data-tags=\"Niesamowite\">\n<div data-slide-to=\"0\" data-bs-slide-to=\"0\" data-toggle=\"modal\" data-bs-toggle=\"modal\"><img decoding=\"async\" class=\"lazyload\" title=\"kolor 01 silver dust\" src=\"https:\/\/lonexcompany.com\/assets\/images\/pax-01-silver-dust-1900x1400-800x589.jpg\" alt=\"w\u00f3zek dzieci\u0119cy PAX - baby pram\" data-src=\"assets\/images\/pax-01-silver-dust-1900x1400-800x589.jpg\" \/><\/div>\n<\/div>\n<div class=\"mbr-gallery-item mbr-gallery-item--p1\" data-video-url=\"false\" data-tags=\"Niesamowite\">\n<div data-slide-to=\"1\" data-bs-slide-to=\"1\" data-toggle=\"modal\" data-bs-toggle=\"modal\"><img decoding=\"async\" class=\"lazyload\" title=\"kolor 02 waves\" src=\"https:\/\/lonexcompany.com\/assets\/images\/pax-02-waves-1900x1400-800x589.jpg\" alt=\"w\u00f3zek dzieci\u0119cy PAX - baby pram\" data-src=\"assets\/images\/pax-02-waves-1900x1400-800x589.jpg\" \/><\/div>\n<\/div>\n<div class=\"mbr-gallery-item mbr-gallery-item--p1\" data-video-url=\"false\" data-tags=\"Niesamowite\">\n<div data-slide-to=\"2\" data-bs-slide-to=\"2\" data-toggle=\"modal\" data-bs-toggle=\"modal\"><img decoding=\"async\" class=\"lazyload\" title=\"kolor 03 black pearl\" src=\"https:\/\/lonexcompany.com\/assets\/images\/pax-03-black-pearl-1900x1400-800x589.jpg\" alt=\"w\u00f3zek dzieci\u0119cy PAX - baby pram\" data-src=\"assets\/images\/pax-03-black-pearl-1900x1400-800x589.jpg\" \/><\/div>\n<\/div>\n<div class=\"mbr-gallery-item mbr-gallery-item--p1\" data-video-url=\"false\" data-tags=\"Niesamowite\">\n<div data-slide-to=\"3\" data-bs-slide-to=\"3\" data-toggle=\"modal\" data-bs-toggle=\"modal\"><img decoding=\"async\" class=\"lazyload\" title=\"kolor 03 fusion\" src=\"https:\/\/lonexcompany.com\/assets\/images\/pax-04-rose-1-1900x1400-800x589.jpg\" alt=\"w\u00f3zek dzieci\u0119cy PAX - baby pram\" data-src=\"assets\/images\/pax-04-rose-1-1900x1400-800x589.jpg\" \/><\/div>\n<\/div>\n<div class=\"mbr-gallery-item mbr-gallery-item--p1\" data-video-url=\"false\" data-tags=\"Niesamowite\">\n<div data-slide-to=\"4\" data-bs-slide-to=\"4\" data-toggle=\"modal\" data-bs-toggle=\"modal\"><img decoding=\"async\" class=\"lazyload\" title=\"\" src=\"https:\/\/lonexcompany.com\/assets\/images\/pax-05-deep-green-1900x1400-800x589.jpg\" alt=\"\" data-src=\"assets\/images\/pax-05-deep-green-1900x1400-800x589.jpg\" \/><\/div>\n<\/div>\n<div class=\"mbr-gallery-item mbr-gallery-item--p1\" data-video-url=\"false\" data-tags=\"Niesamowite\">\n<div data-slide-to=\"5\" data-bs-slide-to=\"5\" data-toggle=\"modal\" data-bs-toggle=\"modal\"><img decoding=\"async\" class=\"lazyload\" title=\"\" src=\"https:\/\/lonexcompany.com\/assets\/images\/pax-09-a-1900x1400-800x589.jpg\" alt=\"\" data-src=\"assets\/images\/pax-09-a-1900x1400-800x589.jpg\" \/><\/div>\n<\/div>\n<div class=\"mbr-gallery-item mbr-gallery-item--p1\" data-video-url=\"false\" data-tags=\"Niesamowite\">\n<div data-slide-to=\"6\" data-bs-slide-to=\"6\" data-toggle=\"modal\" data-bs-toggle=\"modal\"><img decoding=\"async\" class=\"lazyload\" title=\"\" src=\"https:\/\/lonexcompany.com\/assets\/images\/pax-10-a-1900x1400-800x589.jpg\" alt=\"\" data-src=\"assets\/images\/pax-10-a-1900x1400-800x589.jpg\" \/><\/div>\n<\/div>\n<div class=\"mbr-gallery-item mbr-gallery-item--p1\" data-video-url=\"false\" data-tags=\"Niesamowite\">\n<div data-slide-to=\"7\" data-bs-slide-to=\"7\" data-toggle=\"modal\" data-bs-toggle=\"modal\"><img decoding=\"async\" class=\"lazyload\" title=\"\" src=\"https:\/\/lonexcompany.com\/assets\/images\/pax-11-a-1900x1400-800x589.jpg\" alt=\"\" data-src=\"assets\/images\/pax-11-a-1900x1400-800x589.jpg\" \/><\/div>\n<\/div>\n<\/div>\n<\/div>\n<\/div>\n<\/div>\n<\/div>\n<\/div>\n<\/section>","protected":false},"excerpt":{"rendered":"<p>Stroller Lonex PAX FRESH<\/p>","protected":false},"featured_media":10775,"template":"","meta":[],"product_cat":[219],"product_tag":[],"acf":[],"_links":{"self":[{"href":"https:\/\/lonexvezimeliai.eu\/en\/wp-json\/wp\/v2\/product\/10774"}],"collection":[{"href":"https:\/\/lonexvezimeliai.eu\/en\/wp-json\/wp\/v2\/product"}],"about":[{"href":"https:\/\/lonexvezimeliai.eu\/en\/wp-json\/wp\/v2\/types\/product"}],"wp:featuredmedia":[{"embeddable":true,"href":"https:\/\/lonexvezimeliai.eu\/en\/wp-json\/wp\/v2\/media\/10775"}],"wp:attachment":[{"href":"https:\/\/lonexvezimeliai.eu\/en\/wp-json\/wp\/v2\/media?parent=10774"}],"wp:term":[{"taxonomy":"product_cat","embeddable":true,"href":"https:\/\/lonexvezimeliai.eu\/en\/wp-json\/wp\/v2\/product_cat?post=10774"},{"taxonomy":"product_tag","embeddable":true,"href":"https:\/\/lonexvezimeliai.eu\/en\/wp-json\/wp\/v2\/product_tag?post=10774"}],"curies":[{"name":"wp","href":"https:\/\/api.w.org\/{rel}","templated":true}]}}