{"id":10761,"date":"2023-03-13T19:57:44","date_gmt":"2023-03-13T19:57:44","guid":{"rendered":"https:\/\/lonexvezimeliai.eu\/?product=wozek-dzieciecy-lonex-pax-wings"},"modified":"2023-04-01T08:34:13","modified_gmt":"2023-04-01T08:34:13","slug":"wozek-dzieciecy-lonex-pax-wings","status":"publish","type":"product","link":"https:\/\/lonexvezimeliai.eu\/en\/product\/wozek-dzieciecy-lonex-pax-wings\/","title":{"rendered":"Vaiki\u0161kas ve\u017eim\u0117lis Lonex PAX  WINGS 2in1 ir 3in1"},"content":{"rendered":"<div class=\"opis\">\n<div class=\"opis_f2\" style=\"text-align: center;\">\n<p>Pirkdami LONEX PAX\u00a0WINGS ve\u017eim\u0117l\u012f \u201edu viename\u201c versijoje gausite:<\/p>\n<p>lengvas aliuminio r\u0117mas;<br \/>\ngondola;<br \/>\nve\u017eim\u0117lis;<br \/>\ngeliniai ratai (priekiniai ratai su blokada va\u017eiuoti tiesiai);<br \/>\nreguliuojamas amortizatorius;<br \/>\nkrep\u0161ys su kuprin\u0117s funkcija;<br \/>\npuodelio laikiklis;<br \/>\npirkini\u0173 krep\u0161ys;<br \/>\nnuimama kr\u016btin\u0117;<br \/>\ngondolos dangtis;<br \/>\ntinklas nuo uod\u0173<br \/>\nskydelis nuo saul\u0117s;<br \/>\nsulankstomas stogelis su ventiliacija;<br \/>\ngondolos u\u017epildymas medvilne;<br \/>\nir gondolos, ir ve\u017eim\u0117lio tvirtinimo atgal arba pirmyn pagal va\u017eiavimo krypt\u012f sistema;<br \/>\npakeliamas gondolos stogas;<br \/>\nreguliuojama rankena.<\/p>\n<\/div>\n<\/div>\n<div>\n<section id=\"extContent2-gt\" class=\"mbr-section ext\u0421ontent cid-sidkLkVgMp\">\n<div class=\"container\">\n<div class=\"title col-12 col-md-12\">\n<h2 class=\"align-center mbr-fonts-style pb-5 display-1\">Patogus Lop\u0161ys<\/h2>\n<\/div>\n<div class=\"media-container-row mt-4\">\n<div class=\"article article-right-border mb-4 col-sm-12 col-md-6\">\n<p class=\"mbr-text-left align-right mbr-fonts-style display-5\">Auk\u0161\u010diausios kokyb\u0117s apsaugin\u0117 medviln\u0117 apsaugos<br \/>\nprie\u0161 dr\u0117gm\u0117s susilaikym\u0105<\/p>\n<\/div>\n<div class=\"article mb-4 col-sm-12 col-md-6\">\n<p class=\"mbr-text-right mbr-fonts-style align-left display-5\">\u012ed\u0117klas, u\u017etikrinantis oro cirkuliacij\u0105, bei \u0161velnus j\u016bs\u0173 k\u016bdikiui<\/p>\n<\/div>\n<\/div>\n<\/div>\n<\/section>\n<section id=\"image1-gu\" class=\"cid-sidkLlg6kr\">\n<figure class=\"mbr-figure container\">\n<div class=\"image-block\"><img decoding=\"async\" class=\"lazyload\" title=\"wersja spacerowa\" src=\"https:\/\/lonexcompany.com\/assets\/images\/pax-wings-opis-02-pl-1598x1177.jpg\" alt=\"w\u00f3zek dzieci\u0119cy PAX - baby pram\" width=\"1400\" data-src=\"assets\/images\/pax-wings-opis-02-pl-1598x1177.jpg\" \/><\/div>\n<\/figure>\n<\/section>\n<section id=\"article6-gv\" class=\"mbr-section article content1 cid-sidkLlv6NE\">\n<div class=\"container\">\n<div class=\"media-container-row\">\n<div class=\"mbr-text col-12 col-md-8 mbr-fonts-style display-5\">\n<div>I\u0161matavimai:<\/div>\n<div><\/div>\n<div>vidinis ilgis <strong>78 cm<\/strong>, plotis <strong>38 cm<\/strong>, auk\u0161tis <strong>20 cm<\/strong><\/div>\n<div><\/div>\n<\/div>\n<\/div>\n<\/div>\n<\/section>\n<section id=\"image1-gw\" class=\"cid-sidkLlJ55b\">\n<figure class=\"mbr-figure container\">\n<div class=\"image-block\"><img decoding=\"async\" class=\"lazyload\" title=\"wersja spacerowa\" src=\"https:\/\/lonexcompany.com\/assets\/images\/pax-wings-opis-01-pl-1598x1177.jpg\" alt=\"w\u00f3zek dzieci\u0119cy PAX - baby pram\" width=\"1400\" data-src=\"assets\/images\/pax-wings-opis-01-pl-1598x1177.jpg\" \/><\/div>\n<\/figure>\n<\/section>\n<section id=\"features18-gx\" class=\"mbr-section features18 cid-sidkLm49Ds\">\n<div class=\"container-fluid\">\n<div class=\"row justify-content-center pt-5\">\n<div class=\"card px-3 py-4 col-12 col-md-6 col-lg-4\">\n<div class=\"card-wrapper\">\n<div class=\"card-img\"><img decoding=\"async\" class=\"lazyload\" title=\"pokrowiec na n\u00f3\u017cki\" src=\"https:\/\/lonexcompany.com\/assets\/images\/pax-wings-bok-moskietra-880x587.jpg\" alt=\"w\u00f3zek dzieci\u0119cy PAX - baby pram\" data-src=\"assets\/images\/pax-wings-bok-moskietra-880x587.jpg\" \/><\/div>\n<div class=\"card-box\">\n<p class=\"mbr-text mbr-fonts-style align-center mbr-white display-5\">Apsauginis tinklelis nuo uod\u0173<\/p>\n<\/div>\n<\/div>\n<\/div>\n<div class=\"card px-3 py-4 col-12 col-md-6 col-lg-4\">\n<div class=\"card-wrapper\">\n<div class=\"card-img\"><img decoding=\"async\" class=\"lazyload\" title=\"przek\u0142adane siedzisko spacer\u00f3wki PAX\" src=\"https:\/\/lonexcompany.com\/assets\/images\/pax-wings-wentylacja-gondoli-880x587.jpg\" alt=\"w\u00f3zek dzieci\u0119cy PAX - baby pram\" data-src=\"assets\/images\/pax-wings-wentylacja-gondoli-880x587.jpg\" \/><\/div>\n<div class=\"card-box\">\n<p class=\"mbr-text mbr-fonts-style align-center mbr-white display-5\">Papildoma ventiliacija<\/p>\n<\/div>\n<\/div>\n<\/div>\n<div class=\"card px-3 py-4 col-12 col-md-6 col-lg-4\">\n<div class=\"card-wrapper\">\n<div class=\"card-img\"><img decoding=\"async\" class=\"lazyload\" title=\"pozycja do spania PAX\" src=\"https:\/\/lonexcompany.com\/assets\/images\/pax-rose-rama-skladanie-880x587.jpg\" alt=\"w\u00f3zek dzieci\u0119cy PAX - baby pram\" data-src=\"assets\/images\/pax-rose-rama-skladanie-880x587.jpg\" \/><\/div>\n<div class=\"card-box\">\n<p class=\"mbr-text mbr-fonts-style align-center mbr-white display-5\">Kompakti\u0161kai sulankstomas<br \/>\nr\u0117mas su apsauga<br \/>\nprie\u0161 i\u0161siskleid\u017eiant<\/p>\n<\/div>\n<\/div>\n<\/div>\n<\/div>\n<\/div>\n<\/section>\n<section id=\"extContent2-gy\" class=\"mbr-section ext\u0421ontent cid-sidkLmCUY9\">\n<div class=\"container\">\n<div class=\"title col-12 col-md-12\">\n<h2 class=\"align-center mbr-fonts-style pb-5 display-1\">Lengvas pasivaik\u0161\u010diojimas<\/h2>\n<\/div>\n<div class=\"media-container-row mt-4\">\n<div class=\"article article-right-border mb-4 col-sm-12 col-md-6\">\n<p class=\"mbr-text-left align-right mbr-fonts-style display-5\">I\u0161imamas \u0161velnus vidpadis<\/p>\n<\/div>\n<div class=\"article mb-4 col-sm-12 col-md-6\">\n<p class=\"mbr-text-right mbr-fonts-style align-left display-5\">Baldakimas su giliu stogu, apsaugan\u010diu nuo UV spinduli\u0173<\/p>\n<\/div>\n<\/div>\n<\/div>\n<\/section>\n<section id=\"image1-gz\" class=\"cid-sidkLmUlTg\">\n<figure class=\"mbr-figure container\">\n<div class=\"image-block\"><img decoding=\"async\" class=\"lazyload\" title=\"wersja spacerowa\" src=\"https:\/\/lonexcompany.com\/assets\/images\/pax-wings-opis-03-pl-1598x1177.jpg\" alt=\"w\u00f3zek dzieci\u0119cy PAX - baby pram\" width=\"1400\" data-src=\"assets\/images\/pax-wings-opis-03-pl-1598x1177.jpg\" \/><\/div>\n<\/figure>\n<\/section>\n<section id=\"features18-h0\" class=\"mbr-section features18 cid-sidkLnhlRG\">\n<div class=\"container-fluid\">\n<div class=\"row justify-content-center pt-5\">\n<div class=\"card px-3 py-4 col-12 col-md-6 col-lg-4\">\n<div class=\"card-wrapper\">\n<div class=\"card-img\"><img decoding=\"async\" class=\"lazyload\" title=\"pokrowiec na n\u00f3\u017cki\" src=\"https:\/\/lonexcompany.com\/assets\/images\/pax-wings-bok-spacerowka-a-880x587.jpg\" alt=\"w\u00f3zek dzieci\u0119cy PAX - baby pram\" data-src=\"assets\/images\/pax-wings-bok-spacerowka-a-880x587.jpg\" \/><\/div>\n<div class=\"card-box\">\n<p class=\"mbr-text mbr-fonts-style align-center mbr-white display-5\">\u0160iltas u\u017evalkalas, dengiantis kojas<br \/>\npagamintas i\u0161 auk\u0161tos kokyb\u0117s eko odos<\/p>\n<\/div>\n<\/div>\n<\/div>\n<div class=\"card px-3 py-4 col-12 col-md-6 col-lg-4\">\n<div class=\"card-wrapper\">\n<div class=\"card-img\"><img decoding=\"async\" class=\"lazyload\" title=\"przek\u0142adane siedzisko spacer\u00f3wki PAX\" src=\"https:\/\/lonexcompany.com\/assets\/images\/pax-wings-bok-spacerowka-e-880x587.jpg\" alt=\"w\u00f3zek dzieci\u0119cy PAX - baby pram\" data-src=\"assets\/images\/pax-wings-bok-spacerowka-e-880x587.jpg\" \/><\/div>\n<div class=\"card-box\">\n<p class=\"mbr-text mbr-fonts-style align-center mbr-white display-5\">Momentin\u0117 sistema<br \/>\npriekis\/gala<\/p>\n<\/div>\n<\/div>\n<\/div>\n<div class=\"card px-3 py-4 col-12 col-md-6 col-lg-4\">\n<div class=\"card-wrapper\">\n<div class=\"card-img\"><img decoding=\"async\" class=\"lazyload\" title=\"pozycja do spania PAX\" src=\"https:\/\/lonexcompany.com\/assets\/images\/pax-wings-bok-spacerowka-d-880x587.jpg\" alt=\"w\u00f3zek dzieci\u0119cy PAX - baby pram\" data-src=\"assets\/images\/pax-wings-bok-spacerowka-d-880x587.jpg\" \/><\/div>\n<div class=\"card-box\">\n<p class=\"mbr-text mbr-fonts-style align-center mbr-white display-5\">Tiesi<br \/>\nmiego pad\u0117tis maksimaliam komfortui<\/p>\n<\/div>\n<\/div>\n<\/div>\n<\/div>\n<\/div>\n<\/section>\n<section id=\"extContent2-h1\" class=\"mbr-section ext\u0421ontent cid-sidkLnO3QE\">\n<div class=\"container\">\n<div class=\"title col-12 col-md-12\">\n<h2 class=\"align-center mbr-fonts-style pb-5 display-1\">Automobilin\u0117 k\u0117dut\u0117<\/h2>\n<\/div>\n<div class=\"media-container-row mt-4\">\n<div class=\"article article-right-border mb-4 col-sm-12 col-md-6\">\n<p class=\"mbr-text-left align-right mbr-fonts-style display-5\">Kite+ \u2013 tai automobilin\u0117 k\u0117dut\u0117, u\u017etikrinanti maksimal\u0173 saugum\u0105 nuo pirm\u0173j\u0173 vaiko gyvenimo dien\u0173<\/p>\n<\/div>\n<div class=\"article mb-4 col-sm-12 col-md-6\">\n<p class=\"mbr-text-right mbr-fonts-style align-left display-5\">2 montavimo tipai: tvirtinimas prie ISOFIX pagrindo (pagrindo parinktis papildomam 4in1) arba automobilio dir\u017eu<\/p>\n<\/div>\n<\/div>\n<\/div>\n<\/section>\n<section id=\"image1-h2\" class=\"cid-sidkLocKub\">\n<figure class=\"mbr-figure container\">\n<div class=\"image-block\"><img decoding=\"async\" class=\"lazyload\" title=\"wersja spacerowa\" src=\"https:\/\/lonexcompany.com\/assets\/images\/pax-wings-opis-04-pl-1598x1177.jpg\" alt=\"w\u00f3zek dzieci\u0119cy PAX - baby pram\" width=\"1400\" data-src=\"assets\/images\/pax-wings-opis-04-pl-1598x1177.jpg\" \/><\/div>\n<\/figure>\n<\/section>\n<section id=\"features18-h3\" class=\"mbr-section features18 cid-sidkLosiub\">\n<div class=\"container-fluid\">\n<div class=\"row justify-content-center pt-5\">\n<div class=\"card px-3 py-4 col-12 col-md-6 col-lg-4\">\n<div class=\"card-wrapper\">\n<div class=\"card-img\"><img decoding=\"async\" class=\"lazyload\" title=\"pokrowiec na n\u00f3\u017cki\" src=\"https:\/\/lonexcompany.com\/assets\/images\/pax-wings-fotelik-b-880x587.jpg\" alt=\"w\u00f3zek dzieci\u0119cy PAX - baby pram\" data-src=\"assets\/images\/pax-wings-fotelik-b-880x587.jpg\" \/><\/div>\n<div class=\"card-box\">\n<p class=\"mbr-text mbr-fonts-style align-center mbr-white display-5\">Komplekte stogelis\u00a0ir \u0161iltas koj\u0173 apdangalas<\/p>\n<\/div>\n<\/div>\n<\/div>\n<div class=\"card px-3 py-4 col-12 col-md-6 col-lg-4\">\n<div class=\"card-wrapper\">\n<div class=\"card-img\"><img decoding=\"async\" class=\"lazyload\" title=\"przek\u0142adane siedzisko spacer\u00f3wki PAX\" src=\"https:\/\/lonexcompany.com\/assets\/images\/pax-wings-fotelik-a-880x587.jpg\" alt=\"w\u00f3zek dzieci\u0119cy PAX - baby pram\" data-src=\"assets\/images\/pax-wings-fotelik-a-880x587.jpg\" \/><\/div>\n<div class=\"card-box\">\n<p class=\"mbr-text mbr-fonts-style align-center mbr-white display-5\">\n<\/div>\n<\/div>\n<\/div>\n<\/div>\n<\/div>\n<\/section>\n<section id=\"extContent2-h4\" class=\"mbr-section ext\u0421ontent cid-sidkLp27Oc\">\n<div class=\"container\">\n<div class=\"title col-12 col-md-12\">\n<h2 class=\"align-center mbr-fonts-style pb-5 display-1\">Komplekte \u0161ie aksesuarai<\/h2>\n<\/div>\n<div class=\"media-container-row mt-4\">\n<div class=\"article article-right-border mb-4 col-sm-12 col-md-6\">\n<p class=\"mbr-text-left align-right mbr-fonts-style display-5\">Erdvus pirkini\u0173 krep\u0161elis<\/p>\n<\/div>\n<div class=\"article mb-4 col-sm-12 col-md-6\">\n<p class=\"mbr-text-right mbr-fonts-style align-left display-5\">\n<\/div>\n<\/div>\n<\/div>\n<\/section>\n<section id=\"image1-h5\" class=\"cid-sidkLpsF4T\">\n<figure class=\"mbr-figure container\">\n<div class=\"image-block\"><img decoding=\"async\" class=\"lazyload\" title=\"wersja spacerowa\" src=\"https:\/\/lonexcompany.com\/assets\/images\/pax-wings-wyjmowany-kosz-1620x1194.jpg\" alt=\"w\u00f3zek dzieci\u0119cy PAX - baby pram\" width=\"1400\" data-src=\"assets\/images\/pax-wings-wyjmowany-kosz-1620x1194.jpg\" \/><\/div>\n<\/figure>\n<\/section>\n<section id=\"features18-h6\" class=\"mbr-section features18 cid-sidkLpN0M7\">\n<div class=\"container-fluid\">\n<div class=\"row justify-content-center pt-5\">\n<div class=\"card px-3 py-4 col-12 col-md-6 col-lg-4\">\n<div class=\"card-wrapper\">\n<div class=\"card-img\"><img decoding=\"async\" class=\"lazyload\" title=\"pokrowiec na n\u00f3\u017cki\" src=\"https:\/\/lonexcompany.com\/assets\/images\/pax-rose-kubek-880x587.jpg\" alt=\"w\u00f3zek dzieci\u0119cy PAX - baby pram\" data-src=\"assets\/images\/pax-rose-kubek-880x587.jpg\" \/><\/div>\n<div class=\"card-box\">\n<p class=\"mbr-text mbr-fonts-style align-center mbr-white display-5\">Universalus laikiklis<br \/>\ng\u0117rimui<\/p>\n<\/div>\n<\/div>\n<\/div>\n<div class=\"card px-3 py-4 col-12 col-md-6 col-lg-4\">\n<div class=\"card-wrapper\">\n<div class=\"card-img\"><img decoding=\"async\" class=\"lazyload\" title=\"przek\u0142adane siedzisko spacer\u00f3wki PAX\" src=\"https:\/\/lonexcompany.com\/assets\/images\/pax-rose-torba-880x587.jpg\" alt=\"w\u00f3zek dzieci\u0119cy PAX - baby pram\" data-src=\"assets\/images\/pax-rose-torba-880x587.jpg\" \/><\/div>\n<div class=\"card-box\">\n<p class=\"mbr-text mbr-fonts-style align-center mbr-white display-5\">Modernus ir talpus krep\u0161ys \/ kuprin\u0117<br \/>\npagaminta i\u0161 eko odos su magnetiniu u\u017esegimu<\/p>\n<\/div>\n<\/div>\n<\/div>\n<\/div>\n<\/div>\n<\/section>\n<section id=\"article6-is\" class=\"mbr-section article content1 cid-syYl1vmZOt\">\n<div class=\"container\">\n<div class=\"media-container-row\">\n<div class=\"mbr-text col-12 col-md-8 mbr-fonts-style display-1\">\n<p class=\"\">Pamatykite svarbiausias Lonex PAX savybes vaizdo \u012fra\u0161e:<\/p>\n<\/div>\n<\/div>\n<\/div>\n<\/section>\n<section id=\"image1-it\" class=\"cid-syYl2jfH4A\">\n<figure class=\"mbr-figure container\">\n<div class=\"image-block\"><a class=\"\" href=\"https:\/\/www.youtube.com\/watch?v=EtsBgBbuTnw\" target=\"_blank\" rel=\"noopener\"><img decoding=\"async\" class=\"lazyload\" title=\"\" src=\"https:\/\/lonexcompany.com\/assets\/images\/logo-yt-620x272.jpg\" alt=\"YT\" width=\"1400\" data-src=\"assets\/images\/logo-yt-620x272.jpg\" \/><\/a><\/div>\n<\/figure>\n<\/section>\n<section id=\"features18-h7\" class=\"mbr-section features18 cid-sidkLqmdnx\">\n<div class=\"container-fluid\">\n<h2 class=\"mbr-section-title align-left mbr-fonts-style mbr-bold mbr-white display-1\">I\u0161matavimai ir svoris<\/h2>\n<div class=\"row justify-content-center pt-5\">\n<div class=\"card px-3 py-4 col-12 col-md-6 col-lg-4\">\n<div class=\"card-wrapper\">\n<div class=\"card-img\"><img decoding=\"async\" class=\"lazyload\" title=\"pokrowiec na n\u00f3\u017cki\" src=\"https:\/\/lonexcompany.com\/assets\/images\/pax-wymiary-gondola-880x660.jpg\" alt=\"w\u00f3zek dzieci\u0119cy PAX - baby pram\" data-src=\"assets\/images\/pax-wymiary-gondola-880x660.jpg\" \/><\/div>\n<\/div>\n<\/div>\n<div class=\"card px-3 py-4 col-12 col-md-6 col-lg-4\">\n<div class=\"card-wrapper\">\n<div class=\"card-img\"><img decoding=\"async\" class=\"lazyload\" title=\"przek\u0142adane siedzisko spacer\u00f3wki PAX\" src=\"https:\/\/lonexcompany.com\/assets\/images\/pax-wymiary-rama-880x660.jpg\" alt=\"w\u00f3zek dzieci\u0119cy PAX - baby pram\" data-src=\"assets\/images\/pax-wymiary-rama-880x660.jpg\" \/><\/div>\n<\/div>\n<\/div>\n<\/div>\n<\/div>\n<\/section>\n<section id=\"features18-h8\" class=\"mbr-section features18 cid-sidkLqZTqg\">\n<div class=\"container-fluid\">\n<div class=\"row justify-content-center pt-5\">\n<div class=\"card px-3 py-4 col-12 col-md-6 col-lg-4\">\n<div class=\"card-wrapper\">\n<div class=\"card-img\"><img decoding=\"async\" class=\"lazyload\" title=\"pokrowiec na n\u00f3\u017cki\" src=\"https:\/\/lonexcompany.com\/assets\/images\/pax-wysokosc-szerokosc-880x660.jpg\" alt=\"w\u00f3zek dzieci\u0119cy PAX - baby pram\" data-src=\"assets\/images\/pax-wysokosc-szerokosc-880x660.jpg\" \/><\/div>\n<\/div>\n<\/div>\n<div class=\"card px-3 py-4 col-12 col-md-6 col-lg-4\">\n<div class=\"card-wrapper\">\n<div class=\"card-img\"><img decoding=\"async\" class=\"lazyload\" title=\"przek\u0142adane siedzisko spacer\u00f3wki PAX\" src=\"https:\/\/lonexcompany.com\/assets\/images\/pax-spacerowka-waga-880x660.jpg\" alt=\"w\u00f3zek dzieci\u0119cy PAX - baby pram\" data-src=\"assets\/images\/pax-spacerowka-waga-880x660.jpg\" \/><\/div>\n<\/div>\n<\/div>\n<\/div>\n<\/div>\n<\/section>\n<section id=\"article6-h9\" class=\"mbr-section article content1 cid-sidkLryFmw\">\n<div class=\"container\">\n<div class=\"media-container-row\">\n<div class=\"mbr-text col-12 col-md-8 mbr-fonts-style display-7\">\n<p class=\"\">*svoris kartu su ratukaisi<\/p>\n<\/div>\n<\/div>\n<\/div>\n<\/section>\n<section id=\"article6-ha\" class=\"mbr-section article content1 cid-sidkLrVHjD\">\n<div class=\"container\">\n<div class=\"media-container-row\">\n<div class=\"mbr-text col-12 col-md-8 mbr-fonts-style display-2\"><\/div>\n<\/div>\n<\/div>\n<\/section>\n<section id=\"extGallery2-hc\" class=\"mbr-gallery mbr-slider-carousel extGallery cid-sidkLsBMfS\">\n<div class=\"container\">\n<div class=\"row justify-content-center\">\n<div class=\"col-sm-10\">\n<h2 class=\"mbr-section-title mbr-fonts-style align-center display-1\">I\u0161sirinkit spalv\u0105<\/h2>\n<\/div>\n<\/div>\n<\/div>\n<div>\n<div class=\"pt-5\">\n<div class=\"mbr-gallery-row\">\n<div class=\"mbr-gallery-layout-default\">\n<div>\n<div>\n<div class=\"mbr-gallery-item mbr-gallery-item--p1\" data-video-url=\"false\" data-tags=\"Niesamowite\">\n<div data-slide-to=\"0\" data-bs-slide-to=\"0\" data-toggle=\"modal\" data-bs-toggle=\"modal\"><img decoding=\"async\" class=\"lazyload\" title=\"kolor 01 silver dust\" src=\"https:\/\/lonexcompany.com\/assets\/images\/06-black-1900x1400-800x589.jpg\" alt=\"w\u00f3zek dzieci\u0119cy PAX - baby pram\" data-src=\"assets\/images\/06-black-1900x1400-800x589.jpg\" \/><\/div>\n<\/div>\n<div class=\"mbr-gallery-item mbr-gallery-item--p1\" data-video-url=\"false\" data-tags=\"Niesamowite\">\n<div data-slide-to=\"1\" data-bs-slide-to=\"1\" data-toggle=\"modal\" data-bs-toggle=\"modal\"><img decoding=\"async\" class=\"lazyload\" title=\"kolor 02 waves\" src=\"https:\/\/lonexcompany.com\/assets\/images\/07-pink-1900x1400-800x589.jpg\" alt=\"w\u00f3zek dzieci\u0119cy PAX - baby pram\" data-src=\"assets\/images\/07-pink-1900x1400-800x589.jpg\" \/><\/div>\n<\/div>\n<div class=\"mbr-gallery-item mbr-gallery-item--p1\" data-video-url=\"false\" data-tags=\"Niesamowite\">\n<div data-slide-to=\"2\" data-bs-slide-to=\"2\" data-toggle=\"modal\" data-bs-toggle=\"modal\"><img decoding=\"async\" class=\"lazyload\" title=\"kolor 03 black pearl\" src=\"https:\/\/lonexcompany.com\/assets\/images\/08-blue-1900x1400-800x589.jpg\" alt=\"w\u00f3zek dzieci\u0119cy PAX - baby pram\" data-src=\"assets\/images\/08-blue-1900x1400-800x589.jpg\" \/><\/div>\n<\/div>\n<\/div>\n<\/div>\n<\/div>\n<\/div>\n<\/div>\n<\/div>\n<\/section>\n<\/div>","protected":false},"excerpt":{"rendered":"<p style=\"text-align: left;\"><span style=\"font-family: verdana, geneva, sans-serif; font-size: 12pt;\">\u00a0<strong>Lonex PAX WINGS<\/strong>\u00a0<\/span><\/p>","protected":false},"featured_media":10762,"template":"","meta":[],"product_cat":[219],"product_tag":[],"acf":[],"_links":{"self":[{"href":"https:\/\/lonexvezimeliai.eu\/en\/wp-json\/wp\/v2\/product\/10761"}],"collection":[{"href":"https:\/\/lonexvezimeliai.eu\/en\/wp-json\/wp\/v2\/product"}],"about":[{"href":"https:\/\/lonexvezimeliai.eu\/en\/wp-json\/wp\/v2\/types\/product"}],"wp:featuredmedia":[{"embeddable":true,"href":"https:\/\/lonexvezimeliai.eu\/en\/wp-json\/wp\/v2\/media\/10762"}],"wp:attachment":[{"href":"https:\/\/lonexvezimeliai.eu\/en\/wp-json\/wp\/v2\/media?parent=10761"}],"wp:term":[{"taxonomy":"product_cat","embeddable":true,"href":"https:\/\/lonexvezimeliai.eu\/en\/wp-json\/wp\/v2\/product_cat?post=10761"},{"taxonomy":"product_tag","embeddable":true,"href":"https:\/\/lonexvezimeliai.eu\/en\/wp-json\/wp\/v2\/product_tag?post=10761"}],"curies":[{"name":"wp","href":"https:\/\/api.w.org\/{rel}","templated":true}]}}