{"id":10734,"date":"2023-03-13T19:56:16","date_gmt":"2023-03-13T19:56:16","guid":{"rendered":"https:\/\/lonexvezimeliai.eu\/?product=wozek-dzieciecy-lonex-galaxy-2w1-promocja"},"modified":"2023-07-17T13:25:53","modified_gmt":"2023-07-17T13:25:53","slug":"wozek-dzieciecy-lonex-galaxy-2w1-promocja","status":"publish","type":"product","link":"https:\/\/lonexvezimeliai.eu\/en\/product\/wozek-dzieciecy-lonex-galaxy-2w1-promocja\/","title":{"rendered":"Stroller Lonex GALAXY 2in1 and 3in1"},"content":{"rendered":"<h3 style=\"text-align: left;\">Lonex GALAXY k\u016bdiki\u0173 ve\u017eim\u0117lis \u2013 tai naujausi\u0173 sprendim\u0173 derinys su auk\u0161\u010diausios kokyb\u0117s audiniais ir meistri\u0161kumu, d\u0117mesiu kiekvienai smulkmenai. Tai ve\u017eim\u0117lis, sukurtas i\u0161 nesenstan\u010di\u0173 med\u017eiag\u0173 ,dizaino ir eko odos derinio. Visa tai daro j\u012f neprilygstamu savo klas\u0117je ir tuo pa\u010diu \u017eavi savo elegancija.<\/h3>\n<div class=\"opis\" style=\"text-align: center;\">\n<p><iframe loading=\"lazy\" src=\"https:\/\/www.youtube.com\/embed\/a048Uj93rM0\" width=\"680\" height=\"380\" frameborder=\"0\"><\/iframe><\/p>\n<div class=\"opis_a1\" style=\"text-align: center;\">\n<section id=\"features10-28\" class=\"features10 cid-r8P9bhpqzH\">\n<div class=\"container\">\n<div class=\"row justify-content-center align-items-start\">\n<div class=\"card px-3 py-4 col-md-4\">\n<div class=\"card-wrapper flip-card\">\n<div class=\"card-img\"><img decoding=\"async\" class=\"lazyload\" title=\"Quic Click\" src=\"https:\/\/lonexcompany.com\/assets\/images\/com-g-17-szczegol-3-696x522.jpg\" alt=\"W\u00f3zek Dzieci\u0119cy Lonex Galaxy\" data-src=\"assets\/images\/com-g-17-szczegol-3-696x522.jpg\" \/><\/div>\n<div class=\"card-box\">\n<h3 class=\"mbr-title mbr-fonts-style mbr-black align-center display-2\">Quic Click<\/h3>\n<p class=\"mbr-card-text mbr-fonts-style align-center display-5\">Inovatyvi atleidimo viena ranka sistema. D\u0117l \u0161io sprendimo galite lengvai prijungti arba atjungti bet kur\u012f<br \/>\nelement\u0105 i\u0161 r\u0117mo.<\/p>\n<\/div>\n<\/div>\n<\/div>\n<div class=\"card px-3 py-4 col-md-4\">\n<div class=\"card-wrapper flip-card\">\n<div class=\"card-img\"><img decoding=\"async\" class=\"lazyload\" title=\"Amortyzacja\" src=\"https:\/\/lonexcompany.com\/assets\/images\/com-g-17-szczegol-4-696x522.jpg\" alt=\"W\u00f3zek Dzieci\u0119cy Lonex Galaxy\" data-src=\"assets\/images\/com-g-17-szczegol-4-696x522.jpg\" \/><\/div>\n<div class=\"card-box\">\n<h3 class=\"mbr-title mbr-fonts-style mbr-black align-center display-2\">Amortizacija<\/h3>\n<p class=\"mbr-card-text mbr-fonts-style align-center display-5\">Vairavimo komfortui padidinti GALAXY \u012frengta papildoma amortizacija<\/p>\n<\/div>\n<\/div>\n<\/div>\n<div class=\"card px-3 py-4 col-md-4\">\n<div class=\"card-wrapper flip-card\">\n<div class=\"card-img\"><img decoding=\"async\" class=\"lazyload\" title=\"Rama\" src=\"https:\/\/lonexcompany.com\/assets\/images\/com-g-17-zlozona-rama-696x522.jpg\" alt=\"W\u00f3zek Dzieci\u0119cy Lonex Galaxy\" data-src=\"assets\/images\/com-g-17-zlozona-rama-696x522.jpg\" \/><\/div>\n<div class=\"card-box\">\n<h3 class=\"mbr-title mbr-fonts-style mbr-black align-center display-2\">Mobilumas<\/h3>\n<p class=\"mbr-card-text mbr-fonts-style align-center display-5\">Lengvas, sulankstomas iki ma\u017eo dyd\u017eio su pneumatiniais ratukais<\/p>\n<\/div>\n<\/div>\n<\/div>\n<\/div>\n<\/div>\n<\/section>\n<section id=\"wowslider-29\" class=\"mbr-wowslider-container mbr-section mbr-section__container carousel slide mbr-wowslider-container--absent mbr-section-nopadding\" data-ride=\"carousel\" data-keyboard=\"false\" data-wrap=\"true\" data-interval=\"false\" data-rv-view=\"465\">\n<div class=\"mbr-wowslider boxed ws_gestures\" data-cur-slide=\"0\">\n<div class=\"ws_images\">\n<div><img decoding=\"async\" title=\"title 2\" src=\"https:\/\/lonexcompany.com\/assets\/images\/com-g-17-bok-1-640x480.jpg\" alt=\"title 2\" \/><\/div>\n<div>\n<div class=\"ws_list\">\n<div class=\"ws_swipe_left\"><img decoding=\"async\" title=\"title 2\" src=\"https:\/\/lonexcompany.com\/assets\/images\/com-g-17-fotelik-b-1-640x480.jpg\" alt=\"title 2\" \/><\/div>\n<ul>\n<li><img decoding=\"async\" title=\"title 2\" src=\"https:\/\/lonexcompany.com\/assets\/images\/com-g-17-bok-1-640x480.jpg\" alt=\"title 2\" \/><\/li>\n<li><img decoding=\"async\" title=\"title 2\" src=\"https:\/\/lonexcompany.com\/assets\/images\/com-g-17-bok-budka-1-640x480.jpg\" alt=\"title 2\" \/><\/li>\n<li><img decoding=\"async\" title=\"title 2\" src=\"https:\/\/lonexcompany.com\/assets\/images\/com-g-17-spacerowka-a-1-640x480.jpg\" alt=\"title 2\" \/><\/li>\n<li><img decoding=\"async\" title=\"title 2\" src=\"https:\/\/lonexcompany.com\/assets\/images\/com-g-17-fotelik-b-1-640x480.jpg\" alt=\"title 2\" \/><\/li>\n<\/ul>\n<div class=\"ws_swipe_right\"><img decoding=\"async\" title=\"title 2\" src=\"https:\/\/lonexcompany.com\/assets\/images\/com-g-17-bok-1-640x480.jpg\" alt=\"title 2\" \/><\/div>\n<\/div>\n<\/div>\n<div class=\"ws_controls\"><\/div>\n<\/div>\n<div class=\"ws_shadow\"><\/div>\n<\/div>\n<\/section>\n<section id=\"features3-3t\" class=\"features3 cid-r8Qew2NAN5\">\n<div class=\"container\">\n<h2 class=\"mbr-section-title align-center mbr-fonts-style display-2\">Technologijos<\/h2>\n<div class=\"row justify-content-center pt-3\">\n<div class=\"card p-3 col-12 col-md-6 col-xl-3 col-lg-3\">\n<div class=\"card-wrap\">\n<div class=\"card-box\">\n<h4 class=\"card-title mbr-fonts-style align-center display-5\">Geriausias u\u017eraktas<\/h4>\n<p class=\"mbr-text mbr-fonts-style align-center display-5\">Patikimas apsauginis u\u017eraktas nuo savaiminio r\u0117mo susilankstymo<\/p>\n<\/div>\n<\/div>\n<\/div>\n<div class=\"card p-3 col-12 col-md-6 col-xl-3 col-lg-3\">\n<div class=\"card-wrap\">\n<div class=\"card-img pb-4 align-center\"><\/div>\n<div class=\"card-box\">\n<h4 class=\"card-title mbr-fonts-style align-center display-5\">SOFT<\/h4>\n<p class=\"mbr-text mbr-fonts-style align-center display-5\">GALAXY ve\u017eim\u0117lis apr\u016bpintas 6 pakop\u0173 pakaba, padidinan\u010dia vairavimo komfort\u0105<\/p>\n<\/div>\n<\/div>\n<\/div>\n<div class=\"card p-3 col-12 col-md-6 col-xl-3 col-lg-3\">\n<div class=\"card-wrap\">\n<div class=\"card-img pb-4 align-center\"><\/div>\n<div class=\"card-box\">\n<h4 class=\"card-title mbr-fonts-style align-center display-5\">360<\/h4>\n<p class=\"mbr-text mbr-fonts-style align-center display-5\">Paprastas mechanizmas, skirtas u\u017erakinti ir atrakinti priekinius besisukan\u010dius ve\u017eim\u0117lio ratus<\/p>\n<\/div>\n<\/div>\n<\/div>\n<\/div>\n<\/div>\n<\/section>\n<section id=\"content9-2b\" class=\"cid-r8P9dsKqJn mbr-parallax-background\">\n<div class=\"mbr-overlay\"><\/div>\n<div class=\"container\">\n<div class=\"row justify-content-center\">\n<div class=\"col-12 col-md-12 align-center\">\n<h1 class=\"mbr-section-title mbr-white mbr-fonts-style align-left display-1\"><strong>GALAXY<\/strong><\/h1>\n<\/div>\n<\/div>\n<\/div>\n<div id=\"jarallax-container-1\">\n<div><\/div>\n<\/div>\n<\/section>\n<section id=\"features10-3u\" class=\"features10 cid-r8QeBBeZfU\">\n<div class=\"container\">\n<div class=\"row justify-content-center align-items-start\">\n<div class=\"card px-3 py-4 col-md-4\">\n<div class=\"card-wrapper flip-card\">\n<div class=\"card-img\"><img decoding=\"async\" class=\"lazyload\" title=\"Spacer\u00f3ka prz\u00f3d ty\u0142\" src=\"https:\/\/lonexcompany.com\/assets\/images\/com-g-17-spacerowka-f-696x522.jpg\" alt=\"W\u00f3zek Dzieci\u0119cy Lonex Galaxy\" data-src=\"assets\/images\/com-g-17-spacerowka-f-696x522.jpg\" \/><\/div>\n<div class=\"card-box\">\n<h3 class=\"mbr-title mbr-fonts-style mbr-black align-center display-2\">Kryptis<\/h3>\n<p class=\"mbr-card-text mbr-fonts-style align-center display-5\">Ve\u017eim\u0117lio s\u0117dyn\u0117 tvirtinama priekyje arba gale pagal va\u017eiavimo krypt\u012f<\/p>\n<\/div>\n<\/div>\n<\/div>\n<div class=\"card px-3 py-4 col-md-4\">\n<div class=\"card-wrapper flip-card\">\n<div class=\"card-img\"><img decoding=\"async\" class=\"lazyload\" title=\"Pokrowiec\" src=\"https:\/\/lonexcompany.com\/assets\/images\/com-g-17-spacerowka-b-1-696x522.jpg\" alt=\"W\u00f3zek Dzieci\u0119cy Lonex Galaxy\" data-src=\"assets\/images\/com-g-17-spacerowka-b-1-696x522.jpg\" \/><\/div>\n<div class=\"card-box\">\n<h3 class=\"mbr-title mbr-fonts-style mbr-black align-center display-2\">U\u017edangalas<\/h3>\n<p class=\"mbr-card-text mbr-fonts-style align-center display-5\">\u0160ilta koj\u0173 antklod\u0117 pagrindiniame \u201edu viename\u201c rinkinyje<\/p>\n<\/div>\n<\/div>\n<\/div>\n<div class=\"card px-3 py-4 col-md-4\">\n<div class=\"card-wrapper flip-card\">\n<div class=\"card-img\"><img decoding=\"async\" class=\"lazyload\" title=\"Spanie\" src=\"https:\/\/lonexcompany.com\/assets\/images\/com-g-17-spacerowka-e-1-696x522.jpg\" alt=\"W\u00f3zek Dzieci\u0119cy Lonex Galaxy\" data-src=\"assets\/images\/com-g-17-spacerowka-e-1-696x522.jpg\" \/><\/div>\n<div class=\"card-box\">\n<h3 class=\"mbr-title mbr-fonts-style mbr-black align-center display-2\">Miegojimas<\/h3>\n<p class=\"mbr-card-text mbr-fonts-style align-center display-5\">Miegamoji pad\u0117tis atlenkus atlo\u0161\u0105 ir pak\u0117lus koj\u0173 atram\u0105<\/p>\n<\/div>\n<\/div>\n<\/div>\n<\/div>\n<\/div>\n<\/section>\n<section id=\"features10-3v\" class=\"features10 cid-r8QeCm8Lsc\">\n<div class=\"container\">\n<div class=\"row justify-content-center align-items-start\">\n<div class=\"card px-3 py-4 col-md-4\">\n<div class=\"card-wrapper flip-card\">\n<div class=\"card-img\"><img decoding=\"async\" class=\"lazyload\" title=\"Uchwyt\" src=\"https:\/\/lonexcompany.com\/assets\/images\/com-g-17-uchwyt-696x522.jpg\" alt=\"W\u00f3zek Dzieci\u0119cy Lonex Galaxy\" data-src=\"assets\/images\/com-g-17-uchwyt-696x522.jpg\" \/><\/div>\n<div class=\"card-box\">\n<h3 class=\"mbr-title mbr-fonts-style mbr-black align-center display-2\"><\/h3>\n<p class=\"mbr-card-text mbr-fonts-style align-center display-5\">Komplekte yra nuimamas buteliuko laikiklis<\/p>\n<\/div>\n<\/div>\n<\/div>\n<div class=\"card px-3 py-4 col-md-4\">\n<div class=\"card-wrapper flip-card\">\n<div class=\"card-img\"><img decoding=\"async\" class=\"lazyload\" title=\"Akcesoria\" src=\"https:\/\/lonexcompany.com\/assets\/images\/com-g-17-torba-696x522.jpg\" alt=\"W\u00f3zek Dzieci\u0119cy Lonex Galaxy\" data-src=\"assets\/images\/com-g-17-torba-696x522.jpg\" \/><\/div>\n<div class=\"card-box\">\n<h3 class=\"mbr-title mbr-fonts-style mbr-black align-center display-2\"><\/h3>\n<p class=\"mbr-card-text mbr-fonts-style align-center display-5\">\u012e pagrindin\u012f \u201edu viename\u201c variant\u0105 \u012feina priedai: krep\u0161ys, tinklelis nuo uod\u0173, apsauga nuo lietaus, butelio laikiklis<\/p>\n<\/div>\n<\/div>\n<\/div>\n<div class=\"card px-3 py-4 col-md-4\">\n<div class=\"card-wrapper flip-card\">\n<div class=\"card-img\"><img decoding=\"async\" class=\"lazyload\" title=\"Gondola\" src=\"https:\/\/lonexcompany.com\/assets\/images\/com-g-17-gondola-696x522.jpg\" alt=\"W\u00f3zek Dzieci\u0119cy Lonex Galaxy\" data-src=\"assets\/images\/com-g-17-gondola-696x522.jpg\" \/><\/div>\n<div class=\"card-box\">\n<h3 class=\"mbr-title mbr-fonts-style mbr-black align-center display-2\">Lop\u0161ys<\/h3>\n<p class=\"mbr-card-text mbr-fonts-style align-center display-5\">Lengva gondola su laipsni\u0161ku atlo\u0161o reguliavimu ir lop\u0161io funkcija.<\/p>\n<\/div>\n<\/div>\n<\/div>\n<\/div>\n<\/div>\n<\/section>\n<section id=\"features10-3w\" class=\"features10 cid-r8QeCOFWpB\">\n<div class=\"container\">\n<div class=\"row justify-content-center align-items-start\">\n<div class=\"card px-3 py-4 col-md-4\">\n<div class=\"card-wrapper flip-card\">\n<div class=\"card-img\"><img decoding=\"async\" class=\"lazyload\" title=\"Fotelik\" src=\"https:\/\/lonexcompany.com\/assets\/images\/com-g-17-fotelik-a-696x522.jpg\" alt=\"W\u00f3zek Dzieci\u0119cy Lonex Galaxy\" data-src=\"assets\/images\/com-g-17-fotelik-a-696x522.jpg\" \/><\/div>\n<div class=\"card-box\">\n<h3 class=\"mbr-title mbr-fonts-style mbr-black align-center display-2\">Fotelis-\u012e 2in1 ne\u012feina<\/h3>\n<p class=\"mbr-card-text mbr-fonts-style align-center display-5\">CARLO konstrukcija, atitinkanti b\u016btinus saugos standartus<\/p>\n<\/div>\n<\/div>\n<\/div>\n<div class=\"card px-3 py-4 col-md-4\">\n<div class=\"card-wrapper flip-card\">\n<div class=\"card-img\"><img decoding=\"async\" class=\"lazyload\" title=\"Adaptery\" src=\"https:\/\/lonexcompany.com\/assets\/images\/com-g-17-fotelik-b-1-696x522.jpg\" alt=\"W\u00f3zek Dzieci\u0119cy Lonex Galaxy\" data-src=\"assets\/images\/com-g-17-fotelik-b-1-696x522.jpg\" \/><\/div>\n<div class=\"card-box\">\n<h3 class=\"mbr-title mbr-fonts-style mbr-black align-center display-2\">Adapteris<\/h3>\n<p class=\"mbr-card-text mbr-fonts-style align-center display-5\">Automobilin\u0117 k\u0117dut\u0117 komplektuojama su adapteriais automobilinei k\u0117dutei prijungti prie GALAXY r\u0117mo<\/p>\n<\/div>\n<\/div>\n<\/div>\n<div class=\"card px-3 py-4 col-md-4\">\n<div class=\"card-wrapper flip-card\">\n<div class=\"card-img\"><img decoding=\"async\" class=\"lazyload\" title=\"Wk\u0142adka\" src=\"https:\/\/lonexcompany.com\/assets\/images\/com-g-17-fotelik-c-696x522.jpg\" alt=\"W\u00f3zek Dzieci\u0119cy Lonex Galaxy\" data-src=\"assets\/images\/com-g-17-fotelik-c-696x522.jpg\" \/><\/div>\n<div class=\"card-box\">\n<p class=\"mbr-card-text mbr-fonts-style align-center display-5\">3 ta\u0161k\u0173 saugos dir\u017eai, profiliuotas \u012fd\u0117klas J\u016bs\u0173 ma\u017eylio patogumui<\/p>\n<section id=\"features12-3x\" class=\"features19 cid-r8QeDV6l5O\">\n<div class=\"container\">\n<p class=\"mbr-section-subtitle align-left mbr-fonts-style display-2\">I\u0161matavimai ir svoris<\/p>\n<div class=\"row justify-content-center align-items-start\">\n<div class=\"card px-3 py-4 col-md-4\">\n<div class=\"card-wrapper flip-card\">\n<div class=\"card-img\"><img decoding=\"async\" class=\"lazyload\" title=\"\" src=\"https:\/\/lonexcompany.com\/assets\/images\/galaxy-wymiary-a-640x480.jpg\" alt=\"\" data-src=\"assets\/images\/galaxy-wymiary-a-640x480.jpg\" \/><\/div>\n<div class=\"card-box\">\n<p class=\"mbr-card-text mbr-fonts-style align-center display-7\">\n<\/div>\n<\/div>\n<\/div>\n<div class=\"card px-3 py-4 col-md-4\">\n<div class=\"card-wrapper flip-card\">\n<div class=\"card-img\"><img decoding=\"async\" class=\"lazyload\" title=\"\" src=\"https:\/\/lonexcompany.com\/assets\/images\/galaxy-wymiary-b-640x480.jpg\" alt=\"\" data-src=\"assets\/images\/galaxy-wymiary-b-640x480.jpg\" \/><\/div>\n<div class=\"card-box\">\n<p class=\"mbr-card-text mbr-fonts-style align-center display-5\">vidinis ilgis 82 cm \/ plotis\u00a0 36 cm \/ auk\u0161tis 19 cm<\/p>\n<\/div>\n<\/div>\n<\/div>\n<div class=\"card px-3 py-4 col-md-4\">\n<div class=\"card-wrapper flip-card\">\n<div class=\"card-img\"><img decoding=\"async\" class=\"lazyload\" title=\"\" src=\"https:\/\/lonexcompany.com\/assets\/images\/galaxy-wymiary-c-640x480.jpg\" alt=\"\" data-src=\"assets\/images\/galaxy-wymiary-c-640x480.jpg\" \/><\/div>\n<div class=\"card-box\">\n<p class=\"mbr-card-text mbr-fonts-style align-center display-7\">\n<\/div>\n<\/div>\n<\/div>\n<\/div>\n<\/div>\n<\/section>\n<section id=\"table4-3y\" class=\"table4 section-table cid-r8QeEoKMqW mbr-parallax-background\">\n<div class=\"mbr-overlay\"><\/div>\n<div class=\"container\">\n<div class=\"media-container-row align-center\">\n<div class=\"col-12 col-md-12\">\n<div class=\"table-wrapper\">\n<div class=\"container scroll\"><\/div>\n<\/div>\n<p class=\"pt-4 mbr-fonts-style mbr-text align-center display-5\">\n<\/div>\n<\/div>\n<\/div>\n<div id=\"jarallax-container-2\">\n<div>\n<div class=\"mbr-gallery-item mbr-gallery-item--p1\" data-video-url=\"false\" data-tags=\"Niesamowite\">\n<div data-slide-to=\"0\" data-bs-slide-to=\"0\" data-toggle=\"modal\" data-bs-toggle=\"modal\"><img decoding=\"async\" class=\"lazyload\" title=\"\" src=\"https:\/\/lonexcompany.com\/assets\/images\/com-g-1-1200x900-800x600.jpg\" alt=\"\" data-src=\"assets\/images\/com-g-1-1200x900-800x600.jpg\" \/><\/div>\n<\/div>\n<div class=\"mbr-gallery-item mbr-gallery-item--p1\" data-video-url=\"false\" data-tags=\"Wra\u017cliwe\">\n<div data-slide-to=\"1\" data-bs-slide-to=\"1\" data-toggle=\"modal\" data-bs-toggle=\"modal\"><img decoding=\"async\" class=\"lazyload\" title=\"\" src=\"https:\/\/lonexcompany.com\/assets\/images\/com-g-2-1200x900-800x600.jpg\" alt=\"\" data-src=\"assets\/images\/com-g-2-1200x900-800x600.jpg\" \/><\/div>\n<\/div>\n<div class=\"mbr-gallery-item mbr-gallery-item--p1\" data-video-url=\"false\" data-tags=\"Tw\u00f3rcze\">\n<div data-slide-to=\"2\" data-bs-slide-to=\"2\" data-toggle=\"modal\" data-bs-toggle=\"modal\"><img decoding=\"async\" class=\"lazyload\" title=\"\" src=\"https:\/\/lonexcompany.com\/assets\/images\/com-g-3-1200x900-800x600.jpg\" alt=\"\" data-src=\"assets\/images\/com-g-3-1200x900-800x600.jpg\" \/><\/div>\n<\/div>\n<div class=\"mbr-gallery-item mbr-gallery-item--p1\" data-video-url=\"false\" data-tags=\"Animowane\">\n<div data-slide-to=\"3\" data-bs-slide-to=\"3\" data-toggle=\"modal\" data-bs-toggle=\"modal\"><img decoding=\"async\" class=\"lazyload\" title=\"\" src=\"https:\/\/lonexcompany.com\/assets\/images\/com-g-4-1200x900-800x600.jpg\" alt=\"\" data-src=\"assets\/images\/com-g-4-1200x900-800x600.jpg\" \/><\/div>\n<\/div>\n<div class=\"mbr-gallery-item mbr-gallery-item--p1\" data-video-url=\"false\" data-tags=\"Animowane\"><\/div>\n<\/div>\n<\/div>\n<\/section>\n<\/div>\n<\/div>\n<\/div>\n<\/div>\n<\/div>\n<\/section>\n<\/div>\n<div class=\"mbr-gallery-item mbr-gallery-item--p1\" data-video-url=\"false\" data-tags=\"Animowane\">\n<div data-slide-to=\"4\" data-bs-slide-to=\"4\" data-toggle=\"modal\" data-bs-toggle=\"modal\"><img decoding=\"async\" class=\"lazyload\" title=\"\" src=\"https:\/\/lonexcompany.com\/assets\/images\/com-g-5-1200x900-800x600.jpg\" alt=\"\" data-src=\"assets\/images\/com-g-5-1200x900-800x600.jpg\" \/><\/div>\n<\/div>\n<div class=\"mbr-gallery-item mbr-gallery-item--p1\" data-video-url=\"false\" data-tags=\"Niesamowite\">\n<div data-slide-to=\"5\" data-bs-slide-to=\"5\" data-toggle=\"modal\" data-bs-toggle=\"modal\"><img decoding=\"async\" class=\"lazyload\" title=\"\" src=\"https:\/\/lonexcompany.com\/assets\/images\/com-g-6-1200x900-800x600.jpg\" alt=\"\" data-src=\"assets\/images\/com-g-6-1200x900-800x600.jpg\" \/><\/div>\n<\/div>\n<div class=\"mbr-gallery-item mbr-gallery-item--p1\" data-video-url=\"false\" data-tags=\"Niesamowite\">\n<div data-slide-to=\"6\" data-bs-slide-to=\"6\" data-toggle=\"modal\" data-bs-toggle=\"modal\"><img decoding=\"async\" class=\"lazyload\" title=\"\" src=\"https:\/\/lonexcompany.com\/assets\/images\/com-g-7-1200x900-800x600.jpg\" alt=\"\" data-src=\"assets\/images\/com-g-7-1200x900-800x600.jpg\" \/><\/div>\n<\/div>\n<div class=\"mbr-gallery-item mbr-gallery-item--p1\" data-video-url=\"false\" data-tags=\"Animowane\">\n<div data-slide-to=\"7\" data-bs-slide-to=\"7\" data-toggle=\"modal\" data-bs-toggle=\"modal\"><img decoding=\"async\" class=\"lazyload\" title=\"\" src=\"https:\/\/lonexcompany.com\/assets\/images\/com-g-11-1200x900-800x600.jpg\" alt=\"\" data-src=\"assets\/images\/com-g-11-1200x900-800x600.jpg\" \/><\/div>\n<\/div>\n<div class=\"mbr-gallery-item mbr-gallery-item--p1\" data-video-url=\"false\" data-tags=\"Animowane\">\n<div data-slide-to=\"8\" data-bs-slide-to=\"8\" data-toggle=\"modal\" data-bs-toggle=\"modal\"><img decoding=\"async\" class=\"lazyload\" title=\"\" src=\"https:\/\/lonexcompany.com\/assets\/images\/com-g-13-1200x900-800x600.jpg\" alt=\"\" data-src=\"assets\/images\/com-g-13-1200x900-800x600.jpg\" \/><\/div>\n<\/div>\n<div class=\"mbr-gallery-item mbr-gallery-item--p1\" data-video-url=\"false\" data-tags=\"Animowane\">\n<div data-slide-to=\"9\" data-bs-slide-to=\"9\" data-toggle=\"modal\" data-bs-toggle=\"modal\"><img decoding=\"async\" class=\"lazyload\" title=\"\" src=\"https:\/\/lonexcompany.com\/assets\/images\/com-g-14-1200x900-800x600.jpg\" alt=\"\" data-src=\"assets\/images\/com-g-14-1200x900-800x600.jpg\" \/><\/div>\n<\/div>\n<div class=\"mbr-gallery-item mbr-gallery-item--p1\" data-video-url=\"false\" data-tags=\"Animowane\">\n<div data-slide-to=\"10\" data-bs-slide-to=\"10\" data-toggle=\"modal\" data-bs-toggle=\"modal\"><img decoding=\"async\" class=\"lazyload\" title=\"\" src=\"https:\/\/lonexcompany.com\/assets\/images\/com-g-16-1200x900-800x600.jpg\" alt=\"\" data-src=\"assets\/images\/com-g-16-1200x900-800x600.jpg\" \/><\/div>\n<\/div>\n<div class=\"mbr-gallery-item mbr-gallery-item--p1\" data-video-url=\"false\" data-tags=\"Animowane\">\n<div data-slide-to=\"11\" data-bs-slide-to=\"11\" data-toggle=\"modal\" data-bs-toggle=\"modal\"><img decoding=\"async\" class=\"lazyload\" title=\"\" src=\"https:\/\/lonexcompany.com\/assets\/images\/com-g-17-1200x900-800x600.jpg\" alt=\"\" data-src=\"assets\/images\/com-g-17-1200x900-800x600.jpg\" \/><\/div>\n<\/div>\n<\/div>","protected":false},"excerpt":{"rendered":"<p>Lonex GALAXY \u2013 tai naujausi\u0173 sprendim\u0173 derinys su auk\u0161\u010diausios kokyb\u0117s audiniais ir meistri\u0161kumu, d\u0117mesiu kiekvienai smulkmenai.<\/p>","protected":false},"featured_media":10735,"template":"","meta":[],"product_cat":[219],"product_tag":[],"acf":[],"_links":{"self":[{"href":"https:\/\/lonexvezimeliai.eu\/en\/wp-json\/wp\/v2\/product\/10734"}],"collection":[{"href":"https:\/\/lonexvezimeliai.eu\/en\/wp-json\/wp\/v2\/product"}],"about":[{"href":"https:\/\/lonexvezimeliai.eu\/en\/wp-json\/wp\/v2\/types\/product"}],"wp:featuredmedia":[{"embeddable":true,"href":"https:\/\/lonexvezimeliai.eu\/en\/wp-json\/wp\/v2\/media\/10735"}],"wp:attachment":[{"href":"https:\/\/lonexvezimeliai.eu\/en\/wp-json\/wp\/v2\/media?parent=10734"}],"wp:term":[{"taxonomy":"product_cat","embeddable":true,"href":"https:\/\/lonexvezimeliai.eu\/en\/wp-json\/wp\/v2\/product_cat?post=10734"},{"taxonomy":"product_tag","embeddable":true,"href":"https:\/\/lonexvezimeliai.eu\/en\/wp-json\/wp\/v2\/product_tag?post=10734"}],"curies":[{"name":"wp","href":"https:\/\/api.w.org\/{rel}","templated":true}]}}