{"id":10723,"date":"2023-03-13T19:56:16","date_gmt":"2023-03-13T19:56:16","guid":{"rendered":"https:\/\/lonexvezimeliai.eu\/?product=wozek-dzieciecy-lonex-retro-garden"},"modified":"2025-05-12T14:38:57","modified_gmt":"2025-05-12T14:38:57","slug":"wozek-dzieciecy-lonex-retro-garden","status":"publish","type":"product","link":"https:\/\/lonexvezimeliai.eu\/en\/product\/wozek-dzieciecy-lonex-retro-garden\/","title":{"rendered":"Vaiki\u0161kas ve\u017eim\u0117lis Lonex RETRO GARDEN 1in1"},"content":{"rendered":"<p>LONEX RETRO GARDEN yra j\u016bs\u0173 svajoni\u0173 ve\u017eim\u0117lis.<\/p>\n<p>LONEX\u00a0RETRO GARDEN yra m\u016bs\u0173 atsakymas \u012f j\u016bs\u0173 poreikius.<\/p>\n<p>Ve\u017eim\u0117lis pagrindin\u0117s \u201e1-in-1\u201c versijos u\u017e prieinam\u0105 kain\u0105.<\/p>\n<p>Unikalus ra\u0161tas ir ka\u017ekas, kas neleid\u017eia nuo jo neatitraukti aki\u0173&#8230;<\/p>\n<p>Su LONEX GARDEN ve\u017eim\u0117liu<\/p>\n<p>\u017eodis RETRO \u012fgavo nauj\u0105 reik\u0161m\u0119<\/p>\n<p>&#8211; pristatome klasik\u0105 modernia versija:<\/p>\n<p>2in1 KOMPLEKT\u0104 \u012eEINA AUTO K\u0116DUT\u0116<\/p>\n<p style=\"text-align: center;\"><span style=\"font-family: verdana, geneva, sans-serif; font-size: 24pt;\"><strong>Lonex RETRO GARDEN<\/strong>.<\/span><\/p>\n<div class=\"opis\">\n<div class=\"opis_f2\" style=\"text-align: center;\">\n<section id=\"extContent2-fi\" class=\"mbr-section ext\u0421ontent cid-sgpzTsO1It\">\n<div class=\"container\">\n<div class=\"title col-12 col-md-12\">\n<p>Nesenstantis\u00a0dizainas<\/p>\n<p>Auk\u0161\u010diausios kokyb\u0117s apsaugin\u0117 medviln\u0117<br \/>\nprie\u0161 dr\u0117gm\u0117s susilaikym\u0105<\/p>\n<p>\u012ed\u0117klas, u\u017etikrinantis oro cirkuliacij\u0105, bei \u0161velnus j\u016bs\u0173 k\u016bdikiui<\/p>\n<\/div>\n<\/div>\n<\/section>\n<section id=\"image1-fj\" class=\"cid-sgpzTt6m0S\">\n<figure class=\"mbr-figure container\">\n<div class=\"image-block\"><img decoding=\"async\" class=\"lazyload\" title=\"wersja spacerowa\" src=\"https:\/\/lonexcompany.com\/assets\/images\/gondola-pokrowiec-pl-1598x1177.jpg\" alt=\"w\u00f3zek dzieci\u0119cy PAX - baby pram\" width=\"1400\" data-src=\"assets\/images\/gondola-pokrowiec-pl-1598x1177.jpg\" \/><\/div>\n<\/figure>\n<\/section>\n<section id=\"article6-fk\" class=\"mbr-section article content1 cid-sgpzTto02y\">\n<div class=\"container\">\n<div class=\"media-container-row\">\n<div class=\"mbr-text col-12 col-md-8 mbr-fonts-style display-5\">\n<div>I\u0161matavimai<\/div>\n<div><\/div>\n<div><strong>ilgis82 cm<\/strong>, plotis <strong>36 cm<\/strong>, auk\u0161tis <strong>23 cm<\/strong><\/div>\n<div><\/div>\n<\/div>\n<\/div>\n<\/div>\n<\/section>\n<section id=\"image1-fl\" class=\"cid-sgpzTtAjez\">\n<figure class=\"mbr-figure container\">\n<div class=\"image-block\"><img decoding=\"async\" class=\"lazyload\" title=\"wersja spacerowa\" src=\"https:\/\/lonexcompany.com\/assets\/images\/wozek01-pl-1598x1177.jpg\" alt=\"w\u00f3zek dzieci\u0119cy PAX - baby pram\" width=\"1400\" data-src=\"assets\/images\/wozek01-pl-1598x1177.jpg\" \/><\/div>\n<\/figure>\n<\/section>\n<section id=\"features18-fm\" class=\"mbr-section features18 cid-sgpzTtOASe\">\n<div class=\"container-fluid\">\n<div class=\"row justify-content-center pt-5\">\n<div class=\"card px-3 py-4 col-12 col-md-6 col-lg-4\">\n<div class=\"card-wrapper\">\n<div class=\"card-img\"><img decoding=\"async\" class=\"lazyload\" title=\"pokrowiec na n\u00f3\u017cki\" src=\"https:\/\/lonexcompany.com\/assets\/images\/g-01-bok-wentylacja-835x557.jpg\" alt=\"w\u00f3zek dzieci\u0119cy PAX - baby pram\" data-src=\"assets\/images\/g-01-bok-wentylacja-835x557.jpg\" \/><\/div>\n<div class=\"card-box\">\n<p class=\"mbr-text mbr-fonts-style align-center mbr-white display-5\">pasl\u0117pta ventiliacija<\/p>\n<\/div>\n<\/div>\n<\/div>\n<div class=\"card px-3 py-4 col-12 col-md-6 col-lg-4\">\n<div class=\"card-wrapper\">\n<div class=\"card-img\"><img decoding=\"async\" class=\"lazyload\" title=\"przek\u0142adane siedzisko spacer\u00f3wki PAX\" src=\"https:\/\/lonexcompany.com\/assets\/images\/g-01-gondola-835x557.jpg\" alt=\"w\u00f3zek dzieci\u0119cy PAX - baby pram\" data-src=\"assets\/images\/g-01-gondola-835x557.jpg\" \/><\/div>\n<div class=\"card-box\">\n<p class=\"mbr-text mbr-fonts-style align-center mbr-white display-5\">Gondola pagaminta i\u0161 nat\u016brali\u0173, rankomis pint\u0173 vyteli\u0173<\/p>\n<\/div>\n<\/div>\n<\/div>\n<div class=\"card px-3 py-4 col-12 col-md-6 col-lg-4\">\n<div class=\"card-wrapper\">\n<div class=\"card-img\"><img decoding=\"async\" class=\"lazyload\" title=\"pozycja do spania PAX\" src=\"https:\/\/lonexcompany.com\/assets\/images\/g-01-rama-skladanie-835x557.jpg\" alt=\"w\u00f3zek dzieci\u0119cy PAX - baby pram\" data-src=\"assets\/images\/g-01-rama-skladanie-835x557.jpg\" \/><\/div>\n<div class=\"card-box\">\n<p class=\"mbr-text mbr-fonts-style align-center mbr-white display-5\">Sulankstomas r\u0117mas su apsauga<br \/>\nnuo atsirakinimo<\/p>\n<\/div>\n<\/div>\n<\/div>\n<\/div>\n<\/div>\n<\/section>\n<section id=\"image1-g4\" class=\"cid-sgq6gIAxW3\">\n<figure class=\"mbr-figure container\">\n<div class=\"image-block\"><img decoding=\"async\" class=\"lazyload\" title=\"wersja spacerowa\" src=\"https:\/\/lonexcompany.com\/assets\/images\/wozek02-pl-1598x1177.jpg\" alt=\"w\u00f3zek dzieci\u0119cy PAX - baby pram\" width=\"1400\" data-src=\"assets\/images\/wozek02-pl-1598x1177.jpg\" \/><\/div>\n<\/figure>\n<\/section>\n<section id=\"features18-fp\" class=\"mbr-section features18 cid-sgpzTv0rjc\">\n<div class=\"container-fluid\">\n<div class=\"row justify-content-center pt-5\">\n<div class=\"card px-3 py-4 col-12 col-md-6 col-lg-4\">\n<div class=\"card-wrapper\">\n<div class=\"card-img\"><img decoding=\"async\" class=\"lazyload\" title=\"pokrowiec na n\u00f3\u017cki\" src=\"https:\/\/lonexcompany.com\/assets\/images\/g-01-szczc-835x557.jpg\" alt=\"w\u00f3zek dzieci\u0119cy PAX - baby pram\" data-src=\"assets\/images\/g-01-szczc-835x557.jpg\" \/><\/div>\n<div class=\"card-box\">\n<p class=\"mbr-text mbr-fonts-style align-center mbr-white display-5\">Pagaminta atkreipiant d\u0117mes\u012f \u012f kiekvien\u0105 detal\u0119<br \/>\n<strong>Lonex Retro Garden<\/strong><\/p>\n<\/div>\n<\/div>\n<\/div>\n<div class=\"card px-3 py-4 col-12 col-md-6 col-lg-4\">\n<div class=\"card-wrapper\">\n<div class=\"card-img\"><img decoding=\"async\" class=\"lazyload\" title=\"przek\u0142adane siedzisko spacer\u00f3wki PAX\" src=\"https:\/\/lonexcompany.com\/assets\/images\/g-01-szczb-835x557.jpg\" alt=\"w\u00f3zek dzieci\u0119cy PAX - baby pram\" data-src=\"assets\/images\/g-01-szczb-835x557.jpg\" \/><\/div>\n<div class=\"card-box\">\n<p class=\"mbr-text mbr-fonts-style align-center mbr-white display-5\">Patogi sistema<br \/>\natkabinti\u00a0 lop\u0161\u012f<\/p>\n<\/div>\n<\/div>\n<\/div>\n<div class=\"card px-3 py-4 col-12 col-md-6 col-lg-4\">\n<div class=\"card-wrapper\">\n<div class=\"card-img\"><img decoding=\"async\" class=\"lazyload\" title=\"pozycja do spania PAX\" src=\"https:\/\/lonexcompany.com\/assets\/images\/g-01-szcze-835x557.jpg\" alt=\"w\u00f3zek dzieci\u0119cy PAX - baby pram\" data-src=\"assets\/images\/g-01-szcze-835x557.jpg\" \/><\/div>\n<div class=\"card-box\">\n<p class=\"mbr-text mbr-fonts-style align-center mbr-white display-5\">\u00a0rankena pagaminta i\u0161 auk\u0161tos kokyb\u0117s eko odos<\/p>\n<p>&nbsp;<\/p>\n<section id=\"features18-fv\" class=\"mbr-section features18 cid-sgpzTxodV8\">\n<div class=\"container-fluid\">\n<h2 class=\"mbr-section-title align-left mbr-fonts-style mbr-bold mbr-white display-1\">Komplekto aksesuarai<\/h2>\n<div class=\"row justify-content-center pt-5\">\n<div class=\"card px-3 py-4 col-12 col-md-6 col-lg-4\">\n<div class=\"card-wrapper\">\n<div class=\"card-img\"><img decoding=\"async\" class=\"lazyload\" title=\"pokrowiec na n\u00f3\u017cki\" src=\"https:\/\/lonexcompany.com\/assets\/images\/g-01-uchwyt-835x557.jpg\" alt=\"w\u00f3zek dzieci\u0119cy PAX - baby pram\" data-src=\"assets\/images\/g-01-uchwyt-835x557.jpg\" \/><\/div>\n<div class=\"card-box\">\n<p class=\"mbr-text mbr-fonts-style align-center mbr-white display-5\">Universalus laikiklis<br \/>\ng\u0117rimui<\/p>\n<\/div>\n<\/div>\n<\/div>\n<div class=\"card px-3 py-4 col-12 col-md-6 col-lg-4\">\n<div class=\"card-wrapper\">\n<div class=\"card-img\"><img decoding=\"async\" class=\"lazyload\" title=\"przek\u0142adane siedzisko spacer\u00f3wki PAX\" src=\"https:\/\/lonexcompany.com\/assets\/images\/g-01-torba-835x557.jpg\" alt=\"w\u00f3zek dzieci\u0119cy PAX - baby pram\" data-src=\"assets\/images\/g-01-torba-835x557.jpg\" \/><\/div>\n<div class=\"card-box\">\n<p class=\"mbr-text mbr-fonts-style align-center mbr-white display-5\">Moderni ir talpi rankin\u0117<br \/>\nsu u\u017etrauktuku<\/p>\n<\/div>\n<\/div>\n<\/div>\n<div class=\"card px-3 py-4 col-12 col-md-6 col-lg-4\">\n<div class=\"card-wrapper\">\n<div class=\"card-img\"><img decoding=\"async\" class=\"lazyload\" title=\"pozycja do spania PAX\" src=\"https:\/\/lonexcompany.com\/assets\/images\/g-01-szczd-569x380.jpg\" alt=\"w\u00f3zek dzieci\u0119cy PAX - baby pram\" data-src=\"assets\/images\/g-01-szczd-569x380.jpg\" \/><\/div>\n<div class=\"card-box\">\n<p class=\"mbr-text mbr-fonts-style align-center mbr-white display-5\">Erdvi u\u017edara daiktad\u0117\u017e\u0117<\/p>\n<\/div>\n<\/div>\n<\/div>\n<\/div>\n<\/div>\n<\/section>\n<section id=\"image1-hn\" class=\"cid-smmWgOAv51\">\n<figure class=\"mbr-figure container\">\n<div class=\"image-block\"><a class=\"\" href=\"https:\/\/www.youtube.com\/watch?v=V7MLdPUdVvI\" target=\"_blank\" rel=\"noopener\"><img decoding=\"async\" class=\"lazyload\" title=\"\" src=\"https:\/\/lonexcompany.com\/assets\/images\/logo-yt-620x272.jpg\" alt=\"YT\" width=\"1400\" data-src=\"assets\/images\/logo-yt-620x272.jpg\" \/><\/a><\/div>\n<\/figure>\n<\/section>\n<section id=\"features18-fw\" class=\"mbr-section features18 cid-sgpzTxTbqg\">\n<div class=\"container-fluid\">\n<h2 class=\"mbr-section-title align-left mbr-fonts-style mbr-bold mbr-white display-1\">I\u0161matavimai ir svoris<\/h2>\n<div class=\"row justify-content-center pt-5\">\n<div class=\"card px-3 py-4 col-12 col-md-6 col-lg-4\">\n<div class=\"card-wrapper\">\n<div class=\"card-img\"><img decoding=\"async\" class=\"lazyload\" title=\"pokrowiec na n\u00f3\u017cki\" src=\"https:\/\/lonexcompany.com\/assets\/images\/garden-wymiary-1-835x626.jpg\" alt=\"w\u00f3zek dzieci\u0119cy retro garden\" data-src=\"assets\/images\/garden-wymiary-1-835x626.jpg\" \/><\/div>\n<\/div>\n<\/div>\n<div class=\"card px-3 py-4 col-12 col-md-6 col-lg-4\">\n<div class=\"card-wrapper\">\n<div class=\"card-img\"><img decoding=\"async\" class=\"lazyload\" title=\"przek\u0142adane siedzisko spacer\u00f3wki PAX\" src=\"https:\/\/lonexcompany.com\/assets\/images\/garden-wymiary-3-835x626.jpg\" alt=\"w\u00f3zek dzieci\u0119cy retro garden\" data-src=\"assets\/images\/garden-wymiary-3-835x626.jpg\" \/><\/div>\n<\/div>\n<\/div>\n<\/div>\n<\/div>\n<\/section>\n<section id=\"features18-fx\" class=\"mbr-section features18 cid-sgpzTytDxW\">\n<div class=\"container-fluid\">\n<div class=\"row justify-content-center pt-5\">\n<div class=\"card px-3 py-4 col-12 col-md-6 col-lg-4\">\n<div class=\"card-wrapper\">\n<div class=\"card-img\"><img decoding=\"async\" class=\"lazyload\" title=\"pokrowiec na n\u00f3\u017cki\" src=\"https:\/\/lonexcompany.com\/assets\/images\/garden-wymiary-2-835x626.jpg\" alt=\"w\u00f3zek dzieci\u0119cy retro garden\" data-src=\"assets\/images\/garden-wymiary-2-835x626.jpg\" \/><\/div>\n<\/div>\n<\/div>\n<\/div>\n<\/div>\n<\/section>\n<section id=\"extGallery2-g1\" class=\"mbr-gallery mbr-slider-carousel extGallery cid-sgpzTzQfQq\">\n<div class=\"container\">\n<div class=\"row justify-content-center\">\n<div class=\"col-sm-10\">\n<h2 class=\"mbr-section-title mbr-fonts-style align-center display-1\">Kolekcija <strong>GARDEN<\/strong><\/h2>\n<h3 class=\"mbr-section-subtitle mbr-light mbr-fonts-style pt-3 align-center display-2\">I\u0161sirinkite spalv\u0105<\/h3>\n<\/div>\n<\/div>\n<\/div>\n<div>\n<div class=\"pt-5\">\n<div class=\"mbr-gallery-row\">\n<div class=\"mbr-gallery-layout-default\">\n<div>\n<div>\n<div class=\"mbr-gallery-item mbr-gallery-item--p1\" data-video-url=\"false\" data-tags=\"Niesamowite\">\n<div data-slide-to=\"0\" data-bs-slide-to=\"0\" data-toggle=\"modal\" data-bs-toggle=\"modal\"><img decoding=\"async\" class=\"lazyload\" title=\"kolor 01 silver dust\" src=\"https:\/\/lonexcompany.com\/assets\/images\/g-01-rose-2000x1335-800x534.jpg\" alt=\"w\u00f3zek dzieci\u0119cy retro garden\" data-src=\"assets\/images\/g-01-rose-2000x1335-800x534.jpg\" \/><\/div>\n<\/div>\n<div class=\"mbr-gallery-item mbr-gallery-item--p1\" data-video-url=\"false\" data-tags=\"Niesamowite\">\n<div data-slide-to=\"1\" data-bs-slide-to=\"1\" data-toggle=\"modal\" data-bs-toggle=\"modal\"><img decoding=\"async\" class=\"lazyload\" title=\"kolor 02 waves\" src=\"https:\/\/lonexcompany.com\/assets\/images\/g-02-light-2000x1335-800x534.jpg\" alt=\"w\u00f3zek dzieci\u0119cy Retro Garden\" data-src=\"assets\/images\/g-02-light-2000x1335-800x534.jpg\" \/><\/div>\n<\/div>\n<div class=\"mbr-gallery-item mbr-gallery-item--p1\" data-video-url=\"false\" data-tags=\"Niesamowite\">\n<div data-slide-to=\"2\" data-bs-slide-to=\"2\" data-toggle=\"modal\" data-bs-toggle=\"modal\"><img decoding=\"async\" class=\"lazyload\" title=\"kolor 03 black pearl\" src=\"https:\/\/lonexcompany.com\/assets\/images\/g-03-dark-2000x1335-800x534.jpg\" alt=\"w\u00f3zek dzieci\u0119cy retro garden\" data-src=\"assets\/images\/g-03-dark-2000x1335-800x534.jpg\" \/><\/div>\n<\/div>\n<div class=\"mbr-gallery-item mbr-gallery-item--p1\" data-video-url=\"false\" data-tags=\"Niesamowite\">\n<div data-slide-to=\"3\" data-bs-slide-to=\"3\" data-toggle=\"modal\" data-bs-toggle=\"modal\"><img decoding=\"async\" class=\"lazyload\" title=\"kolor 03 fusion\" src=\"https:\/\/lonexcompany.com\/assets\/images\/g-04-dash-2000x1335-800x534.jpg\" alt=\"w\u00f3zek dzieci\u0119cy retro garden\" data-src=\"assets\/images\/g-04-dash-2000x1335-800x534.jpg\" \/><\/div>\n<\/div>\n<div class=\"mbr-gallery-item mbr-gallery-item--p1\" data-video-url=\"false\" data-tags=\"Niesamowite\">\n<div data-slide-to=\"4\" data-bs-slide-to=\"4\" data-toggle=\"modal\" data-bs-toggle=\"modal\"><img decoding=\"async\" class=\"lazyload\" title=\"\" src=\"https:\/\/lonexcompany.com\/assets\/images\/g-05-silver-2000x1335-800x534.jpg\" alt=\"w\u00f3zek dzieci\u0119cy retro garden\" data-src=\"assets\/images\/g-05-silver-2000x1335-800x534.jpg\" \/><\/div>\n<\/div>\n<\/div>\n<\/div>\n<\/div>\n<\/div>\n<\/div>\n<\/div>\n<\/section>\n<\/div>\n<\/div>\n<\/div>\n<\/div>\n<\/div>\n<\/section>\n<\/div>\n<div><\/div>\n<\/div>","protected":false},"excerpt":{"rendered":"<p>LONEX RETRO GARDEN ve\u017eim\u0117lis yra modernus retro versijoje,ekologi\u0161kas.<\/p>","protected":false},"featured_media":10724,"template":"","meta":[],"product_cat":[220],"product_tag":[],"acf":[],"_links":{"self":[{"href":"https:\/\/lonexvezimeliai.eu\/en\/wp-json\/wp\/v2\/product\/10723"}],"collection":[{"href":"https:\/\/lonexvezimeliai.eu\/en\/wp-json\/wp\/v2\/product"}],"about":[{"href":"https:\/\/lonexvezimeliai.eu\/en\/wp-json\/wp\/v2\/types\/product"}],"wp:featuredmedia":[{"embeddable":true,"href":"https:\/\/lonexvezimeliai.eu\/en\/wp-json\/wp\/v2\/media\/10724"}],"wp:attachment":[{"href":"https:\/\/lonexvezimeliai.eu\/en\/wp-json\/wp\/v2\/media?parent=10723"}],"wp:term":[{"taxonomy":"product_cat","embeddable":true,"href":"https:\/\/lonexvezimeliai.eu\/en\/wp-json\/wp\/v2\/product_cat?post=10723"},{"taxonomy":"product_tag","embeddable":true,"href":"https:\/\/lonexvezimeliai.eu\/en\/wp-json\/wp\/v2\/product_tag?post=10723"}],"curies":[{"name":"wp","href":"https:\/\/api.w.org\/{rel}","templated":true}]}}