{"id":10701,"date":"2023-03-13T19:54:21","date_gmt":"2023-03-13T19:54:21","guid":{"rendered":"https:\/\/lonexvezimeliai.eu\/?product=wozek-dzieciecy-lonex-pax-rose"},"modified":"2023-04-01T08:38:34","modified_gmt":"2023-04-01T08:38:34","slug":"wozek-dzieciecy-lonex-pax-rose","status":"publish","type":"product","link":"https:\/\/lonexvezimeliai.eu\/en\/product\/wozek-dzieciecy-lonex-pax-rose\/","title":{"rendered":"Stroller Lonex PAX ROSE 2in1 and 3in1"},"content":{"rendered":"<p style=\"text-align: center;\"><span class=\"HwtZe\" lang=\"lt\"><span class=\"jCAhz ChMk0b\"><span class=\"ryNqvb\">\u012esivaizduokite ve\u017eim\u0117l\u012f, kuris patraukia d\u0117mes\u012f&#8230; d\u017eiugina savo patogumu.<\/span><\/span> <span class=\"jCAhz ChMk0b\"><span class=\"ryNqvb\">Jums nebereikia ie\u0161koti. Lonex PAX ROSE yra j\u016bs\u0173 svajoni\u0173 ve\u017eim\u0117lis.<\/span><\/span> <span class=\"jCAhz ChMk0b\"><span class=\"ryNqvb\">Unikalus ra\u0161tas, unikalus funkcionalumas ir \u0161tai kas<\/span><\/span> .<span class=\"jCAhz ChMk0b\"><span class=\"ryNqvb\">Negaliu nuo jo atitraukti aki\u0173&#8230;..<\/span><\/span> <span class=\"jCAhz ChMk0b\"><span class=\"ryNqvb\">\u012esitikinkite ir su\u017einokite apie jo galimybes&#8230; pateisinkite savo l\u016bkes\u010dius<\/span><\/span><\/span><\/p>\n<div class=\"opis\">\n<div class=\"opis_a1\" style=\"text-align: center;\">\n<h2 class=\"align-center mbr-fonts-style pb-5 display-1\">Patogus Lop\u0161ys<\/h2>\n<\/div>\n<div class=\"opis_f2\" style=\"text-align: center;\">\n<section id=\"extContent2-en\" class=\"mbr-section ext\u0421ontent cid-sctvuroWgM\">\n<div class=\"container\">\n<div class=\"media-container-row mt-4\">\n<div class=\"article article-right-border mb-4 col-sm-12 col-md-6\">\n<p class=\"mbr-text-left align-right mbr-fonts-style display-5\"><span class=\"HwtZe\" lang=\"lt\"><span class=\"jCAhz ChMk0b\"><span class=\"ryNqvb\">Auk\u0161\u010diausios kokyb\u0117s\u00a0 medviln\u0117<\/span><\/span> neleis kauptis dr\u0117gmei<span class=\"jCAhz ChMk0b\"><span class=\"ryNqvb\"><br \/>\n<\/span><\/span><\/span><\/p>\n<\/div>\n<div class=\"article mb-4 col-sm-12 col-md-6\">\n<p class=\"mbr-text-right mbr-fonts-style align-left display-5\"><span class=\"HwtZe\" lang=\"lt\"><span class=\"jCAhz ChMk0b\"><span class=\"ryNqvb\">\u012ed\u0117klas, u\u017etikrinantis oro cirkuliacij,\u0161velnus j\u016bs\u0173 k\u016bdikiui<\/span><\/span><\/span><\/p>\n<\/div>\n<\/div>\n<\/div>\n<\/section>\n<section id=\"image1-eo\" class=\"cid-sctvurS8wl\">\n<figure class=\"mbr-figure container\">\n<div class=\"image-block\"><img decoding=\"async\" class=\"lazyload\" title=\"wersja spacerowa\" src=\"https:\/\/lonexcompany.com\/assets\/images\/pax-rose-gondola-1598x1177.jpg\" alt=\"w\u00f3zek dzieci\u0119cy PAX - baby pram\" width=\"1400\" data-src=\"assets\/images\/pax-rose-gondola-1598x1177.jpg\" \/><\/div>\n<\/figure>\n<\/section>\n<section id=\"article6-ep\" class=\"mbr-section article content1 cid-sctvusjvEV\">\n<div class=\"container\">\n<div class=\"media-container-row\">\n<div class=\"mbr-text col-12 col-md-8 mbr-fonts-style display-5\">\n<div>I\u0161matavimai<\/div>\n<div><\/div>\n<div>vindinis ilgis <strong>78 cm<\/strong>, plotis <strong>38 cm<\/strong>, auk\u0161tis <strong>20 cm<\/strong><\/div>\n<div><\/div>\n<\/div>\n<\/div>\n<\/div>\n<\/section>\n<section id=\"image1-eq\" class=\"cid-sctvusB4v2\">\n<figure class=\"mbr-figure container\">\n<div class=\"image-block\"><img decoding=\"async\" class=\"lazyload\" title=\"wersja spacerowa\" src=\"https:\/\/lonexcompany.com\/assets\/images\/pax-rose-1598x1177.jpg\" alt=\"w\u00f3zek dzieci\u0119cy PAX - baby pram\" width=\"1400\" data-src=\"assets\/images\/pax-rose-1598x1177.jpg\" \/><\/div>\n<\/figure>\n<\/section>\n<section id=\"features18-er\" class=\"mbr-section features18 cid-sctvut1Bt4\">\n<div class=\"container-fluid\">\n<div class=\"row justify-content-center pt-5\">\n<div class=\"card px-3 py-4 col-12 col-md-6 col-lg-4\">\n<div class=\"card-wrapper\">\n<div class=\"card-img\"><img decoding=\"async\" class=\"lazyload\" title=\"pokrowiec na n\u00f3\u017cki\" src=\"https:\/\/lonexcompany.com\/assets\/images\/pax-rose-moskitiera-880x587.jpg\" alt=\"w\u00f3zek dzieci\u0119cy PAX - baby pram\" data-src=\"assets\/images\/pax-rose-moskitiera-880x587.jpg\" \/><\/div>\n<div class=\"card-box\">\n<p class=\"mbr-text mbr-fonts-style align-center mbr-white display-5\"><span class=\"HwtZe\" lang=\"lt\"><span class=\"jCAhz ChMk0b\"><span class=\"ryNqvb\">Puikiai suderintas<\/span><\/span> <span class=\"jCAhz ChMk0b\"><span class=\"ryNqvb\">i\u0161traukiamas tinklelis nuo uod\u0173<\/span><\/span> <span class=\"jCAhz ChMk0b\"><span class=\"ryNqvb\">prie\u0161ais gondol\u0105<\/span><\/span><\/span><\/p>\n<\/div>\n<\/div>\n<\/div>\n<div class=\"card px-3 py-4 col-12 col-md-6 col-lg-4\">\n<div class=\"card-wrapper\">\n<div class=\"card-img\"><img decoding=\"async\" class=\"lazyload\" title=\"przek\u0142adane siedzisko spacer\u00f3wki PAX\" src=\"https:\/\/lonexcompany.com\/assets\/images\/pax-rose-wentylacja-gondoli-880x587.jpg\" alt=\"w\u00f3zek dzieci\u0119cy PAX - baby pram\" data-src=\"assets\/images\/pax-rose-wentylacja-gondoli-880x587.jpg\" \/><\/div>\n<div class=\"card-box\">\n<p class=\"mbr-text mbr-fonts-style align-center mbr-white display-5\"><span class=\"HwtZe\" lang=\"lt\"><span class=\"jCAhz ChMk0b\"><span class=\"ryNqvb\">Papildoma ventiliacija <\/span><\/span><span class=\"jCAhz ChMk0b\"><span class=\"ryNqvb\">u\u017etikrina maksimali\u0105 oro cirkuliacij\u0105<\/span><\/span><\/span><\/p>\n<\/div>\n<\/div>\n<\/div>\n<div class=\"card px-3 py-4 col-12 col-md-6 col-lg-4\">\n<div class=\"card-wrapper\">\n<div class=\"card-img\"><img decoding=\"async\" class=\"lazyload\" title=\"pozycja do spania PAX\" src=\"https:\/\/lonexcompany.com\/assets\/images\/pax-rose-rama-skladanie-880x587.jpg\" alt=\"w\u00f3zek dzieci\u0119cy PAX - baby pram\" data-src=\"assets\/images\/pax-rose-rama-skladanie-880x587.jpg\" \/><\/div>\n<div class=\"card-box\">\n<p class=\"mbr-text mbr-fonts-style align-center mbr-white display-5\"><span class=\"HwtZe\" lang=\"lt\"><span class=\"jCAhz ChMk0b\"><span class=\"ryNqvb\">Kompakti\u0161kai sulankstomas<\/span><\/span> <span class=\"jCAhz ChMk0b\"><span class=\"ryNqvb\">r\u0117mas su apsauga<\/span><\/span> <span class=\"jCAhz ChMk0b\"><span class=\"ryNqvb\">prie\u0161 i\u0161siskleid\u017eiant<\/span><\/span><\/span><\/p>\n<\/div>\n<\/div>\n<\/div>\n<\/div>\n<\/div>\n<\/section>\n<section id=\"extContent2-es\" class=\"mbr-section ext\u0421ontent cid-sctvuu3u0u\">\n<div class=\"container\">\n<div class=\"title col-12 col-md-12\">\n<h2 class=\"align-center mbr-fonts-style pb-5 display-1\">Lengvas pasivaik\u0161\u010diojimas<\/h2>\n<\/div>\n<div class=\"media-container-row mt-4\">\n<div class=\"article article-right-border mb-4 col-sm-12 col-md-6\">\n<p class=\"mbr-text-left align-right mbr-fonts-style display-5\"><span class=\"HwtZe\" lang=\"lt\"><span class=\"jCAhz ChMk0b\"><span class=\"ryNqvb\">I\u0161imamas, \u0161velnus <\/span><\/span><span class=\"jCAhz ChMk0b\"><span class=\"ryNqvb\">vidpadis<br \/>\n<\/span><\/span><\/span><\/p>\n<\/div>\n<div class=\"article mb-4 col-sm-12 col-md-6\">\n<p class=\"mbr-text-right mbr-fonts-style align-left display-5\"><span class=\"HwtZe\" lang=\"lt\"><span class=\"jCAhz ChMk0b\"><span class=\"ryNqvb\">Gilus stogelis, apsaugantis nuo UV spinduli\u0173<\/span><\/span><\/span><\/p>\n<\/div>\n<\/div>\n<\/div>\n<\/section>\n<section id=\"image1-et\" class=\"cid-sctvuuE4oN\">\n<figure class=\"mbr-figure container\">\n<div class=\"image-block\"><img decoding=\"async\" class=\"lazyload\" title=\"wersja spacerowa\" src=\"https:\/\/lonexcompany.com\/assets\/images\/pax-rose-spacerowka-1598x1177.jpg\" alt=\"w\u00f3zek dzieci\u0119cy PAX - baby pram\" width=\"1400\" data-src=\"assets\/images\/pax-rose-spacerowka-1598x1177.jpg\" \/><\/div>\n<\/figure>\n<\/section>\n<section id=\"features18-eu\" class=\"mbr-section features18 cid-sctvuvcNEb\">\n<div class=\"container-fluid\">\n<div class=\"row justify-content-center pt-5\">\n<div class=\"card px-3 py-4 col-12 col-md-6 col-lg-4\">\n<div class=\"card-wrapper\">\n<div class=\"card-img\"><img decoding=\"async\" class=\"lazyload\" title=\"pokrowiec na n\u00f3\u017cki\" src=\"https:\/\/lonexcompany.com\/assets\/images\/pax-rose-spacerowka-d-880x587.jpg\" alt=\"w\u00f3zek dzieci\u0119cy PAX - baby pram\" data-src=\"assets\/images\/pax-rose-spacerowka-d-880x587.jpg\" \/><\/div>\n<div class=\"card-box\">\n<p class=\"mbr-text mbr-fonts-style align-center mbr-white display-5\"><span class=\"HwtZe\" lang=\"lt\"><span class=\"jCAhz ChMk0b\"><span class=\"ryNqvb\">\u0160iltas u\u017evalkalas, dengiantis kojas<\/span><\/span> <span class=\"jCAhz ChMk0b\"><span class=\"ryNqvb\">pagamintas i\u0161 auk\u0161tos kokyb\u0117s eko odos<\/span><\/span><\/span><\/p>\n<\/div>\n<\/div>\n<\/div>\n<div class=\"card px-3 py-4 col-12 col-md-6 col-lg-4\">\n<div class=\"card-wrapper\">\n<div class=\"card-img\"><img decoding=\"async\" class=\"lazyload\" title=\"przek\u0142adane siedzisko spacer\u00f3wki PAX\" src=\"https:\/\/lonexcompany.com\/assets\/images\/pax-rose-spacerowka-przekladane-sedzisko-880x587.jpg\" alt=\"w\u00f3zek dzieci\u0119cy PAX - baby pram\" data-src=\"assets\/images\/pax-rose-spacerowka-przekladane-sedzisko-880x587.jpg\" \/><\/div>\n<div class=\"card-box\">\n<p class=\"mbr-text mbr-fonts-style align-center mbr-white display-5\"><span class=\"HwtZe\" lang=\"lt\"><span class=\"jCAhz ChMk0b\"><span class=\"ryNqvb\">Momentin\u0117 sistema<\/span><\/span>\u00a0<span class=\"jCAhz ChMk0b\"><span class=\"ryNqvb\"> priekis\/gala<\/span><\/span><\/span><\/p>\n<\/div>\n<\/div>\n<\/div>\n<div class=\"card px-3 py-4 col-12 col-md-6 col-lg-4\">\n<div class=\"card-wrapper\">\n<div class=\"card-img\"><img decoding=\"async\" class=\"lazyload\" title=\"pozycja do spania PAX\" src=\"https:\/\/lonexcompany.com\/assets\/images\/pax-rose-spacerowka-b-880x587.jpg\" alt=\"w\u00f3zek dzieci\u0119cy PAX - baby pram\" data-src=\"assets\/images\/pax-rose-spacerowka-b-880x587.jpg\" \/><\/div>\n<div class=\"card-box\">\n<p class=\"mbr-text mbr-fonts-style align-center mbr-white display-5\">I\u0161sitiesia patogiam miegojimui<\/p>\n<\/div>\n<\/div>\n<\/div>\n<\/div>\n<\/div>\n<\/section>\n<section id=\"extContent2-ev\" class=\"mbr-section ext\u0421ontent cid-sctvuwizV6\">\n<div class=\"container\">\n<div class=\"title col-12 col-md-12\">\n<h2 class=\"align-center mbr-fonts-style pb-5 display-1\">Saugi k\u0117dut\u0117(2in1 ne\u012feina)<\/h2>\n<\/div>\n<div class=\"media-container-row mt-4\">\n<div class=\"article article-right-border mb-4 col-sm-12 col-md-6\">\n<p class=\"mbr-text-left align-right mbr-fonts-style display-5\"><span class=\"HwtZe\" lang=\"lt\"><span class=\"jCAhz ChMk0b\"><span class=\"ryNqvb\">Kite+ \u2013 tai k\u0117dut\u0117, u\u017etikrinanti maksimal\u0173 saugum\u0105 nuo pirm\u0173j\u0173 vaiko gyvenimo dien\u0173<\/span><\/span><\/span><\/p>\n<\/div>\n<div class=\"article mb-4 col-sm-12 col-md-6\">\n<p class=\"mbr-text-right mbr-fonts-style align-left display-5\"><span class=\"HwtZe\" lang=\"lt\"><span class=\"jCAhz ChMk0b\"><span class=\"ryNqvb\">2 montavimo tipai: tvirtinimas prie ISOFIX pagrindo (parinktis keturi viename pagrinde u\u017e papildom\u0105 mokest\u012f) arba automobilio dir\u017e\u0173<\/span><\/span><\/span><\/p>\n<\/div>\n<\/div>\n<\/div>\n<\/section>\n<section id=\"image1-ew\" class=\"cid-sctvuwM1uj\">\n<figure class=\"mbr-figure container\">\n<div class=\"image-block\"><img decoding=\"async\" class=\"lazyload\" title=\"wersja spacerowa\" src=\"https:\/\/lonexcompany.com\/assets\/images\/pax-rose-fotlik-kite-1598x1177.jpg\" alt=\"w\u00f3zek dzieci\u0119cy PAX - baby pram\" width=\"1400\" data-src=\"assets\/images\/pax-rose-fotlik-kite-1598x1177.jpg\" \/><\/div>\n<\/figure>\n<\/section>\n<section id=\"features18-ex\" class=\"mbr-section features18 cid-sctvuxfJft\">\n<div class=\"container-fluid\">\n<div class=\"row justify-content-center pt-5\">\n<div class=\"card px-3 py-4 col-12 col-md-6 col-lg-4\">\n<div class=\"card-wrapper\">\n<div class=\"card-img\"><img decoding=\"async\" class=\"lazyload\" title=\"pokrowiec na n\u00f3\u017cki\" src=\"https:\/\/lonexcompany.com\/assets\/images\/pax-rose-fotelik-a-880x587.jpg\" alt=\"w\u00f3zek dzieci\u0119cy PAX - baby pram\" data-src=\"assets\/images\/pax-rose-fotelik-a-880x587.jpg\" \/><\/div>\n<div class=\"card-box\">\n<p class=\"mbr-text mbr-fonts-style align-center mbr-white display-5\"><span class=\"HwtZe\" lang=\"lt\"><span class=\"jCAhz ChMk0b\"><span class=\"ryNqvb\">Komplekte stogelis<\/span><\/span><span class=\"jCAhz ChMk0b\"><span class=\"ryNqvb\"> ir \u0161iltas koj\u0173 apdangalas<\/span><\/span><\/span><\/p>\n<\/div>\n<\/div>\n<\/div>\n<div class=\"card px-3 py-4 col-12 col-md-6 col-lg-4\">\n<div class=\"card-wrapper\">\n<div class=\"card-img\"><img decoding=\"async\" class=\"lazyload\" title=\"przek\u0142adane siedzisko spacer\u00f3wki PAX\" src=\"https:\/\/lonexcompany.com\/assets\/images\/pax-rose-fotelik-c-880x587.jpg\" alt=\"w\u00f3zek dzieci\u0119cy PAX - baby pram\" data-src=\"assets\/images\/pax-rose-fotelik-c-880x587.jpg\" \/><\/div>\n<div class=\"card-box\">\n<p class=\"mbr-text mbr-fonts-style align-center mbr-white display-5\"><span class=\"HwtZe\" lang=\"lt\"><span class=\"jCAhz ChMk0b\"><span class=\"ryNqvb\">Prijungiami adapteriai<\/span><\/span> <span class=\"jCAhz ChMk0b\"><span class=\"ryNqvb\">Standartin\u0117 r\u0117mo s\u0117dyn\u0117<\/span><\/span><\/span><\/p>\n<\/div>\n<\/div>\n<\/div>\n<\/div>\n<\/div>\n<\/section>\n<section id=\"extContent2-fb\" class=\"mbr-section ext\u0421ontent cid-scRc5Q4pLk\">\n<div class=\"container\">\n<div class=\"title col-12 col-md-12\">\n<h2 class=\"align-center mbr-fonts-style pb-5 display-1\">Aksesuarai komplekte<\/h2>\n<\/div>\n<div class=\"media-container-row mt-4\">\n<div class=\"article article-right-border mb-4 col-sm-12 col-md-6\">\n<p class=\"mbr-text-left align-right mbr-fonts-style display-5\"><span class=\"HwtZe\" lang=\"lt\"><span class=\"jCAhz ChMk0b\"><span class=\"ryNqvb\">Erdvus pirkini\u0173 krep\u0161elis<\/span><\/span><\/span><\/p>\n<\/div>\n<div class=\"article mb-4 col-sm-12 col-md-6\">\n<p class=\"mbr-text-right mbr-fonts-style align-left display-5\">\n<\/div>\n<\/div>\n<\/div>\n<\/section>\n<section id=\"image1-fa\" class=\"cid-scRbKWcep4\">\n<figure class=\"mbr-figure container\">\n<div class=\"image-block\"><img decoding=\"async\" class=\"lazyload\" title=\"wersja spacerowa\" src=\"https:\/\/lonexcompany.com\/assets\/images\/pax-rose-wyjmowany-kosz-1620x1194.jpg\" alt=\"w\u00f3zek dzieci\u0119cy PAX - baby pram\" width=\"1400\" data-src=\"assets\/images\/pax-rose-wyjmowany-kosz-1620x1194.jpg\" \/><\/div>\n<\/figure>\n<\/section>\n<section id=\"features18-ey\" class=\"mbr-section features18 cid-sctvuyhEZ3\">\n<div class=\"container-fluid\">\n<div class=\"row justify-content-center pt-5\">\n<div class=\"card px-3 py-4 col-12 col-md-6 col-lg-4\">\n<div class=\"card-wrapper\">\n<div class=\"card-img\"><img decoding=\"async\" class=\"lazyload\" title=\"pokrowiec na n\u00f3\u017cki\" src=\"https:\/\/lonexcompany.com\/assets\/images\/pax-rose-kubek-880x587.jpg\" alt=\"w\u00f3zek dzieci\u0119cy PAX - baby pram\" data-src=\"assets\/images\/pax-rose-kubek-880x587.jpg\" \/><\/div>\n<div class=\"card-box\">\n<p class=\"mbr-text mbr-fonts-style align-center mbr-white display-5\"><strong>Laikiklis buteliukui<br \/>\n<\/strong><\/p>\n<\/div>\n<\/div>\n<\/div>\n<div class=\"card px-3 py-4 col-12 col-md-6 col-lg-4\">\n<div class=\"card-wrapper\">\n<div class=\"card-img\"><img decoding=\"async\" class=\"lazyload\" title=\"przek\u0142adane siedzisko spacer\u00f3wki PAX\" src=\"https:\/\/lonexcompany.com\/assets\/images\/pax-rose-torba-880x587.jpg\" alt=\"w\u00f3zek dzieci\u0119cy PAX - baby pram\" data-src=\"assets\/images\/pax-rose-torba-880x587.jpg\" \/><\/div>\n<div class=\"card-box\">\n<p class=\"mbr-text mbr-fonts-style align-center mbr-white display-5\"><span class=\"HwtZe\" lang=\"lt\"><span class=\"jCAhz ChMk0b\"><span class=\"ryNqvb\">Modernus ir talpus krep\u0161ys\/kuprin\u0117<\/span><\/span> <span class=\"jCAhz ChMk0b\"><span class=\"ryNqvb\">pagaminta i\u0161 eko odos su magnetiniu u\u017esegimu<\/span><\/span><\/span><\/p>\n<\/div>\n<\/div>\n<\/div>\n<\/div>\n<\/div>\n<\/section>\n<section id=\"article6-iu\" class=\"mbr-section article content1 cid-syYl84RdNn\">\n<div class=\"container\">\n<div class=\"media-container-row\">\n<div class=\"mbr-text col-12 col-md-8 mbr-fonts-style display-1\">\n<p class=\"\"><span class=\"HwtZe\" lang=\"lt\"><span class=\"jCAhz ChMk0b\"><span class=\"ryNqvb\">Pamatykite svarbiausias Lonex PAX savybes vaizdo \u012fra\u0161e:<\/span><\/span><\/span><\/p>\n<\/div>\n<\/div>\n<\/div>\n<\/section>\n<section id=\"image1-iv\" class=\"cid-syYl8PMbMX\">\n<figure class=\"mbr-figure container\">\n<div class=\"image-block\"><a class=\"\" href=\"https:\/\/www.youtube.com\/watch?v=EtsBgBbuTnw\" target=\"_blank\" rel=\"noopener\"><img decoding=\"async\" class=\"lazyload\" title=\"\" src=\"https:\/\/lonexcompany.com\/assets\/images\/logo-yt-620x272.jpg\" alt=\"YT\" width=\"1400\" data-src=\"assets\/images\/logo-yt-620x272.jpg\" \/><\/a><\/div>\n<\/figure>\n<\/section>\n<section id=\"features18-ez\" class=\"mbr-section features18 cid-sctvuztK2v\">\n<div class=\"container-fluid\">\n<h2 class=\"mbr-section-title align-left mbr-fonts-style mbr-bold mbr-white display-1\">I\u0161matavimai ir svoris<\/h2>\n<div class=\"row justify-content-center pt-5\">\n<div class=\"card px-3 py-4 col-12 col-md-6 col-lg-4\">\n<div class=\"card-wrapper\">\n<div class=\"card-img\"><img decoding=\"async\" class=\"lazyload\" title=\"pokrowiec na n\u00f3\u017cki\" src=\"https:\/\/lonexcompany.com\/assets\/images\/pax-wymiary-gondola-880x660.jpg\" alt=\"w\u00f3zek dzieci\u0119cy PAX - baby pram\" data-src=\"assets\/images\/pax-wymiary-gondola-880x660.jpg\" \/><\/div>\n<\/div>\n<\/div>\n<div class=\"card px-3 py-4 col-12 col-md-6 col-lg-4\">\n<div class=\"card-wrapper\">\n<div class=\"card-img\"><img decoding=\"async\" class=\"lazyload\" title=\"przek\u0142adane siedzisko spacer\u00f3wki PAX\" src=\"https:\/\/lonexcompany.com\/assets\/images\/pax-wymiary-rama-880x660.jpg\" alt=\"w\u00f3zek dzieci\u0119cy PAX - baby pram\" data-src=\"assets\/images\/pax-wymiary-rama-880x660.jpg\" \/><\/div>\n<\/div>\n<\/div>\n<\/div>\n<\/div>\n<\/section>\n<section id=\"features18-f0\" class=\"mbr-section features18 cid-sctvuAonmP\">\n<div class=\"container-fluid\">\n<div class=\"row justify-content-center pt-5\">\n<div class=\"card px-3 py-4 col-12 col-md-6 col-lg-4\">\n<div class=\"card-wrapper\">\n<div class=\"card-img\"><img decoding=\"async\" class=\"lazyload\" title=\"pokrowiec na n\u00f3\u017cki\" src=\"https:\/\/lonexcompany.com\/assets\/images\/pax-wysokosc-szerokosc-880x660.jpg\" alt=\"w\u00f3zek dzieci\u0119cy PAX - baby pram\" data-src=\"assets\/images\/pax-wysokosc-szerokosc-880x660.jpg\" \/><\/div>\n<\/div>\n<\/div>\n<div class=\"card px-3 py-4 col-12 col-md-6 col-lg-4\">\n<div class=\"card-wrapper\">\n<div class=\"card-img\"><img decoding=\"async\" class=\"lazyload\" title=\"przek\u0142adane siedzisko spacer\u00f3wki PAX\" src=\"https:\/\/lonexcompany.com\/assets\/images\/pax-spacerowka-waga-880x660.jpg\" alt=\"w\u00f3zek dzieci\u0119cy PAX - baby pram\" data-src=\"assets\/images\/pax-spacerowka-waga-880x660.jpg\" \/><\/div>\n<\/div>\n<\/div>\n<\/div>\n<\/div>\n<\/section>\n<section id=\"article6-f1\" class=\"mbr-section article content1 cid-sctvuBpB8L\">\n<div class=\"container\">\n<div class=\"media-container-row\">\n<div class=\"mbr-text col-12 col-md-8 mbr-fonts-style display-7\">\n<p class=\"\">*svoris kartu su ratukais<\/p>\n<\/div>\n<\/div>\n<\/div>\n<\/section>\n<section id=\"extGallery2-f4\" class=\"mbr-gallery mbr-slider-carousel extGallery cid-sctvuCDg0D\">\n<div class=\"container\">\n<div class=\"row justify-content-center\">\n<div class=\"col-sm-10\">\n<h2 class=\"mbr-section-title mbr-fonts-style align-center display-1\">I\u0161sirinkit spalv\u0105<\/h2>\n<\/div>\n<\/div>\n<\/div>\n<div>\n<div class=\"pt-5\">\n<div class=\"mbr-gallery-row\">\n<div class=\"mbr-gallery-layout-default\">\n<div>\n<div>\n<div class=\"mbr-gallery-item mbr-gallery-item--p1\" data-video-url=\"false\" data-tags=\"Niesamowite\">\n<div data-slide-to=\"0\" data-bs-slide-to=\"0\" data-toggle=\"modal\" data-bs-toggle=\"modal\"><img decoding=\"async\" class=\"lazyload\" title=\"kolor 01 silver dust\" src=\"https:\/\/lonexcompany.com\/assets\/images\/pax-01-silver-dust-1900x1400-800x589.jpg\" alt=\"w\u00f3zek dzieci\u0119cy PAX - baby pram\" data-src=\"assets\/images\/pax-01-silver-dust-1900x1400-800x589.jpg\" \/><\/div>\n<\/div>\n<div class=\"mbr-gallery-item mbr-gallery-item--p1\" data-video-url=\"false\" data-tags=\"Niesamowite\">\n<div data-slide-to=\"1\" data-bs-slide-to=\"1\" data-toggle=\"modal\" data-bs-toggle=\"modal\"><img decoding=\"async\" class=\"lazyload\" title=\"kolor 02 waves\" src=\"https:\/\/lonexcompany.com\/assets\/images\/pax-02-waves-1900x1400-800x589.jpg\" alt=\"w\u00f3zek dzieci\u0119cy PAX - baby pram\" data-src=\"assets\/images\/pax-02-waves-1900x1400-800x589.jpg\" \/><\/div>\n<\/div>\n<div class=\"mbr-gallery-item mbr-gallery-item--p1\" data-video-url=\"false\" data-tags=\"Niesamowite\">\n<div data-slide-to=\"2\" data-bs-slide-to=\"2\" data-toggle=\"modal\" data-bs-toggle=\"modal\"><img decoding=\"async\" class=\"lazyload\" title=\"kolor 03 black pearl\" src=\"https:\/\/lonexcompany.com\/assets\/images\/pax-03-black-pearl-1900x1400-800x589.jpg\" alt=\"w\u00f3zek dzieci\u0119cy PAX - baby pram\" data-src=\"assets\/images\/pax-03-black-pearl-1900x1400-800x589.jpg\" \/><\/div>\n<\/div>\n<div class=\"mbr-gallery-item mbr-gallery-item--p1\" data-video-url=\"false\" data-tags=\"Niesamowite\">\n<div data-slide-to=\"3\" data-bs-slide-to=\"3\" data-toggle=\"modal\" data-bs-toggle=\"modal\"><img decoding=\"async\" class=\"lazyload\" title=\"kolor 03 fusion\" src=\"https:\/\/lonexcompany.com\/assets\/images\/pax-04-rose-1-1900x1400-800x589.jpg\" alt=\"w\u00f3zek dzieci\u0119cy PAX - baby pram\" data-src=\"assets\/images\/pax-04-rose-1-1900x1400-800x589.jpg\" \/><\/div>\n<\/div>\n<div class=\"mbr-gallery-item mbr-gallery-item--p1\" data-video-url=\"false\" data-tags=\"Niesamowite\">\n<div data-slide-to=\"4\" data-bs-slide-to=\"4\" data-toggle=\"modal\" data-bs-toggle=\"modal\"><img decoding=\"async\" class=\"lazyload\" title=\"\" src=\"https:\/\/lonexcompany.com\/assets\/images\/pax-05-deep-green-1900x1400-800x589.jpg\" alt=\"\" data-src=\"assets\/images\/pax-05-deep-green-1900x1400-800x589.jpg\" \/><\/div>\n<\/div>\n<\/div>\n<\/div>\n<\/div>\n<\/div>\n<\/div>\n<\/div>\n<\/section>\n<\/div>\n<div><\/div>\n<\/div>","protected":false},"excerpt":{"rendered":"<p>Vaiki\u0161kas ve\u017eim\u0117lis Lonex PAX ROSE<\/p>","protected":false},"featured_media":10703,"template":"","meta":[],"product_cat":[219],"product_tag":[],"acf":[],"_links":{"self":[{"href":"https:\/\/lonexvezimeliai.eu\/en\/wp-json\/wp\/v2\/product\/10701"}],"collection":[{"href":"https:\/\/lonexvezimeliai.eu\/en\/wp-json\/wp\/v2\/product"}],"about":[{"href":"https:\/\/lonexvezimeliai.eu\/en\/wp-json\/wp\/v2\/types\/product"}],"wp:featuredmedia":[{"embeddable":true,"href":"https:\/\/lonexvezimeliai.eu\/en\/wp-json\/wp\/v2\/media\/10703"}],"wp:attachment":[{"href":"https:\/\/lonexvezimeliai.eu\/en\/wp-json\/wp\/v2\/media?parent=10701"}],"wp:term":[{"taxonomy":"product_cat","embeddable":true,"href":"https:\/\/lonexvezimeliai.eu\/en\/wp-json\/wp\/v2\/product_cat?post=10701"},{"taxonomy":"product_tag","embeddable":true,"href":"https:\/\/lonexvezimeliai.eu\/en\/wp-json\/wp\/v2\/product_tag?post=10701"}],"curies":[{"name":"wp","href":"https:\/\/api.w.org\/{rel}","templated":true}]}}