{"id":10653,"date":"2023-03-13T19:52:46","date_gmt":"2023-03-13T19:52:46","guid":{"rendered":"https:\/\/lonexvezimeliai.eu\/?product=wozek-dzieciecy-lonex-retro-wersja-2w1"},"modified":"2023-04-02T13:31:49","modified_gmt":"2023-04-02T13:31:49","slug":"wozek-dzieciecy-lonex-retro-wersja-2w1","status":"publish","type":"product","link":"https:\/\/lonexvezimeliai.eu\/en\/product\/wozek-dzieciecy-lonex-retro-wersja-2w1\/","title":{"rendered":"Vaiki\u0161kas ve\u017eim\u0117lis LONEX RETRO CLASSIC  2in1 ir 3in1"},"content":{"rendered":"<div style=\"box-sizing: border-box;\">\n<div style=\"display: flex; align-items: center; padding: 16px 0;\">\n<div style=\"padding: 0 8px; width: 100%;\">\n<p><span class=\"HwtZe\" lang=\"lt\"><span class=\"jCAhz ChMk0b\"><span class=\"ryNqvb\">Lonex RETRO k\u016bdiki\u0173 ve\u017eim\u0117lis yra rankomis aust\u0173 nat\u016brali\u0173 vyteli\u0173 ir nesenstan\u010di\u0173 ra\u0161t\u0173 audini\u0173 derinys.<\/span><\/span><\/span><\/p>\n<p>&nbsp;<\/p>\n<div class=\"opis\">\n<div class=\"opis_a1\">\n<p><img decoding=\"async\" loading=\"lazy\" src=\"https:\/\/lonexsklep.pl\/userdata\/public\/assets\/RETRO\/niezawodnosc.jpg\" alt=\"W\u00f3zek lonex retro Bezpiecze\u0144stwo\" width=\"\" height=\"\" \/><\/p>\n<h2>Saugumas<\/h2>\n<h2><span class=\"HwtZe\" lang=\"lt\"><span class=\"jCAhz ChMk0b\"><span class=\"ryNqvb\">Lonex RETRO k\u016bdikio ve\u017eim\u0117lis buvo sukurtas naudojant saugias, klasikines svirties rankenas, kurios slopina nelygumus.<\/span><\/span><\/span><\/h2>\n<\/div>\n<div class=\"opis_a2\">\n<p><img decoding=\"async\" loading=\"lazy\" src=\"https:\/\/lonexsklep.pl\/userdata\/public\/assets\/RETRO\/niezawodnosc1.jpg\" alt=\"w\u00f3zek dzieci\u0119cy Lonex Retro niezawodno\u015b\u0107\" width=\"\" height=\"\" \/><\/p>\n<h2>Patikimumas<\/h2>\n<h2><span class=\"HwtZe\" lang=\"lt\"><span class=\"jCAhz ChMk0b\"><span class=\"ryNqvb\">Lonex RETRO k\u016bdiki\u0173 ve\u017eim\u0117lis \u2013 tai patikima element\u0173 tvirtinimo\/nu\u0117mimo prie ve\u017eim\u0117lio r\u0117mo sistema.<\/span><\/span><\/span><\/h2>\n<\/div>\n<div class=\"opis_a3\">\n<p><img decoding=\"async\" loading=\"lazy\" src=\"https:\/\/lonexsklep.pl\/userdata\/public\/assets\/RETRO\/jako%C5%9B%C4%87.jpg\" alt=\"w\u00f3zek dzieci\u0119cy lonex retro jako\u015b\u0107\" width=\"\" height=\"\" \/><\/p>\n<h2>Kokyb\u0117<\/h2>\n<h2><span class=\"HwtZe\" lang=\"lt\"><span class=\"jCAhz ChMk0b\"><span class=\"ryNqvb\">Lonex RETRO vaiki\u0161kas ve\u017eim\u0117lis i\u0161siskiria rankomis austu, nat\u016brali\u0173 vyteli\u0173, nuimamu lop\u0161eliu.<\/span><\/span><\/span><\/h2>\n<\/div>\n<div class=\"opis_b1\">\n<p><img decoding=\"async\" loading=\"lazy\" src=\"https:\/\/lonexsklep.pl\/userdata\/public\/assets\/RETRO\/kierunek.jpg\" alt=\"w\u00f3zek dzieci\u0119cy lonex retro kierunek\" width=\"\" height=\"\" \/><\/p>\n<h2>Kryptis<\/h2>\n<h2><span class=\"HwtZe\" lang=\"lt\"><span class=\"jCAhz ChMk0b\"><span class=\"ryNqvb\">Lonex RETRO ve\u017eim\u0117lyje ve\u017eim\u0117lio s\u0117dyn\u0117 tvirtinama priekyje arba gale pagal va\u017eiavimo krypt\u012f<\/span><\/span><\/span><\/h2>\n<\/div>\n<div class=\"opis_b2\">\n<p><img decoding=\"async\" loading=\"lazy\" src=\"https:\/\/lonexsklep.pl\/userdata\/public\/assets\/RETRO\/pokrowiec.jpg\" alt=\"w\u00f3zek dzieci\u0119cy lonex retro pokrowiec\" width=\"\" height=\"\" \/><\/p>\n<h2>U\u017edangalas<\/h2>\n<h2><span class=\"HwtZe\" lang=\"lt\"><span class=\"jCAhz ChMk0b\"><span class=\"ryNqvb\">\u201eLonex RETRO\u201c ve\u017eim\u0117lis turi \u0161ilt\u0105 p\u0117d\u0173 u\u017edangal\u0105 pagrindiniame \u201edu viename\u201c rinkinyje<\/span><\/span><\/span><\/h2>\n<\/div>\n<div class=\"opis_b3\">\n<p><img decoding=\"async\" loading=\"lazy\" src=\"https:\/\/lonexsklep.pl\/userdata\/public\/assets\/RETRO\/spanie.jpg\" alt=\"w\u00f3zek dzieic\u0119cy lonex retr spanie\" width=\"\" height=\"\" \/><\/p>\n<h2>Miegas<\/h2>\n<h2><span class=\"HwtZe\" lang=\"lt\"><span class=\"jCAhz ChMk0b\"><span class=\"ryNqvb\">Lonex RETRO ve\u017eim\u0117lis pasi\u017eymi patogia miego pad\u0117timi atlenkus atlo\u0161\u0105 ir pak\u0117lus p\u0117d\u0173 atram\u0105<\/span><\/span><\/span><\/h2>\n<\/div>\n<div class=\"opis_c1\">\n<p><img decoding=\"async\" loading=\"lazy\" src=\"https:\/\/lonexsklep.pl\/userdata\/public\/assets\/RETRO\/mobilno%C5%9B%C4%87.jpg\" alt=\"w\u00f3zek dzieci\u0119cy lonex retro mobilno\u015b\u0107\" width=\"\" height=\"\" \/><\/p>\n<h2>Mobilumas<\/h2>\n<h2><span class=\"HwtZe\" lang=\"lt\"><span class=\"jCAhz ChMk0b\"><span class=\"ryNqvb\">lonex RETRO ve\u017eim\u0117lis yra lengvas, sulankstomas r\u0117mas su pneumatiniais ratukais<\/span><\/span><\/span><\/h2>\n<\/div>\n<div class=\"opis_c2\">\n<p><img decoding=\"async\" loading=\"lazy\" src=\"https:\/\/lonexsklep.pl\/userdata\/public\/assets\/RETRO\/akcesoria.jpg\" alt=\"w\u00f3zek dzieci\u0119cy lonex retro akcesoria\" width=\"\" height=\"\" \/><\/p>\n<h2>Koplektas su \u0161iais aksesuarais<\/h2>\n<h2><span class=\"HwtZe\" lang=\"lt\"><span class=\"jCAhz ChMk0b\"><span class=\"ryNqvb\">Lonex RETRO k\u016bdiki\u0173 ve\u017eim\u0117lyje bazin\u0117je 2 viename versijoje \u012f kain\u0105 \u012feina priedai: krep\u0161ys, tinklelis nuo uod\u0173, apsauga nuo lietaus, puodeli\u0173 laikiklis.<\/span><\/span><\/span><\/h2>\n<\/div>\n<div class=\"opis_c3\">\n<p><img decoding=\"async\" loading=\"lazy\" src=\"https:\/\/lonexsklep.pl\/userdata\/public\/assets\/RETRO\/gondola.jpg\" alt=\"w\u00f3zek dzieci\u0119cy lonex retro gondola\" width=\"\" height=\"\" \/><\/p>\n<h2>Lop\u0161ys<\/h2>\n<h2><span class=\"HwtZe\" lang=\"lt\"><span class=\"jCAhz ChMk0b\"><span class=\"ryNqvb\">Lonex RETRO ve\u017eim\u0117lyje sumontuota lengvas lop\u0161ys su laipsni\u0161ku atlo\u0161o reguliavimu<br \/>\n<\/span><\/span><\/span><\/h2>\n<div class=\"row justify-content-center align-items-start\">\n<div class=\"card px-3 py-4 col-md-4\">\n<div class=\"card-wrapper flip-card\">\n<div class=\"card-img\"><img decoding=\"async\" class=\"lazyload\" title=\"Fotelik\" src=\"https:\/\/lonexcompany.com\/assets\/images\/r-13groch-fotelik-696x522.jpg\" alt=\"W\u00f3zek Dzieci\u0119cy Lonex Retro\" data-src=\"assets\/images\/r-13groch-fotelik-696x522.jpg\" \/><\/div>\n<div class=\"card-box\">\n<h3 class=\"mbr-title mbr-fonts-style mbr-black align-center display-2\">K\u0117dut\u0117<\/h3>\n<p class=\"mbr-card-text mbr-fonts-style align-center display-5\"><span class=\"HwtZe\" lang=\"lt\"><span class=\"jCAhz ChMk0b\"><span class=\"ryNqvb\">CARLO konstrukcija, atitinkanti b\u016btinus saugos standartus<\/span><\/span><\/span><\/p>\n<\/div>\n<\/div>\n<\/div>\n<div class=\"card px-3 py-4 col-md-4\">\n<div class=\"card-wrapper flip-card\">\n<div class=\"card-img\"><img decoding=\"async\" class=\"lazyload\" title=\"Adaptery\" src=\"https:\/\/lonexcompany.com\/assets\/images\/r-13groch-fotelik-a-696x522.jpg\" alt=\"W\u00f3zek Dzieci\u0119cy Lonex Retro\" data-src=\"assets\/images\/r-13groch-fotelik-a-696x522.jpg\" \/><\/div>\n<div class=\"card-box\">\n<h3 class=\"mbr-title mbr-fonts-style mbr-black align-center display-2\">Adapteris<\/h3>\n<p class=\"mbr-card-text mbr-fonts-style align-center display-5\"><span class=\"HwtZe\" lang=\"lt\"><span class=\"jCAhz ChMk0b\"><span class=\"ryNqvb\">Komplekte yra adapteriai s\u0117dynei prijungti prie RETRO r\u0117mo<\/span><\/span><\/span><\/p>\n<\/div>\n<\/div>\n<\/div>\n<div class=\"card px-3 py-4 col-md-4\">\n<div class=\"card-wrapper flip-card\">\n<div class=\"card-img\"><img decoding=\"async\" class=\"lazyload\" title=\"Wk\u0142adka\" src=\"https:\/\/lonexcompany.com\/assets\/images\/r-13groch-fotelik-b-696x522.jpg\" alt=\"W\u00f3zek Dzieci\u0119cy Lonex Retro\" data-src=\"assets\/images\/r-13groch-fotelik-b-696x522.jpg\" \/><\/div>\n<div class=\"card-box\">\n<h3 class=\"mbr-title mbr-fonts-style mbr-black align-center display-2\">\u012ed\u0117klas<\/h3>\n<p class=\"mbr-card-text mbr-fonts-style align-center display-5\"><span class=\"HwtZe\" lang=\"lt\"><span class=\"jCAhz ChMk0b\"><span class=\"ryNqvb\">3 ta\u0161k\u0173 saugos dir\u017eai, profiliuotas \u012fd\u0117klas J\u016bs\u0173 ma\u017eylio patogumui<\/span><\/span><\/span><\/p>\n<\/div>\n<\/div>\n<\/div>\n<\/div>\n<\/div>\n<div class=\"opis_d3\">\n<h2><\/h2>\n<\/div>\n<div class=\"wymiary_a1\"><img decoding=\"async\" loading=\"lazy\" src=\"https:\/\/lonexsklep.pl\/userdata\/public\/assets\/RETRO\/wymiar1.jpg\" alt=\"grafika pokazuj\u0105ca wymiary w\u00f3zka1\" width=\"\" height=\"\" \/><\/div>\n<div class=\"wymiary_a2\"><img decoding=\"async\" loading=\"lazy\" src=\"https:\/\/lonexsklep.pl\/userdata\/public\/assets\/RETRO\/wymiar2.jpg\" alt=\"grafika pokazuj\u0105ca wymiary w\u00f3zka2\" width=\"\" height=\"\" \/><\/div>\n<div class=\"wymiary_a3\"><img decoding=\"async\" loading=\"lazy\" src=\"https:\/\/lonexsklep.pl\/userdata\/public\/assets\/RETRO\/wymiar3.jpg\" alt=\"grafika pokazuj\u0105ca wymiary w\u00f3zka3\" width=\"\" height=\"\" \/><\/div>\n<h3 class=\"wymiary_a3\">i\u0161matavimai<br \/>\nilgis 82 cm \/ plotis 36 cm \/ auk\u0161tis 23 cm<\/h3>\n<p>Galimos spalvos<\/p>\n<div class=\"container\">\n<h2 class=\"align-center mbr-fonts-style mbr-section-title display-2 pb-4\">\u00a0Classic Retro<\/h2>\n<\/div>\n<div class=\"container\">\n<div class=\"col-left-gallery\">\n<div class=\"mbr-gallery-row\">\n<div class=\"mbr-gallery-layout-default\">\n<div>\n<div>\n<div class=\"mbr-gallery-item mbr-gallery-item--p1\" data-video-url=\"false\" data-tags=\"Animowane\">\n<div data-slide-to=\"0\" data-bs-slide-to=\"0\" data-toggle=\"modal\" data-bs-toggle=\"modal\"><img decoding=\"async\" class=\"lazyload\" title=\"\" src=\"https:\/\/lonexcompany.com\/assets\/images\/r-3-2000x1335-800x534.jpg\" alt=\"\" data-src=\"assets\/images\/r-3-2000x1335-800x534.jpg\" \/><\/div>\n<\/div>\n<div class=\"mbr-gallery-item mbr-gallery-item--p1\" data-video-url=\"false\" data-tags=\"Animowane\">\n<div data-slide-to=\"1\" data-bs-slide-to=\"1\" data-toggle=\"modal\" data-bs-toggle=\"modal\"><img decoding=\"async\" class=\"lazyload\" title=\"\" src=\"https:\/\/lonexcompany.com\/assets\/images\/r-4-2000x1335-800x534.jpg\" alt=\"\" data-src=\"assets\/images\/r-4-2000x1335-800x534.jpg\" \/><\/div>\n<\/div>\n<div class=\"mbr-gallery-item mbr-gallery-item--p1\" data-video-url=\"false\" data-tags=\"Animowane\">\n<div data-slide-to=\"2\" data-bs-slide-to=\"2\" data-toggle=\"modal\" data-bs-toggle=\"modal\"><img decoding=\"async\" class=\"lazyload\" title=\"\" src=\"https:\/\/lonexcompany.com\/assets\/images\/r-14-2000x1335-800x534.jpg\" alt=\"\" data-src=\"assets\/images\/r-14-2000x1335-800x534.jpg\" \/><\/div>\n<\/div>\n<div class=\"mbr-gallery-item mbr-gallery-item--p1\" data-video-url=\"false\" data-tags=\"Animowane\">\n<div data-slide-to=\"3\" data-bs-slide-to=\"3\" data-toggle=\"modal\" data-bs-toggle=\"modal\"><img decoding=\"async\" class=\"lazyload\" title=\"\" src=\"https:\/\/lonexcompany.com\/assets\/images\/r-17-2000x1335-800x534.jpg\" alt=\"\" data-src=\"assets\/images\/r-17-2000x1335-800x534.jpg\" \/><\/div>\n<\/div>\n<div class=\"mbr-gallery-item mbr-gallery-item--p1\" data-video-url=\"false\" data-tags=\"Animowane\">\n<div data-slide-to=\"4\" data-bs-slide-to=\"4\" data-toggle=\"modal\" data-bs-toggle=\"modal\"><img decoding=\"async\" class=\"lazyload\" title=\"\" src=\"https:\/\/lonexcompany.com\/assets\/images\/r-18-2000x1335-800x534.jpg\" alt=\"\" data-src=\"assets\/images\/r-18-2000x1335-800x534.jpg\" \/><\/div>\n<\/div>\n<div class=\"mbr-gallery-item mbr-gallery-item--p1\" data-video-url=\"false\" data-tags=\"Animowane\">\n<div data-slide-to=\"5\" data-bs-slide-to=\"5\" data-toggle=\"modal\" data-bs-toggle=\"modal\"><img decoding=\"async\" class=\"lazyload\" title=\"\" src=\"https:\/\/lonexcompany.com\/assets\/images\/r-22-2000x1335-800x534.jpg\" alt=\"\" data-src=\"assets\/images\/r-22-2000x1335-800x534.jpg\" \/><\/div>\n<\/div>\n<div class=\"mbr-gallery-item mbr-gallery-item--p1\" data-video-url=\"false\" data-tags=\"Animowane\">\n<div data-slide-to=\"6\" data-bs-slide-to=\"6\" data-toggle=\"modal\" data-bs-toggle=\"modal\"><img decoding=\"async\" class=\"lazyload\" title=\"\" src=\"https:\/\/lonexcompany.com\/assets\/images\/r-24-2000x1335-800x534.jpg\" alt=\"\" data-src=\"assets\/images\/r-24-2000x1335-800x534.jpg\" \/><\/div>\n<\/div>\n<div class=\"mbr-gallery-item mbr-gallery-item--p1\" data-video-url=\"false\" data-tags=\"Animowane\">\n<div data-slide-to=\"7\" data-bs-slide-to=\"7\" data-toggle=\"modal\" data-bs-toggle=\"modal\"><img decoding=\"async\" class=\"lazyload\" title=\"\" src=\"https:\/\/lonexcompany.com\/assets\/images\/r-39-2000x1335-800x534.jpg\" alt=\"\" data-src=\"assets\/images\/r-39-2000x1335-800x534.jpg\" \/><\/div>\n<\/div>\n<\/div>\n<\/div>\n<\/div>\n<\/div>\n<\/div>\n<\/div>\n<\/div>\n<\/div>\n<\/div>\n<\/div>\n<div><\/div>","protected":false},"excerpt":{"rendered":"<p>Lonex RETRO k\u016bdiki\u0173 ve\u017eim\u0117lis yra rankomis aust\u0173 nat\u016brali\u0173 vyteli\u0173 ir nesenstan\u010di\u0173 ra\u0161t\u0173 audini\u0173 derinys. &nbsp; Saugumas Lonex RETRO k\u016bdikio ve\u017eim\u0117lis buvo sukurtas naudojant saugias, klasikines svirties rankenas, kurios slopina nelygumus. Patikimumas Lonex RETRO k\u016bdiki\u0173 ve\u017eim\u0117lis \u2013 tai patikima element\u0173 tvirtinimo\/nu\u0117mimo prie ve\u017eim\u0117lio r\u0117mo sistema. Kokyb\u0117 Lonex RETRO vaiki\u0161kas ve\u017eim\u0117lis i\u0161siskiria rankomis austu, nat\u016brali\u0173 vyteli\u0173, nuimamu [&hellip;]<\/p>","protected":false},"featured_media":10654,"template":"","meta":[],"product_cat":[220],"product_tag":[],"acf":[],"_links":{"self":[{"href":"https:\/\/lonexvezimeliai.eu\/en\/wp-json\/wp\/v2\/product\/10653"}],"collection":[{"href":"https:\/\/lonexvezimeliai.eu\/en\/wp-json\/wp\/v2\/product"}],"about":[{"href":"https:\/\/lonexvezimeliai.eu\/en\/wp-json\/wp\/v2\/types\/product"}],"wp:featuredmedia":[{"embeddable":true,"href":"https:\/\/lonexvezimeliai.eu\/en\/wp-json\/wp\/v2\/media\/10654"}],"wp:attachment":[{"href":"https:\/\/lonexvezimeliai.eu\/en\/wp-json\/wp\/v2\/media?parent=10653"}],"wp:term":[{"taxonomy":"product_cat","embeddable":true,"href":"https:\/\/lonexvezimeliai.eu\/en\/wp-json\/wp\/v2\/product_cat?post=10653"},{"taxonomy":"product_tag","embeddable":true,"href":"https:\/\/lonexvezimeliai.eu\/en\/wp-json\/wp\/v2\/product_tag?post=10653"}],"curies":[{"name":"wp","href":"https:\/\/api.w.org\/{rel}","templated":true}]}}