{"id":10631,"date":"2023-03-13T19:51:45","date_gmt":"2023-03-13T19:51:45","guid":{"rendered":"https:\/\/lonexvezimeliai.eu\/?product=wozek-dzieciecy-lonex-pax"},"modified":"2023-04-02T13:21:03","modified_gmt":"2023-04-02T13:21:03","slug":"wozek-dzieciecy-lonex-pax","status":"publish","type":"product","link":"https:\/\/lonexvezimeliai.eu\/en\/product\/wozek-dzieciecy-lonex-pax\/","title":{"rendered":"Stroller Lonex PAX 2in1 and 3in1"},"content":{"rendered":"<p><span class=\"HwtZe\" lang=\"lt\"><span class=\"jCAhz ChMk0b\"><span class=\"ryNqvb\">\u012esivaizduokite ve\u017eim\u0117l\u012f, kuris traukia ak\u012f&#8230; d\u017eiugina savo patogumu.<\/span><\/span> <span class=\"jCAhz ChMk0b\"><span class=\"ryNqvb\">Atraskite jo galimybes&#8230; pateisinkite savo l\u016bkes\u010dius \u2013 Lonex PAX vaiki\u0161kas ve\u017eim\u0117lis.<\/span><\/span><\/span><\/p>\n<section id=\"extContent2-c8\" class=\"mbr-section ext\u0421ontent cid-rXXQ4DgQbC\">\n<div class=\"container\">\n<div class=\"title col-12 col-md-12\">\n<h2 class=\"align-center mbr-fonts-style pb-5 display-1\">Patogus lop\u0161ys<\/h2>\n<\/div>\n<div class=\"media-container-row mt-4\">\n<div class=\"article article-right-border mb-4 col-sm-12 col-md-6\">\n<p class=\"mbr-text-left align-right mbr-fonts-style display-5\"><span class=\"HwtZe\" lang=\"lt\"><span class=\"jCAhz ChMk0b\"><span class=\"ryNqvb\">Auk\u0161\u010diausios kokyb\u0117s apsaugin\u0117 medviln\u0117<\/span><\/span> <span class=\"jCAhz ChMk0b\"><span class=\"ryNqvb\">puikiai garina dr\u0117m\u0119<br \/>\n<\/span><\/span><\/span><\/p>\n<\/div>\n<div class=\"article mb-4 col-sm-12 col-md-6\">\n<p class=\"mbr-text-right mbr-fonts-style align-left display-5\"><span class=\"HwtZe\" lang=\"lt\"><span class=\"jCAhz ChMk0b\"><span class=\"ryNqvb\">\u012ed\u0117klas, u\u017etikrinantis oro cirkuliacij\u0105, pakankamai \u0161velnus j\u016bs\u0173 k\u016bdikiui<\/span><\/span><\/span><\/p>\n<\/div>\n<\/div>\n<\/div>\n<\/section>\n<section id=\"image1-c9\" class=\"cid-rXXQiqInqM\">\n<figure class=\"mbr-figure container\">\n<div class=\"image-block\"><img decoding=\"async\" class=\"lazyload\" title=\"wersja spacerowa\" src=\"https:\/\/lonexcompany.com\/assets\/images\/pax-gondola-z-dzieckiem-1598x1177.jpg\" alt=\"w\u00f3zek dzieci\u0119cy PAX - baby pram\" width=\"1400\" data-src=\"assets\/images\/pax-gondola-z-dzieckiem-1598x1177.jpg\" \/><\/div>\n<\/figure>\n<\/section>\n<section id=\"article6-cb\" class=\"mbr-section article content1 cid-rXXR5EK8wg\">\n<div class=\"container\">\n<div class=\"media-container-row\">\n<div class=\"mbr-text col-12 col-md-8 mbr-fonts-style display-5\">\n<div>I\u0161matavimai<\/div>\n<div><\/div>\n<div>ilgis <strong>78 cm<\/strong>, plotis <strong>38 cm<\/strong>, auk\u0161tis <strong>20 cm<\/strong><\/div>\n<div><\/div>\n<\/div>\n<\/div>\n<\/div>\n<\/section>\n<section id=\"image1-ca\" class=\"cid-rXXQJx2JJm\">\n<figure class=\"mbr-figure container\">\n<div class=\"image-block\"><img decoding=\"async\" class=\"lazyload\" title=\"wersja spacerowa\" src=\"https:\/\/lonexcompany.com\/assets\/images\/pax-gondola-1598x1177.jpg\" alt=\"w\u00f3zek dzieci\u0119cy PAX - baby pram\" width=\"1400\" data-src=\"assets\/images\/pax-gondola-1598x1177.jpg\" \/><\/div>\n<\/figure>\n<\/section>\n<section id=\"features18-cc\" class=\"mbr-section features18 cid-rXXRnbI30x\">\n<div class=\"container-fluid\">\n<div class=\"row justify-content-center pt-5\">\n<div class=\"card px-3 py-4 col-12 col-md-6 col-lg-4\">\n<div class=\"card-wrapper\">\n<div class=\"card-img\"><img decoding=\"async\" class=\"lazyload\" title=\"pokrowiec na n\u00f3\u017cki\" src=\"https:\/\/lonexcompany.com\/assets\/images\/pax-moskitiera-880x657.jpg\" alt=\"w\u00f3zek dzieci\u0119cy PAX - baby pram\" data-src=\"assets\/images\/pax-moskitiera-880x657.jpg\" \/><\/div>\n<div class=\"card-box\">\n<p class=\"mbr-text mbr-fonts-style align-center mbr-white display-5\"><span class=\"HwtZe\" lang=\"lt\"><span class=\"jCAhz ChMk0b\"><span class=\"ryNqvb\">Puikiai suderintas<\/span><\/span> <span class=\"jCAhz ChMk0b\"><span class=\"ryNqvb\">i\u0161traukiamas tinklelis nuo vabzd\u017ei\u0173<\/span><\/span><span class=\"jCAhz ChMk0b\"><span class=\"ryNqvb\"><br \/>\n<\/span><\/span><\/span><\/p>\n<\/div>\n<\/div>\n<\/div>\n<div class=\"card px-3 py-4 col-12 col-md-6 col-lg-4\">\n<div class=\"card-wrapper\">\n<div class=\"card-img\"><img decoding=\"async\" class=\"lazyload\" title=\"przek\u0142adane siedzisko spacer\u00f3wki PAX\" src=\"https:\/\/lonexcompany.com\/assets\/images\/pax-gondola-wentylacja-880x648.jpg\" alt=\"w\u00f3zek dzieci\u0119cy PAX - baby pram\" data-src=\"assets\/images\/pax-gondola-wentylacja-880x648.jpg\" \/><\/div>\n<div class=\"card-box\">\n<p class=\"mbr-text mbr-fonts-style align-center mbr-white display-5\"><span class=\"HwtZe\" lang=\"lt\"><span class=\"jCAhz ChMk0b\"><span class=\"ryNqvb\">Papildoma ventiliacija lop\u0161yje<\/span><\/span> <span class=\"jCAhz ChMk0b\"><span class=\"ryNqvb\"><br \/>\n<\/span><\/span><\/span><\/p>\n<\/div>\n<\/div>\n<\/div>\n<div class=\"card px-3 py-4 col-12 col-md-6 col-lg-4\">\n<div class=\"card-wrapper\">\n<div class=\"card-img\"><img decoding=\"async\" class=\"lazyload\" title=\"pozycja do spania PAX\" src=\"https:\/\/lonexcompany.com\/assets\/images\/pax-rama-zlozona-880x648.jpg\" alt=\"w\u00f3zek dzieci\u0119cy PAX - baby pram\" data-src=\"assets\/images\/pax-rama-zlozona-880x648.jpg\" \/><\/div>\n<div class=\"card-box\">\n<p class=\"mbr-text mbr-fonts-style align-center mbr-white display-5\"><span class=\"HwtZe\" lang=\"lt\"><span class=\"jCAhz ChMk0b\"><span class=\"ryNqvb\">Kompakti\u0161kai sulankstomas<\/span><\/span> <span class=\"jCAhz ChMk0b\"><span class=\"ryNqvb\">r\u0117mas su apsauga<\/span><\/span> <span class=\"jCAhz ChMk0b\"><span class=\"ryNqvb\">prie\u0161 i\u0161siskleid\u017eiant<\/span><\/span><\/span><\/p>\n<\/div>\n<\/div>\n<\/div>\n<\/div>\n<\/div>\n<\/section>\n<section id=\"extContent2-cd\" class=\"mbr-section ext\u0421ontent cid-rXXS0SJpg3\">\n<div class=\"container\">\n<div class=\"title col-12 col-md-12\">\n<h2 class=\"align-center mbr-fonts-style pb-5 display-1\">Lengvas pasivaik\u0161\u010diojimas<\/h2>\n<\/div>\n<div class=\"media-container-row mt-4\">\n<div class=\"article article-right-border mb-4 col-sm-12 col-md-6\">\n<p class=\"mbr-text-left align-right mbr-fonts-style display-5\"><span class=\"HwtZe\" lang=\"lt\"><span class=\"jCAhz ChMk0b\"><span class=\"ryNqvb\">I\u0161imamas, \u0161velnus vidpadis.<\/span><\/span><\/span><\/p>\n<\/div>\n<div class=\"article mb-4 col-sm-12 col-md-6\">\n<p class=\"mbr-text-right mbr-fonts-style align-left display-5\"><span class=\"HwtZe\" lang=\"lt\"><span class=\"jCAhz ChMk0b\"><span class=\"ryNqvb\">Gilus stogelis, apsaugantis nuo UV spinduli\u0173<\/span><\/span><\/span><\/p>\n<\/div>\n<\/div>\n<\/div>\n<\/section>\n<section id=\"image1-ce\" class=\"cid-rXXSeGhh05\">\n<figure class=\"mbr-figure container\">\n<div class=\"image-block\"><img decoding=\"async\" class=\"lazyload\" title=\"wersja spacerowa\" src=\"https:\/\/lonexcompany.com\/assets\/images\/pax-spacerowka-1598x1177.jpg\" alt=\"w\u00f3zek dzieci\u0119cy PAX - baby pram\" width=\"1400\" data-src=\"assets\/images\/pax-spacerowka-1598x1177.jpg\" \/><\/div>\n<\/figure>\n<\/section>\n<section id=\"features18-cf\" class=\"mbr-section features18 cid-rXXSfezMHM\">\n<div class=\"container-fluid\">\n<div class=\"row justify-content-center pt-5\">\n<div class=\"card px-3 py-4 col-12 col-md-6 col-lg-4\">\n<div class=\"card-wrapper\">\n<div class=\"card-img\"><img decoding=\"async\" class=\"lazyload\" title=\"pokrowiec na n\u00f3\u017cki\" src=\"https:\/\/lonexcompany.com\/assets\/images\/pax-spacerowka-d-880x648.jpg\" alt=\"w\u00f3zek dzieci\u0119cy PAX - baby pram\" data-src=\"assets\/images\/pax-spacerowka-d-880x648.jpg\" \/><\/div>\n<div class=\"card-box\">\n<p class=\"mbr-text mbr-fonts-style align-center mbr-white display-5\"><span class=\"HwtZe\" lang=\"lt\"><span class=\"jCAhz ChMk0b\"><span class=\"ryNqvb\">\u0160iltas u\u017evalkalas, dengiantis kojas<\/span><\/span> <span class=\"jCAhz ChMk0b\"><span class=\"ryNqvb\">pagamintas i\u0161 auk\u0161tos kokyb\u0117s eko odos<\/span><\/span><\/span><\/p>\n<\/div>\n<\/div>\n<\/div>\n<div class=\"card px-3 py-4 col-12 col-md-6 col-lg-4\">\n<div class=\"card-wrapper\">\n<div class=\"card-img\"><img decoding=\"async\" class=\"lazyload\" title=\"przek\u0142adane siedzisko spacer\u00f3wki PAX\" src=\"https:\/\/lonexcompany.com\/assets\/images\/pax-spacerowka-e-880x648.jpg\" alt=\"w\u00f3zek dzieci\u0119cy PAX - baby pram\" data-src=\"assets\/images\/pax-spacerowka-e-880x648.jpg\" \/><\/div>\n<div class=\"card-box\">\n<p class=\"mbr-text mbr-fonts-style align-center mbr-white display-5\"><span class=\"HwtZe\" lang=\"lt\"><span class=\"jCAhz ChMk0b\"><span class=\"ryNqvb\">Momentin\u0117 sistema<\/span><\/span>\u00a0<span class=\"jCAhz ChMk0b\"><span class=\"ryNqvb\"> priekis\/gala<\/span><\/span><\/span>s<\/p>\n<\/div>\n<\/div>\n<\/div>\n<div class=\"card px-3 py-4 col-12 col-md-6 col-lg-4\">\n<div class=\"card-wrapper\">\n<div class=\"card-img\"><img decoding=\"async\" class=\"lazyload\" title=\"pozycja do spania PAX\" src=\"https:\/\/lonexcompany.com\/assets\/images\/pax-spacerowka-a-880x648.jpg\" alt=\"w\u00f3zek dzieci\u0119cy PAX - baby pram\" data-src=\"assets\/images\/pax-spacerowka-a-880x648.jpg\" \/><\/div>\n<div class=\"card-box\">\n<p class=\"mbr-text mbr-fonts-style align-center mbr-white display-5\">Patogus reguliavimas miegui.<\/p>\n<section id=\"extContent2-cg\" class=\"mbr-section ext\u0421ontent cid-rXXSIHJcRe\">\n<div class=\"container\">\n<div class=\"title col-12 col-md-12\">\n<h2 class=\"align-center mbr-fonts-style pb-5 display-1\">Saugi k\u0117dut\u0117<\/h2>\n<\/div>\n<div class=\"media-container-row mt-4\">\n<div class=\"article article-right-border mb-4 col-sm-12 col-md-6\">\n<p class=\"mbr-text-left align-right mbr-fonts-style display-5\"><span class=\"HwtZe\" lang=\"lt\"><span class=\"jCAhz ChMk0b\"><span class=\"ryNqvb\">Kite+ \u2013 tai k\u0117dut\u0117, u\u017etikrinanti maksimal\u0173 saugum\u0105 nuo pirm\u0173j\u0173 vaiko gyvenimo dien\u0173<\/span><\/span><\/span><\/p>\n<\/div>\n<div class=\"article mb-4 col-sm-12 col-md-6\">\n<p class=\"mbr-text-right mbr-fonts-style align-left display-5\"><span class=\"HwtZe\" lang=\"lt\"><span class=\"jCAhz ChMk0b\"><span class=\"ryNqvb\">2 montavimo tipai: tvirtinimas prie ISOFIX pagrindo (parinktis keturi viename pagrinde u\u017e papildom\u0105 mokest\u012f) arba automobilio dir\u017eu<\/span><\/span><\/span><\/p>\n<\/div>\n<\/div>\n<\/div>\n<\/section>\n<section id=\"image1-ch\" class=\"cid-rXXSKt4j74\">\n<figure class=\"mbr-figure container\">\n<div class=\"image-block\"><img decoding=\"async\" class=\"lazyload\" title=\"wersja spacerowa\" src=\"https:\/\/lonexcompany.com\/assets\/images\/pax-fotel-kite-1598x1177.jpg\" alt=\"w\u00f3zek dzieci\u0119cy PAX - baby pram\" width=\"1400\" data-src=\"assets\/images\/pax-fotel-kite-1598x1177.jpg\" \/><\/div>\n<\/figure>\n<\/section>\n<section id=\"features18-ci\" class=\"mbr-section features18 cid-rXXSXJKPPw\">\n<div class=\"container-fluid\">\n<div class=\"row justify-content-center pt-5\">\n<div class=\"card px-3 py-4 col-12 col-md-6 col-lg-4\">\n<div class=\"card-wrapper\">\n<div class=\"card-img\"><img decoding=\"async\" class=\"lazyload\" title=\"pokrowiec na n\u00f3\u017cki\" src=\"https:\/\/lonexcompany.com\/assets\/images\/pax-fotelik-a-880x648.jpg\" alt=\"w\u00f3zek dzieci\u0119cy PAX - baby pram\" data-src=\"assets\/images\/pax-fotelik-a-880x648.jpg\" \/><\/div>\n<div class=\"card-box\">\n<p class=\"mbr-text mbr-fonts-style align-center mbr-white display-5\"><span class=\"HwtZe\" lang=\"lt\"><span class=\"jCAhz ChMk0b\"><span class=\"ryNqvb\">Komplekte stogelis<\/span><\/span><span class=\"jCAhz ChMk0b\"><span class=\"ryNqvb\"> ir \u0161iltas koj\u0173 apdangalas<\/span><\/span><\/span><\/p>\n<\/div>\n<\/div>\n<\/div>\n<div class=\"card px-3 py-4 col-12 col-md-6 col-lg-4\">\n<div class=\"card-wrapper\">\n<div class=\"card-img\"><img decoding=\"async\" class=\"lazyload\" title=\"przek\u0142adane siedzisko spacer\u00f3wki PAX\" src=\"https:\/\/lonexcompany.com\/assets\/images\/pax-fotelik-b-880x648.jpg\" alt=\"w\u00f3zek dzieci\u0119cy PAX - baby pram\" data-src=\"assets\/images\/pax-fotelik-b-880x648.jpg\" \/><\/div>\n<div class=\"card-box\">\n<p class=\"mbr-text mbr-fonts-style align-center mbr-white display-5\"><span class=\"HwtZe\" lang=\"lt\"><span class=\"jCAhz ChMk0b\"><span class=\"ryNqvb\">Prijungiama adapteriu<\/span><\/span><\/span><\/p>\n<\/div>\n<\/div>\n<\/div>\n<\/div>\n<\/div>\n<\/section>\n<\/div>\n<\/div>\n<\/div>\n<\/div>\n<\/div>\n<\/section>\n<section id=\"extContent2-cg\" class=\"mbr-section ext\u0421ontent cid-rXXSIHJcRe\">\n<div class=\"container\">\n<div class=\"title col-12 col-md-12\"><\/div>\n<\/div>\n<\/section>\n<section id=\"features18-cj\" class=\"mbr-section features18 cid-rXXTxljNJ6\">\n<div class=\"container-fluid\">\n<h2 class=\"mbr-section-title align-left mbr-fonts-style mbr-bold mbr-white display-1\">Komplekte esantys aksesuarai<\/h2>\n<div class=\"row justify-content-center pt-5\">\n<div class=\"card px-3 py-4 col-12 col-md-6 col-lg-4\">\n<div class=\"card-wrapper\">\n<div class=\"card-img\"><img decoding=\"async\" class=\"lazyload\" title=\"pokrowiec na n\u00f3\u017cki\" src=\"https:\/\/lonexcompany.com\/assets\/images\/pax-kubek-880x648.jpg\" alt=\"w\u00f3zek dzieci\u0119cy PAX - baby pram\" data-src=\"assets\/images\/pax-kubek-880x648.jpg\" \/><\/div>\n<div class=\"card-box\">\n<p class=\"mbr-text mbr-fonts-style align-center mbr-white display-5\"><strong>Laikiklis g\u0117rimui<\/strong><\/p>\n<\/div>\n<\/div>\n<\/div>\n<div class=\"card px-3 py-4 col-12 col-md-6 col-lg-4\">\n<div class=\"card-wrapper\">\n<div class=\"card-img\"><img decoding=\"async\" class=\"lazyload\" title=\"przek\u0142adane siedzisko spacer\u00f3wki PAX\" src=\"https:\/\/lonexcompany.com\/assets\/images\/pax-torba-880x648.jpg\" alt=\"w\u00f3zek dzieci\u0119cy PAX - baby pram\" data-src=\"assets\/images\/pax-torba-880x648.jpg\" \/><\/div>\n<div class=\"card-box\">\n<p class=\"mbr-text mbr-fonts-style align-center mbr-white display-5\"><span class=\"HwtZe\" lang=\"lt\"><span class=\"jCAhz ChMk0b\"><span class=\"ryNqvb\">Modernus ir talpus krep\u0161ys\/kuprin\u0117<\/span><\/span> <span class=\"jCAhz ChMk0b\"><span class=\"ryNqvb\">pagaminta i\u0161 eko odos su magnetiniu u\u017esegimu<\/span><\/span><\/span><\/p>\n<\/div>\n<\/div>\n<\/div>\n<\/div>\n<\/div>\n<\/section>\n<section id=\"article6-iw\" class=\"mbr-section article content1 cid-syYle3QibG\">\n<div class=\"container\">\n<div class=\"media-container-row\">\n<div class=\"mbr-text col-12 col-md-8 mbr-fonts-style display-1\">\n<p class=\"\"><span class=\"HwtZe\" lang=\"lt\"><span class=\"jCAhz ChMk0b\"><span class=\"ryNqvb\">Pamatykite svarbiausias Lonex PAX savybes vaizdo \u012fra\u0161e:<\/span><\/span><\/span><\/p>\n<\/div>\n<\/div>\n<\/div>\n<\/section>\n<section id=\"image1-ix\" class=\"cid-syYleIBMmD\">\n<figure class=\"mbr-figure container\">\n<div class=\"image-block\"><a class=\"\" href=\"https:\/\/www.youtube.com\/watch?v=EtsBgBbuTnw\" target=\"_blank\" rel=\"noopener\"><img decoding=\"async\" class=\"lazyload\" title=\"\" src=\"https:\/\/lonexcompany.com\/assets\/images\/logo-yt-620x272.jpg\" alt=\"YT\" width=\"1400\" data-src=\"assets\/images\/logo-yt-620x272.jpg\" \/><\/a><\/div>\n<\/figure>\n<\/section>\n<section id=\"features18-ck\" class=\"mbr-section features18 cid-rXXTTsUlTX\">\n<div class=\"container-fluid\">\n<h2 class=\"mbr-section-title align-left mbr-fonts-style mbr-bold mbr-white display-1\">I\u0161matavimai<\/h2>\n<div class=\"row justify-content-center pt-5\">\n<div class=\"card px-3 py-4 col-12 col-md-6 col-lg-4\">\n<div class=\"card-wrapper\">\n<div class=\"card-img\"><img decoding=\"async\" class=\"lazyload\" title=\"pokrowiec na n\u00f3\u017cki\" src=\"https:\/\/lonexcompany.com\/assets\/images\/pax-wymiary-gondola-880x660.jpg\" alt=\"w\u00f3zek dzieci\u0119cy PAX - baby pram\" data-src=\"assets\/images\/pax-wymiary-gondola-880x660.jpg\" \/><\/div>\n<\/div>\n<\/div>\n<div class=\"card px-3 py-4 col-12 col-md-6 col-lg-4\">\n<div class=\"card-wrapper\">\n<div class=\"card-img\"><img decoding=\"async\" class=\"lazyload\" title=\"przek\u0142adane siedzisko spacer\u00f3wki PAX\" src=\"https:\/\/lonexcompany.com\/assets\/images\/pax-wymiary-rama-880x660.jpg\" alt=\"w\u00f3zek dzieci\u0119cy PAX - baby pram\" data-src=\"assets\/images\/pax-wymiary-rama-880x660.jpg\" \/><\/div>\n<\/div>\n<\/div>\n<\/div>\n<\/div>\n<\/section>\n<section id=\"features18-cl\" class=\"mbr-section features18 cid-rXXU8sARd1\">\n<div class=\"container-fluid\">\n<div class=\"row justify-content-center pt-5\">\n<div class=\"card px-3 py-4 col-12 col-md-6 col-lg-4\">\n<div class=\"card-wrapper\">\n<div class=\"card-img\"><img decoding=\"async\" class=\"lazyload\" title=\"pokrowiec na n\u00f3\u017cki\" src=\"https:\/\/lonexcompany.com\/assets\/images\/pax-wysokosc-szerokosc-880x660.jpg\" alt=\"w\u00f3zek dzieci\u0119cy PAX - baby pram\" data-src=\"assets\/images\/pax-wysokosc-szerokosc-880x660.jpg\" \/><\/div>\n<\/div>\n<\/div>\n<div class=\"card px-3 py-4 col-12 col-md-6 col-lg-4\">\n<div class=\"card-wrapper\">\n<div class=\"card-img\"><img decoding=\"async\" class=\"lazyload\" title=\"przek\u0142adane siedzisko spacer\u00f3wki PAX\" src=\"https:\/\/lonexcompany.com\/assets\/images\/pax-spacerowka-waga-880x660.jpg\" alt=\"w\u00f3zek dzieci\u0119cy PAX - baby pram\" data-src=\"assets\/images\/pax-spacerowka-waga-880x660.jpg\" \/><\/div>\n<\/div>\n<\/div>\n<\/div>\n<\/div>\n<\/section>\n<section id=\"article6-cm\" class=\"mbr-section article content1 cid-rXXUl3kJVB\">\n<div class=\"container\">\n<div class=\"media-container-row\">\n<div class=\"mbr-text col-12 col-md-8 mbr-fonts-style display-7\">\n<p class=\"\">*svoris su ratukais<\/p>\n<\/div>\n<\/div>\n<\/div>\n<\/section>\n<section id=\"extGallery2-cn\" class=\"mbr-gallery mbr-slider-carousel extGallery cid-rXXUo0tGze\">\n<div class=\"container\">\n<div class=\"row justify-content-center\">\n<div class=\"col-sm-10\">\n<h2 class=\"mbr-section-title mbr-fonts-style align-center display-1\">I\u0161sirinkit spalv\u0105<\/h2>\n<\/div>\n<\/div>\n<\/div>\n<div>\n<div class=\"pt-5\">\n<div class=\"mbr-gallery-row\">\n<div class=\"mbr-gallery-layout-default\">\n<div>\n<div>\n<div class=\"mbr-gallery-item mbr-gallery-item--p1\" data-video-url=\"false\" data-tags=\"Niesamowite\">\n<div data-slide-to=\"0\" data-bs-slide-to=\"0\" data-toggle=\"modal\" data-bs-toggle=\"modal\"><img decoding=\"async\" class=\"lazyload\" title=\"kolor 01 silver dust\" src=\"https:\/\/lonexcompany.com\/assets\/images\/pax-01-silver-dust-1900x1400-800x589.jpg\" alt=\"w\u00f3zek dzieci\u0119cy PAX - baby pram\" data-src=\"assets\/images\/pax-01-silver-dust-1900x1400-800x589.jpg\" \/><\/div>\n<\/div>\n<div class=\"mbr-gallery-item mbr-gallery-item--p1\" data-video-url=\"false\" data-tags=\"Niesamowite\">\n<div data-slide-to=\"1\" data-bs-slide-to=\"1\" data-toggle=\"modal\" data-bs-toggle=\"modal\"><img decoding=\"async\" class=\"lazyload\" title=\"kolor 02 waves\" src=\"https:\/\/lonexcompany.com\/assets\/images\/pax-02-waves-1900x1400-800x589.jpg\" alt=\"w\u00f3zek dzieci\u0119cy PAX - baby pram\" data-src=\"assets\/images\/pax-02-waves-1900x1400-800x589.jpg\" \/><\/div>\n<\/div>\n<div class=\"mbr-gallery-item mbr-gallery-item--p1\" data-video-url=\"false\" data-tags=\"Niesamowite\">\n<div data-slide-to=\"2\" data-bs-slide-to=\"2\" data-toggle=\"modal\" data-bs-toggle=\"modal\"><img decoding=\"async\" class=\"lazyload\" title=\"kolor 03 black pearl\" src=\"https:\/\/lonexcompany.com\/assets\/images\/pax-03-black-pearl-1900x1400-800x589.jpg\" alt=\"w\u00f3zek dzieci\u0119cy PAX - baby pram\" data-src=\"assets\/images\/pax-03-black-pearl-1900x1400-800x589.jpg\" \/><\/div>\n<\/div>\n<div class=\"mbr-gallery-item mbr-gallery-item--p1\" data-video-url=\"false\" data-tags=\"Niesamowite\">\n<div data-slide-to=\"3\" data-bs-slide-to=\"3\" data-toggle=\"modal\" data-bs-toggle=\"modal\"><img decoding=\"async\" class=\"lazyload\" title=\"kolor 04 rose\" src=\"https:\/\/lonexcompany.com\/assets\/images\/pax-04-rose-1-1900x1400-800x589.jpg\" alt=\"w\u00f3zek dzieci\u0119cy PAX - baby pram\" data-src=\"assets\/images\/pax-04-rose-1-1900x1400-800x589.jpg\" \/><\/div>\n<\/div>\n<div class=\"mbr-gallery-item mbr-gallery-item--p1\" data-video-url=\"false\" data-tags=\"Niesamowite\">\n<div data-slide-to=\"4\" data-bs-slide-to=\"4\" data-toggle=\"modal\" data-bs-toggle=\"modal\"><img decoding=\"async\" class=\"lazyload\" title=\"\" src=\"https:\/\/lonexcompany.com\/assets\/images\/pax-05-deep-green-1900x1400-800x589.jpg\" alt=\"\" data-src=\"assets\/images\/pax-05-deep-green-1900x1400-800x589.jpg\" \/><\/div>\n<\/div>\n<\/div>\n<\/div>\n<div class=\"clearfix\"><\/div>\n<\/div>\n<\/div>\n<\/div>\n<\/div>\n<\/section>\n<section id=\"footer6-c5\" class=\"cid-rXXPuFJS72\">\n<div class=\"container\">\n<div class=\"row justify-content-center align-center\">\n<div class=\"col-md-4 list-column\">\n<div class=\"mbr-list counter-container mbr-fonts-style display-4\">\n<ul>\n<li class=\"\"><\/li>\n<\/ul>\n<\/div>\n<\/div>\n<\/div>\n<\/div>\n<\/section>\n<p>&nbsp;<\/p>","protected":false},"excerpt":{"rendered":"<p>W\u00f3zek dzieci\u00eacy Lonex PAX<\/p>","protected":false},"featured_media":11074,"template":"","meta":[],"product_cat":[219],"product_tag":[],"acf":[],"_links":{"self":[{"href":"https:\/\/lonexvezimeliai.eu\/en\/wp-json\/wp\/v2\/product\/10631"}],"collection":[{"href":"https:\/\/lonexvezimeliai.eu\/en\/wp-json\/wp\/v2\/product"}],"about":[{"href":"https:\/\/lonexvezimeliai.eu\/en\/wp-json\/wp\/v2\/types\/product"}],"wp:featuredmedia":[{"embeddable":true,"href":"https:\/\/lonexvezimeliai.eu\/en\/wp-json\/wp\/v2\/media\/11074"}],"wp:attachment":[{"href":"https:\/\/lonexvezimeliai.eu\/en\/wp-json\/wp\/v2\/media?parent=10631"}],"wp:term":[{"taxonomy":"product_cat","embeddable":true,"href":"https:\/\/lonexvezimeliai.eu\/en\/wp-json\/wp\/v2\/product_cat?post=10631"},{"taxonomy":"product_tag","embeddable":true,"href":"https:\/\/lonexvezimeliai.eu\/en\/wp-json\/wp\/v2\/product_tag?post=10631"}],"curies":[{"name":"wp","href":"https:\/\/api.w.org\/{rel}","templated":true}]}}