{"id":10612,"date":"2023-03-13T19:50:56","date_gmt":"2023-03-13T19:50:56","guid":{"rendered":"https:\/\/lonexvezimeliai.eu\/?product=wozek-dzieciecy-lonex-pax-eko"},"modified":"2023-04-02T13:23:00","modified_gmt":"2023-04-02T13:23:00","slug":"wozek-dzieciecy-lonex-pax-eko","status":"publish","type":"product","link":"https:\/\/lonexvezimeliai.eu\/en\/product\/wozek-dzieciecy-lonex-pax-eko\/","title":{"rendered":"Stroller Lonex PAX EKO 2in1 and 3in1"},"content":{"rendered":"<div class=\"opis\">\n<div>\n<p><span class=\"HwtZe\" lang=\"lt\"><span class=\"jCAhz ChMk0b\"><span class=\"ryNqvb\">K\u016bdiki\u0173 ve\u017eim\u0117lis LONEX PAX EKO yra naujausias produktas Lenkijos vaiki\u0161k\u0173 ve\u017eim\u0117li\u0173 gamintojo LONEX pasi\u016bloje.<\/span><\/span> <span class=\"jCAhz ChMk0b\"><span class=\"ryNqvb\">Pagaminta itin kruop\u0161\u010diai, naudojant geriausias med\u017eiagas (auk\u0161tos kokyb\u0117s ekologin\u0119 od\u0105), dekoruot\u0105 unikaliais reljefiniais ra\u0161tais.<\/span><\/span> <span class=\"jCAhz ChMk0b\"><span class=\"ryNqvb\">LONEX PAX EKO ve\u017eim\u0117lis apr\u016bpintas geliniais ratukais ir reguliuojama amortizacija, leid\u017eian\u010dia juo naudotis bet kokiomis reljefo s\u0105lygomis.<\/span><\/span> <span class=\"jCAhz ChMk0b\"><span class=\"ryNqvb\">Pirkdami LONEX PAX EKO 2-in-1 ve\u017eim\u0117l\u012f gausite:<\/span><\/span> <span class=\"jCAhz ChMk0b\"><span class=\"ryNqvb\">lengvas aliuminio r\u0117mas;<\/span><\/span> lop\u0161ys<span class=\"jCAhz ChMk0b\"><span class=\"ryNqvb\">;<\/span><\/span> <span class=\"jCAhz ChMk0b\"><span class=\"ryNqvb\">ve\u017eim\u0117lis;<\/span><\/span> <span class=\"jCAhz ChMk0b\"><span class=\"ryNqvb\">geliniai ratai (priekiniai ratai su blokada va\u017eiuoti tiesiai);<\/span><\/span> <span class=\"jCAhz ChMk0b\"><span class=\"ryNqvb\">reguliuojamas amortizatorius;<\/span><\/span> <span class=\"jCAhz ChMk0b\"><span class=\"ryNqvb\">krep\u0161ys su kuprin\u0117s funkcija;<\/span><\/span> <span class=\"jCAhz ChMk0b\"><span class=\"ryNqvb\">puodelio laikiklis;<\/span><\/span> <span class=\"jCAhz ChMk0b\"><span class=\"ryNqvb\">pirkini\u0173 krep\u0161ys;<\/span><\/span> <span class=\"jCAhz ChMk0b\"><span class=\"ryNqvb\">nuimama kr\u016btin\u0117;<\/span><\/span> lop\u0161io<span class=\"jCAhz ChMk0b\"><span class=\"ryNqvb\"> dangtis;<\/span><\/span> <span class=\"jCAhz ChMk0b\"><span class=\"ryNqvb\">tinklas nuo uod\u0173<\/span><\/span> <span class=\"jCAhz ChMk0b\"><span class=\"ryNqvb\">skydelis nuo saul\u0117s;<\/span><\/span> <span class=\"jCAhz ChMk0b\"><span class=\"ryNqvb\">sulankstomas stogelis su ventiliacija;<\/span><\/span> lop\u0161io<span class=\"jCAhz ChMk0b\"><span class=\"ryNqvb\"> u\u017epildymas medvilne;<\/span><\/span> <span class=\"jCAhz ChMk0b\"><span class=\"ryNqvb\">sistema, skirta tvirtinti ir lop\u0161\u012f, ir ve\u017eim\u0117l\u012f atgal arba pirmyn pagal va\u017eiavimo krypt\u012f;<\/span><\/span> <span class=\"jCAhz ChMk0b\"><span class=\"ryNqvb\">pakeliamas lop\u0161io stogas;<\/span><\/span> <span class=\"jCAhz ChMk0b\"><span class=\"ryNqvb\">reguliuojama rankena;<\/span><\/span>\u00a0<span class=\"jCAhz ChMk0b\"><span class=\"ryNqvb\">2 met\u0173 garantija<\/span><\/span><\/span><\/p>\n<section id=\"extContent2-cv\" class=\"mbr-section ext\u0421ontent cid-rYke0ZnyuO\">\n<div class=\"container\">\n<div class=\"media-container-row mt-4\">\n<div class=\"article article-right-border mb-4 col-sm-12 col-md-6\">\n<p class=\"mbr-text-left align-right mbr-fonts-style display-5\"><span class=\"HwtZe\" lang=\"lt\"><span class=\"jCAhz ChMk0b\"><span class=\"ryNqvb\">Auk\u0161\u010diausios kokyb\u0117s apsaugin\u0117 medviln\u0117<\/span><\/span> <span class=\"jCAhz ChMk0b\"><span class=\"ryNqvb\">neleis dr\u0117gmei kauptis<br \/>\n<\/span><\/span><\/span><\/p>\n<\/div>\n<div class=\"article mb-4 col-sm-12 col-md-6\">\n<p class=\"mbr-text-right mbr-fonts-style align-left display-5\"><span class=\"HwtZe\" lang=\"lt\"><span class=\"jCAhz ChMk0b\"><span class=\"ryNqvb\">\u012ed\u0117klas, u\u017etikrinantis oro cirkuliacij\u0105, \u0161velnus j\u016bs\u0173 k\u016bdikiui<\/span><\/span><\/span><\/p>\n<\/div>\n<\/div>\n<\/div>\n<\/section>\n<section id=\"image1-cw\" class=\"cid-rYke121fGh\">\n<figure class=\"mbr-figure container\">\n<div class=\"image-block\"><img decoding=\"async\" class=\"lazyload\" title=\"Gondola PAX\" src=\"https:\/\/lonexcompany.com\/assets\/images\/pax-eko-opis-02-pl-1598x1177.jpg\" alt=\"w\u00f3zek dzieci\u0119cy PAX - baby pram\" width=\"1400\" data-src=\"assets\/images\/pax-eko-opis-02-pl-1598x1177.jpg\" \/><\/div>\n<\/figure>\n<\/section>\n<section id=\"article6-cx\" class=\"mbr-section article content1 cid-rYke13ECTt\">\n<div class=\"container\">\n<div class=\"media-container-row\">\n<div class=\"mbr-text col-12 col-md-8 mbr-fonts-style display-5\">\n<div>I\u0161matavimai<\/div>\n<div><\/div>\n<div>Vidinis ilgis <strong>78 cm<\/strong>, plotis <strong>38 cm<\/strong>, auk\u0161tis <strong>20 cm<\/strong><\/div>\n<div><\/div>\n<\/div>\n<\/div>\n<\/div>\n<\/section>\n<section id=\"image1-cy\" class=\"cid-rYke14Rakg\">\n<figure class=\"mbr-figure container\">\n<div class=\"image-block\"><img decoding=\"async\" class=\"lazyload\" title=\"Ekosk\u00f3ra PAX EKO\" src=\"https:\/\/lonexcompany.com\/assets\/images\/pax-eko-opis-01-pl-1598x1177.jpg\" alt=\"w\u00f3zek dzieci\u0119cy PAX - baby pram\" width=\"1400\" data-src=\"assets\/images\/pax-eko-opis-01-pl-1598x1177.jpg\" \/><\/div>\n<\/figure>\n<\/section>\n<section id=\"features18-cz\" class=\"mbr-section features18 cid-rYke16x1HS\">\n<div class=\"container-fluid\">\n<div class=\"row justify-content-center pt-5\">\n<div class=\"card px-3 py-4 col-12 col-md-6 col-lg-4\">\n<div class=\"card-wrapper\">\n<div class=\"card-img\"><img decoding=\"async\" class=\"lazyload\" title=\"moskitiera\" src=\"https:\/\/lonexcompany.com\/assets\/images\/pax-eko-2021-bok-moskitiera-880x587.jpg\" alt=\"w\u00f3zek dzieci\u0119cy PAX - baby pram\" data-src=\"assets\/images\/pax-eko-2021-bok-moskitiera-880x587.jpg\" \/><\/div>\n<div class=\"card-box\">\n<p class=\"mbr-text mbr-fonts-style align-center mbr-white display-5\"><span class=\"HwtZe\" lang=\"lt\"><span class=\"jCAhz ChMk0b\"><span class=\"ryNqvb\">Puikiai suderintas<\/span><\/span> <span class=\"jCAhz ChMk0b\"><span class=\"ryNqvb\">i\u0161traukiamas tinklelis nuo uod\u0173<\/span><\/span> <span class=\"jCAhz ChMk0b\"><span class=\"ryNqvb\"><br \/>\n<\/span><\/span><\/span><\/p>\n<\/div>\n<\/div>\n<\/div>\n<div class=\"card px-3 py-4 col-12 col-md-6 col-lg-4\">\n<div class=\"card-wrapper\">\n<div class=\"card-img\"><img decoding=\"async\" class=\"lazyload\" title=\"wntylacja gondoli PAX\" src=\"https:\/\/lonexcompany.com\/assets\/images\/pax-eko-2021-gondola-880x587.jpg\" alt=\"w\u00f3zek dzieci\u0119cy PAX - baby pram\" data-src=\"assets\/images\/pax-eko-2021-gondola-880x587.jpg\" \/><\/div>\n<div class=\"card-box\">\n<p class=\"mbr-text mbr-fonts-style align-center mbr-white display-5\"><span class=\"HwtZe\" lang=\"lt\"><span class=\"jCAhz ChMk0b\"><span class=\"ryNqvb\">Papildoma ventiliacija lop\u0161yje<\/span><\/span><span class=\"jCAhz ChMk0b\"><span class=\"ryNqvb\"> u\u017etikrina maksimali\u0105 oro cirkuliacij\u0105<\/span><\/span><\/span><\/p>\n<\/div>\n<\/div>\n<\/div>\n<div class=\"card px-3 py-4 col-12 col-md-6 col-lg-4\">\n<div class=\"card-wrapper\">\n<div class=\"card-img\"><img decoding=\"async\" class=\"lazyload\" title=\"sk\u0142adnaie ramy PAX\" src=\"https:\/\/lonexcompany.com\/assets\/images\/pax-eko-2021-skladanie-ramy-880x587.jpg\" alt=\"w\u00f3zek dzieci\u0119cy PAX - baby pram\" data-src=\"assets\/images\/pax-eko-2021-skladanie-ramy-880x587.jpg\" \/><\/div>\n<div class=\"card-box\">\n<p class=\"mbr-text mbr-fonts-style align-center mbr-white display-5\"><span class=\"HwtZe\" lang=\"lt\"><span class=\"jCAhz ChMk0b\"><span class=\"ryNqvb\">Kompakti\u0161kai sulankstomas<\/span><\/span> <span class=\"jCAhz ChMk0b\"><span class=\"ryNqvb\">r\u0117mas su apsauga<\/span><\/span> <span class=\"jCAhz ChMk0b\"><span class=\"ryNqvb\">prie\u0161 i\u0161siskleid\u017eiant<\/span><\/span><\/span><\/p>\n<\/div>\n<\/div>\n<\/div>\n<\/div>\n<\/div>\n<\/section>\n<section id=\"extContent2-d0\" class=\"mbr-section ext\u0421ontent cid-rYke19w3Rz\">\n<div class=\"container\">\n<div class=\"title col-12 col-md-12\">\n<h2 class=\"align-center mbr-fonts-style pb-5 display-1\">Lengvas pasivaik\u0161\u010diojimas<\/h2>\n<\/div>\n<div class=\"media-container-row mt-4\">\n<div class=\"article article-right-border mb-4 col-sm-12 col-md-6\">\n<p class=\"mbr-text-left align-right mbr-fonts-style display-5\"><span class=\"HwtZe\" lang=\"lt\"><span class=\"jCAhz ChMk0b\"><span class=\"ryNqvb\">Nuimamas, \u0161velnus<\/span><\/span> <span class=\"jCAhz ChMk0b\"><span class=\"ryNqvb\">vidpadis<br \/>\n<\/span><\/span><\/span><\/p>\n<\/div>\n<div class=\"article mb-4 col-sm-12 col-md-6\">\n<p class=\"mbr-text-right mbr-fonts-style align-left display-5\"><strong><span class=\"HwtZe\" lang=\"lt\"><span class=\"jCAhz ChMk0b\"><span class=\"ryNqvb\">Gilus stogelis, apsaugantis nuo UV spinduli\u0173<\/span><\/span><\/span> <\/strong><\/p>\n<\/div>\n<\/div>\n<\/div>\n<\/section>\n<section id=\"image1-d1\" class=\"cid-rYke1eb13R\">\n<figure class=\"mbr-figure container\">\n<div class=\"image-block\"><img decoding=\"async\" class=\"lazyload\" title=\"wersja spacerowa\" src=\"https:\/\/lonexcompany.com\/assets\/images\/pax-eko-opis-03-pl-1598x1177.jpg\" alt=\"w\u00f3zek dzieci\u0119cy PAX - baby pram\" width=\"1400\" data-src=\"assets\/images\/pax-eko-opis-03-pl-1598x1177.jpg\" \/><\/div>\n<\/figure>\n<\/section>\n<section id=\"features18-d2\" class=\"mbr-section features18 cid-rYke1nbZ3U\">\n<div class=\"container-fluid\">\n<div class=\"row justify-content-center pt-5\">\n<div class=\"card px-3 py-4 col-12 col-md-6 col-lg-4\">\n<div class=\"card-wrapper\">\n<div class=\"card-img\"><img decoding=\"async\" class=\"lazyload\" title=\"pokrowiec na n\u00f3\u017cki\" src=\"https:\/\/lonexcompany.com\/assets\/images\/pax-eko-2021-spacerowka-a-880x587.jpg\" alt=\"w\u00f3zek dzieci\u0119cy PAX - baby pram\" data-src=\"assets\/images\/pax-eko-2021-spacerowka-a-880x587.jpg\" \/><\/div>\n<div class=\"card-box\">\n<p class=\"mbr-text mbr-fonts-style align-center mbr-white display-5\"><span class=\"HwtZe\" lang=\"lt\"><span class=\"jCAhz ChMk0b\"><span class=\"ryNqvb\">\u0160iltas u\u017evalkalas, dengiantis kojas<\/span><\/span> <span class=\"jCAhz ChMk0b\"><span class=\"ryNqvb\">pagamintas i\u0161 auk\u0161tos kokyb\u0117s eko odos<\/span><\/span><\/span><\/p>\n<\/div>\n<\/div>\n<\/div>\n<div class=\"card px-3 py-4 col-12 col-md-6 col-lg-4\">\n<div class=\"card-wrapper\">\n<div class=\"card-img\"><img decoding=\"async\" class=\"lazyload\" title=\"przek\u0142adane siedzisko spacer\u00f3wki PAX\" src=\"https:\/\/lonexcompany.com\/assets\/images\/pax-eko-2021-spacerowka-e-880x587.jpg\" alt=\"w\u00f3zek dzieci\u0119cy PAX - baby pram\" data-src=\"assets\/images\/pax-eko-2021-spacerowka-e-880x587.jpg\" \/><\/div>\n<div class=\"card-box\">\n<p class=\"mbr-text mbr-fonts-style align-center mbr-white display-5\"><span class=\"HwtZe\" lang=\"lt\"><span class=\"jCAhz ChMk0b\"><span class=\"ryNqvb\">Momentin\u0117 sistema<\/span><\/span>\u00a0<span class=\"jCAhz ChMk0b\"><span class=\"ryNqvb\"> priekis\/galas<\/span><\/span><\/span><\/p>\n<\/div>\n<\/div>\n<\/div>\n<div class=\"card px-3 py-4 col-12 col-md-6 col-lg-4\">\n<div class=\"card-wrapper\">\n<div class=\"card-img\"><img decoding=\"async\" class=\"lazyload\" title=\"pozycja do spania PAX\" src=\"https:\/\/lonexcompany.com\/assets\/images\/pax-eko-2021-spacerowka-d-880x587.jpg\" alt=\"w\u00f3zek dzieci\u0119cy PAX - baby pram\" data-src=\"assets\/images\/pax-eko-2021-spacerowka-d-880x587.jpg\" \/><\/div>\n<div class=\"card-box\">\n<p class=\"mbr-text mbr-fonts-style align-center mbr-white display-5\"><span class=\"HwtZe\" lang=\"lt\"><span class=\"jCAhz ChMk0b\"><span class=\"ryNqvb\">miego pad\u0117tis maksimaliam komfortui<\/span><\/span><\/span><\/p>\n<\/div>\n<\/div>\n<\/div>\n<\/div>\n<\/div>\n<\/section>\n<section id=\"extContent2-d3\" class=\"mbr-section ext\u0421ontent cid-rYke1oMDNu\">\n<div class=\"container\">\n<div class=\"title col-12 col-md-12\">\n<h2 class=\"align-center mbr-fonts-style pb-5 display-1\">Saugi k\u0117dut\u0117<\/h2>\n<\/div>\n<div class=\"media-container-row mt-4\">\n<div class=\"article article-right-border mb-4 col-sm-12 col-md-6\">\n<p class=\"mbr-text-left align-right mbr-fonts-style display-5\"><span class=\"HwtZe\" lang=\"lt\"><span class=\"jCAhz ChMk0b\"><span class=\"ryNqvb\">Kite+ \u2013 tai k\u0117dut\u0117, u\u017etikrinanti maksimal\u0173 saugum\u0105 nuo pirm\u0173j\u0173 vaiko gyvenimo dien\u0173<\/span><\/span><\/span><\/p>\n<\/div>\n<div class=\"article mb-4 col-sm-12 col-md-6\">\n<p class=\"mbr-text-right mbr-fonts-style align-left display-5\"><span class=\"HwtZe\" lang=\"lt\"><span class=\"jCAhz ChMk0b\"><span class=\"ryNqvb\">2 montavimo tipai: tvirtinimas prie ISOFIX pagrindo (parinktis keturi viename pagrinde u\u017e papildom\u0105 mokest\u012f) arba automobilio dir\u017eu<\/span><\/span><\/span><\/p>\n<\/div>\n<\/div>\n<\/div>\n<\/section>\n<section id=\"image1-d4\" class=\"cid-rYke1pWCEY\">\n<figure class=\"mbr-figure container\">\n<div class=\"image-block\"><img decoding=\"async\" class=\"lazyload\" title=\"fotelik PAX\" src=\"https:\/\/lonexcompany.com\/assets\/images\/pax-fotel-kite-1598x1177.jpg\" alt=\"w\u00f3zek dzieci\u0119cy PAX - baby pram\" width=\"1400\" data-src=\"assets\/images\/pax-fotel-kite-1598x1177.jpg\" \/><\/div>\n<\/figure>\n<\/section>\n<section id=\"features18-d5\" class=\"mbr-section features18 cid-rYke1r6E0l\">\n<div class=\"container-fluid\">\n<div class=\"row justify-content-center pt-5\">\n<div class=\"card px-3 py-4 col-12 col-md-6 col-lg-4\">\n<div class=\"card-wrapper\">\n<div class=\"card-img\"><img decoding=\"async\" class=\"lazyload\" title=\"pokrowiec na n\u00f3\u017cki\" src=\"https:\/\/lonexcompany.com\/assets\/images\/pax-fotelik-a-880x648.jpg\" alt=\"w\u00f3zek dzieci\u0119cy PAX - baby pram\" data-src=\"assets\/images\/pax-fotelik-a-880x648.jpg\" \/><\/div>\n<div class=\"card-box\">\n<p class=\"mbr-text mbr-fonts-style align-center mbr-white display-5\"><span class=\"HwtZe\" lang=\"lt\"><span class=\"jCAhz ChMk0b\"><span class=\"ryNqvb\">Komplekte gauptas<\/span><\/span><span class=\"jCAhz ChMk0b\"><span class=\"ryNqvb\"> ir \u0161iltas koj\u0173 apdangalas<\/span><\/span><\/span><\/p>\n<\/div>\n<\/div>\n<\/div>\n<div class=\"card px-3 py-4 col-12 col-md-6 col-lg-4\">\n<div class=\"card-wrapper\">\n<div class=\"card-img\"><img decoding=\"async\" class=\"lazyload\" title=\"adaptery do fotelika PAX\" src=\"https:\/\/lonexcompany.com\/assets\/images\/pax-fotelik-b-880x648.jpg\" alt=\"w\u00f3zek dzieci\u0119cy PAX - baby pram\" data-src=\"assets\/images\/pax-fotelik-b-880x648.jpg\" \/><\/div>\n<div class=\"card-box\">\n<p class=\"mbr-text mbr-fonts-style align-center mbr-white display-5\"><span class=\"HwtZe\" lang=\"lt\"><span class=\"jCAhz ChMk0b\"><span class=\"ryNqvb\">Prijungiami adapteriai<\/span><\/span> <span class=\"jCAhz ChMk0b\"><span class=\"ryNqvb\">Standartin\u0117 r\u0117mo s\u0117dyn\u0117<\/span><\/span><\/span><\/p>\n<\/div>\n<\/div>\n<\/div>\n<\/div>\n<\/div>\n<\/section>\n<section id=\"features18-d6\" class=\"mbr-section features18 cid-rYke1sLqkh\">\n<div class=\"container-fluid\">\n<h2 class=\"mbr-section-title align-left mbr-fonts-style mbr-bold mbr-white display-1\">Komplekte aksesuarai<\/h2>\n<div class=\"row justify-content-center pt-5\">\n<div class=\"card px-3 py-4 col-12 col-md-6 col-lg-4\">\n<div class=\"card-wrapper\">\n<div class=\"card-img\"><img decoding=\"async\" class=\"lazyload\" title=\"uchwyt na butelk\u0119\" src=\"https:\/\/lonexcompany.com\/assets\/images\/pax-eko-2021-kubek-880x587.jpg\" alt=\"w\u00f3zek dzieci\u0119cy PAX - baby pram\" data-src=\"assets\/images\/pax-eko-2021-kubek-880x587.jpg\" \/><\/div>\n<div class=\"card-box\">\n<p class=\"mbr-text mbr-fonts-style align-center mbr-white display-5\"><strong>D\u0117kliukas g\u0117rimui<br \/>\n<\/strong><\/p>\n<\/div>\n<\/div>\n<\/div>\n<div class=\"card px-3 py-4 col-12 col-md-6 col-lg-4\">\n<div class=\"card-wrapper\">\n<div class=\"card-img\"><img decoding=\"async\" class=\"lazyload\" title=\"torba w zestawie\" src=\"https:\/\/lonexcompany.com\/assets\/images\/pax-eko-2021-torba-880x587.jpg\" alt=\"w\u00f3zek dzieci\u0119cy PAX - baby pram\" data-src=\"assets\/images\/pax-eko-2021-torba-880x587.jpg\" \/><\/div>\n<div class=\"card-box\">\n<p class=\"mbr-text mbr-fonts-style align-center mbr-white display-5\"><span class=\"HwtZe\" lang=\"lt\"><span class=\"jCAhz ChMk0b\"><span class=\"ryNqvb\">Modernus ir talpus krep\u0161ys\/kuprin\u0117<\/span><\/span> <span class=\"jCAhz ChMk0b\"><span class=\"ryNqvb\">pagaminta i\u0161 eko odos su magnetiniu u\u017esegimu<\/span><\/span><\/span><\/p>\n<\/div>\n<\/div>\n<\/div>\n<div class=\"card px-3 py-4 col-12 col-md-6 col-lg-4\">\n<div class=\"card-wrapper\">\n<div class=\"card-img\"><img decoding=\"async\" class=\"lazyload\" title=\"pozycja do spania PAX\" src=\"https:\/\/lonexcompany.com\/assets\/images\/pax-eko-2021-wyciagany-kosz-569x379.jpg\" alt=\"w\u00f3zek dzieci\u0119cy PAX - baby pram\" data-src=\"assets\/images\/pax-eko-2021-wyciagany-kosz-569x379.jpg\" \/><\/div>\n<div class=\"card-box\">\n<p class=\"mbr-text mbr-fonts-style align-center mbr-white display-5\"><span class=\"HwtZe\" lang=\"lt\"><span class=\"jCAhz ChMk0b\"><span class=\"ryNqvb\">Nuimamas ir u\u017esegamas u\u017etrauktuku<\/span><\/span> <span class=\"jCAhz ChMk0b\"><span class=\"ryNqvb\">Ekologin\u0117s odos pirkini\u0173 krep\u0161elis<\/span><\/span><\/span><\/p>\n<\/div>\n<\/div>\n<\/div>\n<\/div>\n<\/div>\n<\/section>\n<section id=\"article6-ir\" class=\"mbr-section article content1 cid-syYkjghGGu\">\n<div class=\"container\">\n<div class=\"media-container-row\">\n<div class=\"mbr-text col-12 col-md-8 mbr-fonts-style display-1\">\n<p class=\"\"><span class=\"HwtZe\" lang=\"lt\"><span class=\"jCAhz ChMk0b\"><span class=\"ryNqvb\">Pamatykite svarbiausias Lonex PAX savybes vaizdo \u012fra\u0161e:<\/span><\/span><\/span><\/p>\n<\/div>\n<\/div>\n<\/div>\n<\/section>\n<section id=\"image1-iq\" class=\"cid-syYka6pL72\">\n<figure class=\"mbr-figure container\">\n<div class=\"image-block\"><a class=\"\" href=\"https:\/\/www.youtube.com\/watch?v=EtsBgBbuTnw\" target=\"_blank\" rel=\"noopener\"><img decoding=\"async\" class=\"lazyload\" title=\"\" src=\"https:\/\/lonexcompany.com\/assets\/images\/logo-yt-620x272.jpg\" alt=\"YT\" width=\"1400\" data-src=\"assets\/images\/logo-yt-620x272.jpg\" \/><\/a><\/div>\n<\/figure>\n<\/section>\n<section id=\"features18-d7\" class=\"mbr-section features18 cid-rYke1uSfBv\">\n<div class=\"container-fluid\">\n<h2 class=\"mbr-section-title align-left mbr-fonts-style mbr-bold mbr-white display-1\">I\u0161matavimai ir svoris<\/h2>\n<div class=\"row justify-content-center pt-5\">\n<div class=\"card px-3 py-4 col-12 col-md-6 col-lg-4\">\n<div class=\"card-wrapper\">\n<div class=\"card-img\"><img decoding=\"async\" class=\"lazyload\" title=\"wymiar w\u00f3zka PAX \" src=\"https:\/\/lonexcompany.com\/assets\/images\/pax-wymiary-gondola-880x660.jpg\" alt=\"w\u00f3zek dzieci\u0119cy PAX - baby pram\" data-src=\"assets\/images\/pax-wymiary-gondola-880x660.jpg\" \/><\/div>\n<\/div>\n<\/div>\n<div class=\"card px-3 py-4 col-12 col-md-6 col-lg-4\">\n<div class=\"card-wrapper\">\n<div class=\"card-img\"><img decoding=\"async\" class=\"lazyload\" title=\"wymiar w\u00f3zka PAX \" src=\"https:\/\/lonexcompany.com\/assets\/images\/pax-wymiary-rama-880x660.jpg\" alt=\"w\u00f3zek dzieci\u0119cy PAX - baby pram\" data-src=\"assets\/images\/pax-wymiary-rama-880x660.jpg\" \/><\/div>\n<\/div>\n<\/div>\n<\/div>\n<\/div>\n<\/section>\n<section id=\"features18-d8\" class=\"mbr-section features18 cid-rYke1x2rH5\">\n<div class=\"container-fluid\">\n<div class=\"row justify-content-center pt-5\">\n<div class=\"card px-3 py-4 col-12 col-md-6 col-lg-4\">\n<div class=\"card-wrapper\">\n<div class=\"card-img\"><img decoding=\"async\" class=\"lazyload\" title=\"wymiar w\u00f3zka PAX \" src=\"https:\/\/lonexcompany.com\/assets\/images\/pax-wysokosc-szerokosc-880x660.jpg\" alt=\"w\u00f3zek dzieci\u0119cy PAX - baby pram\" data-src=\"assets\/images\/pax-wysokosc-szerokosc-880x660.jpg\" \/><\/div>\n<\/div>\n<\/div>\n<div class=\"card px-3 py-4 col-12 col-md-6 col-lg-4\">\n<div class=\"card-wrapper\">\n<div class=\"card-img\"><img decoding=\"async\" class=\"lazyload\" title=\"wymiar w\u00f3zka PAX \" src=\"https:\/\/lonexcompany.com\/assets\/images\/pax-spacerowka-waga-880x660.jpg\" alt=\"w\u00f3zek dzieci\u0119cy PAX - baby pram\" data-src=\"assets\/images\/pax-spacerowka-waga-880x660.jpg\" \/><\/div>\n<\/div>\n<\/div>\n<\/div>\n<\/div>\n<\/section>\n<section id=\"article6-d9\" class=\"mbr-section article content1 cid-rYke1yLeI2\">\n<div class=\"container\">\n<div class=\"media-container-row\">\n<div class=\"mbr-text col-12 col-md-8 mbr-fonts-style display-7\">\n<p class=\"\">*svoris kartu su ratais<\/p>\n<\/div>\n<\/div>\n<\/div>\n<\/section>\n<section id=\"extGallery2-hp\" class=\"mbr-gallery mbr-slider-carousel extGallery cid-snEY12jHhl\">\n<div class=\"container\">\n<div class=\"row justify-content-center\">\n<div class=\"col-sm-10\">\n<h2 class=\"mbr-section-title mbr-fonts-style align-center display-1\">Ve\u017eim\u0117li\u0173 spalvos PAX EKO<\/h2>\n<\/div>\n<\/div>\n<\/div>\n<div>\n<div class=\"pt-5\">\n<div class=\"mbr-gallery-row\">\n<div class=\"mbr-gallery-layout-default\">\n<div>\n<div>\n<div class=\"mbr-gallery-item mbr-gallery-item--p1\" data-video-url=\"false\" data-tags=\"Niesamowite\">\n<div data-slide-to=\"0\" data-bs-slide-to=\"0\" data-toggle=\"modal\" data-bs-toggle=\"modal\"><img decoding=\"async\" class=\"lazyload\" title=\"\" src=\"https:\/\/lonexcompany.com\/assets\/images\/pax-eko-e01-1900x1400-800x589.jpg\" alt=\"\" data-src=\"assets\/images\/pax-eko-e01-1900x1400-800x589.jpg\" \/><\/div>\n<\/div>\n<div class=\"mbr-gallery-item mbr-gallery-item--p1\" data-video-url=\"false\" data-tags=\"Niesamowite\">\n<div data-slide-to=\"1\" data-bs-slide-to=\"1\" data-toggle=\"modal\" data-bs-toggle=\"modal\"><img decoding=\"async\" class=\"lazyload\" title=\"\" src=\"https:\/\/lonexcompany.com\/assets\/images\/pax-eko-e02-c-1900x1400-800x589.jpg\" alt=\"\" data-src=\"assets\/images\/pax-eko-e02-c-1900x1400-800x589.jpg\" \/><\/div>\n<\/div>\n<div class=\"mbr-gallery-item mbr-gallery-item--p1\" data-video-url=\"false\" data-tags=\"Niesamowite\">\n<div data-slide-to=\"2\" data-bs-slide-to=\"2\" data-toggle=\"modal\" data-bs-toggle=\"modal\"><img decoding=\"async\" class=\"lazyload\" title=\"\" src=\"https:\/\/lonexcompany.com\/assets\/images\/pax-eko-e03-1900x1400-800x589.jpg\" alt=\"\" data-src=\"assets\/images\/pax-eko-e03-1900x1400-800x589.jpg\" \/><\/div>\n<\/div>\n<\/div>\n<\/div>\n<\/div>\n<\/div>\n<\/div>\n<\/div>\n<\/section>\n<\/div>\n<div><\/div>\n<div><\/div>\n<div><\/div>\n<\/div>","protected":false},"excerpt":{"rendered":"<p><span class=\"HwtZe\" lang=\"lt\"><span class=\"jCAhz ChMk0b\"><span class=\"ryNqvb\">Ve\u017eim\u0117lis Lonex PAX EKO yra naujausias produktas ve\u017eim\u0117li\u0173 gamintojo LONEX pasi\u016bloje.<\/span><\/span> <span class=\"jCAhz ChMk0b\"><span class=\"ryNqvb\">Pagaminta itin kruop\u0161\u010diai, naudojant geriausias med\u017eiagas, dekoruotas unikaliais reljefiniais ra\u0161tais.<\/span><\/span><\/span><\/p>","protected":false},"featured_media":10613,"template":"","meta":[],"product_cat":[219],"product_tag":[],"acf":[],"_links":{"self":[{"href":"https:\/\/lonexvezimeliai.eu\/en\/wp-json\/wp\/v2\/product\/10612"}],"collection":[{"href":"https:\/\/lonexvezimeliai.eu\/en\/wp-json\/wp\/v2\/product"}],"about":[{"href":"https:\/\/lonexvezimeliai.eu\/en\/wp-json\/wp\/v2\/types\/product"}],"wp:featuredmedia":[{"embeddable":true,"href":"https:\/\/lonexvezimeliai.eu\/en\/wp-json\/wp\/v2\/media\/10613"}],"wp:attachment":[{"href":"https:\/\/lonexvezimeliai.eu\/en\/wp-json\/wp\/v2\/media?parent=10612"}],"wp:term":[{"taxonomy":"product_cat","embeddable":true,"href":"https:\/\/lonexvezimeliai.eu\/en\/wp-json\/wp\/v2\/product_cat?post=10612"},{"taxonomy":"product_tag","embeddable":true,"href":"https:\/\/lonexvezimeliai.eu\/en\/wp-json\/wp\/v2\/product_tag?post=10612"}],"curies":[{"name":"wp","href":"https:\/\/api.w.org\/{rel}","templated":true}]}}