{"id":10506,"date":"2023-03-13T19:47:18","date_gmt":"2023-03-13T19:47:18","guid":{"rendered":"https:\/\/lonexvezimeliai.eu\/?product=wozek-dzieciecy-lonex-king-2w1"},"modified":"2026-02-25T09:59:26","modified_gmt":"2026-02-25T09:59:26","slug":"wozek-dzieciecy-lonex-king-2w1","status":"publish","type":"product","link":"https:\/\/lonexvezimeliai.eu\/en\/product\/wozek-dzieciecy-lonex-king-2w1\/","title":{"rendered":"Children&#039;s stroller Lonex KING 2in1 and 3in1"},"content":{"rendered":"<p style=\"text-align: center;\"><span class=\"HwtZe\" lang=\"lt\"><span class=\"jCAhz ChMk0b\"><span class=\"ryNqvb\">K\u016bdiki\u0173 ve\u017eim\u0117lis Lonex KING<\/span><\/span> <span class=\"jCAhz ChMk0b\"><span class=\"ryNqvb\">yra ribota kolekcija klasikini\u0173 ve\u017eim\u0117li\u0173, pagamint\u0173 itin kruop\u0161\u010diai ir naudojant auk\u0161\u010diausios kokyb\u0117s ekologin\u0119 od\u0105.<\/span><\/span> <span class=\"jCAhz ChMk0b\"><span class=\"ryNqvb\">Tikras KARALIUS tarp ve\u017eim\u0117li\u0173.<\/span><\/span><\/span><\/p>\n<div class=\"opis\">\n<div class=\"opis_a1\" style=\"text-align: center;\">\n<p><span class=\"HwtZe\" lang=\"lt\"><span class=\"jCAhz ChMk0b\"><span class=\"ryNqvb\">Komfortas<\/span><\/span> <span class=\"jCAhz ChMk0b\"><span class=\"ryNqvb\">Patogum\u0105 vairuojant Lonex King ve\u017eim\u0117l\u012f garantavo klasikini\u0173 odini\u0173 dir\u017eeli\u0173 amortizacija.<\/span><\/span> <span class=\"jCAhz ChMk0b\"><span class=\"ryNqvb\">Tai leido ve\u017eim\u0117liui laisvai jud\u0117ti visomis kryptimis, taip pat \u201e\u012f \u0161on\u0105\u201c.<\/span><\/span><\/span><\/p>\n<section id=\"features10-96\" class=\"features10 cid-rAEX6DHiYS\">\n<div class=\"container\">\n<div class=\"row justify-content-center align-items-start\">\n<div class=\"card px-3 py-4 col-md-4\">\n<div class=\"card-wrapper flip-card\">\n<div class=\"card-img\"><img decoding=\"async\" class=\"lazyload\" title=\"Komfort\" src=\"https:\/\/lonexcompany.com\/assets\/images\/szczegol-a-1-696x522.jpg\" alt=\"W\u00f3zek Dzieci\u0119cy Lonex King\" data-src=\"assets\/images\/szczegol-a-1-696x522.jpg\" \/><\/div>\n<div class=\"card-box\">\n<h3 class=\"mbr-title mbr-fonts-style mbr-black align-center display-2\">Komfortas<\/h3>\n<p class=\"mbr-card-text mbr-fonts-style align-center display-5\"><span class=\"HwtZe\" lang=\"lt\"><span class=\"jCAhz ChMk0b\"><span class=\"ryNqvb\">Vairavimo patogumas naudojant klasikini\u0173 odini\u0173 dir\u017eeli\u0173 amortizacij\u0105<\/span><\/span><\/span><\/p>\n<\/div>\n<\/div>\n<\/div>\n<div class=\"card px-3 py-4 col-md-4\">\n<div class=\"card-wrapper flip-card\">\n<div class=\"card-img\"><img decoding=\"async\" class=\"lazyload\" title=\"Jako\u015b\u0107\" src=\"https:\/\/lonexcompany.com\/assets\/images\/szczegol-b-1-696x522.jpg\" alt=\"W\u00f3zek Dzieci\u0119cy Lonex King\" data-src=\"assets\/images\/szczegol-b-1-696x522.jpg\" \/><\/div>\n<div class=\"card-box\">\n<h3 class=\"mbr-title mbr-fonts-style mbr-black align-center display-2\">Kokyb\u0117<\/h3>\n<p class=\"mbr-card-text mbr-fonts-style align-center display-5\"><span class=\"HwtZe\" lang=\"lt\"><span class=\"jCAhz ChMk0b\"><span class=\"ryNqvb\">Detali\u0173 apdailai naudojama auk\u0161tos kokyb\u0117s eko oda<\/span><\/span><\/span><\/p>\n<\/div>\n<\/div>\n<\/div>\n<div class=\"card px-3 py-4 col-md-4\">\n<div class=\"card-wrapper flip-card\">\n<div class=\"card-img\"><img decoding=\"async\" class=\"lazyload\" title=\"Uchwyt\" src=\"https:\/\/lonexcompany.com\/assets\/images\/szczegol-c-1-696x522.jpg\" alt=\"W\u00f3zek Dzieci\u0119cy Lonex King\" data-src=\"assets\/images\/szczegol-c-1-696x522.jpg\" \/><\/div>\n<div class=\"card-box\">\n<h3 class=\"mbr-title mbr-fonts-style mbr-black align-center display-2\">Laikiklis<\/h3>\n<p class=\"mbr-card-text mbr-fonts-style align-center display-5\"><span class=\"HwtZe\" lang=\"lt\"><span class=\"jCAhz ChMk0b\"><span class=\"ryNqvb\">Komplekte yra nuimamas buteliuko laikiklis<\/span><\/span><\/span><\/p>\n<\/div>\n<\/div>\n<\/div>\n<\/div>\n<\/div>\n<\/section>\n<section id=\"wowslider-9h\" class=\"mbr-wowslider-container mbr-section mbr-section__container carousel slide mbr-wowslider-container--easy mbr-section-nopadding\" data-ride=\"carousel\" data-keyboard=\"false\" data-wrap=\"true\" data-interval=\"false\" data-rv-view=\"1967\">\n<div class=\"mbr-wowslider boxed ws_gestures\" data-cur-slide=\"0\">\n<div class=\"ws_images\">\n<div><img decoding=\"async\" title=\"title 2\" src=\"https:\/\/lonexcompany.com\/assets\/images\/k-07-a-640x480.jpg\" alt=\"title 2\" \/><\/div>\n<div>\n<div class=\"ws_list\">\n<div class=\"ws_swipe_left\"><img decoding=\"async\" title=\"title 2\" src=\"https:\/\/lonexcompany.com\/assets\/images\/k-07-d-640x480.jpg\" alt=\"title 2\" \/><\/div>\n<ul>\n<li><img decoding=\"async\" title=\"title 2\" src=\"https:\/\/lonexcompany.com\/assets\/images\/k-07-a-640x480.jpg\" alt=\"title 2\" \/><\/li>\n<li><img decoding=\"async\" title=\"title 2\" src=\"https:\/\/lonexcompany.com\/assets\/images\/k-07-c-640x480.jpg\" alt=\"title 2\" \/><\/li>\n<li><img decoding=\"async\" title=\"title 2\" src=\"https:\/\/lonexcompany.com\/assets\/images\/k-07-spacerowka-a-640x480.jpg\" alt=\"title 2\" \/><\/li>\n<li><img decoding=\"async\" title=\"title 2\" src=\"https:\/\/lonexcompany.com\/assets\/images\/k-07-d-640x480.jpg\" alt=\"title 2\" \/><\/li>\n<\/ul>\n<div class=\"ws_swipe_right\"><img decoding=\"async\" title=\"title 2\" src=\"https:\/\/lonexcompany.com\/assets\/images\/k-07-a-640x480.jpg\" alt=\"title 2\" \/><\/div>\n<\/div>\n<\/div>\n<div class=\"ws_cover\"><\/div>\n<div><\/div>\n<div class=\"ws_controls\"><\/div>\n<\/div>\n<div class=\"ws_shadow\"><\/div>\n<\/div>\n<\/section>\n<section id=\"features3-98\" class=\"features3 cid-rAEX6G51Jh\">\n<div class=\"container\">\n<h2 class=\"mbr-section-title align-center mbr-fonts-style display-2\">Technologija<\/h2>\n<h3 class=\"mbr-section-subtitle display-5 align-center mbr-fonts-style\">KING<\/h3>\n<div class=\"row justify-content-center pt-3\">\n<div class=\"card p-3 col-12 col-md-6\">\n<div class=\"card-wrap\">\n<div class=\"card-box\">\n<h4 class=\"card-title mbr-fonts-style align-center display-5\">BEST LOCK<\/h4>\n<p class=\"mbr-text mbr-fonts-style align-center display-5\"><span class=\"HwtZe\" lang=\"lt\"><span class=\"jCAhz ChMk0b\"><span class=\"ryNqvb\">Patikimas apsauginis u\u017eraktas nuo savaiminio r\u0117mo susilankstymo<\/span><\/span><\/span><\/p>\n<\/div>\n<\/div>\n<\/div>\n<div class=\"card p-3 col-12 col-md-6\">\n<div class=\"card-wrap\">\n<div class=\"card-img pb-4 align-center\"><\/div>\n<div class=\"card-box\">\n<h4 class=\"card-title mbr-fonts-style align-center display-5\">SUSPENSION<\/h4>\n<p class=\"mbr-text mbr-fonts-style align-center display-5\"><span class=\"HwtZe\" lang=\"lt\"><span class=\"jCAhz ChMk0b\"><span class=\"ryNqvb\">Vairavimo patogumas naudojant klasikini\u0173 odini\u0173 dir\u017eeli\u0173 amortizacij\u0105<\/span><\/span><\/span><\/p>\n<\/div>\n<\/div>\n<\/div>\n<\/div>\n<\/div>\n<\/section>\n<section id=\"content9-99\" class=\"cid-rAEX6H22VZ mbr-parallax-background\">\n<div class=\"mbr-overlay\"><\/div>\n<div class=\"container\">\n<div class=\"row justify-content-center\">\n<div class=\"col-12 col-md-12 align-center\">\n<h1 class=\"mbr-section-title mbr-white mbr-fonts-style align-left display-1\"><strong>KING<\/strong><\/h1>\n<\/div>\n<\/div>\n<\/div>\n<div id=\"jarallax-container-1\">\n<div><\/div>\n<\/div>\n<\/section>\n<section id=\"features10-9a\" class=\"features10 cid-rAEX6HzBvO\">\n<div class=\"container\">\n<div class=\"row justify-content-center align-items-start\">\n<div class=\"card px-3 py-4 col-md-6\">\n<div class=\"card-wrapper flip-card\">\n<div class=\"card-img\"><img decoding=\"async\" class=\"lazyload\" title=\"Spacer\u00f3ka prz\u00f3d ty\u0142\" src=\"https:\/\/lonexcompany.com\/assets\/images\/k-07-spacerowka-d-696x522.jpg\" alt=\"W\u00f3zek Dzieci\u0119cy Lonex King\" data-src=\"assets\/images\/k-07-spacerowka-d-696x522.jpg\" \/><\/div>\n<div class=\"card-box\">\n<h3 class=\"mbr-title mbr-fonts-style mbr-black align-center display-2\">Kryptis<\/h3>\n<p class=\"mbr-card-text mbr-fonts-style align-center display-5\"><span class=\"HwtZe\" lang=\"lt\"><span class=\"jCAhz ChMk0b C1N51c\"><span class=\"ryNqvb\">Ve\u017eim\u0117lio s\u0117dyn\u0117 tvirtinama priekyje arba gale pagal va\u017eiavimo krypt\u012f<\/span><\/span><\/span><\/p>\n<\/div>\n<\/div>\n<\/div>\n<div class=\"card px-3 py-4 col-md-6\">\n<div class=\"card-wrapper flip-card\">\n<div class=\"card-img\"><img decoding=\"async\" class=\"lazyload\" title=\"Spanie\" src=\"https:\/\/lonexcompany.com\/assets\/images\/k-07-spacerowka-b-696x522.jpg\" alt=\"W\u00f3zek Dzieci\u0119cy Lonex King\" data-src=\"assets\/images\/k-07-spacerowka-b-696x522.jpg\" \/><\/div>\n<div class=\"card-box\">\n<h3 class=\"mbr-title mbr-fonts-style mbr-black align-center display-2\">Miegas<\/h3>\n<p class=\"mbr-card-text mbr-fonts-style align-center display-5\"><span class=\"HwtZe\" lang=\"lt\"><span class=\"jCAhz ChMk0b\"><span class=\"ryNqvb\">Miegamoji pad\u0117tis atlenkus atlo\u0161\u0105 ir pak\u0117lus koj\u0173 atram\u0105<\/span><\/span><\/span><\/p>\n<\/div>\n<\/div>\n<\/div>\n<\/div>\n<\/div>\n<\/section>\n<section id=\"features10-9b\" class=\"features10 cid-rAEX6IGQ5L\">\n<div class=\"container\">\n<div class=\"row justify-content-center align-items-start\">\n<div class=\"card px-3 py-4 col-md-4\">\n<div class=\"card-wrapper flip-card\">\n<div class=\"card-img\"><img decoding=\"async\" class=\"lazyload\" title=\"Mobilno\u015b\u0107\" src=\"https:\/\/lonexcompany.com\/assets\/images\/skladanie-ramy-696x522.jpg\" alt=\"W\u00f3zek Dzieci\u0119cy Lonex King\" data-src=\"assets\/images\/skladanie-ramy-696x522.jpg\" \/><\/div>\n<div class=\"card-box\">\n<h3 class=\"mbr-title mbr-fonts-style mbr-black align-center display-2\">Mobilumas<\/h3>\n<p class=\"mbr-card-text mbr-fonts-style align-center display-5\"><span class=\"HwtZe\" lang=\"lt\"><span class=\"jCAhz ChMk0b\"><span class=\"ryNqvb\">Lengvas, sulankstomas iki ma\u017eo dyd\u017eio su pneumatiniais ratukais<\/span><\/span><\/span><\/p>\n<\/div>\n<\/div>\n<\/div>\n<div class=\"card px-3 py-4 col-md-4\">\n<div class=\"card-wrapper flip-card\">\n<div class=\"card-img\"><img decoding=\"async\" class=\"lazyload\" title=\"Akcesoria\" src=\"https:\/\/lonexcompany.com\/assets\/images\/torba-696x522.jpg\" alt=\"W\u00f3zek Dzieci\u0119cy Lonex King\" data-src=\"assets\/images\/torba-696x522.jpg\" \/><\/div>\n<div class=\"card-box\">\n<h3 class=\"mbr-title mbr-fonts-style mbr-black align-center display-2\">Accessories<\/h3>\n<p class=\"mbr-card-text mbr-fonts-style align-center display-5\"><span class=\"HwtZe\" lang=\"lt\"><span class=\"jCAhz ChMk0b\"><span class=\"ryNqvb\">\u00a0krep\u0161ys, tinklelis nuo uod\u0173, apsauga nuo lietaus, butelio laikiklis<\/span><\/span><\/span><\/p>\n<\/div>\n<\/div>\n<\/div>\n<div class=\"card px-3 py-4 col-md-4\">\n<div class=\"card-wrapper flip-card\">\n<div class=\"card-img\"><img decoding=\"async\" class=\"lazyload\" title=\"Gondola\" src=\"https:\/\/lonexcompany.com\/assets\/images\/gondola-696x522.jpg\" alt=\"W\u00f3zek Dzieci\u0119cy Lonex King\" data-src=\"assets\/images\/gondola-696x522.jpg\" \/><\/div>\n<div class=\"card-box\">\n<h3 class=\"mbr-title mbr-fonts-style mbr-black align-center display-2\">Lop\u0161ys<\/h3>\n<p class=\"mbr-card-text mbr-fonts-style align-center display-5\"><span class=\"HwtZe\" lang=\"lt\"><span class=\"jCAhz ChMk0b\"><span class=\"ryNqvb\">Lengvas lop\u0161ys\u00a0 su laipsni\u0161ku atlo\u0161o reguliavimu<br \/>\n<\/span><\/span><\/span><\/p>\n<\/div>\n<\/div>\n<\/div>\n<\/div>\n<\/div>\n<\/section>\n<section id=\"features10-9c\" class=\"features10 cid-rAEX6JLTAI\">\n<div class=\"container\">\n<div class=\"row justify-content-center align-items-start\">\n<div class=\"card px-3 py-4 col-md-4\">\n<div class=\"card-wrapper flip-card\">\n<div class=\"card-img\"><img decoding=\"async\" class=\"lazyload\" title=\"Fotelik\" src=\"https:\/\/lonexcompany.com\/assets\/images\/fotelik-a-696x522.jpg\" alt=\"W\u00f3zek Dzieci\u0119cy Lonex King\" data-src=\"assets\/images\/fotelik-a-696x522.jpg\" \/><\/div>\n<div class=\"card-box\">\n<h3 class=\"mbr-title mbr-fonts-style mbr-black align-center display-2\">K\u0117dut\u0117<\/h3>\n<p class=\"mbr-card-text mbr-fonts-style align-center display-5\"><span class=\"HwtZe\" lang=\"lt\"><span class=\"jCAhz ChMk0b\"><span class=\"ryNqvb\">CARLO konstrukcija, atitinkanti b\u016btinus saugos standartus<\/span><\/span><\/span><\/p>\n<\/div>\n<\/div>\n<\/div>\n<div class=\"card px-3 py-4 col-md-4\">\n<div class=\"card-wrapper flip-card\">\n<div class=\"card-img\"><img decoding=\"async\" class=\"lazyload\" title=\"Adaptery\" src=\"https:\/\/lonexcompany.com\/assets\/images\/k-07-d-696x522.jpg\" alt=\"W\u00f3zek Dzieci\u0119cy Lonex King\" data-src=\"assets\/images\/k-07-d-696x522.jpg\" \/><\/div>\n<div class=\"card-box\">\n<h3 class=\"mbr-title mbr-fonts-style mbr-black align-center display-2\">Adapteris<\/h3>\n<p class=\"mbr-card-text mbr-fonts-style align-center display-5\"><span class=\"HwtZe\" lang=\"lt\"><span class=\"jCAhz ChMk0b\"><span class=\"ryNqvb\">Automobilin\u0117 k\u0117dut\u0117 komplektuojama su adapteriais automobilinei k\u0117dutei prijungti prie KING r\u0117mo<\/span><\/span><\/span><\/p>\n<\/div>\n<\/div>\n<\/div>\n<div class=\"card px-3 py-4 col-md-4\">\n<div class=\"card-wrapper flip-card\">\n<div class=\"card-img\"><img decoding=\"async\" class=\"lazyload\" title=\"Wk\u0142adka\" src=\"https:\/\/lonexcompany.com\/assets\/images\/fotelik-b-696x522.jpg\" alt=\"W\u00f3zek Dzieci\u0119cy Lonex King\" data-src=\"assets\/images\/fotelik-b-696x522.jpg\" \/><\/div>\n<div class=\"card-box\">\n<h3 class=\"mbr-title mbr-fonts-style mbr-black align-center display-2\">\u012ed\u0117klas<\/h3>\n<p class=\"mbr-card-text mbr-fonts-style align-center display-5\"><span class=\"HwtZe\" lang=\"lt\"><span class=\"jCAhz ChMk0b\"><span class=\"ryNqvb\">3 ta\u0161k\u0173 saugos dir\u017eai, profiliuotas \u012fd\u0117klas J\u016bs\u0173 ma\u017eylio patogumui<\/span><\/span><\/span><\/p>\n<\/div>\n<\/div>\n<\/div>\n<\/div>\n<\/div>\n<\/section>\n<section id=\"features12-9d\" class=\"features19 cid-rAEX6KQjJk\">\n<div class=\"container\">\n<p class=\"mbr-section-subtitle align-left mbr-fonts-style display-2\">I\u0161matavimai<\/p>\n<div class=\"row justify-content-center align-items-start\">\n<div class=\"card px-3 py-4 col-md-4\">\n<div class=\"card-wrapper flip-card\">\n<div class=\"card-img\"><img decoding=\"async\" class=\"lazyload\" title=\"\" src=\"https:\/\/lonexcompany.com\/assets\/images\/parrilla-wymiary-a-640x480.jpg\" alt=\"\" data-src=\"assets\/images\/parrilla-wymiary-a-640x480.jpg\" \/><\/div>\n<div class=\"card-box\">\n<p class=\"mbr-card-text mbr-fonts-style align-center display-7\">\n<\/div>\n<\/div>\n<\/div>\n<div class=\"card px-3 py-4 col-md-4\">\n<div class=\"card-wrapper flip-card\">\n<div class=\"card-img\"><img decoding=\"async\" class=\"lazyload\" title=\"\" src=\"https:\/\/lonexcompany.com\/assets\/images\/parrilla-wymiary-b-640x480.jpg\" alt=\"\" data-src=\"assets\/images\/parrilla-wymiary-b-640x480.jpg\" \/><\/div>\n<div class=\"card-box\">\n<p class=\"mbr-card-text mbr-fonts-style align-center display-5\">lop\u0161io i\u0161matavimai<br \/>\nvidinis ilgis 81 cm \/ plotis 37 cm \/ auk\u0161tis 23 cm<\/p>\n<\/div>\n<\/div>\n<\/div>\n<div class=\"card px-3 py-4 col-md-4\">\n<div class=\"card-wrapper flip-card\">\n<div class=\"card-img\"><img decoding=\"async\" class=\"lazyload\" title=\"\" src=\"https:\/\/lonexcompany.com\/assets\/images\/parrilla-wymiary-c-640x480.jpg\" alt=\"\" data-src=\"assets\/images\/parrilla-wymiary-c-640x480.jpg\" \/><\/div>\n<div class=\"card-box\">\n<p class=\"mbr-card-text mbr-fonts-style align-center display-7\">\n<\/div>\n<\/div>\n<\/div>\n<\/div>\n<\/div>\n<\/section>\n<section id=\"table4-9e\" class=\"table4 section-table cid-rAEX6M84Ua mbr-parallax-background\">\n<div class=\"mbr-overlay\">Svoris 16 kg<\/div>\n<div class=\"container\">\n<div class=\"media-container-row align-center\">\n<div class=\"col-12 col-md-12\">\n<div class=\"table-wrapper\">\n<div class=\"container scroll\">\n<table class=\"table\" style=\"height: 54px;\" width=\"18\" cellspacing=\"0\">\n<thead>\n<tr class=\"table-heads\">\n<th class=\"head-item mbr-fonts-style display-5\"><\/th>\n<th class=\"head-item mbr-fonts-style display-5\"><\/th>\n<th class=\"head-item mbr-fonts-style display-5\"><\/th>\n<th class=\"head-item mbr-fonts-style display-5\"><\/th>\n<th class=\"head-item mbr-fonts-style display-5\"><\/th>\n<\/tr>\n<\/thead>\n<tbody>\n<tr>\n<td class=\"body-item mbr-fonts-style display-7\"><\/td>\n<td class=\"body-item mbr-fonts-style display-7\"><\/td>\n<td class=\"body-item mbr-fonts-style display-7\"><\/td>\n<td class=\"body-item mbr-fonts-style display-7\"><\/td>\n<td class=\"body-item mbr-fonts-style display-7\"><\/td>\n<\/tr>\n<\/tbody>\n<\/table>\n<\/div>\n<\/div>\n<p class=\"pt-4 mbr-fonts-style mbr-text align-center display-5\">\n<\/div>\n<\/div>\n<\/div>\n<\/section>\n<section id=\"gallery2-9f\" class=\"mbr-gallery mbr-slider-carousel cid-rAEX6MYfDY\">\n<div class=\"container\"><\/div>\n<div class=\"container\">\n<div class=\"col-left-gallery\">\n<div class=\"mbr-gallery-row\">\n<div class=\"mbr-gallery-layout-default\">\n<div>\n<div>\n<div class=\"mbr-gallery-item mbr-gallery-item--p2\" data-video-url=\"false\" data-tags=\"Tw\u00f3rcze\">\n<div data-slide-to=\"3\" data-bs-slide-to=\"3\" data-toggle=\"modal\" data-bs-toggle=\"modal\">\n<div class=\"container\">\n<h2 class=\"align-center mbr-fonts-style mbr-section-title display-2 pb-4\">KING spalvos<\/h2>\n<\/div>\n<div class=\"container\">\n<div class=\"col-left-gallery\">\n<div class=\"mbr-gallery-row\">\n<div class=\"mbr-gallery-layout-default\">\n<div>\n<div>\n<div class=\"mbr-gallery-item mbr-gallery-item--p2\" data-video-url=\"false\" data-tags=\"Tw\u00f3rcze\">\n<div data-slide-to=\"0\" data-bs-slide-to=\"0\" data-toggle=\"modal\" data-bs-toggle=\"modal\"><img decoding=\"async\" class=\"lazyload\" title=\"\" src=\"https:\/\/lonexcompany.com\/assets\/images\/k-1-1600x1200-800x600.jpg\" alt=\"\" data-src=\"assets\/images\/k-1-1600x1200-800x600.jpg\" \/><\/div>\n<\/div>\n<div class=\"mbr-gallery-item mbr-gallery-item--p2\" data-video-url=\"false\" data-tags=\"Wra\u017cliwe\">\n<div data-slide-to=\"1\" data-bs-slide-to=\"1\" data-toggle=\"modal\" data-bs-toggle=\"modal\"><img decoding=\"async\" class=\"lazyload\" title=\"\" src=\"https:\/\/lonexcompany.com\/assets\/images\/k-6-1600x1200-800x600.jpg\" alt=\"\" data-src=\"assets\/images\/k-6-1600x1200-800x600.jpg\" \/><\/div>\n<\/div>\n<div class=\"mbr-gallery-item mbr-gallery-item--p2\" data-video-url=\"false\" data-tags=\"Niesamowite\">\n<div data-slide-to=\"2\" data-bs-slide-to=\"2\" data-toggle=\"modal\" data-bs-toggle=\"modal\"><img decoding=\"async\" class=\"lazyload\" title=\"\" src=\"https:\/\/lonexcompany.com\/assets\/images\/k-7-1600x1200-800x600.jpg\" alt=\"\" data-src=\"assets\/images\/k-7-1600x1200-800x600.jpg\" \/><\/div>\n<\/div>\n<div class=\"mbr-gallery-item mbr-gallery-item--p2\" data-video-url=\"false\" data-tags=\"Tw\u00f3rcze\">\n<div data-slide-to=\"3\" data-bs-slide-to=\"3\" data-toggle=\"modal\" data-bs-toggle=\"modal\"><img decoding=\"async\" class=\"lazyload\" title=\"\" src=\"https:\/\/lonexcompany.com\/assets\/images\/k-10-1600x1200-800x600.jpg\" alt=\"\" data-src=\"assets\/images\/k-10-1600x1200-800x600.jpg\" \/><\/div>\n<\/div>\n<div class=\"mbr-gallery-item mbr-gallery-item--p2\" data-video-url=\"false\" data-tags=\"Tw\u00f3rcze\">\n<div data-slide-to=\"4\" data-bs-slide-to=\"4\" data-toggle=\"modal\" data-bs-toggle=\"modal\"><img decoding=\"async\" class=\"lazyload\" title=\"\" src=\"https:\/\/lonexcompany.com\/assets\/images\/k-9-1600x1200-800x600.jpg\" alt=\"\" data-src=\"assets\/images\/k-9-1600x1200-800x600.jpg\" \/><\/div>\n<\/div>\n<\/div>\n<\/div>\n<\/div>\n<\/div>\n<\/div>\n<\/div>\n<\/div>\n<\/div>\n<\/div>\n<\/div>\n<\/div>\n<\/div>\n<\/div>\n<\/div>\n<\/section>\n<\/div>\n<div class=\"opis_a2\" style=\"text-align: center;\"><\/div>\n<div class=\"wymiary_a3\"><\/div>\n<\/div>","protected":false},"excerpt":{"rendered":"<p><span class=\"HwtZe\" lang=\"lt\"><span class=\"jCAhz ChMk0b\"><span class=\"ryNqvb\">Lonex KING ve\u017eim\u0117lis &#8211; ribota kolekcija klasikini\u0173 ve\u017eim\u0117li\u0173, pagamint\u0173 i\u0161 auk\u0161\u010diausios kokyb\u0117s eko odos.<\/span><\/span> <\/span><\/p>","protected":false},"featured_media":10507,"template":"","meta":[],"product_cat":[220],"product_tag":[],"acf":[],"_links":{"self":[{"href":"https:\/\/lonexvezimeliai.eu\/en\/wp-json\/wp\/v2\/product\/10506"}],"collection":[{"href":"https:\/\/lonexvezimeliai.eu\/en\/wp-json\/wp\/v2\/product"}],"about":[{"href":"https:\/\/lonexvezimeliai.eu\/en\/wp-json\/wp\/v2\/types\/product"}],"wp:featuredmedia":[{"embeddable":true,"href":"https:\/\/lonexvezimeliai.eu\/en\/wp-json\/wp\/v2\/media\/10507"}],"wp:attachment":[{"href":"https:\/\/lonexvezimeliai.eu\/en\/wp-json\/wp\/v2\/media?parent=10506"}],"wp:term":[{"taxonomy":"product_cat","embeddable":true,"href":"https:\/\/lonexvezimeliai.eu\/en\/wp-json\/wp\/v2\/product_cat?post=10506"},{"taxonomy":"product_tag","embeddable":true,"href":"https:\/\/lonexvezimeliai.eu\/en\/wp-json\/wp\/v2\/product_tag?post=10506"}],"curies":[{"name":"wp","href":"https:\/\/api.w.org\/{rel}","templated":true}]}}