{"id":10480,"date":"2023-03-13T19:45:39","date_gmt":"2023-03-13T19:45:39","guid":{"rendered":"https:\/\/lonexvezimeliai.eu\/?product=wozek-dzieciecy-lonex-comfort-prestige-2w1"},"modified":"2024-04-02T09:08:04","modified_gmt":"2024-04-02T09:08:04","slug":"wozek-dzieciecy-lonex-comfort-prestige-2w1","status":"publish","type":"product","link":"https:\/\/lonexvezimeliai.eu\/en\/product\/wozek-dzieciecy-lonex-comfort-prestige-2w1\/","title":{"rendered":"Stroller COMFORT PRESTIGE 2in1 and 3in1"},"content":{"rendered":"<p style=\"text-align: center;\"><span style=\"font-size: 14pt;\"><span class=\"HwtZe\" lang=\"lt\"><span class=\"jCAhz ChMk0b\"><span class=\"ryNqvb\">COMFORT\u00a0PRESTIGE modelyje panaudoti auk\u0161\u010diausios kokyb\u0117s itali\u0161ki audiniai su linu ir r\u0117mu su 6 ta\u0161k\u0173 pakaba, padidinan\u010diu komfort\u0105 vairuojant ve\u017eim\u0117l\u012f.<\/span><\/span><\/span><\/span><\/p>\n<section id=\"features10-2y\" class=\"features10 cid-r8Pmcy4WMU\">\n<div class=\"container\">\n<div class=\"row justify-content-center align-items-start\">\n<div class=\"card px-3 py-4 col-md-4\">\n<div class=\"card-wrapper flip-card\">\n<div class=\"card-img\"><img decoding=\"async\" class=\"lazyload\" title=\"Quic Click\" src=\"https:\/\/lonexcompany.com\/assets\/images\/szczegol-a-3-696x522.jpg\" alt=\"W\u00f3zek Dzieci\u0119cy Lonex Comfort Prestige\" data-src=\"assets\/images\/szczegol-a-3-696x522.jpg\" \/><\/div>\n<div class=\"card-box\">\n<h3 class=\"mbr-title mbr-fonts-style mbr-black align-center display-2\">Quic Click<\/h3>\n<p class=\"mbr-card-text mbr-fonts-style align-center display-5\"><span class=\"HwtZe\" lang=\"lt\"><span class=\"jCAhz ChMk0b\"><span class=\"ryNqvb\">Inovatyvi atleidimo viena ranka sistema.<\/span><\/span> <span class=\"jCAhz ChMk0b\"><span class=\"ryNqvb\">D\u0117l \u0161io sprendimo galite lengvai prijungti arba atjungti bet kur\u012f<\/span><\/span> <span class=\"jCAhz ChMk0b\"><span class=\"ryNqvb\">element\u0105 i\u0161 r\u0117mo.<\/span><\/span><\/span><\/p>\n<\/div>\n<\/div>\n<\/div>\n<div class=\"card px-3 py-4 col-md-4\">\n<div class=\"card-wrapper flip-card\">\n<div class=\"card-img\"><img decoding=\"async\" class=\"lazyload\" title=\"Amortyzacja\" src=\"https:\/\/lonexcompany.com\/assets\/images\/szczegol-b-3-696x522.jpg\" alt=\"W\u00f3zek Dzieci\u0119cy Lonex Comfort Prestige\" data-src=\"assets\/images\/szczegol-b-3-696x522.jpg\" \/><\/div>\n<div class=\"card-box\">\n<h3 class=\"mbr-title mbr-fonts-style mbr-black align-center display-2\">Amortizacija<\/h3>\n<p class=\"mbr-card-text mbr-fonts-style align-center display-5\"><span class=\"HwtZe\" lang=\"lt\"><span class=\"jCAhz ChMk0b\"><span class=\"ryNqvb\">PRESTIGE \u012frengtas papildomas amortizatorius, padidinantis vairavimo komfort\u0105<\/span><\/span><\/span><\/p>\n<\/div>\n<\/div>\n<\/div>\n<div class=\"card px-3 py-4 col-md-4\">\n<div class=\"card-wrapper flip-card\">\n<div class=\"card-img\"><img decoding=\"async\" class=\"lazyload\" title=\"Uchwyt\" src=\"https:\/\/lonexcompany.com\/assets\/images\/szczegol-c-696x522.jpg\" alt=\"W\u00f3zek Dzieci\u0119cy Lonex Comfort Prestige\" data-src=\"assets\/images\/szczegol-c-696x522.jpg\" \/><\/div>\n<div class=\"card-box\">\n<h3 class=\"mbr-title mbr-fonts-style mbr-black align-center display-2\">Laikiklis<\/h3>\n<p class=\"mbr-card-text mbr-fonts-style align-center display-5\">Komplekte buteliuko laikiklis<\/p>\n<\/div>\n<\/div>\n<\/div>\n<\/div>\n<\/div>\n<\/section>\n<section id=\"wowslider-2z\" class=\"mbr-wowslider-container mbr-section mbr-section__container carousel slide mbr-wowslider-container--absent mbr-section-nopadding\" data-ride=\"carousel\" data-keyboard=\"false\" data-wrap=\"true\" data-interval=\"false\" data-rv-view=\"593\">\n<div class=\"mbr-wowslider boxed ws_gestures\" data-cur-slide=\"3\">\n<div class=\"ws_images\">\n<div><\/div>\n<div>\n<div class=\"ws_list\">\n<div class=\"ws_swipe_left\"><img decoding=\"async\" title=\"title 2\" src=\"https:\/\/lonexcompany.com\/assets\/images\/com-l-04-fotelik-b-1-640x480.jpg\" alt=\"title 2\" \/><\/div>\n<ul>\n<li><img decoding=\"async\" title=\"title 2\" src=\"https:\/\/lonexcompany.com\/assets\/images\/com-l-04-bok-1-640x480.jpg\" alt=\"title 2\" \/><\/li>\n<li><img decoding=\"async\" title=\"title 2\" src=\"https:\/\/lonexcompany.com\/assets\/images\/com-l-04-bok-klin-1-640x480.jpg\" alt=\"title 2\" \/><\/li>\n<li><img decoding=\"async\" title=\"title 2\" src=\"https:\/\/lonexcompany.com\/assets\/images\/com-l-04-spacerowka-a-1-640x480.jpg\" alt=\"title 2\" \/><\/li>\n<li><img decoding=\"async\" title=\"title 2\" src=\"https:\/\/lonexcompany.com\/assets\/images\/com-l-04-spacerowka-b-1-640x480.jpg\" alt=\"title 2\" \/><\/li>\n<li><img decoding=\"async\" title=\"title 2\" src=\"https:\/\/lonexcompany.com\/assets\/images\/com-l-04-fotelik-b-1-640x480.jpg\" alt=\"title 2\" \/><\/li>\n<\/ul>\n<div class=\"ws_swipe_right\"><\/div>\n<\/div>\n<\/div>\n<div class=\"ws_cover\"><\/div>\n<div><\/div>\n<div class=\"ws_controls\"><\/div>\n<\/div>\n<div class=\"ws_shadow\"><\/div>\n<\/div>\n<\/section>\n<section id=\"features3-30\" class=\"features3 cid-r8PmdIWGm7\">\n<div class=\"container\">\n<h2 class=\"mbr-section-title align-center mbr-fonts-style display-2\">Technologija<\/h2>\n<h3 class=\"mbr-section-subtitle display-5 align-center mbr-fonts-style\">PRESTIGE<\/h3>\n<div class=\"row justify-content-center pt-3\">\n<div class=\"card p-3 col-12 col-md-6 col-xl-3 col-lg-3\">\n<div class=\"card-wrap\">\n<div class=\"card-img pb-4 align-center\"><\/div>\n<div class=\"card-box\">\n<h4 class=\"card-title mbr-fonts-style align-center display-5\">QUIC CLICK<\/h4>\n<p class=\"mbr-text mbr-fonts-style align-center display-5\"><span class=\"HwtZe\" lang=\"lt\"><span class=\"jCAhz ChMk0b\"><span class=\"ryNqvb\">Inovatyvi atleidimo viena ranka sistema.<\/span><\/span> <span class=\"jCAhz ChMk0b\"><span class=\"ryNqvb\">D\u0117l \u0161io sprendimo galite lengvai prijungti arba atsegti bet kur\u012f element\u0105 nuo r\u0117mo<\/span><\/span><\/span><\/p>\n<\/div>\n<\/div>\n<\/div>\n<div class=\"card p-3 col-12 col-md-6 col-xl-3 col-lg-3\">\n<div class=\"card-wrap\">\n<div class=\"card-img pb-4 align-center\"><\/div>\n<div class=\"card-box\">\n<h4 class=\"card-title mbr-fonts-style align-center display-5\">BEST LOCK<\/h4>\n<p class=\"mbr-text mbr-fonts-style align-center display-5\"><span class=\"HwtZe\" lang=\"lt\"><span class=\"jCAhz ChMk0b\"><span class=\"ryNqvb\">Patikimas apsauginis u\u017eraktas nuo savaiminio r\u0117mo susilankstymo<\/span><\/span><\/span><\/p>\n<\/div>\n<\/div>\n<\/div>\n<div class=\"card p-3 col-12 col-md-6 col-xl-3 col-lg-3\">\n<div class=\"card-wrap\">\n<div class=\"card-img pb-4 align-center\"><\/div>\n<div class=\"card-box\">\n<h4 class=\"card-title mbr-fonts-style align-center display-5\">SOFT<\/h4>\n<p class=\"mbr-text mbr-fonts-style align-center display-5\"><span class=\"HwtZe\" lang=\"lt\"><span class=\"jCAhz ChMk0b\"><span class=\"ryNqvb\">PRESTIGE ve\u017eim\u0117lyje yra 6 pakop\u0173 amortizatorius, kuris padidina vairavimo komfort\u0105<\/span><\/span><\/span><\/p>\n<\/div>\n<\/div>\n<\/div>\n<div class=\"card p-3 col-12 col-md-6 col-xl-3 col-lg-3\">\n<div class=\"card-wrap\">\n<div class=\"card-img pb-4 align-center\"><\/div>\n<div class=\"card-box\">\n<h4 class=\"card-title mbr-fonts-style align-center display-5\">360<\/h4>\n<p class=\"mbr-text mbr-fonts-style align-center display-5\"><span class=\"HwtZe\" lang=\"lt\"><span class=\"jCAhz ChMk0b\"><span class=\"ryNqvb\">Paprastas mechanizmas, skirtas u\u017erakinti ir atrakinti priekinius besisukan\u010dius ve\u017eim\u0117lio ratus<\/span><\/span><\/span><\/p>\n<\/div>\n<\/div>\n<\/div>\n<\/div>\n<\/div>\n<\/section>\n<section id=\"content9-ag\" class=\"cid-rIUWQp8nQT mbr-parallax-background\">\n<div class=\"mbr-overlay\"><\/div>\n<div class=\"container\">\n<div class=\"row justify-content-center\">\n<div class=\"col-12 col-md-12 align-center\">\n<h1 class=\"mbr-section-title mbr-white mbr-fonts-style align-left display-1\"><strong>COMFORT<\/strong><\/h1>\n<\/div>\n<\/div>\n<\/div>\n<div id=\"jarallax-container-1\">\n<div><\/div>\n<\/div>\n<\/section>\n<section id=\"features10-3n\" class=\"features10 cid-r8Qe4rGlid\">\n<div class=\"container\">\n<div class=\"row justify-content-center align-items-start\">\n<div class=\"card px-3 py-4 col-md-4\">\n<div class=\"card-wrapper flip-card\">\n<div class=\"card-img\"><img decoding=\"async\" class=\"lazyload\" title=\"Spacer\u00f3wka prz\u00f3d ty\u0142\" src=\"https:\/\/lonexcompany.com\/assets\/images\/com-l-04-spacerowka-f-1-696x522.jpg\" alt=\"W\u00f3zek Dzieci\u0119cy Lonex Comfort Prestige\" data-src=\"assets\/images\/com-l-04-spacerowka-f-1-696x522.jpg\" \/><\/div>\n<div class=\"card-box\">\n<h3 class=\"mbr-title mbr-fonts-style mbr-black align-center display-2\">Kryptis<\/h3>\n<p class=\"mbr-card-text mbr-fonts-style align-center display-5\"><span class=\"HwtZe\" lang=\"lt\"><span class=\"jCAhz ChMk0b\"><span class=\"ryNqvb\">Ve\u017eim\u0117lio s\u0117dyn\u0117 tvirtinama priekyje arba gale pagal va\u017eiavimo krypt\u012f<\/span><\/span><\/span><\/p>\n<\/div>\n<\/div>\n<\/div>\n<div class=\"card px-3 py-4 col-md-4\">\n<div class=\"card-wrapper flip-card\">\n<div class=\"card-img\"><img decoding=\"async\" class=\"lazyload\" title=\"Pokrowiec\" src=\"https:\/\/lonexcompany.com\/assets\/images\/com-l-04-spacerowka-b-1-696x522.jpg\" alt=\"W\u00f3zek Dzieci\u0119cy Lonex Comfort Prestige\" data-src=\"assets\/images\/com-l-04-spacerowka-b-1-696x522.jpg\" \/><\/div>\n<div class=\"card-box\">\n<h3 class=\"mbr-title mbr-fonts-style mbr-black align-center display-2\">U\u017edangalas<\/h3>\n<p class=\"mbr-card-text mbr-fonts-style align-center display-5\"><span class=\"HwtZe\" lang=\"lt\"><span class=\"jCAhz ChMk0b\"><span class=\"ryNqvb\">\u0160ilta p\u0117d\u0173 antklod\u0117 pagrindiniame \u201edu viename\u201c rinkinyje<\/span><\/span><\/span><\/p>\n<\/div>\n<\/div>\n<\/div>\n<div class=\"card px-3 py-4 col-md-4\">\n<div class=\"card-wrapper flip-card\">\n<div class=\"card-img\"><img decoding=\"async\" class=\"lazyload\" title=\"Spanie\" src=\"https:\/\/lonexcompany.com\/assets\/images\/com-l-04-spacerowka-e-1-696x522.jpg\" alt=\"W\u00f3zek Dzieci\u0119cy Lonex Comfort Prestige\" data-src=\"assets\/images\/com-l-04-spacerowka-e-1-696x522.jpg\" \/><\/div>\n<div class=\"card-box\">\n<h3 class=\"mbr-title mbr-fonts-style mbr-black align-center display-2\">Miegas<\/h3>\n<p class=\"mbr-card-text mbr-fonts-style align-center display-5\"><span class=\"HwtZe\" lang=\"lt\"><span class=\"jCAhz ChMk0b\"><span class=\"ryNqvb\">Miegamoji pad\u0117tis atlenkus atlo\u0161\u0105 ir pak\u0117lus koj\u0173 atram\u0105<\/span><\/span><\/span><\/p>\n<\/div>\n<\/div>\n<\/div>\n<\/div>\n<\/div>\n<\/section>\n<section id=\"features10-3o\" class=\"features10 cid-r8Qe560chD\">\n<div class=\"container\">\n<div class=\"row justify-content-center align-items-start\">\n<div class=\"card px-3 py-4 col-md-4\">\n<div class=\"card-wrapper flip-card\">\n<div class=\"card-img\"><img decoding=\"async\" class=\"lazyload\" title=\"Rama\" src=\"https:\/\/lonexcompany.com\/assets\/images\/com-l-04-skladanie-ramy-696x522.jpg\" alt=\"W\u00f3zek Dzieci\u0119cy Lonex Comfort Prestige\" data-src=\"assets\/images\/com-l-04-skladanie-ramy-696x522.jpg\" \/><\/div>\n<div class=\"card-box\">\n<h3 class=\"mbr-title mbr-fonts-style mbr-black align-center display-2\">Mobilumas<\/h3>\n<p class=\"mbr-card-text mbr-fonts-style align-center display-5\"><span class=\"HwtZe\" lang=\"lt\"><span class=\"jCAhz ChMk0b\"><span class=\"ryNqvb\">Lengvas, sulankstomas iki ma\u017eo dyd\u017eio su pneumatiniais ratukais<\/span><\/span><\/span><\/p>\n<\/div>\n<\/div>\n<\/div>\n<div class=\"card px-3 py-4 col-md-4\">\n<div class=\"card-wrapper flip-card\">\n<div class=\"card-img\"><img decoding=\"async\" class=\"lazyload\" title=\"Torba\" src=\"https:\/\/lonexcompany.com\/assets\/images\/com-l-04-torba-1-696x522.jpg\" alt=\"W\u00f3zek Dzieci\u0119cy Lonex Comfort Prestige\" data-src=\"assets\/images\/com-l-04-torba-1-696x522.jpg\" \/><\/div>\n<div class=\"card-box\">\n<h3 class=\"mbr-title mbr-fonts-style mbr-black align-center display-2\">Accessories<\/h3>\n<p class=\"mbr-card-text mbr-fonts-style align-center display-5\"><span class=\"HwtZe\" lang=\"lt\"><span class=\"jCAhz ChMk0b\"><span class=\"ryNqvb\">\u012e pagrindin\u012f \u201edu viename\u201c variant\u0105 \u012feina priedai: krep\u0161ys, tinklelis nuo uod\u0173, apsauga nuo lietaus, butelio laikiklis<\/span><\/span><\/span><\/p>\n<\/div>\n<\/div>\n<\/div>\n<div class=\"card px-3 py-4 col-md-4\">\n<div class=\"card-wrapper flip-card\">\n<div class=\"card-img\"><img decoding=\"async\" class=\"lazyload\" title=\"Gondola\" src=\"https:\/\/lonexcompany.com\/assets\/images\/com-l-04-gondola-1-696x522.jpg\" alt=\"W\u00f3zek Dzieci\u0119cy Lonex Comfort Prestige\" data-src=\"assets\/images\/com-l-04-gondola-1-696x522.jpg\" \/><\/div>\n<div class=\"card-box\">\n<h3 class=\"mbr-title mbr-fonts-style mbr-black align-center display-2\">Lop\u0161ys<\/h3>\n<p class=\"mbr-card-text mbr-fonts-style align-center display-5\"><span class=\"HwtZe\" lang=\"lt\"><span class=\"jCAhz ChMk0b\"><span class=\"ryNqvb\">Lengvas lop\u0161ys su laipsni\u0161ku atlo\u0161o reguliavimu<br \/>\n<\/span><\/span><\/span><\/p>\n<\/div>\n<\/div>\n<\/div>\n<\/div>\n<\/div>\n<\/section>\n<section id=\"features10-3p\" class=\"features10 cid-r8Qe5BkLUt\">\n<div class=\"container\">\n<div class=\"row justify-content-center align-items-start\">\n<div class=\"card px-3 py-4 col-md-4\">\n<div class=\"card-wrapper flip-card\">\n<div class=\"card-img\"><img decoding=\"async\" class=\"lazyload\" title=\"Fotelik\" src=\"https:\/\/lonexcompany.com\/assets\/images\/com-l-04-fotelik-a-1-696x522.jpg\" alt=\"W\u00f3zek Dzieci\u0119cy Lonex Comfort Prestige\" data-src=\"assets\/images\/com-l-04-fotelik-a-1-696x522.jpg\" \/><\/div>\n<div class=\"card-box\">\n<h3 class=\"mbr-title mbr-fonts-style mbr-black align-center display-2\">K\u0117dut\u0117<\/h3>\n<p class=\"mbr-card-text mbr-fonts-style align-center display-5\"><span class=\"HwtZe\" lang=\"lt\"><span class=\"jCAhz ChMk0b\"><span class=\"ryNqvb\">CARLO konstrukcija, atitinkanti b\u016btinus saugos standartus<\/span><\/span><\/span><\/p>\n<\/div>\n<\/div>\n<\/div>\n<div class=\"card px-3 py-4 col-md-4\">\n<div class=\"card-wrapper flip-card\">\n<div class=\"card-img\"><img decoding=\"async\" class=\"lazyload\" title=\"Adaptery\" src=\"https:\/\/lonexcompany.com\/assets\/images\/com-l-04-fotelik-b-1-696x522.jpg\" alt=\"W\u00f3zek Dzieci\u0119cy Lonex Comfort Prestige\" data-src=\"assets\/images\/com-l-04-fotelik-b-1-696x522.jpg\" \/><\/div>\n<div class=\"card-box\">\n<h3 class=\"mbr-title mbr-fonts-style mbr-black align-center display-2\">Adapteris<\/h3>\n<p class=\"mbr-card-text mbr-fonts-style align-center display-5\"><span class=\"HwtZe\" lang=\"lt\"><span class=\"jCAhz ChMk0b\"><span class=\"ryNqvb\">Automobilin\u0117 k\u0117dut\u0117 komplektuojama su adapteriais automobilinei k\u0117dutei prijungti prie PRESTIGE r\u0117mo<\/span><\/span><\/span><\/p>\n<\/div>\n<\/div>\n<\/div>\n<div class=\"card px-3 py-4 col-md-4\">\n<div class=\"card-wrapper flip-card\">\n<div class=\"card-img\"><img decoding=\"async\" class=\"lazyload\" title=\"Wk\u0142adka\" src=\"https:\/\/lonexcompany.com\/assets\/images\/com-l-04-fotelik-c-1-696x522.jpg\" alt=\"W\u00f3zek Dzieci\u0119cy Lonex Comfort Prestige\" data-src=\"assets\/images\/com-l-04-fotelik-c-1-696x522.jpg\" \/><\/div>\n<div class=\"card-box\">\n<h3 class=\"mbr-title mbr-fonts-style mbr-black align-center display-2\">\u012ed\u0117klas<\/h3>\n<p class=\"mbr-card-text mbr-fonts-style align-center display-5\"><span class=\"HwtZe\" lang=\"lt\"><span class=\"jCAhz ChMk0b\"><span class=\"ryNqvb\">3 ta\u0161k\u0173 saugos dir\u017eai, profiliuotas \u012fd\u0117klas J\u016bs\u0173 ma\u017eylio patogumui<\/span><\/span><\/span><\/p>\n<\/div>\n<\/div>\n<\/div>\n<\/div>\n<\/div>\n<\/section>\n<section id=\"features12-3q\" class=\"features19 cid-r8Qe6qM5hE\">\n<div class=\"container\">\n<p class=\"mbr-section-subtitle align-left mbr-fonts-style display-2\">I\u0161matavimai<\/p>\n<div class=\"row justify-content-center align-items-start\">\n<div class=\"card px-3 py-4 col-md-4\">\n<div class=\"card-wrapper flip-card\">\n<div class=\"card-img\"><img decoding=\"async\" class=\"lazyload\" title=\"\" src=\"https:\/\/lonexcompany.com\/assets\/images\/prestige-wymiary-a-640x480.jpg\" alt=\"\" data-src=\"assets\/images\/prestige-wymiary-a-640x480.jpg\" \/><\/div>\n<div class=\"card-box\">\n<p class=\"mbr-card-text mbr-fonts-style align-center display-7\">\n<\/div>\n<\/div>\n<\/div>\n<div class=\"card px-3 py-4 col-md-4\">\n<div class=\"card-wrapper flip-card\">\n<div class=\"card-img\"><img decoding=\"async\" class=\"lazyload\" title=\"\" src=\"https:\/\/lonexcompany.com\/assets\/images\/galaxy-wymiary-b-1-640x480.jpg\" alt=\"\" data-src=\"assets\/images\/galaxy-wymiary-b-1-640x480.jpg\" \/><\/div>\n<div class=\"card-box\">\n<p class=\"mbr-card-text mbr-fonts-style align-center display-5\">lop\u0161io i\u0161matavimai<br \/>\nvidinis ilgis 82 cm \/ plotis 36 cm \/ auk\u0161tis 19 cm<\/p>\n<\/div>\n<\/div>\n<\/div>\n<div class=\"card px-3 py-4 col-md-4\">\n<div class=\"card-wrapper flip-card\">\n<div class=\"card-img\"><img decoding=\"async\" class=\"lazyload\" title=\"\" src=\"https:\/\/lonexcompany.com\/assets\/images\/galaxy-wymiary-c-1-640x480.jpg\" alt=\"\" data-src=\"assets\/images\/galaxy-wymiary-c-1-640x480.jpg\" \/><\/div>\n<div class=\"card-box\">\n<p class=\"mbr-card-text mbr-fonts-style align-center display-7\">\n<\/div>\n<\/div>\n<\/div>\n<\/div>\n<\/div>\n<\/section>\n<section id=\"table4-3r\" class=\"table4 section-table cid-r8Qe6OmuhZ mbr-parallax-background\">\n<div class=\"mbr-overlay\"><\/div>\n<div class=\"container\">\n<div class=\"media-container-row align-center\">\n<div class=\"col-12 col-md-12\">\n<h2 class=\"mbr-section-title mbr-fonts-style mbr-black pb-3 display-2\">Svoris 16 kg<\/h2>\n<div class=\"table-wrapper\">\n<div class=\"container scroll\"><\/div>\n<\/div>\n<p class=\"pt-4 mbr-fonts-style mbr-text align-center display-5\">\n<\/div>\n<\/div>\n<\/div>\n<div id=\"jarallax-container-2\">\n<div><\/div>\n<\/div>\n<\/section>\n<section id=\"gallery2-37\" class=\"mbr-gallery mbr-slider-carousel cid-r8PmivI4qZ\">\n<div class=\"container\">\n<h2 class=\"align-center mbr-fonts-style mbr-section-title display-2 pb-4\">COMFORT PRESTIGE SPALVOS<\/h2>\n<\/div>\n<div class=\"container\">\n<div class=\"col-left-gallery\">\n<div class=\"mbr-gallery-row\">\n<div class=\"mbr-gallery-layout-default\">\n<div>\n<div>\n<div class=\"mbr-gallery-item mbr-gallery-item--p1\" data-video-url=\"false\" data-tags=\"Niesamowite\">\n<div data-slide-to=\"0\" data-bs-slide-to=\"0\" data-toggle=\"modal\" data-bs-toggle=\"modal\"><img decoding=\"async\" class=\"lazyload\" title=\"\" src=\"https:\/\/lonexcompany.com\/assets\/images\/com-l-1-1600x1200-800x600.jpg\" alt=\"\" data-src=\"assets\/images\/com-l-1-1600x1200-800x600.jpg\" \/><\/div>\n<\/div>\n<div class=\"mbr-gallery-item mbr-gallery-item--p1\" data-video-url=\"false\" data-tags=\"Wra\u017cliwe\">\n<div data-slide-to=\"1\" data-bs-slide-to=\"1\" data-toggle=\"modal\" data-bs-toggle=\"modal\"><img decoding=\"async\" class=\"lazyload\" title=\"\" src=\"https:\/\/lonexcompany.com\/assets\/images\/com-l-2-1600x1200-800x600.jpg\" alt=\"\" data-src=\"assets\/images\/com-l-2-1600x1200-800x600.jpg\" \/><\/div>\n<\/div>\n<div class=\"mbr-gallery-item mbr-gallery-item--p1\" data-video-url=\"false\" data-tags=\"Animowane\">\n<div data-slide-to=\"2\" data-bs-slide-to=\"2\" data-toggle=\"modal\" data-bs-toggle=\"modal\"><img decoding=\"async\" class=\"lazyload\" title=\"\" src=\"https:\/\/lonexcompany.com\/assets\/images\/com-l-4-1600x1200-800x600.jpg\" alt=\"\" data-src=\"assets\/images\/com-l-4-1600x1200-800x600.jpg\" \/><\/div>\n<\/div>\n<div class=\"mbr-gallery-item mbr-gallery-item--p1\" data-video-url=\"false\" data-tags=\"Niesamowite\">\n<div data-slide-to=\"3\" data-bs-slide-to=\"3\" data-toggle=\"modal\" data-bs-toggle=\"modal\"><img decoding=\"async\" class=\"lazyload\" title=\"\" src=\"https:\/\/lonexcompany.com\/assets\/images\/com-l-6-1600x1200-800x600.jpg\" alt=\"\" data-src=\"assets\/images\/com-l-6-1600x1200-800x600.jpg\" \/><\/div>\n<\/div>\n<\/div>\n<\/div>\n<\/div>\n<\/div>\n<\/div>\n<\/div>\n<\/section>\n<div class=\"opis\">\n<div class=\"opis_a1\" style=\"text-align: center;\"><\/div>\n<div class=\"wymiary_a3\"><\/div>\n<\/div>","protected":false},"excerpt":{"rendered":"<p><span class=\"HwtZe\" lang=\"lt\"><span class=\"jCAhz ChMk0b\"><span class=\"ryNqvb\">COMFORT PRESTIGE modelyje naudojami auk\u0161\u010diausios kokyb\u0117s itali\u0161ki audiniai su linu ir r\u0117mu su 6 ta\u0161k\u0173 pakaba, padidinan\u010diu komfort\u0105 vairuojant ve\u017eim\u0117l\u012f<\/span><\/span><\/span><\/p>","protected":false},"featured_media":10481,"template":"","meta":[],"product_cat":[219],"product_tag":[],"acf":[],"_links":{"self":[{"href":"https:\/\/lonexvezimeliai.eu\/en\/wp-json\/wp\/v2\/product\/10480"}],"collection":[{"href":"https:\/\/lonexvezimeliai.eu\/en\/wp-json\/wp\/v2\/product"}],"about":[{"href":"https:\/\/lonexvezimeliai.eu\/en\/wp-json\/wp\/v2\/types\/product"}],"wp:featuredmedia":[{"embeddable":true,"href":"https:\/\/lonexvezimeliai.eu\/en\/wp-json\/wp\/v2\/media\/10481"}],"wp:attachment":[{"href":"https:\/\/lonexvezimeliai.eu\/en\/wp-json\/wp\/v2\/media?parent=10480"}],"wp:term":[{"taxonomy":"product_cat","embeddable":true,"href":"https:\/\/lonexvezimeliai.eu\/en\/wp-json\/wp\/v2\/product_cat?post=10480"},{"taxonomy":"product_tag","embeddable":true,"href":"https:\/\/lonexvezimeliai.eu\/en\/wp-json\/wp\/v2\/product_tag?post=10480"}],"curies":[{"name":"wp","href":"https:\/\/api.w.org\/{rel}","templated":true}]}}