{"id":10464,"date":"2023-03-13T19:45:33","date_gmt":"2023-03-13T19:45:33","guid":{"rendered":"https:\/\/lonexvezimeliai.eu\/?product=baza-isofix"},"modified":"2023-04-05T09:54:41","modified_gmt":"2023-04-05T09:54:41","slug":"baza-isofix","status":"publish","type":"product","link":"https:\/\/lonexvezimeliai.eu\/en\/product\/baza-isofix\/","title":{"rendered":"Base ISOFIX"},"content":{"rendered":"<p>Baza umo\u00bfliwia sprawne i szybkie zamontowanie fotelika samochodowego bez konieczno\u009cci ka\u00bfdorazowego oplatania go pasem bezpiecze\u00f1stwa . Nasze bazy mog\u00b9 by\u00e6 montowane w dwojaki spos\u00f3b \u0096 systemem ISOFIX lub standardowo pasem bezpiecze\u00f1stwa . Baza posiada regulacj\u00ea, kt\u00f3ra pozwala dopasowa\u00e6 j\u00b9 do ka\u00bfdego rodzaju siedzenia samochodowego. Specjalny system zabezpiecza fotelik przed wypi\u00eaciem w czasie kolizji drogowych.<\/p>\n<h4>BAZA ISOFIX\u00a0 PASUJE DO FOTELIK\u00d3W CARLO, KITE, AVIONAUT,ITP.<\/h4>\n<p>Baza do fotelik\u00f3w samochodowych:<\/p>\n<ul>\n<li>Carlo grupa 0 (do 11kg).<\/li>\n<li>Avionaut Jet grupa 0+ (do 13kg).<\/li>\n<li>zwi\u00eakszaj\u00b9ca bezpiecze\u00f1stwo w podr\u00f3\u00bfy.<\/li>\n<li>Przy pomocy bazy ISOFIX w bardzo prosty spos\u00f3b mo\u00bfna zamontowa\u00e6 fotelik samochodowy w aucie.<\/li>\n<li>Baz\u00ea montuje si\u00ea na sta\u00b3e, a fotelik jest w ni\u00b9 wpinany.<\/li>\n<li>Baz\u00ea mo\u00bfna zapina\u00e6 na dwa sposoby: za pomoc\u00b9 z\u00b3\u00b9cza isofix, lub samochodowymi pasami bezpiecze\u00f1stwa.<\/li>\n<li>Aby zamontowa\u00e6 fotelik Carlo na bazie musi on by\u00e6 wyposa\u00bfony w 2 poprzeczne metalowe pr\u00eaty od spodu fotelika.<\/li>\n<\/ul>\n<p>\u00a0<\/p>\n<p>\u00a0<\/p>\n<p>\u00a0<\/p>\n<p><strong><a><big><big>Produkt spe\u00b3nia najwy\u00bfsze standardy bezpiecze\u00f1stwa zgodnie z norm\u00b9 ECE R 44\/04 dla samochodowych fotelik\u00f3w.<\/big>\u00a0<\/big><\/a><\/strong><\/p>\n<p><strong><a><br \/><big><big>Wa\u00bfne: Przed zakupem bazy sprawd\u009f czy fotelik ma pr\u00eaty mocuj\u00b9ce.<\/big><\/big><\/a><\/strong><\/p>","protected":false},"excerpt":{"rendered":"<p class=\"western\"><span style=\"color: #000000;\">Baza umo\u00bfliwia sprawne i szybkie zamontowanie fotelika samochodowego bez konieczno\u009cci ka\u00bfdorazowego oplatania go pasem bezpiecze\u00f1stwa . Nasze bazy mog\u00b9 by\u00e6 montowane w dwojaki spos\u00f3b \u0096 systemem ISOFIX lub standardowo pasem bezpiecze\u00f1stwa . Baza posiada regulacj\u00ea kt\u00f3ra pozwala dopasowa\u00e6 j\u00b9 do ka\u00bfdego rodzaju siedzenia samochodowego. Specjalny system zabezpiecza fotelik przed wypi\u00eaciem w czasie kolizji drogowych. <\/span><\/p>","protected":false},"featured_media":10465,"template":"","meta":[],"product_cat":[153,217],"product_tag":[],"acf":[],"_links":{"self":[{"href":"https:\/\/lonexvezimeliai.eu\/en\/wp-json\/wp\/v2\/product\/10464"}],"collection":[{"href":"https:\/\/lonexvezimeliai.eu\/en\/wp-json\/wp\/v2\/product"}],"about":[{"href":"https:\/\/lonexvezimeliai.eu\/en\/wp-json\/wp\/v2\/types\/product"}],"wp:featuredmedia":[{"embeddable":true,"href":"https:\/\/lonexvezimeliai.eu\/en\/wp-json\/wp\/v2\/media\/10465"}],"wp:attachment":[{"href":"https:\/\/lonexvezimeliai.eu\/en\/wp-json\/wp\/v2\/media?parent=10464"}],"wp:term":[{"taxonomy":"product_cat","embeddable":true,"href":"https:\/\/lonexvezimeliai.eu\/en\/wp-json\/wp\/v2\/product_cat?post=10464"},{"taxonomy":"product_tag","embeddable":true,"href":"https:\/\/lonexvezimeliai.eu\/en\/wp-json\/wp\/v2\/product_tag?post=10464"}],"curies":[{"name":"wp","href":"https:\/\/api.w.org\/{rel}","templated":true}]}}