{"id":10460,"date":"2023-03-13T19:45:30","date_gmt":"2023-03-13T19:45:30","guid":{"rendered":"https:\/\/lonexvezimeliai.eu\/?product=fotelik-samochodowy-carlo-0-10-kg"},"modified":"2023-04-26T11:38:24","modified_gmt":"2023-04-26T11:38:24","slug":"fotelik-samochodowy-carlo-0-10-kg","status":"publish","type":"product","link":"https:\/\/lonexvezimeliai.eu\/en\/product\/fotelik-samochodowy-carlo-0-10-kg\/","title":{"rendered":"Car seat CARLO 0-13 kg."},"content":{"rendered":"<p><span class=\"HwtZe\" lang=\"lt\"><span class=\"jCAhz ChMk0b\"><span class=\"ryNqvb\">Automobilin\u0117 k\u0117dut\u0117 Lonex Carlo skirta 0-13 kg sveriantiems vaikams.<\/span><\/span> <span class=\"jCAhz ChMk0b\"><span class=\"ryNqvb\">Lonex Carlo autok\u0117dut\u0117 turi:<\/span><\/span> <span class=\"jCAhz ChMk0b\"><span class=\"ryNqvb\">Patvirtinta pagal ECE R44\/04 patvirtinim\u0105<\/span><\/span> .<span class=\"jCAhz ChMk0b\"><span class=\"ryNqvb\">Papildomas ma\u017einantis \u012fd\u0117klas naujagimiui<\/span><\/span> <span class=\"jCAhz ChMk0b\"><span class=\"ryNqvb\">3 ta\u0161k\u0173 saugos dir\u017eai su mink\u0161tomis pagalv\u0117l\u0117mis<\/span><\/span> .<span class=\"jCAhz ChMk0b\"><span class=\"ryNqvb\"> Reguliuojamas petne\u0161\u0117li\u0173 ilgis<\/span><\/span> <span class=\"jCAhz ChMk0b\"><span class=\"ryNqvb\">Reguliuojamas dir\u017eeli\u0173 auk\u0161tis<\/span><\/span> <span class=\"jCAhz ChMk0b\"><span class=\"ryNqvb\">Reguliuojama ne\u0161iojimo rankena<\/span><\/span> <span class=\"jCAhz ChMk0b\"><span class=\"ryNqvb\">Fotelis su lop\u0161io funkcija<\/span><\/span> <span class=\"jCAhz ChMk0b\"><span class=\"ryNqvb\">S\u016bpavimo blokados galimyb\u0117<\/span><\/span> <span class=\"jCAhz ChMk0b\"><span class=\"ryNqvb\">Koj\u0173 u\u017evalkalas<\/span><\/span> <span class=\"jCAhz ChMk0b\"><span class=\"ryNqvb\">Nuimamas stogelis<\/span><\/span> <span class=\"jCAhz ChMk0b\"><span class=\"ryNqvb\">Valymui galima nuimti apmu\u0161alus<\/span><\/span> <span class=\"jCAhz ChMk0b\"><span class=\"ryNqvb\">K\u0117dut\u0117 gali b\u016bti pritaikyta prie ISOFIX pagrindo (versija su tvirtinimo strypais) arba montuojame su automobilio saugos dir\u017eais<\/span><\/span><\/span><\/p>\n<p>&nbsp;<\/p>\n<p>&nbsp;<\/p>","protected":false},"excerpt":{"rendered":"<p>Automobilin\u0117 k\u0117dut\u0117 Lonex Carlo skirta 0-13 kg sveriantiems vaikams. Lonex Carlo autok\u0117dut\u0117 turi: Patvirtinta pagal ECE R44\/04 patvirtinim\u0105 .Papildomas ma\u017einantis \u012fd\u0117klas naujagimiui 3 ta\u0161k\u0173 saugos dir\u017eai su mink\u0161tomis pagalv\u0117l\u0117mis . Reguliuojamas petne\u0161\u0117li\u0173 ilgis Reguliuojamas dir\u017eeli\u0173 auk\u0161tis Reguliuojama ne\u0161iojimo rankena Fotelis su lop\u0161io funkcija S\u016bpavimo blokados galimyb\u0117 Koj\u0173 u\u017evalkalas Nuimamas stogelis Valymui galima nuimti apmu\u0161alus K\u0117dut\u0117 [&hellip;]<\/p>","protected":false},"featured_media":10461,"template":"","meta":[],"product_cat":[153,217],"product_tag":[],"acf":[],"_links":{"self":[{"href":"https:\/\/lonexvezimeliai.eu\/en\/wp-json\/wp\/v2\/product\/10460"}],"collection":[{"href":"https:\/\/lonexvezimeliai.eu\/en\/wp-json\/wp\/v2\/product"}],"about":[{"href":"https:\/\/lonexvezimeliai.eu\/en\/wp-json\/wp\/v2\/types\/product"}],"wp:featuredmedia":[{"embeddable":true,"href":"https:\/\/lonexvezimeliai.eu\/en\/wp-json\/wp\/v2\/media\/10461"}],"wp:attachment":[{"href":"https:\/\/lonexvezimeliai.eu\/en\/wp-json\/wp\/v2\/media?parent=10460"}],"wp:term":[{"taxonomy":"product_cat","embeddable":true,"href":"https:\/\/lonexvezimeliai.eu\/en\/wp-json\/wp\/v2\/product_cat?post=10460"},{"taxonomy":"product_tag","embeddable":true,"href":"https:\/\/lonexvezimeliai.eu\/en\/wp-json\/wp\/v2\/product_tag?post=10460"}],"curies":[{"name":"wp","href":"https:\/\/api.w.org\/{rel}","templated":true}]}}