{"id":10450,"date":"2023-03-13T19:44:56","date_gmt":"2023-03-13T19:44:56","guid":{"rendered":"https:\/\/lonexvezimeliai.eu\/?product=wozek-dzieciecy-lonex-julia-baronessa"},"modified":"2023-07-19T14:53:37","modified_gmt":"2023-07-19T14:53:37","slug":"wozek-dzieciecy-lonex-julia-baronessa","status":"publish","type":"product","link":"https:\/\/lonexvezimeliai.eu\/en\/product\/wozek-dzieciecy-lonex-julia-baronessa\/","title":{"rendered":"Stroller Lonex JULIA BARONESSA 2in1 and 3in1"},"content":{"rendered":"<p><span class=\"HwtZe\" lang=\"lt\"><span class=\"jCAhz ChMk0b\"><span class=\"ryNqvb\">LONEX\u00a0JULIA BARONESSA k\u016bdikio ve\u017eim\u0117lio modelis &#8211; klasikinio, patikimo dizaino su odiniais dir\u017eeliais.<\/span><\/span> <span class=\"jCAhz ChMk0b\"><span class=\"ryNqvb\">Sodrios spalvos ir funkcionalumas kartu su priimtina kaina daro LONEX JULIA BARONESSA k\u016bdikio ve\u017eim\u0117l\u012f neprilygstamu savo klas\u0117je.<\/span><\/span><span class=\"jCAhz ChMk0b\"><span class=\"ryNqvb\"> Ve\u017eim\u0117lis turi patog\u0173 lop\u0161\u012f, kuriame, be kita ko, yra 3 pakop\u0173 atlo\u0161o reguliavimas ir \u0161iltas u\u017evalkalas.<br \/>\n<\/span><\/span><\/span><\/p>\n<section id=\"extContent2-hs\" class=\"mbr-section ext\u0421ontent cid-ssWCOLa6WG\">\n<div class=\"container\">\n<div class=\"title col-12 col-md-12\">\n<h2 class=\"align-center mbr-fonts-style pb-5 display-1\">PATOGUS LOP\u0160YS<\/h2>\n<\/div>\n<div class=\"media-container-row mt-4\"><span class=\"HwtZe\" lang=\"lt\"><span class=\"jCAhz ChMk0b\"><span class=\"ryNqvb\">\u0160iltas u\u017edangalas<\/span><\/span> <span class=\"jCAhz ChMk0b\"><span class=\"ryNqvb\">su priekiniu stiklu.<\/span><\/span> <span class=\"jCAhz ChMk0b\"><span class=\"ryNqvb\">Reguliuojamas atlo\u0161as lop\u0161yje<\/span><\/span><span class=\"jCAhz ChMk0b\"><span class=\"ryNqvb\"><br \/>\n<\/span><\/span><\/span><\/div>\n<\/div>\n<\/section>\n<section id=\"image1-ht\" class=\"cid-ssWCOLFOk4\">\n<figure class=\"mbr-figure container\">\n<div class=\"image-block\"><img decoding=\"async\" class=\"lazyload\" title=\"wersja spacerowa\" src=\"https:\/\/lonexcompany.com\/assets\/images\/julia-opis-02-pl-1598x1177.jpg\" alt=\"w\u00f3zek dzieci\u0119cy Lonex Julia\" width=\"1400\" data-src=\"assets\/images\/julia-opis-02-pl-1598x1177.jpg\" \/><\/div>\n<\/figure>\n<\/section>\n<section id=\"article6-hu\" class=\"mbr-section article content1 cid-ssWCOM9QNi\">\n<div class=\"container\">\n<div class=\"media-container-row\">\n<div class=\"mbr-text col-12 col-md-8 mbr-fonts-style display-5\">\n<div>I\u0161matavimai<\/div>\n<div><\/div>\n<div><strong>ilgis 80 cm<\/strong> \/ <strong>plotis 35 cm<\/strong> \/ auk\u0161tis <strong>22 cm<\/strong><\/div>\n<div><\/div>\n<\/div>\n<\/div>\n<\/div>\n<\/section>\n<section id=\"image1-hv\" class=\"cid-ssWCOMwbOx\">\n<figure class=\"mbr-figure container\">\n<div class=\"image-block\"><img decoding=\"async\" class=\"lazyload\" title=\"wersja spacerowa\" src=\"https:\/\/lonexcompany.com\/assets\/images\/julia-opis-01-pl-2-1598x1177.jpg\" alt=\"w\u00f3zek dzieci\u0119cy Lonex Julia\" width=\"1400\" data-src=\"assets\/images\/julia-opis-01-pl-2-1598x1177.jpg\" \/><\/div>\n<\/figure>\n<\/section>\n<section id=\"features18-hw\" class=\"mbr-section features18 cid-ssWCOMVtHl\">\n<div class=\"container-fluid\">\n<div class=\"row justify-content-center pt-5\">\n<div class=\"card px-3 py-4 col-12 col-md-6 col-lg-4\">\n<div class=\"card-wrapper\">\n<div class=\"card-img\"><img decoding=\"async\" class=\"lazyload\" title=\"pokrowiec na n\u00f3\u017cki\" src=\"https:\/\/lonexcompany.com\/assets\/images\/jbn-moskitera-880x587.jpg\" alt=\"w\u00f3zek dzieci\u0119cy Lonex Julia\" data-src=\"assets\/images\/jbn-moskitera-880x587.jpg\" \/><\/div>\n<div class=\"card-box\">\n<p class=\"mbr-text mbr-fonts-style align-center mbr-white display-5\"><span class=\"HwtZe\" lang=\"lt\"><span class=\"jCAhz ChMk0b\"><span class=\"ryNqvb\">Nuimamas tinklelis nuo uod\u0173<\/span><\/span> <span class=\"jCAhz ChMk0b\"><span class=\"ryNqvb\">pagrindiniame rinkinyje<\/span><\/span><\/span><\/p>\n<\/div>\n<\/div>\n<\/div>\n<div class=\"card px-3 py-4 col-12 col-md-6 col-lg-4\">\n<div class=\"card-wrapper\">\n<div class=\"card-img\"><img decoding=\"async\" class=\"lazyload\" title=\"przek\u0142adane siedzisko spacer\u00f3wki PAX\" src=\"https:\/\/lonexcompany.com\/assets\/images\/jbn-gondola-tyl-880x587.jpg\" alt=\"w\u00f3zek dzieci\u0119cy Lonex Julia\" data-src=\"assets\/images\/jbn-gondola-tyl-880x587.jpg\" \/><\/div>\n<div class=\"card-box\">\n<p class=\"mbr-text mbr-fonts-style align-center mbr-white display-5\"><span class=\"HwtZe\" lang=\"lt\"><span class=\"jCAhz ChMk0b\"><span class=\"ryNqvb\">Papildoma ventiliacija stogelyje<\/span><\/span> <span class=\"jCAhz ChMk0b\"><span class=\"ryNqvb\">u\u017etikrina maksimali\u0105 oro cirkuliacij\u0105<\/span><\/span><\/span><\/p>\n<\/div>\n<\/div>\n<\/div>\n<div class=\"card px-3 py-4 col-12 col-md-6 col-lg-4\">\n<div class=\"card-wrapper\">\n<div class=\"card-img\"><img decoding=\"async\" class=\"lazyload\" title=\"pozycja do spania PAX\" src=\"https:\/\/lonexcompany.com\/assets\/images\/jbn-skladanie-ramy-1-880x587.jpg\" alt=\"w\u00f3zek dzieci\u0119cy Lonex Julia\" data-src=\"assets\/images\/jbn-skladanie-ramy-1-880x587.jpg\" \/><\/div>\n<div class=\"card-box\">\n<p class=\"mbr-text mbr-fonts-style align-center mbr-white display-5\"><span class=\"HwtZe\" lang=\"lt\"><span class=\"jCAhz ChMk0b\"><span class=\"ryNqvb\">Sulankstomas r\u0117mas su apsauga<\/span><\/span> <span class=\"jCAhz ChMk0b\"><span class=\"ryNqvb\">prie\u0161 i\u0161siskleid\u017eiant<\/span><\/span><\/span><\/p>\n<\/div>\n<\/div>\n<\/div>\n<\/div>\n<\/div>\n<\/section>\n<section id=\"extContent2-hx\" class=\"mbr-section ext\u0421ontent cid-ssWCONHVOE\">\n<div class=\"container\">\n<div class=\"title col-12 col-md-12\">\n<h2 class=\"align-center mbr-fonts-style pb-5 display-1\"><\/h2>\n<\/div>\n<div class=\"media-container-row mt-4\"><span class=\"HwtZe\" lang=\"lt\"><span class=\"jCAhz ChMk0b\"><span class=\"ryNqvb\">reguliuojama koj\u0173 atrama,<\/span><\/span> <span class=\"jCAhz ChMk0b\"><span class=\"ryNqvb\">nuimama galvos juosta su tarpkojo dir\u017eeliu.<\/span><\/span> <span class=\"jCAhz ChMk0b\"><span class=\"ryNqvb\">Paprasta s\u0117dyn\u0117s reguliavimo sistema<\/span><\/span> <span class=\"jCAhz ChMk0b\"><span class=\"ryNqvb\">pirmyn arba atgal pagal va\u017eiavimo krypt\u012f<\/span><\/span><\/span><\/div>\n<\/div>\n<\/section>\n<section id=\"features18-hz\" class=\"mbr-section features18 cid-ssWCOOzPhD\">\n<div class=\"container-fluid\">\n<div class=\"row justify-content-center pt-5\">\n<div class=\"card px-3 py-4 col-12 col-md-6 col-lg-4\">\n<div class=\"card-wrapper\">\n<div class=\"card-img\"><img decoding=\"async\" class=\"lazyload\" title=\"pokrowiec na n\u00f3\u017cki\" src=\"https:\/\/lonexcompany.com\/assets\/images\/jbn-spacerowka-a-880x587.jpg\" alt=\"w\u00f3zek dzieci\u0119cy Julia\" data-src=\"assets\/images\/jbn-spacerowka-a-880x587.jpg\" \/><\/div>\n<div class=\"card-box\">\n<p class=\"mbr-text mbr-fonts-style align-center mbr-white display-5\"><span class=\"HwtZe\" lang=\"lt\"><span class=\"jCAhz ChMk0b\"><span class=\"ryNqvb\">\u0160iltas u\u017evalkalas, dengiantis kojas<\/span><\/span><\/span><\/p>\n<\/div>\n<\/div>\n<\/div>\n<div class=\"card px-3 py-4 col-12 col-md-6 col-lg-4\">\n<div class=\"card-wrapper\">\n<div class=\"card-img\"><img decoding=\"async\" class=\"lazyload\" title=\"przek\u0142adane siedzisko spacer\u00f3wki PAX\" src=\"https:\/\/lonexcompany.com\/assets\/images\/jbn-spacerowka-e-1-880x587.jpg\" alt=\"w\u00f3zek dzieci\u0119cy Julia\" data-src=\"assets\/images\/jbn-spacerowka-e-1-880x587.jpg\" \/><\/div>\n<div class=\"card-box\">\n<p class=\"mbr-text mbr-fonts-style align-center mbr-white display-5\"><span class=\"HwtZe\" lang=\"lt\"><span class=\"jCAhz ChMk0b\"><span class=\"ryNqvb\">Momentin\u0117 sistema<\/span><\/span>&#8211;<span class=\"jCAhz ChMk0b\"><span class=\"ryNqvb\"> priekis\/gala<\/span><\/span><\/span>s<\/p>\n<\/div>\n<\/div>\n<\/div>\n<div class=\"card px-3 py-4 col-12 col-md-6 col-lg-4\">\n<div class=\"card-wrapper\">\n<div class=\"card-img\"><img decoding=\"async\" class=\"lazyload\" title=\"pozycja do spania PAX\" src=\"https:\/\/lonexcompany.com\/assets\/images\/jbn-spacerowka-d-1-880x587.jpg\" alt=\"w\u00f3zek dzieci\u0119cy Julia\" data-src=\"assets\/images\/jbn-spacerowka-d-1-880x587.jpg\" \/><\/div>\n<div class=\"card-box\">\n<p class=\"mbr-text mbr-fonts-style align-center mbr-white display-5\"><span class=\"HwtZe\" lang=\"lt\"><span class=\"jCAhz ChMk0b\"><span class=\"ryNqvb\">Miego pad\u0117tis<\/span><\/span> <span class=\"jCAhz ChMk0b\"><span class=\"ryNqvb\">maksimaliam komfortui<\/span><\/span><\/span><\/p>\n<\/div>\n<\/div>\n<\/div>\n<\/div>\n<\/div>\n<\/section>\n<section id=\"extContent2-i0\" class=\"mbr-section ext\u0421ontent cid-ssWCOPx7MX\">\n<div class=\"container\">\n<div class=\"title col-12 col-md-12\">\n<h2 class=\"align-center mbr-fonts-style pb-5 display-1\">Saugi k\u0117dut\u0117<\/h2>\n<\/div>\n<div class=\"media-container-row mt-4\">\n<div class=\"article article-right-border mb-4 col-sm-12 col-md-6\">\n<p class=\"mbr-text-left align-right mbr-fonts-style display-5\"><span class=\"HwtZe\" lang=\"lt\"><span class=\"jCAhz ChMk0b\"><span class=\"ryNqvb\">Carlo \u2013 tai automobilin\u0117 k\u0117dut\u0117, u\u017etikrinanti maksimal\u0173 saugum\u0105 nuo pirm\u0173j\u0173 vaiko gyvenimo dien\u0173<\/span><\/span><\/span><\/p>\n<\/div>\n<div class=\"article mb-4 col-sm-12 col-md-6\">\n<p class=\"mbr-text-right mbr-fonts-style align-left display-5\"><span class=\"HwtZe\" lang=\"lt\"><span class=\"jCAhz ChMk0b\"><span class=\"ryNqvb\">2 montavimo tipai: tvirtinimas prie ISOFIX pagrindo (parinktis keturi viename pagrinde u\u017e papildom\u0105 mokest\u012f) arba automobilio dir\u017eu<\/span><\/span><\/span><\/p>\n<\/div>\n<\/div>\n<\/div>\n<\/section>\n<section id=\"image1-i1\" class=\"cid-ssWCOQ5jtw\">\n<figure class=\"mbr-figure container\">\n<div class=\"image-block\"><img decoding=\"async\" class=\"lazyload\" title=\"wersja spacerowa\" src=\"https:\/\/lonexcompany.com\/assets\/images\/julia-opis-03-pl-1-1598x1177.jpg\" alt=\"w\u00f3zek dzieci\u0119cy Lonex Julia\" width=\"1400\" data-src=\"assets\/images\/julia-opis-03-pl-1-1598x1177.jpg\" \/><\/div>\n<\/figure>\n<\/section>\n<section id=\"features18-i2\" class=\"mbr-section features18 cid-ssWCOQx654\">\n<div class=\"container-fluid\">\n<div class=\"row justify-content-center pt-5\">\n<div class=\"card px-3 py-4 col-12 col-md-6 col-lg-4\">\n<div class=\"card-wrapper\">\n<div class=\"card-img\"><img decoding=\"async\" class=\"lazyload\" title=\"pokrowiec na n\u00f3\u017cki\" src=\"https:\/\/lonexcompany.com\/assets\/images\/jbn-fotelik-880x587.jpg\" alt=\"w\u00f3zek dzieci\u0119cy Lonex Julia\" data-src=\"assets\/images\/jbn-fotelik-880x587.jpg\" \/><\/div>\n<div class=\"card-box\">\n<p class=\"mbr-text mbr-fonts-style align-center mbr-white display-5\"><span class=\"HwtZe\" lang=\"lt\"><span class=\"jCAhz ChMk0b\"><span class=\"ryNqvb\">Komplekte gauptas<\/span><\/span><span class=\"jCAhz ChMk0b\"><span class=\"ryNqvb\"> ir \u0161iltas koj\u0173 apdangalas<\/span><\/span><\/span><\/p>\n<\/div>\n<\/div>\n<\/div>\n<div class=\"card px-3 py-4 col-12 col-md-6 col-lg-4\">\n<div class=\"card-wrapper\">\n<div class=\"card-img\"><img decoding=\"async\" class=\"lazyload\" title=\"przek\u0142adane siedzisko spacer\u00f3wki PAX\" src=\"https:\/\/lonexcompany.com\/assets\/images\/jbn-fotelik-b-1-880x587.jpg\" alt=\"w\u00f3zek dzieci\u0119cy Lonex Julia\" data-src=\"assets\/images\/jbn-fotelik-b-1-880x587.jpg\" \/><\/div>\n<div class=\"card-box\">\n<p class=\"mbr-text mbr-fonts-style align-center mbr-white display-5\"><span class=\"HwtZe\" lang=\"lt\"><span class=\"jCAhz ChMk0b\"><span class=\"ryNqvb\">Prijungiami adapteriai<\/span><\/span> <span class=\"jCAhz ChMk0b\"><span class=\"ryNqvb\">Standartin\u0117 r\u0117mo s\u0117dyn\u0117<\/span><\/span> <span class=\"jCAhz ChMk0b\"><span class=\"ryNqvb\">Komplekte 3in1 \/ 4in1<\/span><\/span><\/span><\/p>\n<\/div>\n<\/div>\n<\/div>\n<\/div>\n<\/div>\n<\/section>\n<section id=\"extContent2-i3\" class=\"mbr-section ext\u0421ontent cid-ssWCORFgOO\">\n<div class=\"container\">\n<div class=\"title col-12 col-md-12\">\n<h2 class=\"align-center mbr-fonts-style pb-5 display-1\">Accessories<\/h2>\n<\/div>\n<div class=\"media-container-row mt-4\">\n<div class=\"article article-right-border mb-4 col-sm-12 col-md-6\">\n<p class=\"mbr-text-left align-right mbr-fonts-style display-5\"><span class=\"HwtZe\" lang=\"lt\"><span class=\"jCAhz ChMk0b\"><span class=\"ryNqvb\">Erdvus pirkini\u0173 krep\u0161elis<\/span><\/span><\/span><\/p>\n<\/div>\n<div class=\"article mb-4 col-sm-12 col-md-6\">\n<p class=\"mbr-text-right mbr-fonts-style align-left display-5\"><span class=\"HwtZe\" lang=\"lt\"><span class=\"jCAhz ChMk0b\"><span class=\"ryNqvb\">U\u017edangalas nuo lietaus ir tinklelis nuo uod\u0173<\/span><\/span><\/span><\/p>\n<\/div>\n<\/div>\n<\/div>\n<\/section>\n<section id=\"features18-i5\" class=\"mbr-section features18 cid-ssWCOSKUoq\">\n<div class=\"container-fluid\">\n<div class=\"row justify-content-center pt-5\">\n<div class=\"card px-3 py-4 col-12 col-md-6 col-lg-4\">\n<div class=\"card-wrapper\">\n<div class=\"card-img\"><img decoding=\"async\" class=\"lazyload\" title=\"pokrowiec na n\u00f3\u017cki\" src=\"https:\/\/lonexcompany.com\/assets\/images\/jbn-kubek-880x587.jpg\" alt=\"w\u00f3zek dzieci\u0119cy Lonex Julia\" data-src=\"assets\/images\/jbn-kubek-880x587.jpg\" \/><\/div>\n<div class=\"card-box\">\n<p class=\"mbr-text mbr-fonts-style align-center mbr-white display-5\"><strong>Buteliuko laikiklis<\/strong><\/p>\n<\/div>\n<\/div>\n<\/div>\n<div class=\"card px-3 py-4 col-12 col-md-6 col-lg-4\">\n<div class=\"card-wrapper\">\n<div class=\"card-img\"><img decoding=\"async\" class=\"lazyload\" title=\"przek\u0142adane siedzisko spacer\u00f3wki PAX\" src=\"https:\/\/lonexcompany.com\/assets\/images\/jbn-torba-1-880x587.jpg\" alt=\"w\u00f3zek dzieci\u0119cy Lonex Julia\" data-src=\"assets\/images\/jbn-torba-1-880x587.jpg\" \/><\/div>\n<div class=\"card-box\">\n<p class=\"mbr-text mbr-fonts-style align-center mbr-white display-5\"><span class=\"HwtZe\" lang=\"lt\"><span class=\"jCAhz ChMk0b\"><span class=\"ryNqvb\">Moderni ir talpi rankin\u0117<\/span><\/span> <span class=\"jCAhz ChMk0b\"><span class=\"ryNqvb\">su u\u017etrauktuku<br \/>\n<\/span><\/span><\/span><\/p>\n<\/div>\n<\/div>\n<\/div>\n<\/div>\n<\/div>\n<\/section>\n<section id=\"features18-i7\" class=\"mbr-section features18 cid-ssWCOUgZP0\">\n<div class=\"container-fluid\">\n<h2 class=\"mbr-section-title align-left mbr-fonts-style mbr-bold mbr-white display-1\">I\u0161matavimas ir svoris<\/h2>\n<div class=\"row justify-content-center pt-5\">\n<div class=\"card px-3 py-4 col-12 col-md-6 col-lg-4\">\n<div class=\"card-wrapper\">\n<div class=\"card-img\"><img decoding=\"async\" class=\"lazyload\" title=\"pokrowiec na n\u00f3\u017cki\" src=\"https:\/\/lonexcompany.com\/assets\/images\/julia-wymiary-a-2-640x480.jpg\" alt=\"w\u00f3zek dzieci\u0119cy Lonex Julia\" data-src=\"assets\/images\/julia-wymiary-a-2-640x480.jpg\" \/><\/div>\n<\/div>\n<\/div>\n<div class=\"card px-3 py-4 col-12 col-md-6 col-lg-4\">\n<div class=\"card-wrapper\">\n<div class=\"card-img\"><img decoding=\"async\" class=\"lazyload\" title=\"przek\u0142adane siedzisko spacer\u00f3wki PAX\" src=\"https:\/\/lonexcompany.com\/assets\/images\/julia-wymiary-c-2-640x480.jpg\" alt=\"w\u00f3zek dzieci\u0119cy Lonex Julia\" data-src=\"assets\/images\/julia-wymiary-c-2-640x480.jpg\" \/><\/div>\n<\/div>\n<\/div>\n<\/div>\n<\/div>\n<\/section>\n<section id=\"features18-i8\" class=\"mbr-section features18 cid-ssWCOViOVW\">\n<div class=\"container-fluid\">\n<div class=\"row justify-content-center pt-5\">\n<div class=\"card px-3 py-4 col-12 col-md-6 col-lg-4\">\n<div class=\"card-wrapper\">\n<div class=\"card-img\"><img decoding=\"async\" class=\"lazyload\" title=\"pokrowiec na n\u00f3\u017cki\" src=\"https:\/\/lonexcompany.com\/assets\/images\/julia-wymiary-b-2-640x480.jpg\" alt=\"w\u00f3zek dzieci\u0119cy Lonex Julia\" data-src=\"assets\/images\/julia-wymiary-b-2-640x480.jpg\" \/><\/div>\n<\/div>\n<\/div>\n<div class=\"card px-3 py-4 col-12 col-md-6 col-lg-4\">\n<div class=\"card-wrapper\">\n<div class=\"card-img\"><img decoding=\"async\" class=\"lazyload\" title=\"przek\u0142adane siedzisko spacer\u00f3wki PAX\" src=\"https:\/\/lonexcompany.com\/assets\/images\/julia-wymiary-d-640x480.jpg\" alt=\"w\u00f3zek dzieci\u0119cy Julia\" data-src=\"assets\/images\/julia-wymiary-d-640x480.jpg\" \/><\/div>\n<\/div>\n<\/div>\n<\/div>\n<\/div>\n<\/section>\n<section id=\"article6-i9\" class=\"mbr-section article content1 cid-ssWCOWfwSB\">\n<div class=\"container\">\n<div class=\"media-container-row\">\n<div class=\"mbr-text col-12 col-md-8 mbr-fonts-style display-7\">\n<p class=\"\">*svoris kartu su ratukais<\/p>\n<\/div>\n<\/div>\n<\/div>\n<\/section>\n<section id=\"extGallery2-ic\" class=\"mbr-gallery mbr-slider-carousel extGallery cid-ssWCOXBu7P\">\n<div class=\"container\">\n<div class=\"row justify-content-center\">\n<div class=\"col-sm-10\">\n<h2 class=\"mbr-section-title mbr-fonts-style align-center display-1\">I\u0161sirinkit spalv\u0105 Julia Baronessa<\/h2>\n<\/div>\n<\/div>\n<\/div>\n<div>\n<div class=\"pt-5\">\n<div class=\"mbr-gallery-row\">\n<div class=\"mbr-gallery-layout-default\">\n<div>\n<div>\n<div class=\"mbr-gallery-item mbr-gallery-item--p1\" data-video-url=\"false\" data-tags=\"Niesamowite\">\n<div data-slide-to=\"0\" data-bs-slide-to=\"0\" data-toggle=\"modal\" data-bs-toggle=\"modal\"><img decoding=\"async\" class=\"lazyload\" title=\"kolor 01 silver dust\" src=\"https:\/\/lonexcompany.com\/assets\/images\/jbn-12-2000x1332-800x533.jpg\" alt=\"w\u00f3zek dzieci\u0119cy Lonex Julia\" data-src=\"assets\/images\/jbn-12-2000x1332-800x533.jpg\" \/><\/div>\n<\/div>\n<div class=\"mbr-gallery-item mbr-gallery-item--p1\" data-video-url=\"false\" data-tags=\"Niesamowite\">\n<div data-slide-to=\"1\" data-bs-slide-to=\"1\" data-toggle=\"modal\" data-bs-toggle=\"modal\"><img decoding=\"async\" class=\"lazyload\" title=\"\" src=\"https:\/\/lonexcompany.com\/assets\/images\/jbn-3-2000x1333-800x533.jpg\" alt=\"\" data-src=\"assets\/images\/jbn-3-2000x1333-800x533.jpg\" \/><\/div>\n<\/div>\n<div class=\"mbr-gallery-item mbr-gallery-item--p1\" data-video-url=\"false\" data-tags=\"Niesamowite\">\n<div data-slide-to=\"2\" data-bs-slide-to=\"2\" data-toggle=\"modal\" data-bs-toggle=\"modal\"><img decoding=\"async\" class=\"lazyload\" title=\"\" src=\"https:\/\/lonexcompany.com\/assets\/images\/jbn-7-2000x1333-800x533.jpg\" alt=\"\" data-src=\"assets\/images\/jbn-7-2000x1333-800x533.jpg\" \/><\/div>\n<\/div>\n<div class=\"mbr-gallery-item mbr-gallery-item--p1\" data-video-url=\"false\" data-tags=\"Niesamowite\">\n<div data-slide-to=\"3\" data-bs-slide-to=\"3\" data-toggle=\"modal\" data-bs-toggle=\"modal\"><img decoding=\"async\" class=\"lazyload\" title=\"\" src=\"https:\/\/lonexcompany.com\/assets\/images\/jbn-9-2000x1333-800x533.jpg\" alt=\"\" data-src=\"assets\/images\/jbn-9-2000x1333-800x533.jpg\" \/><\/div>\n<\/div>\n<div class=\"mbr-gallery-item mbr-gallery-item--p1\" data-video-url=\"false\" data-tags=\"Niesamowite\">\n<div data-slide-to=\"4\" data-bs-slide-to=\"4\" data-toggle=\"modal\" data-bs-toggle=\"modal\"><img decoding=\"async\" class=\"lazyload\" title=\"\" src=\"https:\/\/lonexcompany.com\/assets\/images\/jbn-10-2000x1333-800x533.jpg\" alt=\"\" data-src=\"assets\/images\/jbn-10-2000x1333-800x533.jpg\" \/><\/div>\n<\/div>\n<div class=\"mbr-gallery-item mbr-gallery-item--p1\" data-video-url=\"false\" data-tags=\"Niesamowite\">\n<div data-slide-to=\"5\" data-bs-slide-to=\"5\" data-toggle=\"modal\" data-bs-toggle=\"modal\"><img decoding=\"async\" class=\"lazyload\" title=\"\" src=\"https:\/\/lonexcompany.com\/assets\/images\/jbn-11-2000x1333-800x533.jpg\" alt=\"\" data-src=\"assets\/images\/jbn-11-2000x1333-800x533.jpg\" \/><\/div>\n<\/div>\n<\/div>\n<\/div>\n<\/div>\n<\/div>\n<\/div>\n<\/div>\n<\/section>\n<p>&nbsp;<\/p>\n<div><\/div>\n<p>&nbsp;<\/p>","protected":false},"excerpt":{"rendered":"<div class=\"container align-left\">\n<div class=\"row justify-content-center mbr-white\">\n<div class=\"mbr-white col-md-12\">\n<p class=\"mbr-text pb-3 mbr-fonts-style mbr-white align-left display-5\"><span class=\"HwtZe\" lang=\"lt\"><span class=\"jCAhz ChMk0b\"><span class=\"ryNqvb\">Modelis JULIA BARONESSA klasikin\u0117 patikima konstrukcija ant odini\u0173 dir\u017eeli\u0173.<\/span><\/span> <span class=\"jCAhz ChMk0b\"><span class=\"ryNqvb\">Sodrios spalvos ir funkcionalumas kartu su priimtina kaina daro JULIA BARONESSA ve\u017eim\u0117l\u012f neprilygstamu savo klas\u0117je.<\/span><\/span><\/span><\/p>\n<\/div>\n<\/div>\n<\/div>\n<div id=\"user_jarallax-container-0\"><\/div>","protected":false},"featured_media":10451,"template":"","meta":[],"product_cat":[220],"product_tag":[],"acf":[],"_links":{"self":[{"href":"https:\/\/lonexvezimeliai.eu\/en\/wp-json\/wp\/v2\/product\/10450"}],"collection":[{"href":"https:\/\/lonexvezimeliai.eu\/en\/wp-json\/wp\/v2\/product"}],"about":[{"href":"https:\/\/lonexvezimeliai.eu\/en\/wp-json\/wp\/v2\/types\/product"}],"wp:featuredmedia":[{"embeddable":true,"href":"https:\/\/lonexvezimeliai.eu\/en\/wp-json\/wp\/v2\/media\/10451"}],"wp:attachment":[{"href":"https:\/\/lonexvezimeliai.eu\/en\/wp-json\/wp\/v2\/media?parent=10450"}],"wp:term":[{"taxonomy":"product_cat","embeddable":true,"href":"https:\/\/lonexvezimeliai.eu\/en\/wp-json\/wp\/v2\/product_cat?post=10450"},{"taxonomy":"product_tag","embeddable":true,"href":"https:\/\/lonexvezimeliai.eu\/en\/wp-json\/wp\/v2\/product_tag?post=10450"}],"curies":[{"name":"wp","href":"https:\/\/api.w.org\/{rel}","templated":true}]}}