{"id":10424,"date":"2023-03-13T19:43:27","date_gmt":"2023-03-13T19:43:27","guid":{"rendered":"https:\/\/lonexvezimeliai.eu\/?product=wozek-dzieciecy-lonex-parrilla-2w1"},"modified":"2026-02-25T09:01:08","modified_gmt":"2026-02-25T09:01:08","slug":"wozek-dzieciecy-lonex-parrilla-2w1","status":"publish","type":"product","link":"https:\/\/lonexvezimeliai.eu\/en\/product\/wozek-dzieciecy-lonex-parrilla-2w1\/","title":{"rendered":"Vaiki\u0161kas ve\u017eim\u0117lis Lonex PARRILLA 2in1 ir 3in1"},"content":{"rendered":"<p style=\"text-align: center;\"><span style=\"font-size: 14pt;\"><span class=\"HwtZe\" lang=\"lt\"><span class=\"jCAhz ChMk0b\"><span class=\"ryNqvb\">Lonex PARRILLA klasikinis patikimas dizainas ant odini\u0173 dir\u017eeli\u0173.<\/span><\/span> <span class=\"jCAhz ChMk0b\"><span class=\"ryNqvb\">Lonex PARRILLA turi didel\u0119, lengv\u0105 plastikin\u012f lop\u0161\u012f, papuo\u0161t\u0105 auk\u0161tos kokyb\u0117s audiniais su linu.<\/span><\/span><\/span><br \/>\n<\/span><\/p>\n<section id=\"features10-4h\" class=\"features10 cid-ra7dIUIHZq\">\n<div class=\"container\">\n<div class=\"row justify-content-center align-items-start\">\n<div class=\"card px-3 py-4 col-md-4\">\n<div class=\"card-wrapper flip-card\">\n<div class=\"card-img\"><img decoding=\"async\" class=\"lazyload\" title=\"Amortyzacja\" src=\"https:\/\/lonexcompany.com\/assets\/images\/par-p-09-szczegol-a-696x522.jpg\" alt=\"W\u00f3zek Dzieci\u0119cy Lonex Parrilla\" data-src=\"assets\/images\/par-p-09-szczegol-a-696x522.jpg\" \/><\/div>\n<div class=\"card-box\">\n<h3 class=\"mbr-title mbr-fonts-style mbr-black align-center display-2\">Komfortas<\/h3>\n<p class=\"mbr-card-text mbr-fonts-style align-center display-5\"><span class=\"HwtZe\" lang=\"lt\"><span class=\"jCAhz ChMk0b\"><span class=\"ryNqvb\">Vairavimo patogumui naudojama klasikini\u0173 odini\u0173 dir\u017eeli\u0173 amortizacija.<\/span><\/span><\/span><\/p>\n<\/div>\n<\/div>\n<\/div>\n<div class=\"card px-3 py-4 col-md-4\">\n<div class=\"card-wrapper flip-card\">\n<div class=\"card-img\"><img decoding=\"async\" class=\"lazyload\" title=\"Jako\u015b\u0107\" src=\"https:\/\/lonexcompany.com\/assets\/images\/par-p-09-szczegol-c-696x522.jpg\" alt=\"W\u00f3zek Dzieci\u0119cy Lonex Parrilla\" data-src=\"assets\/images\/par-p-09-szczegol-c-696x522.jpg\" \/><\/div>\n<div class=\"card-box\">\n<h3 class=\"mbr-title mbr-fonts-style mbr-black align-center display-2\">Kokyb\u0117<\/h3>\n<p class=\"mbr-card-text mbr-fonts-style align-center display-5\"><span class=\"HwtZe\" lang=\"lt\"><span class=\"jCAhz ChMk0b\"><span class=\"ryNqvb\">Detali\u0173 apdailai naudojama auk\u0161tos kokyb\u0117s eko oda<\/span><\/span><\/span><\/p>\n<\/div>\n<\/div>\n<\/div>\n<div class=\"card px-3 py-4 col-md-4\">\n<div class=\"card-wrapper flip-card\">\n<div class=\"card-img\"><img decoding=\"async\" class=\"lazyload\" title=\"Uchwyt\" src=\"https:\/\/lonexcompany.com\/assets\/images\/par-p-09-szczegol-b-696x522.jpg\" alt=\"W\u00f3zek Dzieci\u0119cy Lonex Parrilla\" data-src=\"assets\/images\/par-p-09-szczegol-b-696x522.jpg\" \/><\/div>\n<div class=\"card-box\">\n<h3 class=\"mbr-title mbr-fonts-style mbr-black align-center display-2\">D\u0117kliukas<\/h3>\n<p class=\"mbr-card-text mbr-fonts-style align-center display-5\"><span class=\"HwtZe\" lang=\"lt\"><span class=\"jCAhz ChMk0b\"><span class=\"ryNqvb\">Komplekte yra nuimamas buteliuko laikiklis<\/span><\/span><\/span><\/p>\n<\/div>\n<\/div>\n<\/div>\n<\/div>\n<\/div>\n<\/section>\n<section id=\"wowslider-4i\" class=\"mbr-wowslider-container mbr-section mbr-section__container carousel slide mbr-wowslider-container--absent mbr-section-nopadding\" data-ride=\"carousel\" data-keyboard=\"false\" data-wrap=\"true\" data-interval=\"false\" data-rv-view=\"942\">\n<div class=\"mbr-wowslider boxed ws_gestures\">\n<div class=\"ws_images\">\n<div><img decoding=\"async\" title=\"title 2\" src=\"https:\/\/lonexcompany.com\/assets\/images\/par-p-09-bok-640x480.jpg\" alt=\"title 2\" \/><\/div>\n<div><\/div>\n<div class=\"ws_cover\"><\/div>\n<div class=\"ws_effect ws_cube_over\">\n<div>\n<div><img decoding=\"async\" src=\"https:\/\/lonexcompany.com\/assets\/images\/par-p-09-bok-640x480.jpg\" \/><\/div>\n<div><img decoding=\"async\" src=\"https:\/\/lonexcompany.com\/assets\/images\/par-p-09-bok-klin-640x480.jpg\" \/><\/div>\n<div class=\"ws_cube_side\"><\/div>\n<\/div>\n<\/div>\n<div><\/div>\n<div class=\"ws_controls\"><\/div>\n<\/div>\n<div class=\"ws_shadow\"><\/div>\n<\/div>\n<\/section>\n<section id=\"features3-4j\" class=\"features3 cid-ra7dIWtBp5\">\n<div class=\"container\">\n<h2 class=\"mbr-section-title align-center mbr-fonts-style display-2\">Technologija<\/h2>\n<h3 class=\"mbr-section-subtitle display-5 align-center mbr-fonts-style\">PARRILLA<\/h3>\n<div class=\"row justify-content-center pt-3\">\n<div class=\"card p-3 col-12 col-md-6\">\n<div class=\"card-wrap\">\n<div class=\"card-img pb-4 align-center\"><\/div>\n<div class=\"card-box\">\n<h4 class=\"card-title mbr-fonts-style align-center display-5\">BEST LOCK<\/h4>\n<p class=\"mbr-text mbr-fonts-style align-center display-5\"><span class=\"HwtZe\" lang=\"lt\"><span class=\"jCAhz ChMk0b\"><span class=\"ryNqvb\">Patikimas apsauginis u\u017eraktas nuo savaiminio r\u0117mo susilankstymo<\/span><\/span><\/span><\/p>\n<\/div>\n<\/div>\n<\/div>\n<div class=\"card p-3 col-12 col-md-6\">\n<div class=\"card-wrap\">\n<div class=\"card-img pb-4 align-center\"><\/div>\n<div class=\"card-box\">\n<h4 class=\"card-title mbr-fonts-style align-center display-5\">SUSPENSION<\/h4>\n<p class=\"mbr-text mbr-fonts-style align-center display-5\"><span class=\"HwtZe\" lang=\"lt\"><span class=\"jCAhz ChMk0b\"><span class=\"ryNqvb\">Vairavimo patogumas naudojant klasikini\u0173 odini\u0173 dir\u017eeli\u0173 amortizacij\u0105<\/span><\/span><\/span><\/p>\n<\/div>\n<\/div>\n<\/div>\n<\/div>\n<\/div>\n<\/section>\n<section id=\"content9-4k\" class=\"cid-ra7dIXrmRO mbr-parallax-background\">\n<div class=\"mbr-overlay\"><\/div>\n<div class=\"container\">\n<div class=\"row justify-content-center\">\n<div class=\"col-12 col-md-12 align-center\">\n<h1 class=\"mbr-section-title mbr-white mbr-fonts-style align-left display-1\"><strong>PARRILLA<\/strong><\/h1>\n<\/div>\n<\/div>\n<\/div>\n<div id=\"jarallax-container-1\">\n<div><\/div>\n<\/div>\n<\/section>\n<section id=\"features10-4l\" class=\"features10 cid-ra7dIY9JJx\">\n<div class=\"container\">\n<div class=\"row justify-content-center align-items-start\">\n<div class=\"card px-3 py-4 col-md-4\">\n<div class=\"card-wrapper flip-card\">\n<div class=\"card-img\"><img decoding=\"async\" class=\"lazyload\" title=\"Spacer\u00f3wka prz\u00f3 ty\u0142\" src=\"https:\/\/lonexcompany.com\/assets\/images\/par-p-09-spacerowka-e-696x522.jpg\" alt=\"W\u00f3zek Dzieci\u0119cy Lonex Parrilla\" data-src=\"assets\/images\/par-p-09-spacerowka-e-696x522.jpg\" \/><\/div>\n<div class=\"card-box\">\n<h3 class=\"mbr-title mbr-fonts-style mbr-black align-center display-2\">Kryptis<\/h3>\n<p class=\"mbr-card-text mbr-fonts-style align-center display-5\"><span class=\"HwtZe\" lang=\"lt\"><span class=\"jCAhz ChMk0b\"><span class=\"ryNqvb\">Ve\u017eim\u0117lio s\u0117dyn\u0117 tvirtinama priekyje arba gale pagal va\u017eiavimo krypt\u012f<\/span><\/span><\/span><\/p>\n<\/div>\n<\/div>\n<\/div>\n<div class=\"card px-3 py-4 col-md-4\">\n<div class=\"card-wrapper flip-card\">\n<div class=\"card-img\"><img decoding=\"async\" class=\"lazyload\" title=\"Pokrowiec\" src=\"https:\/\/lonexcompany.com\/assets\/images\/par-p-09-spacerowka-c-696x522.jpg\" alt=\"W\u00f3zek Dzieci\u0119cy Lonex Parrilla\" data-src=\"assets\/images\/par-p-09-spacerowka-c-696x522.jpg\" \/><\/div>\n<div class=\"card-box\">\n<h3 class=\"mbr-title mbr-fonts-style mbr-black align-center display-2\">U\u017edangalas<\/h3>\n<p class=\"mbr-card-text mbr-fonts-style align-center display-5\"><span class=\"HwtZe\" lang=\"lt\"><span class=\"jCAhz ChMk0b\"><span class=\"ryNqvb\">\u0160ilta koj\u0173 antklod\u0117 pagrindiniame \u201edu viename\u201c rinkinyje<\/span><\/span><\/span><\/p>\n<\/div>\n<\/div>\n<\/div>\n<div class=\"card px-3 py-4 col-md-4\">\n<div class=\"card-wrapper flip-card\">\n<div class=\"card-img\"><img decoding=\"async\" class=\"lazyload\" title=\"Spanie\" src=\"https:\/\/lonexcompany.com\/assets\/images\/par-p-09-spacerowka-d-696x522.jpg\" alt=\"W\u00f3zek Dzieci\u0119cy Lonex Parrilla\" data-src=\"assets\/images\/par-p-09-spacerowka-d-696x522.jpg\" \/><\/div>\n<div class=\"card-box\">\n<h3 class=\"mbr-title mbr-fonts-style mbr-black align-center display-2\">Miegas<\/h3>\n<p class=\"mbr-card-text mbr-fonts-style align-center display-5\"><span class=\"HwtZe\" lang=\"lt\"><span class=\"jCAhz ChMk0b\"><span class=\"ryNqvb\">Miegamoji pad\u0117tis atlenkus atlo\u0161\u0105 ir pak\u0117lus koj\u0173 atram\u0105<\/span><\/span><\/span><\/p>\n<\/div>\n<\/div>\n<\/div>\n<\/div>\n<\/div>\n<\/section>\n<section id=\"features10-4m\" class=\"features10 cid-ra7dIZ8jxj\">\n<div class=\"container\">\n<div class=\"row justify-content-center align-items-start\">\n<div class=\"card px-3 py-4 col-md-4\">\n<div class=\"card-wrapper flip-card\">\n<div class=\"card-img\"><img decoding=\"async\" class=\"lazyload\" title=\"Mobilno\u015b\u0107\" src=\"https:\/\/lonexcompany.com\/assets\/images\/par-p-09-rama-696x522.jpg\" alt=\"W\u00f3zek Dzieci\u0119cy Lonex Parrilla\" data-src=\"assets\/images\/par-p-09-rama-696x522.jpg\" \/><\/div>\n<div class=\"card-box\">\n<h3 class=\"mbr-title mbr-fonts-style mbr-black align-center display-2\">Mobilumas<\/h3>\n<p class=\"mbr-card-text mbr-fonts-style align-center display-5\"><span class=\"HwtZe\" lang=\"lt\"><span class=\"jCAhz ChMk0b\"><span class=\"ryNqvb\">Lengvas, sulankstomas iki ma\u017eo dyd\u017eio su pneumatiniais ratukais<\/span><\/span><\/span><\/p>\n<\/div>\n<\/div>\n<\/div>\n<div class=\"card px-3 py-4 col-md-4\">\n<div class=\"card-wrapper flip-card\">\n<div class=\"card-img\"><img decoding=\"async\" class=\"lazyload\" title=\"Akcesoria\" src=\"https:\/\/lonexcompany.com\/assets\/images\/par-p-09-torba-696x522.jpg\" alt=\"W\u00f3zek Dzieci\u0119cy Lonex Parrilla\" data-src=\"assets\/images\/par-p-09-torba-696x522.jpg\" \/><\/div>\n<div class=\"card-box\">\n<h3 class=\"mbr-title mbr-fonts-style mbr-black align-center display-2\">Accessories<\/h3>\n<p class=\"mbr-card-text mbr-fonts-style align-center display-5\"><span class=\"HwtZe\" lang=\"lt\"><span class=\"jCAhz ChMk0b\"><span class=\"ryNqvb\">\u012e pagrindin\u012f \u201edu viename\u201c variant\u0105 \u012feina priedai: krep\u0161ys, tinklelis nuo uod\u0173, apsauga nuo lietaus, butelio laikiklis<\/span><\/span><\/span><\/p>\n<\/div>\n<\/div>\n<\/div>\n<div class=\"card px-3 py-4 col-md-4\">\n<div class=\"card-wrapper flip-card\">\n<div class=\"card-img\"><img decoding=\"async\" class=\"lazyload\" title=\"Gondola\" src=\"https:\/\/lonexcompany.com\/assets\/images\/par-p-09-gondola-696x522.jpg\" alt=\"W\u00f3zek Dzieci\u0119cy Lonex Parrilla\" data-src=\"assets\/images\/par-p-09-gondola-696x522.jpg\" \/><\/div>\n<div class=\"card-box\">\n<h3 class=\"mbr-title mbr-fonts-style mbr-black align-center display-2\">Lop\u0161ys<\/h3>\n<p class=\"mbr-card-text mbr-fonts-style align-center display-5\"><span class=\"HwtZe\" lang=\"lt\"><span class=\"jCAhz ChMk0b\"><span class=\"ryNqvb\">Lengva gondola su laipsni\u0161ku atlo\u0161o reguliavimu ir lop\u0161io funkcija.<\/span><\/span><\/span><\/p>\n<\/div>\n<\/div>\n<\/div>\n<\/div>\n<\/div>\n<\/section>\n<section id=\"features10-4n\" class=\"features10 cid-ra7dJ0aHVf\">\n<div class=\"container\">\n<div class=\"row justify-content-center align-items-start\">\n<div class=\"card px-3 py-4 col-md-4\">\n<div class=\"card-wrapper flip-card\">\n<div class=\"card-img\"><img decoding=\"async\" class=\"lazyload\" title=\"Fotelik\" src=\"https:\/\/lonexcompany.com\/assets\/images\/par-p-09-fotelik-b-696x522.jpg\" alt=\"W\u00f3zek Dzieci\u0119cy Lonex Parrilla\" data-src=\"assets\/images\/par-p-09-fotelik-b-696x522.jpg\" \/><\/div>\n<div class=\"card-box\">\n<h3 class=\"mbr-title mbr-fonts-style mbr-black align-center display-2\">K\u0117dut\u0117<\/h3>\n<p class=\"mbr-card-text mbr-fonts-style align-center display-5\"><span class=\"HwtZe\" lang=\"lt\"><span class=\"jCAhz ChMk0b\"><span class=\"ryNqvb\">CARLO konstrukcija, atitinkanti b\u016btinus saugos standartus<\/span><\/span><\/span><\/p>\n<\/div>\n<\/div>\n<\/div>\n<div class=\"card px-3 py-4 col-md-4\">\n<div class=\"card-wrapper flip-card\">\n<div class=\"card-img\"><img decoding=\"async\" class=\"lazyload\" title=\"Apdaptery\" src=\"https:\/\/lonexcompany.com\/assets\/images\/par-p-09-fotelik-a-696x522.jpg\" alt=\"W\u00f3zek Dzieci\u0119cy Lonex Parrilla\" data-src=\"assets\/images\/par-p-09-fotelik-a-696x522.jpg\" \/><\/div>\n<div class=\"card-box\">\n<h3 class=\"mbr-title mbr-fonts-style mbr-black align-center display-2\">Adapteris<\/h3>\n<p class=\"mbr-card-text mbr-fonts-style align-center display-5\"><span class=\"HwtZe\" lang=\"lt\"><span class=\"jCAhz ChMk0b\"><span class=\"ryNqvb\">Automobilin\u0117 k\u0117dut\u0117 komplektuojama su adapteriais automobilinei k\u0117dutei prijungti prie PARRILLA r\u0117mo<\/span><\/span><\/span><\/p>\n<\/div>\n<\/div>\n<\/div>\n<div class=\"card px-3 py-4 col-md-4\">\n<div class=\"card-wrapper flip-card\">\n<div class=\"card-img\"><img decoding=\"async\" class=\"lazyload\" title=\"Wk\u0142adka\" src=\"https:\/\/lonexcompany.com\/assets\/images\/par-p-09-fotelik-c-696x522.jpg\" alt=\"W\u00f3zek Dzieci\u0119cy Lonex Parrilla\" data-src=\"assets\/images\/par-p-09-fotelik-c-696x522.jpg\" \/><\/div>\n<div class=\"card-box\">\n<h3 class=\"mbr-title mbr-fonts-style mbr-black align-center display-2\">\u012ed\u0117klas<\/h3>\n<p class=\"mbr-card-text mbr-fonts-style align-center display-5\"><span class=\"HwtZe\" lang=\"lt\"><span class=\"jCAhz ChMk0b\"><span class=\"ryNqvb\">3 ta\u0161k\u0173 saugos dir\u017eai, profiliuotas \u012fd\u0117klas J\u016bs\u0173 ma\u017eylio patogumui<\/span><\/span><\/span><\/p>\n<\/div>\n<\/div>\n<\/div>\n<\/div>\n<\/div>\n<\/section>\n<section id=\"features12-4o\" class=\"features19 cid-ra7dJ1oowB\">\n<div class=\"container\">\n<p class=\"mbr-section-subtitle align-left mbr-fonts-style display-2\">I\u0161matavimai<\/p>\n<div class=\"row justify-content-center align-items-start\">\n<div class=\"card px-3 py-4 col-md-4\">\n<div class=\"card-wrapper flip-card\">\n<div class=\"card-img\"><img decoding=\"async\" class=\"lazyload\" title=\"\" src=\"https:\/\/lonexcompany.com\/assets\/images\/parrilla-wymiary-a-640x480.jpg\" alt=\"\" data-src=\"assets\/images\/parrilla-wymiary-a-640x480.jpg\" \/><\/div>\n<div class=\"card-box\">\n<p class=\"mbr-card-text mbr-fonts-style align-center display-7\">\n<\/div>\n<\/div>\n<\/div>\n<div class=\"card px-3 py-4 col-md-4\">\n<div class=\"card-wrapper flip-card\">\n<div class=\"card-img\"><img decoding=\"async\" class=\"lazyload\" title=\"\" src=\"https:\/\/lonexcompany.com\/assets\/images\/parrilla-wymiary-b-640x480.jpg\" alt=\"\" data-src=\"assets\/images\/parrilla-wymiary-b-640x480.jpg\" \/><\/div>\n<div class=\"card-box\">\n<p class=\"mbr-card-text mbr-fonts-style align-center display-5\">ilgis 81 cm \/ plotis 37 cm \/ auk\u0161tis 23 cm<\/p>\n<\/div>\n<\/div>\n<\/div>\n<div class=\"card px-3 py-4 col-md-4\">\n<div class=\"card-wrapper flip-card\">\n<div class=\"card-img\"><img decoding=\"async\" class=\"lazyload\" title=\"\" src=\"https:\/\/lonexcompany.com\/assets\/images\/parrilla-wymiary-c-640x480.jpg\" alt=\"\" data-src=\"assets\/images\/parrilla-wymiary-c-640x480.jpg\" \/><\/div>\n<div class=\"card-box\">\n<p class=\"mbr-card-text mbr-fonts-style align-center display-7\">\n<\/div>\n<\/div>\n<\/div>\n<\/div>\n<\/div>\n<\/section>\n<section id=\"table4-4p\" class=\"table4 section-table cid-ra7dJ2sOGZ mbr-parallax-background\">\n<div class=\"mbr-overlay\">Svoris 16 kg<\/div>\n<div>\n<div class=\"container\">\n<h2 class=\"align-center mbr-fonts-style mbr-section-title display-2 pb-4\">PARRILLA SPALVOS<\/h2>\n<\/div>\n<div class=\"container\">\n<div class=\"col-left-gallery\">\n<div class=\"mbr-gallery-row\">\n<div class=\"mbr-gallery-layout-default\">\n<div>\n<div>\n<div class=\"mbr-gallery-item mbr-gallery-item--p2\" data-video-url=\"false\" data-tags=\"Niesamowite\">\n<div data-slide-to=\"0\" data-bs-slide-to=\"0\" data-toggle=\"modal\" data-bs-toggle=\"modal\"><img decoding=\"async\" class=\"lazyload\" title=\"\" src=\"https:\/\/lonexcompany.com\/assets\/images\/par-p-1-1600x1200-800x600.jpg\" alt=\"\" data-src=\"assets\/images\/par-p-1-1600x1200-800x600.jpg\" \/><\/div>\n<\/div>\n<div class=\"mbr-gallery-item mbr-gallery-item--p2\" data-video-url=\"false\" data-tags=\"Wra\u017cliwe\">\n<div data-slide-to=\"1\" data-bs-slide-to=\"1\" data-toggle=\"modal\" data-bs-toggle=\"modal\"><img decoding=\"async\" class=\"lazyload\" title=\"\" src=\"https:\/\/lonexcompany.com\/assets\/images\/par-p-2-1600x1200-800x600.jpg\" alt=\"\" data-src=\"assets\/images\/par-p-2-1600x1200-800x600.jpg\" \/><\/div>\n<\/div>\n<div class=\"mbr-gallery-item mbr-gallery-item--p2\" data-video-url=\"false\" data-tags=\"Tw\u00f3rcze\">\n<div data-slide-to=\"2\" data-bs-slide-to=\"2\" data-toggle=\"modal\" data-bs-toggle=\"modal\"><img decoding=\"async\" class=\"lazyload\" title=\"\" src=\"https:\/\/lonexcompany.com\/assets\/images\/par-p-03-duze-kola-1600x1200-800x600.jpg\" alt=\"\" data-src=\"assets\/images\/par-p-03-duze-kola-1600x1200-800x600.jpg\" \/><\/div>\n<\/div>\n<div class=\"mbr-gallery-item mbr-gallery-item--p2\" data-video-url=\"false\" data-tags=\"Animowane\">\n<div data-slide-to=\"3\" data-bs-slide-to=\"3\" data-toggle=\"modal\" data-bs-toggle=\"modal\"><img decoding=\"async\" class=\"lazyload\" title=\"\" src=\"https:\/\/lonexcompany.com\/assets\/images\/par-p-04-duze-kola-1600x1200-800x600.jpg\" alt=\"\" data-src=\"assets\/images\/par-p-04-duze-kola-1600x1200-800x600.jpg\" \/><\/div>\n<\/div>\n<div class=\"mbr-gallery-item mbr-gallery-item--p2\" data-video-url=\"false\" data-tags=\"Niesamowite\">\n<div data-slide-to=\"4\" data-bs-slide-to=\"4\" data-toggle=\"modal\" data-bs-toggle=\"modal\"><img decoding=\"async\" class=\"lazyload\" title=\"\" src=\"https:\/\/lonexcompany.com\/assets\/images\/par-p-05-duze-kola-1600x1200-800x600.jpg\" alt=\"\" data-src=\"assets\/images\/par-p-05-duze-kola-1600x1200-800x600.jpg\" \/><\/div>\n<\/div>\n<div class=\"mbr-gallery-item mbr-gallery-item--p2\" data-video-url=\"false\" data-tags=\"Niesamowite\">\n<div data-slide-to=\"5\" data-bs-slide-to=\"5\" data-toggle=\"modal\" data-bs-toggle=\"modal\"><img decoding=\"async\" class=\"lazyload\" title=\"\" src=\"https:\/\/lonexcompany.com\/assets\/images\/par-p-06-duze-kola-1600x1200-800x600.jpg\" alt=\"\" data-src=\"assets\/images\/par-p-06-duze-kola-1600x1200-800x600.jpg\" \/><\/div>\n<\/div>\n<div class=\"mbr-gallery-item mbr-gallery-item--p2\" data-video-url=\"false\" data-tags=\"Wra\u017cliwe\">\n<div data-slide-to=\"6\" data-bs-slide-to=\"6\" data-toggle=\"modal\" data-bs-toggle=\"modal\"><img decoding=\"async\" class=\"lazyload\" title=\"\" src=\"https:\/\/lonexcompany.com\/assets\/images\/par-p-07-duze-kola-1600x1200-800x600.jpg\" alt=\"\" data-src=\"assets\/images\/par-p-07-duze-kola-1600x1200-800x600.jpg\" \/><\/div>\n<\/div>\n<div class=\"mbr-gallery-item mbr-gallery-item--p2\" data-video-url=\"false\" data-tags=\"Animowane\">\n<div data-slide-to=\"7\" data-bs-slide-to=\"7\" data-toggle=\"modal\" data-bs-toggle=\"modal\"><img decoding=\"async\" class=\"lazyload\" title=\"\" src=\"https:\/\/lonexcompany.com\/assets\/images\/par-p-08-duze-kola-1600x1200-800x600.jpg\" alt=\"\" data-src=\"assets\/images\/par-p-08-duze-kola-1600x1200-800x600.jpg\" \/><\/div>\n<\/div>\n<div class=\"mbr-gallery-item mbr-gallery-item--p2\" data-video-url=\"false\" data-tags=\"Animowane\">\n<div data-slide-to=\"8\" data-bs-slide-to=\"8\" data-toggle=\"modal\" data-bs-toggle=\"modal\"><img decoding=\"async\" class=\"lazyload\" title=\"\" src=\"https:\/\/lonexcompany.com\/assets\/images\/par-p-09-duze-kola-1600x1200-800x600.jpg\" alt=\"\" data-src=\"assets\/images\/par-p-09-duze-kola-1600x1200-800x600.jpg\" \/><\/div>\n<\/div>\n<div class=\"mbr-gallery-item mbr-gallery-item--p2\" data-video-url=\"false\" data-tags=\"Animowane\">\n<div data-slide-to=\"9\" data-bs-slide-to=\"9\" data-toggle=\"modal\" data-bs-toggle=\"modal\"><img decoding=\"async\" class=\"lazyload\" title=\"\" src=\"https:\/\/lonexcompany.com\/assets\/images\/par-p-10-duze-kola-1600x1200-800x600.jpg\" alt=\"\" data-src=\"assets\/images\/par-p-10-duze-kola-1600x1200-800x600.jpg\" \/><\/div>\n<\/div>\n<div class=\"mbr-gallery-item mbr-gallery-item--p2\" data-video-url=\"false\" data-tags=\"Animowane\">\n<div data-slide-to=\"10\" data-bs-slide-to=\"10\" data-toggle=\"modal\" data-bs-toggle=\"modal\"><img decoding=\"async\" class=\"lazyload\" title=\"\" src=\"https:\/\/lonexcompany.com\/assets\/images\/par-p-11-duze-kola-1600x1200-800x600.jpg\" alt=\"\" data-src=\"assets\/images\/par-p-11-duze-kola-1600x1200-800x600.jpg\" \/><\/div>\n<\/div>\n<\/div>\n<\/div>\n<\/div>\n<\/div>\n<\/div>\n<\/div>\n<\/div>\n<\/section>\n<div class=\"opis\">\n<div class=\"opis_a1\" style=\"text-align: center;\">\n<p>&nbsp;<\/p>\n<\/div>\n<div class=\"wymiary_a1\"><\/div>\n<div class=\"wymiary_a2\"><\/div>\n<div class=\"wymiary_a3\"><\/div>\n<\/div>","protected":false},"excerpt":{"rendered":"<div class=\"container align-left\">\n<div class=\"row justify-content-center mbr-white\">\n<div class=\"mbr-white col-md-12\">\n<p class=\"mbr-text pb-3 mbr-fonts-style mbr-white align-left display-5\"><strong>PARRILLA &#8211;<\/strong> klasyczna niezawodna konstrukcja na sk\u00f3rzanych paskach. <strong>PARRILLA<\/strong> posiada du\u00bf\u00b9, lekk\u00b9 plastikow\u00b9 gondol\u00ea obszyt\u00b9 wysokogatunkowymi tkaninami z dodatkiem lnu.<\/p>\n<\/div>\n<\/div>\n<\/div>\n<div id=\"user_jarallax-container-0\"><\/div>","protected":false},"featured_media":10425,"template":"","meta":[],"product_cat":[220],"product_tag":[],"acf":[],"_links":{"self":[{"href":"https:\/\/lonexvezimeliai.eu\/en\/wp-json\/wp\/v2\/product\/10424"}],"collection":[{"href":"https:\/\/lonexvezimeliai.eu\/en\/wp-json\/wp\/v2\/product"}],"about":[{"href":"https:\/\/lonexvezimeliai.eu\/en\/wp-json\/wp\/v2\/types\/product"}],"wp:featuredmedia":[{"embeddable":true,"href":"https:\/\/lonexvezimeliai.eu\/en\/wp-json\/wp\/v2\/media\/10425"}],"wp:attachment":[{"href":"https:\/\/lonexvezimeliai.eu\/en\/wp-json\/wp\/v2\/media?parent=10424"}],"wp:term":[{"taxonomy":"product_cat","embeddable":true,"href":"https:\/\/lonexvezimeliai.eu\/en\/wp-json\/wp\/v2\/product_cat?post=10424"},{"taxonomy":"product_tag","embeddable":true,"href":"https:\/\/lonexvezimeliai.eu\/en\/wp-json\/wp\/v2\/product_tag?post=10424"}],"curies":[{"name":"wp","href":"https:\/\/api.w.org\/{rel}","templated":true}]}}