{"id":10310,"date":"2023-03-13T19:39:06","date_gmt":"2023-03-13T19:39:06","guid":{"rendered":"https:\/\/lonexvezimeliai.eu\/?product=wozek-dzieciecy-lonex-retro-len"},"modified":"2023-04-04T12:57:11","modified_gmt":"2023-04-04T12:57:11","slug":"wozek-dzieciecy-lonex-retro-len","status":"publish","type":"product","link":"https:\/\/lonexvezimeliai.eu\/en\/product\/wozek-dzieciecy-lonex-retro-len\/","title":{"rendered":"Stroller Lonex RETRO LEN 2in1 and 3in1"},"content":{"rendered":"<p style=\"text-align: center;\"><span style=\"font-size: 14pt;\"><span class=\"HwtZe\" lang=\"lt\"><span class=\"jCAhz ChMk0b\"><span class=\"ryNqvb\">Lonex RETRO LEN ve\u017eim\u0117lio modelis \u2013 tai rankomis aust\u0173 nat\u016brali\u0173 vyteli\u0173 ir nat\u016brali\u0173 audini\u0173 derinys su lino priedu.<\/span><\/span> <span class=\"jCAhz ChMk0b\"><span class=\"ryNqvb\">Klasikin\u012f LONEX RETRO LEN ve\u017eim\u0117l\u012f galima \u012fsigyti su chromuotu arba baltu r\u0117mu.<\/span><\/span><\/span><\/span><\/p>\n<div class=\"opis\">\n<div class=\"wymiary_a3\">\n<section id=\"features10-4y\" class=\"features10 cid-raCUjW67UB\">\n<div class=\"container\">\n<div class=\"row justify-content-center align-items-start\">\n<div class=\"card px-3 py-4 col-md-4\">\n<div class=\"card-wrapper flip-card\">\n<div class=\"card-img\"><img decoding=\"async\" class=\"lazyload\" title=\"Spacer\u00f3wka prz\u00f3d ty\u0142\" src=\"https:\/\/lonexcompany.com\/assets\/images\/rl-33-spacerowka-b-696x522.jpg\" alt=\"W\u00f3zek Dzieci\u0119cy Lonex Retro Len\" data-src=\"assets\/images\/rl-33-spacerowka-b-696x522.jpg\" \/><\/div>\n<div class=\"card-box\">\n<h3 class=\"mbr-title mbr-fonts-style mbr-black align-center display-2\">Kryptis<\/h3>\n<p class=\"mbr-card-text mbr-fonts-style align-center display-5\"><span class=\"HwtZe\" lang=\"lt\"><span class=\"jCAhz ChMk0b\"><span class=\"ryNqvb\">Ve\u017eim\u0117lio s\u0117dyn\u0117 tvirtinama priekyje arba gale pagal va\u017eiavimo krypt\u012f<\/span><\/span><\/span><\/p>\n<\/div>\n<\/div>\n<\/div>\n<div class=\"card px-3 py-4 col-md-4\">\n<div class=\"card-wrapper flip-card\">\n<div class=\"card-img\"><img decoding=\"async\" class=\"lazyload\" title=\"Pokrowiec\" src=\"https:\/\/lonexcompany.com\/assets\/images\/rl-33-spacerowka-c-696x522.jpg\" alt=\"W\u00f3zek Dzieci\u0119cy Lonex Retro Len\" data-src=\"assets\/images\/rl-33-spacerowka-c-696x522.jpg\" \/><\/div>\n<div class=\"card-box\">\n<h3 class=\"mbr-title mbr-fonts-style mbr-black align-center display-2\">U\u017edangalas<\/h3>\n<p class=\"mbr-card-text mbr-fonts-style align-center display-5\"><span class=\"HwtZe\" lang=\"lt\"><span class=\"jCAhz ChMk0b\"><span class=\"ryNqvb\">\u0160ilta koj\u0173 antklod\u0117 pagrindiniame \u201edu viename\u201c rinkinyje<\/span><\/span><\/span><\/p>\n<\/div>\n<\/div>\n<\/div>\n<div class=\"card px-3 py-4 col-md-4\">\n<div class=\"card-wrapper flip-card\">\n<div class=\"card-img\"><img decoding=\"async\" class=\"lazyload\" title=\"Spanie\" src=\"https:\/\/lonexcompany.com\/assets\/images\/rl-33-spacerowka-d-696x522.jpg\" alt=\"W\u00f3zek Dzieci\u0119cy Lonex Retro Len\" data-src=\"assets\/images\/rl-33-spacerowka-d-696x522.jpg\" \/><\/div>\n<div class=\"card-box\">\n<h3 class=\"mbr-title mbr-fonts-style mbr-black align-center display-2\">Miegas<\/h3>\n<p class=\"mbr-card-text mbr-fonts-style align-center display-5\"><span class=\"HwtZe\" lang=\"lt\"><span class=\"jCAhz ChMk0b\"><span class=\"ryNqvb\">Miegamoji pad\u0117tis atlenkus atlo\u0161\u0105 ir pak\u0117lus koj\u0173 atram\u0105<\/span><\/span><\/span><\/p>\n<\/div>\n<\/div>\n<\/div>\n<\/div>\n<\/div>\n<\/section>\n<section id=\"features10-50\" class=\"features10 cid-raCUjXSWMd\">\n<div class=\"container\">\n<div class=\"row justify-content-center align-items-start\">\n<div class=\"card px-3 py-4 col-md-4\">\n<div class=\"card-wrapper flip-card\">\n<div class=\"card-img\"><img decoding=\"async\" class=\"lazyload\" title=\"Mobilno\u015b\u0107\" src=\"https:\/\/lonexcompany.com\/assets\/images\/ce-04-rama-skladanie-696x522.jpg\" alt=\"W\u00f3zek Dzieci\u0119cy Lonex Retro Len\" data-src=\"assets\/images\/ce-04-rama-skladanie-696x522.jpg\" \/><\/div>\n<div class=\"card-box\">\n<h3 class=\"mbr-title mbr-fonts-style mbr-black align-center display-2\">Mobilumas<\/h3>\n<p class=\"mbr-card-text mbr-fonts-style align-center display-5\"><span class=\"HwtZe\" lang=\"lt\"><span class=\"jCAhz ChMk0b\"><span class=\"ryNqvb\">Sulankstomas r\u0117mas su galimybe nuimti ratus<\/span><\/span><\/span><\/p>\n<\/div>\n<\/div>\n<\/div>\n<div class=\"card px-3 py-4 col-md-4\">\n<div class=\"card-wrapper flip-card\">\n<div class=\"card-img\"><img decoding=\"async\" class=\"lazyload\" title=\"Akcesoria\" src=\"https:\/\/lonexcompany.com\/assets\/images\/rl-33-torba-696x522.jpg\" alt=\"W\u00f3zek Dzieci\u0119cy Lonex Retro Len\" data-src=\"assets\/images\/rl-33-torba-696x522.jpg\" \/><\/div>\n<div class=\"card-box\">\n<h3 class=\"mbr-title mbr-fonts-style mbr-black align-center display-2\">Accessories<\/h3>\n<p class=\"mbr-card-text mbr-fonts-style align-center display-5\"><span class=\"HwtZe\" lang=\"lt\"><span class=\"jCAhz ChMk0b\"><span class=\"ryNqvb\">\u012e pagrindin\u012f \u201edu viename\u201c variant\u0105 \u012feina priedai: krep\u0161ys, tinklelis nuo uod\u0173, apsauga nuo lietaus, butelio laikiklis<\/span><\/span><\/span><\/p>\n<\/div>\n<\/div>\n<\/div>\n<div class=\"card px-3 py-4 col-md-4\">\n<div class=\"card-wrapper flip-card\">\n<div class=\"card-img\"><img decoding=\"async\" class=\"lazyload\" title=\"Gondola\" src=\"https:\/\/lonexcompany.com\/assets\/images\/rl-33-gondola-696x522.jpg\" alt=\"W\u00f3zek Dzieci\u0119cy Lonex Retro Len\" data-src=\"assets\/images\/rl-33-gondola-696x522.jpg\" \/><\/div>\n<div class=\"card-box\">\n<h3 class=\"mbr-title mbr-fonts-style mbr-black align-center display-2\">Lop\u0161ys<\/h3>\n<p class=\"mbr-card-text mbr-fonts-style align-center display-5\"><span class=\"HwtZe\" lang=\"lt\"><span class=\"jCAhz ChMk0b\"><span class=\"ryNqvb\">Lengva gondola su laipsni\u0161ku atlo\u0161o reguliavimu ir lop\u0161io funkcija<\/span><\/span><\/span>.<\/p>\n<\/div>\n<\/div>\n<\/div>\n<\/div>\n<\/div>\n<\/section>\n<section id=\"features10-51\" class=\"features10 cid-raCUjYZiFr\">\n<div class=\"container\">\n<div class=\"row justify-content-center align-items-start\">\n<div class=\"card px-3 py-4 col-md-4\">\n<div class=\"card-wrapper flip-card\">\n<div class=\"card-img\"><img decoding=\"async\" class=\"lazyload\" title=\"Fotelik\" src=\"https:\/\/lonexcompany.com\/assets\/images\/rl-33-fotelik-696x522.jpg\" alt=\"W\u00f3zek Dzieci\u0119cy Lonex Retro Len\" data-src=\"assets\/images\/rl-33-fotelik-696x522.jpg\" \/><\/div>\n<div class=\"card-box\">\n<h3 class=\"mbr-title mbr-fonts-style mbr-black align-center display-2\">K\u0117dut\u0117<\/h3>\n<p class=\"mbr-card-text mbr-fonts-style align-center display-5\"><span class=\"HwtZe\" lang=\"lt\"><span class=\"jCAhz ChMk0b C1N51c\"><span class=\"ryNqvb\">CARLO konstrukcija, atitinkanti b\u016btinus saugos standartus<\/span><\/span><\/span><\/p>\n<\/div>\n<\/div>\n<\/div>\n<div class=\"card px-3 py-4 col-md-4\">\n<div class=\"card-wrapper flip-card\">\n<div class=\"card-img\"><img decoding=\"async\" class=\"lazyload\" title=\"Adaptery\" src=\"https:\/\/lonexcompany.com\/assets\/images\/rl-33-fotelik-a-696x522.jpg\" alt=\"W\u00f3zek Dzieci\u0119cy Lonex Retro Len\" data-src=\"assets\/images\/rl-33-fotelik-a-696x522.jpg\" \/><\/div>\n<div class=\"card-box\">\n<h3 class=\"mbr-title mbr-fonts-style mbr-black align-center display-2\">Adapteris<\/h3>\n<p class=\"mbr-card-text mbr-fonts-style align-center display-5\"><span class=\"HwtZe\" lang=\"lt\"><span class=\"jCAhz ChMk0b\"><span class=\"ryNqvb\">Automobilin\u0117 k\u0117dut\u0117 komplektuojama su adapteriais automobilinei k\u0117dutei prijungti prie ELEGANTO r\u0117mo<\/span><\/span><\/span><\/p>\n<\/div>\n<\/div>\n<\/div>\n<div class=\"card px-3 py-4 col-md-4\">\n<div class=\"card-wrapper flip-card\">\n<div class=\"card-img\"><img decoding=\"async\" class=\"lazyload\" title=\"Wk\u0142adka\" src=\"https:\/\/lonexcompany.com\/assets\/images\/rl-33-fotelik-b-696x522.jpg\" alt=\"W\u00f3zek Dzieci\u0119cy Lonex Retro Len\" data-src=\"assets\/images\/rl-33-fotelik-b-696x522.jpg\" \/><\/div>\n<div class=\"card-box\">\n<h3 class=\"mbr-title mbr-fonts-style mbr-black align-center display-2\">\u012ed\u0117klas<\/h3>\n<p class=\"mbr-card-text mbr-fonts-style align-center display-5\"><span class=\"HwtZe\" lang=\"lt\"><span class=\"jCAhz ChMk0b\"><span class=\"ryNqvb\">3 ta\u0161k\u0173 saugos dir\u017eai, profiliuotas \u012fd\u0117klas J\u016bs\u0173 ma\u017eylio patogumui<\/span><\/span><\/span><\/p>\n<\/div>\n<\/div>\n<\/div>\n<\/div>\n<\/div>\n<\/section>\n<section id=\"features12-52\" class=\"features19 cid-raCUk0bxfT\">\n<div class=\"container\">\n<p class=\"mbr-section-subtitle align-left mbr-fonts-style display-2\">I\u0161matavimai<\/p>\n<div class=\"row justify-content-center align-items-start\">\n<div class=\"card px-3 py-4 col-md-4\">\n<div class=\"card-wrapper flip-card\">\n<div class=\"card-img\"><img decoding=\"async\" class=\"lazyload\" title=\"\" src=\"https:\/\/lonexcompany.com\/assets\/images\/retro-len-wymiary-a-640x480.jpg\" alt=\"\" data-src=\"assets\/images\/retro-len-wymiary-a-640x480.jpg\" \/><\/div>\n<div class=\"card-box\">\n<p class=\"mbr-card-text mbr-fonts-style align-center display-7\">\n<\/div>\n<\/div>\n<\/div>\n<div class=\"card px-3 py-4 col-md-4\">\n<div class=\"card-wrapper flip-card\">\n<div class=\"card-img\"><img decoding=\"async\" class=\"lazyload\" title=\"\" src=\"https:\/\/lonexcompany.com\/assets\/images\/retro-len-wymiary-b-640x480.jpg\" alt=\"\" data-src=\"assets\/images\/retro-len-wymiary-b-640x480.jpg\" \/><\/div>\n<div class=\"card-box\">\n<p class=\"mbr-card-text mbr-fonts-style align-center display-5\">vidinis ilgis 82 cm \/ plotis 36 cm \/ auk\u0161tis 23 cm<\/p>\n<\/div>\n<\/div>\n<\/div>\n<div class=\"card px-3 py-4 col-md-4\">\n<div class=\"card-wrapper flip-card\">\n<div class=\"card-img\"><img decoding=\"async\" class=\"lazyload\" title=\"\" src=\"https:\/\/lonexcompany.com\/assets\/images\/prestige-wymiary-c-640x480.jpg\" alt=\"\" data-src=\"assets\/images\/prestige-wymiary-c-640x480.jpg\" \/><\/div>\n<div>\n<h2 class=\"align-center mbr-fonts-style mbr-section-title display-2 pb-4\">RETRO LEN SPALVOS<\/h2>\n<\/div>\n<div>\n<div>\n<div>\n<div class=\"mbr-gallery-item mbr-gallery-item--p1\" data-video-url=\"false\" data-tags=\"Niesamowite\">\n<div data-slide-to=\"0\" data-bs-slide-to=\"0\" data-toggle=\"modal\" data-bs-toggle=\"modal\"><\/div>\n<\/div>\n<div class=\"mbr-gallery-item mbr-gallery-item--p1\" data-video-url=\"false\" data-tags=\"Wra\u017cliwe\">\n<div data-slide-to=\"1\" data-bs-slide-to=\"1\" data-toggle=\"modal\" data-bs-toggle=\"modal\"><\/div>\n<\/div>\n<div class=\"mbr-gallery-item mbr-gallery-item--p1\" data-video-url=\"false\" data-tags=\"Tw\u00f3rcze\">\n<div data-slide-to=\"2\" data-bs-slide-to=\"2\" data-toggle=\"modal\" data-bs-toggle=\"modal\"><\/div>\n<\/div>\n<div class=\"mbr-gallery-item mbr-gallery-item--p1\" data-video-url=\"false\" data-tags=\"Animowane\">\n<div data-slide-to=\"3\" data-bs-slide-to=\"3\" data-toggle=\"modal\" data-bs-toggle=\"modal\"><\/div>\n<\/div>\n<div class=\"mbr-gallery-item mbr-gallery-item--p1\" data-video-url=\"false\" data-tags=\"Niesamowite\">\n<div data-slide-to=\"4\" data-bs-slide-to=\"4\" data-toggle=\"modal\" data-bs-toggle=\"modal\"><\/div>\n<\/div>\n<div class=\"mbr-gallery-item mbr-gallery-item--p1\" data-video-url=\"false\" data-tags=\"Niesamowite\">\n<div data-slide-to=\"5\" data-bs-slide-to=\"5\" data-toggle=\"modal\" data-bs-toggle=\"modal\"><\/div>\n<\/div>\n<div class=\"mbr-gallery-item mbr-gallery-item--p1\" data-video-url=\"false\" data-tags=\"Wra\u017cliwe\">\n<div data-slide-to=\"6\" data-bs-slide-to=\"6\" data-toggle=\"modal\" data-bs-toggle=\"modal\"><\/div>\n<\/div>\n<div class=\"mbr-gallery-item mbr-gallery-item--p1\" data-video-url=\"false\" data-tags=\"Animowane\">\n<div data-slide-to=\"7\" data-bs-slide-to=\"7\" data-toggle=\"modal\" data-bs-toggle=\"modal\"><\/div>\n<div data-slide-to=\"7\" data-bs-slide-to=\"7\" data-toggle=\"modal\" data-bs-toggle=\"modal\">\n<div>\n<div>\n<div class=\"mbr-gallery-item mbr-gallery-item--p1\" data-video-url=\"false\" data-tags=\"Niesamowite\">\n<div data-slide-to=\"0\" data-bs-slide-to=\"0\" data-toggle=\"modal\" data-bs-toggle=\"modal\"><img decoding=\"async\" class=\"lazyload\" title=\"\" src=\"https:\/\/lonexcompany.com\/assets\/images\/rl-39-1200x900-800x600.jpg\" alt=\"\" data-src=\"assets\/images\/rl-39-1200x900-800x600.jpg\" \/><\/div>\n<\/div>\n<div class=\"mbr-gallery-item mbr-gallery-item--p1\" data-video-url=\"false\" data-tags=\"Wra\u017cliwe\">\n<div data-slide-to=\"1\" data-bs-slide-to=\"1\" data-toggle=\"modal\" data-bs-toggle=\"modal\"><img decoding=\"async\" class=\"lazyload\" title=\"\" src=\"https:\/\/lonexcompany.com\/assets\/images\/rl-40-1200x900-800x600.jpg\" alt=\"\" data-src=\"assets\/images\/rl-40-1200x900-800x600.jpg\" \/><\/div>\n<\/div>\n<div class=\"mbr-gallery-item mbr-gallery-item--p1\" data-video-url=\"false\" data-tags=\"Tw\u00f3rcze\">\n<div data-slide-to=\"2\" data-bs-slide-to=\"2\" data-toggle=\"modal\" data-bs-toggle=\"modal\"><img decoding=\"async\" class=\"lazyload\" title=\"\" src=\"https:\/\/lonexcompany.com\/assets\/images\/rl-32-1200x900-800x600.jpg\" alt=\"\" data-src=\"assets\/images\/rl-32-1200x900-800x600.jpg\" \/><\/div>\n<\/div>\n<div class=\"mbr-gallery-item mbr-gallery-item--p1\" data-video-url=\"false\" data-tags=\"Animowane\">\n<div data-slide-to=\"3\" data-bs-slide-to=\"3\" data-toggle=\"modal\" data-bs-toggle=\"modal\"><img decoding=\"async\" class=\"lazyload\" title=\"\" src=\"https:\/\/lonexcompany.com\/assets\/images\/rl-33-1200x900-800x600.jpg\" alt=\"\" data-src=\"assets\/images\/rl-33-1200x900-800x600.jpg\" \/><\/div>\n<\/div>\n<div class=\"mbr-gallery-item mbr-gallery-item--p1\" data-video-url=\"false\" data-tags=\"Niesamowite\">\n<div data-slide-to=\"4\" data-bs-slide-to=\"4\" data-toggle=\"modal\" data-bs-toggle=\"modal\"><img decoding=\"async\" class=\"lazyload\" title=\"\" src=\"https:\/\/lonexcompany.com\/assets\/images\/rl-41-1200x900-800x600.jpg\" alt=\"\" data-src=\"assets\/images\/rl-41-1200x900-800x600.jpg\" \/><\/div>\n<\/div>\n<div class=\"mbr-gallery-item mbr-gallery-item--p1\" data-video-url=\"false\" data-tags=\"Niesamowite\">\n<div data-slide-to=\"5\" data-bs-slide-to=\"5\" data-toggle=\"modal\" data-bs-toggle=\"modal\"><img decoding=\"async\" class=\"lazyload\" title=\"\" src=\"https:\/\/lonexcompany.com\/assets\/images\/rl-35-1200x900-800x600.jpg\" alt=\"\" data-src=\"assets\/images\/rl-35-1200x900-800x600.jpg\" \/><\/div>\n<\/div>\n<div class=\"mbr-gallery-item mbr-gallery-item--p1\" data-video-url=\"false\" data-tags=\"Wra\u017cliwe\">\n<div data-slide-to=\"6\" data-bs-slide-to=\"6\" data-toggle=\"modal\" data-bs-toggle=\"modal\"><img decoding=\"async\" class=\"lazyload\" title=\"\" src=\"https:\/\/lonexcompany.com\/assets\/images\/rl-42-1200x900-800x600.jpg\" alt=\"\" data-src=\"assets\/images\/rl-42-1200x900-800x600.jpg\" \/><\/div>\n<\/div>\n<div class=\"mbr-gallery-item mbr-gallery-item--p1\" data-video-url=\"false\" data-tags=\"Animowane\">\n<div data-slide-to=\"7\" data-bs-slide-to=\"7\" data-toggle=\"modal\" data-bs-toggle=\"modal\"><img decoding=\"async\" class=\"lazyload\" title=\"\" src=\"https:\/\/lonexcompany.com\/assets\/images\/rl-37-1200x900-800x600.jpg\" alt=\"\" data-src=\"assets\/images\/rl-37-1200x900-800x600.jpg\" \/><\/div>\n<\/div>\n<div class=\"mbr-gallery-item mbr-gallery-item--p1\" data-video-url=\"false\" data-tags=\"Animowane\">\n<div data-slide-to=\"8\" data-bs-slide-to=\"8\" data-toggle=\"modal\" data-bs-toggle=\"modal\"><img decoding=\"async\" class=\"lazyload\" title=\"\" src=\"https:\/\/lonexcompany.com\/assets\/images\/rl-38-2000x1335-800x534.jpg\" alt=\"\" data-src=\"assets\/images\/rl-38-2000x1335-800x534.jpg\" \/><\/div>\n<\/div>\n<\/div>\n<\/div>\n<\/div>\n<\/div>\n<\/div>\n<\/div>\n<\/div>\n<div class=\"card-box\">\n<p class=\"mbr-card-text mbr-fonts-style align-center display-7\">\n<\/div>\n<\/div>\n<\/div>\n<\/div>\n<\/div>\n<\/section>\n<section id=\"table4-53\" class=\"table4 section-table cid-raCUk1dC0R mbr-parallax-background\">\n<div class=\"mbr-overlay\"><\/div>\n<\/section>\n<\/div>\n<\/div>","protected":false},"excerpt":{"rendered":"<div class=\"container align-left\">\n<div class=\"row justify-content-center mbr-white\">\n<div class=\"mbr-white col-md-12\">\n<p class=\"mbr-text pb-3 mbr-fonts-style mbr-white align-left display-5\"><span class=\"HwtZe\" lang=\"lt\"><span class=\"jCAhz ChMk0b\"><span class=\"ryNqvb\">\u00a0LONEX RETRO LEN ve\u017eim\u0117lio modelis yra rank\u0173 darbo nat\u016brali\u0173 vyteli\u0173 derinys su nat\u016braliais audiniais su lino priedu.<\/span><\/span> <span class=\"jCAhz ChMk0b\"><span class=\"ryNqvb\">RETRO LEN galima \u012fsigyti SU chromuotu arba baltu r\u0117mu.<\/span><\/span><\/span><\/p>\n<\/div>\n<\/div>\n<\/div>\n<div id=\"user_jarallax-container-0\"><\/div>","protected":false},"featured_media":10311,"template":"","meta":[],"product_cat":[220],"product_tag":[],"acf":[],"_links":{"self":[{"href":"https:\/\/lonexvezimeliai.eu\/en\/wp-json\/wp\/v2\/product\/10310"}],"collection":[{"href":"https:\/\/lonexvezimeliai.eu\/en\/wp-json\/wp\/v2\/product"}],"about":[{"href":"https:\/\/lonexvezimeliai.eu\/en\/wp-json\/wp\/v2\/types\/product"}],"wp:featuredmedia":[{"embeddable":true,"href":"https:\/\/lonexvezimeliai.eu\/en\/wp-json\/wp\/v2\/media\/10311"}],"wp:attachment":[{"href":"https:\/\/lonexvezimeliai.eu\/en\/wp-json\/wp\/v2\/media?parent=10310"}],"wp:term":[{"taxonomy":"product_cat","embeddable":true,"href":"https:\/\/lonexvezimeliai.eu\/en\/wp-json\/wp\/v2\/product_cat?post=10310"},{"taxonomy":"product_tag","embeddable":true,"href":"https:\/\/lonexvezimeliai.eu\/en\/wp-json\/wp\/v2\/product_tag?post=10310"}],"curies":[{"name":"wp","href":"https:\/\/api.w.org\/{rel}","templated":true}]}}