{"id":10272,"date":"2023-03-13T19:39:05","date_gmt":"2023-03-13T19:39:05","guid":{"rendered":"https:\/\/lonexvezimeliai.eu\/?product=wozek-dzieciecy-lonex-eleganto-2w1"},"modified":"2023-04-04T13:00:25","modified_gmt":"2023-04-04T13:00:25","slug":"wozek-dzieciecy-lonex-eleganto-2w1","status":"publish","type":"product","link":"https:\/\/lonexvezimeliai.eu\/en\/product\/wozek-dzieciecy-lonex-eleganto-2w1\/","title":{"rendered":"Stroller LONEX ELEGANTO 2in1 and 3in1"},"content":{"rendered":"<p style=\"text-align: center;\"><span style=\"font-size: 14pt;\"><span class=\"HwtZe\" lang=\"lt\"><span class=\"jCAhz ChMk0b\"><span class=\"ryNqvb\">Lonex\u00a0ELEGANTO modelis yra nesenstanti klasika, derinama su auk\u0161ta naudojam\u0173 med\u017eiag\u0173 kokybe.<\/span><\/span> <span class=\"jCAhz ChMk0b\"><span class=\"ryNqvb\">ELEGANTO yra ve\u017eim\u0117lis, kuris i\u0161skirs jus i\u0161 minios.<\/span><\/span> <span class=\"jCAhz ChMk0b\"><span class=\"ryNqvb\">\u017dr. pagrindines savybes.<\/span><\/span><\/span><\/span><\/p>\n<div class=\"opis\">\n<div class=\"opis_a1\" style=\"text-align: center;\"><\/div>\n<div class=\"wymiary_a3\">\n<section id=\"features10-40\" class=\"features10 cid-r9ou5gjsoz\">\n<div class=\"container\">\n<div class=\"row justify-content-center align-items-start\">\n<div class=\"card px-3 py-4 col-md-4\">\n<div class=\"card-wrapper flip-card\">\n<div class=\"card-img\"><img decoding=\"async\" class=\"lazyload\" title=\"Bezpiecze\u0144stwo\" src=\"https:\/\/lonexcompany.com\/assets\/images\/ce-04-szczegol-1-696x522.jpg\" alt=\"W\u00f3zek Dzieci\u0119cy Lonex Eleganto\" data-src=\"assets\/images\/ce-04-szczegol-1-696x522.jpg\" \/><\/div>\n<div class=\"card-box\">\n<h3 class=\"mbr-title mbr-fonts-style mbr-black align-center display-2\">Saugumas<\/h3>\n<p class=\"mbr-card-text mbr-fonts-style align-center display-5\"><span class=\"HwtZe\" lang=\"lt\"><span class=\"jCAhz ChMk0b\"><span class=\"ryNqvb\">Klasikin\u0117s skersin\u0117s svirtys saugiai slopina kelio nelygumus<br \/>\n<\/span><\/span><\/span><\/p>\n<\/div>\n<\/div>\n<\/div>\n<div class=\"card px-3 py-4 col-md-4\">\n<div class=\"card-wrapper flip-card\">\n<div class=\"card-img\"><img decoding=\"async\" class=\"lazyload\" title=\"Niezawodno\u015b\u0107\" src=\"https:\/\/lonexcompany.com\/assets\/images\/ce-04-szczegol-2-696x522.jpg\" alt=\"W\u00f3zek Dzieci\u0119cy Lonex Eleganto\" data-src=\"assets\/images\/ce-04-szczegol-2-696x522.jpg\" \/><\/div>\n<div class=\"card-box\">\n<h3 class=\"mbr-title mbr-fonts-style mbr-black align-center display-2\">Patikimumas<\/h3>\n<p class=\"mbr-card-text mbr-fonts-style align-center display-5\"><span class=\"HwtZe\" lang=\"lt\"><span class=\"jCAhz ChMk0b\"><span class=\"ryNqvb\">Patikima element\u0173 prijungimo\/atjungimo prie ve\u017eim\u0117lio r\u0117mo sistema<\/span><\/span><\/span><\/p>\n<\/div>\n<\/div>\n<\/div>\n<div class=\"card px-3 py-4 col-md-4\">\n<div class=\"card-wrapper flip-card\">\n<div class=\"card-img\"><img decoding=\"async\" class=\"lazyload\" title=\"Jako\u015b\u0107\" src=\"https:\/\/lonexcompany.com\/assets\/images\/ce-04-szczegol-3-696x522.jpg\" alt=\"W\u00f3zek Dzieci\u0119cy Lonex Eleganto\" data-src=\"assets\/images\/ce-04-szczegol-3-696x522.jpg\" \/><\/div>\n<div class=\"card-box\">\n<h3 class=\"mbr-title mbr-fonts-style mbr-black align-center display-2\">Kokyb\u0117<\/h3>\n<p class=\"mbr-card-text mbr-fonts-style align-center display-5\"><span class=\"HwtZe\" lang=\"lt\"><span class=\"jCAhz ChMk0b\"><span class=\"ryNqvb\">Detali\u0173 apdailai naudojama auk\u0161tos kokyb\u0117s eko oda<\/span><\/span><\/span><\/p>\n<\/div>\n<\/div>\n<\/div>\n<\/div>\n<\/div>\n<\/section>\n<section id=\"wowslider-4e\" class=\"mbr-wowslider-container mbr-section mbr-section__container carousel slide mbr-wowslider-container--absent mbr-section-nopadding\" data-ride=\"carousel\" data-keyboard=\"false\" data-wrap=\"true\" data-interval=\"false\" data-rv-view=\"35\">\n<div class=\"mbr-wowslider boxed ws_gestures\" data-cur-slide=\"1\">\n<div class=\"ws_images\">\n<div><img decoding=\"async\" title=\"title 1\" src=\"https:\/\/lonexcompany.com\/assets\/images\/ce-04-bok-800x600.jpg\" alt=\"title 1\" \/><\/div>\n<div>\n<div class=\"ws_list\">\n<div class=\"ws_swipe_left\"><img decoding=\"async\" title=\"title 3\" src=\"https:\/\/lonexcompany.com\/assets\/images\/ce-04-fotelik-a-800x600.jpg\" alt=\"title 3\" \/><\/div>\n<p><img decoding=\"async\" title=\"title 3\" src=\"https:\/\/lonexcompany.com\/assets\/images\/ce-04-fotelik-a-800x600.jpg\" alt=\"title 3\" \/><\/p>\n<\/div>\n<\/div>\n<div class=\"ws_cover\"><\/div>\n<div><\/div>\n<div class=\"ws_controls\"><\/div>\n<\/div>\n<div class=\"ws_shadow\"><\/div>\n<\/div>\n<\/section>\n<section id=\"features3-42\" class=\"features3 cid-r9ou5iT0E9\">\n<div class=\"container\">\n<h2 class=\"mbr-section-title align-center mbr-fonts-style display-2\">Technologija<\/h2>\n<h3 class=\"mbr-section-subtitle display-5 align-center mbr-fonts-style\">ELEGANTO<\/h3>\n<div class=\"row justify-content-center pt-3\">\n<div class=\"card p-3 col-12 col-md-6\">\n<div class=\"card-wrap\">\n<div class=\"card-img pb-4 align-center\"><\/div>\n<div class=\"card-box\">\n<h4 class=\"card-title mbr-fonts-style align-center display-5\">SIMPLY CLICK<\/h4>\n<p class=\"mbr-text mbr-fonts-style align-center display-5\"><span class=\"HwtZe\" lang=\"lt\"><span class=\"jCAhz ChMk0b\"><span class=\"ryNqvb\">Patikima element\u0173 prijungimo\/atjungimo prie ve\u017eim\u0117lio r\u0117mo sistema<\/span><\/span><\/span><\/p>\n<\/div>\n<\/div>\n<\/div>\n<div class=\"card p-3 col-12 col-md-6\">\n<div class=\"card-wrap\">\n<div class=\"card-img pb-4 align-center\"><\/div>\n<div class=\"card-box\">\n<h4 class=\"card-title mbr-fonts-style align-center display-5\">BEST LOCK<\/h4>\n<p class=\"mbr-text mbr-fonts-style align-center display-5\"><span class=\"HwtZe\" lang=\"lt\"><span class=\"jCAhz ChMk0b\"><span class=\"ryNqvb\">Patikimas apsauginis u\u017eraktas nuo savaiminio r\u0117mo susilankstymo<\/span><\/span><\/span><\/p>\n<\/div>\n<\/div>\n<\/div>\n<\/div>\n<\/div>\n<\/section>\n<section id=\"content9-43\" class=\"cid-r9ou5kbbYM mbr-parallax-background\">\n<div class=\"mbr-overlay\"><\/div>\n<div class=\"container\">\n<div class=\"row justify-content-center\">\n<div class=\"col-12 col-md-12 align-center\">\n<h1 class=\"mbr-section-title mbr-white mbr-fonts-style align-left display-1\"><strong>ELEGANTO<\/strong><\/h1>\n<\/div>\n<\/div>\n<\/div>\n<div id=\"jarallax-container-1\">\n<div><\/div>\n<\/div>\n<\/section>\n<section id=\"features10-44\" class=\"features10 cid-r9ou5leQyO\">\n<div class=\"container\">\n<div class=\"row justify-content-center align-items-start\">\n<div class=\"card px-3 py-4 col-md-4\">\n<div class=\"card-wrapper flip-card\">\n<div class=\"card-img\"><img decoding=\"async\" class=\"lazyload\" title=\"Spacer\u00f3wka prz\u00f3 ty\u0142\" src=\"https:\/\/lonexcompany.com\/assets\/images\/ce-04-spacerowka-b-696x522.jpg\" alt=\"W\u00f3zek Dzieci\u0119cy Lonex Eleganto\" data-src=\"assets\/images\/ce-04-spacerowka-b-696x522.jpg\" \/><\/div>\n<div class=\"card-box\">\n<h3 class=\"mbr-title mbr-fonts-style mbr-black align-center display-2\">Kryptis<\/h3>\n<p class=\"mbr-card-text mbr-fonts-style align-center display-5\"><span class=\"HwtZe\" lang=\"lt\"><span class=\"jCAhz ChMk0b\"><span class=\"ryNqvb\">Ve\u017eim\u0117lio s\u0117dyn\u0117 tvirtinama priekyje arba gale pagal va\u017eiavimo krypt\u012f<\/span><\/span><\/span><\/p>\n<\/div>\n<\/div>\n<\/div>\n<div class=\"card px-3 py-4 col-md-4\">\n<div class=\"card-wrapper flip-card\">\n<div class=\"card-img\"><img decoding=\"async\" class=\"lazyload\" title=\"Pokrowiec\" src=\"https:\/\/lonexcompany.com\/assets\/images\/ce-04-spacerowka-c-696x522.jpg\" alt=\"W\u00f3zek Dzieci\u0119cy Lonex Eleganto\" data-src=\"assets\/images\/ce-04-spacerowka-c-696x522.jpg\" \/><\/div>\n<div class=\"card-box\">\n<h3 class=\"mbr-title mbr-fonts-style mbr-black align-center display-2\">U\u017evalkalas<\/h3>\n<p class=\"mbr-card-text mbr-fonts-style align-center display-5\"><span class=\"HwtZe\" lang=\"lt\"><span class=\"jCAhz ChMk0b\"><span class=\"ryNqvb\">\u0160ilta koj\u0173 antklod\u0117 pagrindiniame \u201edu viename\u201c rinkinyje<\/span><\/span><\/span><\/p>\n<\/div>\n<\/div>\n<\/div>\n<div class=\"card px-3 py-4 col-md-4\">\n<div class=\"card-wrapper flip-card\">\n<div class=\"card-img\"><img decoding=\"async\" class=\"lazyload\" title=\"Spanie\" src=\"https:\/\/lonexcompany.com\/assets\/images\/ce-04-spacerowka-d-696x522.jpg\" alt=\"W\u00f3zek Dzieci\u0119cy Lonex Eleganto\" data-src=\"assets\/images\/ce-04-spacerowka-d-696x522.jpg\" \/><\/div>\n<div class=\"card-box\">\n<h3 class=\"mbr-title mbr-fonts-style mbr-black align-center display-2\">Miegas<\/h3>\n<p class=\"mbr-card-text mbr-fonts-style align-center display-5\"><span class=\"HwtZe\" lang=\"lt\"><span class=\"jCAhz ChMk0b\"><span class=\"ryNqvb\">Miegamoji pad\u0117tis atlenkus atlo\u0161\u0105 ir pak\u0117lus koj\u0173 atram\u0105<\/span><\/span><\/span><\/p>\n<\/div>\n<\/div>\n<\/div>\n<\/div>\n<\/div>\n<\/section>\n<section id=\"features10-46\" class=\"features10 cid-r9ou5nT55U\">\n<div class=\"container\">\n<div class=\"row justify-content-center align-items-start\">\n<div class=\"card px-3 py-4 col-md-4\">\n<div class=\"card-wrapper flip-card\">\n<div class=\"card-img\"><img decoding=\"async\" class=\"lazyload\" title=\"Mobilno\u015b\u0107\" src=\"https:\/\/lonexcompany.com\/assets\/images\/ce-04-rama-skladanie-696x522.jpg\" alt=\"W\u00f3zek Dzieci\u0119cy Lonex Eleganto\" data-src=\"assets\/images\/ce-04-rama-skladanie-696x522.jpg\" \/><\/div>\n<div class=\"card-box\">\n<h3 class=\"mbr-title mbr-fonts-style mbr-black align-center display-2\">Mobilumas<\/h3>\n<p class=\"mbr-card-text mbr-fonts-style align-center display-5\"><span class=\"HwtZe\" lang=\"lt\"><span class=\"jCAhz ChMk0b\"><span class=\"ryNqvb\">Sulankstomas r\u0117mas su galimybe nuimti ratus<\/span><\/span><\/span><\/p>\n<\/div>\n<\/div>\n<\/div>\n<div class=\"card px-3 py-4 col-md-4\">\n<div class=\"card-wrapper flip-card\">\n<div class=\"card-img\"><img decoding=\"async\" class=\"lazyload\" title=\"Akcesoria\" src=\"https:\/\/lonexcompany.com\/assets\/images\/ce-04-torba-696x522.jpg\" alt=\"W\u00f3zek Dzieci\u0119cy Lonex Eleganto\" data-src=\"assets\/images\/ce-04-torba-696x522.jpg\" \/><\/div>\n<div class=\"card-box\">\n<h3 class=\"mbr-title mbr-fonts-style mbr-black align-center display-2\">Accessories<\/h3>\n<p class=\"mbr-card-text mbr-fonts-style align-center display-5\"><span class=\"HwtZe\" lang=\"lt\"><span class=\"jCAhz ChMk0b\"><span class=\"ryNqvb\">\u012e pagrindin\u012f \u201edu viename\u201c variant\u0105 \u012feina priedai: krep\u0161ys, tinklelis nuo uod\u0173, apsauga nuo lietaus, butelio laikiklis<\/span><\/span><\/span><\/p>\n<\/div>\n<\/div>\n<\/div>\n<div class=\"card px-3 py-4 col-md-4\">\n<div class=\"card-wrapper flip-card\">\n<div class=\"card-img\"><img decoding=\"async\" class=\"lazyload\" title=\"Gondola\" src=\"https:\/\/lonexcompany.com\/assets\/images\/ce-04-gondola-696x522.jpg\" alt=\"W\u00f3zek Dzieci\u0119cy Lonex Eleganto\" data-src=\"assets\/images\/ce-04-gondola-696x522.jpg\" \/><\/div>\n<div class=\"card-box\">\n<h3 class=\"mbr-title mbr-fonts-style mbr-black align-center display-2\">Lop\u0161ys<\/h3>\n<p class=\"mbr-card-text mbr-fonts-style align-center display-5\"><span class=\"HwtZe\" lang=\"lt\"><span class=\"jCAhz ChMk0b\"><span class=\"ryNqvb\">Lengva gondola su laipsni\u0161ku atlo\u0161o reguliavimu ir lop\u0161io funkcija.<\/span><\/span><\/span><\/p>\n<\/div>\n<\/div>\n<\/div>\n<\/div>\n<\/div>\n<\/section>\n<section id=\"features10-47\" class=\"features10 cid-r9ou5qmVcc\">\n<div class=\"container\">\n<div class=\"row justify-content-center align-items-start\">\n<div class=\"card px-3 py-4 col-md-4\">\n<div class=\"card-wrapper flip-card\">\n<div class=\"card-img\"><img decoding=\"async\" class=\"lazyload\" title=\"Fotelik\" src=\"https:\/\/lonexcompany.com\/assets\/images\/ce-04-fotelik-b-696x522.jpg\" alt=\"W\u00f3zek Dzieci\u0119cy Lonex Eleganto\" data-src=\"assets\/images\/ce-04-fotelik-b-696x522.jpg\" \/><\/div>\n<div class=\"card-box\">\n<h3 class=\"mbr-title mbr-fonts-style mbr-black align-center display-2\">K\u0117dut\u0117<\/h3>\n<p class=\"mbr-card-text mbr-fonts-style align-center display-5\"><span class=\"HwtZe\" lang=\"lt\"><span class=\"jCAhz ChMk0b\"><span class=\"ryNqvb\">CARLO konstrukcija, atitinkanti b\u016btinus saugos standartus<\/span><\/span><\/span><\/p>\n<\/div>\n<\/div>\n<\/div>\n<div class=\"card px-3 py-4 col-md-4\">\n<div class=\"card-wrapper flip-card\">\n<div class=\"card-img\"><img decoding=\"async\" class=\"lazyload\" title=\"Adaptery\" src=\"https:\/\/lonexcompany.com\/assets\/images\/ce-04-fotelik-a-696x522.jpg\" alt=\"W\u00f3zek Dzieci\u0119cy Lonex Eleganto\" data-src=\"assets\/images\/ce-04-fotelik-a-696x522.jpg\" \/><\/div>\n<div class=\"card-box\">\n<h3 class=\"mbr-title mbr-fonts-style mbr-black align-center display-2\">Adapteris<\/h3>\n<p class=\"mbr-card-text mbr-fonts-style align-center display-5\"><span class=\"HwtZe\" lang=\"lt\"><span class=\"jCAhz ChMk0b\"><span class=\"ryNqvb\">Automobilin\u0117 k\u0117dut\u0117 komplektuojama su adapteriais automobilinei k\u0117dutei prijungti prie ELEGANTO r\u0117mo<\/span><\/span><\/span><\/p>\n<\/div>\n<\/div>\n<\/div>\n<div class=\"card px-3 py-4 col-md-4\">\n<div class=\"card-wrapper flip-card\">\n<div class=\"card-img\"><img decoding=\"async\" class=\"lazyload\" title=\"Wk\u0142adka\" src=\"https:\/\/lonexcompany.com\/assets\/images\/ce-04-fotelik-c-696x522.jpg\" alt=\"W\u00f3zek Dzieci\u0119cy Lonex Eleganto\" data-src=\"assets\/images\/ce-04-fotelik-c-696x522.jpg\" \/><\/div>\n<div class=\"card-box\">\n<h3 class=\"mbr-title mbr-fonts-style mbr-black align-center display-2\">\u012ed\u0117klas<\/h3>\n<p class=\"mbr-card-text mbr-fonts-style align-center display-5\"><span class=\"HwtZe\" lang=\"lt\"><span class=\"jCAhz ChMk0b\"><span class=\"ryNqvb\">3 ta\u0161k\u0173 saugos dir\u017eai, profiliuotas \u012fd\u0117klas J\u016bs\u0173 ma\u017eylio patogumui<\/span><\/span><\/span><\/p>\n<\/div>\n<\/div>\n<\/div>\n<\/div>\n<\/div>\n<\/section>\n<section id=\"features12-48\" class=\"features19 cid-r9ou5s0SxE\">\n<div class=\"container\">\n<p class=\"mbr-section-subtitle align-left mbr-fonts-style display-2\">I\u0161matavimai<\/p>\n<div class=\"row justify-content-center align-items-start\">\n<div class=\"card px-3 py-4 col-md-4\">\n<div class=\"card-wrapper flip-card\">\n<div class=\"card-img\"><img decoding=\"async\" class=\"lazyload\" title=\"\" src=\"https:\/\/lonexcompany.com\/assets\/images\/eleganto-wymiary-a-640x480.jpg\" alt=\"\" data-src=\"assets\/images\/eleganto-wymiary-a-640x480.jpg\" \/><\/div>\n<div class=\"card-box\">\n<p class=\"mbr-card-text mbr-fonts-style align-center display-7\">\n<\/div>\n<\/div>\n<\/div>\n<div class=\"card px-3 py-4 col-md-4\">\n<div class=\"card-wrapper flip-card\">\n<div class=\"card-img\"><img decoding=\"async\" class=\"lazyload\" title=\"\" src=\"https:\/\/lonexcompany.com\/assets\/images\/prestige-wymiary-b-640x480.jpg\" alt=\"\" data-src=\"assets\/images\/prestige-wymiary-b-640x480.jpg\" \/><\/div>\n<div class=\"card-box\">\n<p class=\"mbr-card-text mbr-fonts-style align-center display-5\">vidinis ilgis 82 cm \/ plotis 36 cm \/ auk\u0161tis 23 cm<\/p>\n<\/div>\n<\/div>\n<\/div>\n<div class=\"card px-3 py-4 col-md-4\">\n<div class=\"card-wrapper flip-card\">\n<div class=\"card-img\"><img decoding=\"async\" class=\"lazyload\" title=\"\" src=\"https:\/\/lonexcompany.com\/assets\/images\/prestige-wymiary-c-640x480.jpg\" alt=\"\" data-src=\"assets\/images\/prestige-wymiary-c-640x480.jpg\" \/><\/div>\n<div>\n<section id=\"gallery2-4c\" class=\"mbr-gallery mbr-slider-carousel cid-r9oB6OwqhT\">\n<div class=\"container\">\n<h2 class=\"align-center mbr-fonts-style mbr-section-title display-2 pb-4\">ELEGANTO spalvos<\/h2>\n<\/div>\n<div class=\"container\">\n<div class=\"col-left-gallery\">\n<div class=\"mbr-gallery-row\">\n<div class=\"mbr-gallery-layout-default\">\n<div>\n<div>\n<div class=\"mbr-gallery-item mbr-gallery-item--p0\" data-video-url=\"false\" data-tags=\"Niesamowite\">\n<div data-slide-to=\"0\" data-bs-slide-to=\"0\" data-toggle=\"modal\" data-bs-toggle=\"modal\"><img decoding=\"async\" class=\"lazyload\" title=\"\" src=\"https:\/\/lonexcompany.com\/assets\/images\/ce-1-1600x1200-800x600.jpg\" alt=\"\" data-src=\"assets\/images\/ce-1-1600x1200-800x600.jpg\" \/><\/div>\n<\/div>\n<div class=\"mbr-gallery-item mbr-gallery-item--p0\" data-video-url=\"false\" data-tags=\"Niesamowite\">\n<div data-slide-to=\"1\" data-bs-slide-to=\"1\" data-toggle=\"modal\" data-bs-toggle=\"modal\"><img decoding=\"async\" class=\"lazyload\" title=\"\" src=\"https:\/\/lonexcompany.com\/assets\/images\/ce-5-1600x1200-800x600.jpg\" alt=\"\" data-src=\"assets\/images\/ce-5-1600x1200-800x600.jpg\" \/><\/div>\n<\/div>\n<div class=\"mbr-gallery-item mbr-gallery-item--p0\" data-video-url=\"false\" data-tags=\"Tw\u00f3rcze\">\n<div data-slide-to=\"2\" data-bs-slide-to=\"2\" data-toggle=\"modal\" data-bs-toggle=\"modal\"><img decoding=\"async\" class=\"lazyload\" title=\"\" src=\"https:\/\/lonexcompany.com\/assets\/images\/ce-4-1600x1200-800x600.jpg\" alt=\"\" data-src=\"assets\/images\/ce-4-1600x1200-800x600.jpg\" \/><\/div>\n<\/div>\n<\/div>\n<\/div>\n<div class=\"clearfix\"><\/div>\n<\/div>\n<\/div>\n<\/div>\n<\/div>\n<\/section>\n<section id=\"footer6-4b\" class=\"cid-r9ou5wutjq\">\n<div class=\"container\">\n<div class=\"row justify-content-center align-center\">\n<div class=\"col-md-4 list-column\">\n<div class=\"mbr-list counter-container mbr-fonts-style display-4\">\n<ul>\n<li class=\"\"><\/li>\n<\/ul>\n<\/div>\n<\/div>\n<\/div>\n<\/div>\n<\/section>\n<\/div>\n<div class=\"card-box\">\n<p class=\"mbr-card-text mbr-fonts-style align-center display-7\">\n<\/div>\n<\/div>\n<\/div>\n<\/div>\n<\/div>\n<\/section>\n<section id=\"table4-49\" class=\"table4 section-table cid-r9ou5trB0q mbr-parallax-background\">\n<div class=\"mbr-overlay\"><\/div>\n<\/section>\n<\/div>\n<\/div>","protected":false},"excerpt":{"rendered":"<div class=\"container align-left\">\n<div class=\"row justify-content-center mbr-white\">\n<div class=\"mbr-white col-md-12\">\n<p class=\"mbr-text pb-3 mbr-fonts-style mbr-white align-left display-5\"><span class=\"HwtZe\" lang=\"lt\"><span class=\"jCAhz ChMk0b\"><span class=\"ryNqvb\">ELEGANTO modelis yra nesenstanti klasika, derinama su auk\u0161ta naudojam\u0173 med\u017eiag\u0173 kokybe.<\/span><\/span> <span class=\"jCAhz ChMk0b\"><span class=\"ryNqvb\">ELEGANTO yra ve\u017eim\u0117lis, kuris i\u0161skirs jus i\u0161 minios.<\/span><\/span> <span class=\"jCAhz ChMk0b\"><span class=\"ryNqvb\"><br \/>\n<\/span><\/span><\/span><\/p>\n<\/div>\n<\/div>\n<\/div>\n<div id=\"user_jarallax-container-0\"><\/div>","protected":false},"featured_media":10273,"template":"","meta":[],"product_cat":[220],"product_tag":[],"acf":[],"_links":{"self":[{"href":"https:\/\/lonexvezimeliai.eu\/en\/wp-json\/wp\/v2\/product\/10272"}],"collection":[{"href":"https:\/\/lonexvezimeliai.eu\/en\/wp-json\/wp\/v2\/product"}],"about":[{"href":"https:\/\/lonexvezimeliai.eu\/en\/wp-json\/wp\/v2\/types\/product"}],"wp:featuredmedia":[{"embeddable":true,"href":"https:\/\/lonexvezimeliai.eu\/en\/wp-json\/wp\/v2\/media\/10273"}],"wp:attachment":[{"href":"https:\/\/lonexvezimeliai.eu\/en\/wp-json\/wp\/v2\/media?parent=10272"}],"wp:term":[{"taxonomy":"product_cat","embeddable":true,"href":"https:\/\/lonexvezimeliai.eu\/en\/wp-json\/wp\/v2\/product_cat?post=10272"},{"taxonomy":"product_tag","embeddable":true,"href":"https:\/\/lonexvezimeliai.eu\/en\/wp-json\/wp\/v2\/product_tag?post=10272"}],"curies":[{"name":"wp","href":"https:\/\/api.w.org\/{rel}","templated":true}]}}