{"id":10256,"date":"2023-03-13T19:39:05","date_gmt":"2023-03-13T19:39:05","guid":{"rendered":"https:\/\/lonexvezimeliai.eu\/?product=wozek-dzieciecy-lonex-emotion-xt-ecco-2w1"},"modified":"2024-06-25T10:48:02","modified_gmt":"2024-06-25T10:48:02","slug":"wozek-dzieciecy-lonex-emotion-xt-ecco-2w1","status":"publish","type":"product","link":"https:\/\/lonexvezimeliai.eu\/en\/product\/wozek-dzieciecy-lonex-emotion-xt-ecco-2w1\/","title":{"rendered":"Stroller LONEX EMOTION XT ECCO leather 2in1 and 3in1"},"content":{"rendered":"<p style=\"text-align: center;\"><span style=\"font-size: 14pt;\"><span class=\"HwtZe\" lang=\"lt\"><span class=\"jCAhz ChMk0b\"><span class=\"ryNqvb\">Lonex Emotion XT yra ilgamet\u0117s patirties ir aistros kuriant saugius ir patikimus\u00a0 ve\u017eim\u0117lius rezultatas.<\/span><\/span> <span class=\"jCAhz ChMk0b\"><span class=\"ryNqvb\">Atraskite svarbiausias Lonex Emotion XT ve\u017eim\u0117lio funkcijas<\/span><\/span><\/span><br \/>\n<\/span><\/p>\n<p>LONEX EMOTION XT ECCO,pagamintas i\u0161 ekologin\u0117s odos.<\/p>\n<div class=\"opis\">\n<div class=\"opis_a1\" style=\"text-align: center;\"><\/div>\n<div class=\"wymiary_a3\">\n<section id=\"video2-93\" class=\"video1 cid-rtb4ynAuV1\">\n<figure class=\"mbr-figure align-center container-fluid\">\n<div class=\"video-block\">\n<div><iframe loading=\"lazy\" class=\"mbr-embedded-video\" src=\"https:\/\/www.youtube.com\/embed\/aDanSt7dKm8?rel=0&amp;amp;showinfo=0&amp;autoplay=0&amp;loop=1&amp;playlist=aDanSt7dKm8\" width=\"1280\" height=\"720\" frameborder=\"0\" allowfullscreen=\"allowfullscreen\"><\/iframe><\/div>\n<\/div>\n<\/figure>\n<\/section>\n<section id=\"video2-ae\" class=\"video1 cid-rF4DKcjuwF\">\n<figure class=\"mbr-figure align-center container-fluid\">\n<div class=\"video-block\">\n<div><iframe loading=\"lazy\" class=\"mbr-embedded-video\" src=\"https:\/\/www.youtube.com\/embed\/KB6n7wrBs8Y?rel=0&amp;amp;showinfo=0&amp;autoplay=0&amp;loop=1&amp;playlist=KB6n7wrBs8Y\" width=\"1280\" height=\"720\" frameborder=\"0\" allowfullscreen=\"allowfullscreen\"><\/iframe><\/div>\n<\/div>\n<\/figure>\n<\/section>\n<section id=\"features10-e\" class=\"features10 cid-r10OnhIpuZ\">\n<div class=\"container\">\n<div class=\"row justify-content-center align-items-start\">\n<div class=\"card px-3 py-4 col-md-4\">\n<div class=\"card-wrapper flip-card\">\n<div class=\"card-img\"><img decoding=\"async\" class=\"lazyload\" title=\"system wpinania\" src=\"https:\/\/lonexcompany.com\/assets\/images\/xt-01-szczegol-b-1-696x522.jpg\" alt=\"W\u00f3zek Dzieci\u0119cy Lonex Emotion XT\" data-src=\"assets\/images\/xt-01-szczegol-b-1-696x522.jpg\" \/><\/div>\n<div class=\"card-box\">\n<h3 class=\"mbr-title mbr-fonts-style mbr-black align-center display-2\">Saugumas<\/h3>\n<p class=\"mbr-card-text mbr-fonts-style align-center display-5\"><span class=\"HwtZe\" lang=\"lt\"><span class=\"jCAhz ChMk0b\"><span class=\"ryNqvb\">Sistema, kuri neleid\u017eia r\u0117mui automati\u0161kai susilankstyti<\/span><\/span><\/span><\/p>\n<\/div>\n<\/div>\n<\/div>\n<div class=\"card px-3 py-4 col-md-4\">\n<div class=\"card-wrapper flip-card\">\n<div class=\"card-img\"><img decoding=\"async\" class=\"lazyload\" title=\"jako\u015b\u0107\" src=\"https:\/\/lonexcompany.com\/assets\/images\/emotion-xtp-print-tkanina.gif\" alt=\"W\u00f3zek Dzieci\u0119cy Lonex Emotion XT\" data-src=\"assets\/images\/emotion-xtp-print-tkanina.gif\" \/><\/div>\n<div class=\"card-box\">\n<h3 class=\"mbr-title mbr-fonts-style mbr-black align-center display-2\">Kokyb\u0117<\/h3>\n<p class=\"mbr-card-text mbr-fonts-style align-center display-5\"><span class=\"HwtZe\" lang=\"lt\"><span class=\"jCAhz ChMk0b\"><span class=\"ryNqvb\">Naudojome auk\u0161\u010diausios kokyb\u0117s itali\u0161kus vandeniui atsparius audinius<\/span><\/span><\/span><\/p>\n<\/div>\n<\/div>\n<\/div>\n<div class=\"card px-3 py-4 col-md-4\">\n<div class=\"card-wrapper flip-card\">\n<div class=\"card-img\"><img decoding=\"async\" class=\"lazyload\" title=\"Rama\" src=\"https:\/\/lonexcompany.com\/assets\/images\/xt-01-skladanie-ramy-1-696x522.jpg\" alt=\"W\u00f3zek Dzieci\u0119cy Lonex Emotion XT\" data-src=\"assets\/images\/xt-01-skladanie-ramy-1-696x522.jpg\" \/><\/div>\n<div class=\"card-box\">\n<h3 class=\"mbr-title mbr-fonts-style mbr-black align-center display-2\">Inovacijos<\/h3>\n<p class=\"mbr-card-text mbr-fonts-style align-center display-5\"><span class=\"HwtZe\" lang=\"lt\"><span class=\"jCAhz ChMk0b\"><span class=\"ryNqvb\">Lengvas, sulankstomas r\u0117mas su patikimais gelio ratukais<\/span><\/span><\/span><\/p>\n<\/div>\n<\/div>\n<\/div>\n<\/div>\n<\/div>\n<\/section>\n<section id=\"wowslider-l\" class=\"mbr-wowslider-container mbr-section mbr-section__container carousel slide mbr-wowslider-container--easy mbr-section-nopadding\" data-ride=\"carousel\" data-keyboard=\"false\" data-wrap=\"true\" data-interval=\"false\" data-rv-view=\"390\">\n<div class=\"mbr-wowslider boxed ws_gestures\" data-cur-slide=\"2\">\n<div class=\"ws_images\">\n<div><img decoding=\"async\" title=\"title 2\" src=\"https:\/\/lonexcompany.com\/assets\/images\/emotion-xtp-print-gondola-z-boku-i-torba-1-640x480.jpg\" alt=\"title 2\" \/><\/div>\n<div>\n<div class=\"ws_list\">\n<div class=\"ws_swipe_left\"><img decoding=\"async\" title=\"title 2\" src=\"https:\/\/lonexcompany.com\/assets\/images\/emotion-xtp-print-gondola-z-boku-bez-torby-2-640x480.jpg\" alt=\"title 2\" \/><\/div>\n<ul>\n<li><\/li>\n<li><img decoding=\"async\" title=\"title 2\" src=\"https:\/\/lonexcompany.com\/assets\/images\/xxxx-1600x1200.jpg\" alt=\"title 2\" \/><\/li>\n<li><img decoding=\"async\" title=\"title 2\" src=\"https:\/\/lonexcompany.com\/assets\/images\/emotion-xtp-print-spacerwka3.gif\" alt=\"title 2\" \/><\/li>\n<li><img decoding=\"async\" title=\"title 2\" src=\"https:\/\/lonexcompany.com\/assets\/images\/emotion-xtp-print-nosideko-na-stelazu-640x480.jpg\" alt=\"title 2\" \/><\/li>\n<\/ul>\n<\/div>\n<\/div>\n<div class=\"ws_cover\"><\/div>\n<div><\/div>\n<div class=\"ws_controls\"><\/div>\n<\/div>\n<div class=\"ws_shadow\"><\/div>\n<\/div>\n<\/section>\n<section id=\"features3-f\" class=\"features3 cid-r10RlvHZLY\">\n<div class=\"container\">\n<h2 class=\"mbr-section-title align-center mbr-fonts-style display-2\">Technologija<\/h2>\n<h3 class=\"mbr-section-subtitle display-5 align-center mbr-fonts-style\">Emotion XT<\/h3>\n<div class=\"row justify-content-center pt-3\">\n<div class=\"card p-3 col-12 col-md-6 col-xl-3 col-lg-3\">\n<div class=\"card-wrap\">\n<div class=\"card-img pb-4 align-center\"><\/div>\n<div class=\"card-box\">\n<h4 class=\"card-title mbr-fonts-style align-center display-5\">Vienas paspaudimas<\/h4>\n<p class=\"mbr-text mbr-fonts-style align-center display-7\"><span class=\"HwtZe\" lang=\"lt\"><span class=\"jCAhz ChMk0b\"><span class=\"ryNqvb\">Greito atkabinimo sistema lop\u0161iui ar automobilinei k\u0117dutei nuo ve\u017eim\u0117lio r\u0117mo<\/span><\/span><\/span><\/p>\n<\/div>\n<\/div>\n<\/div>\n<div class=\"card p-3 col-12 col-md-6 col-xl-3 col-lg-3\">\n<div class=\"card-wrap\">\n<div class=\"card-img pb-4 align-center\"><\/div>\n<div class=\"card-box\">\n<h4 class=\"card-title mbr-fonts-style align-center display-5\">Geriausias u\u017eraktas<\/h4>\n<p class=\"mbr-text mbr-fonts-style align-center display-7\"><span class=\"HwtZe\" lang=\"lt\"><span class=\"jCAhz ChMk0b\"><span class=\"ryNqvb\">Patikimas apsauginis u\u017eraktas nuo savaiminio r\u0117mo susilankstymo<\/span><\/span><\/span><\/p>\n<\/div>\n<\/div>\n<\/div>\n<div class=\"card p-3 col-12 col-md-6 col-xl-3 col-lg-3\">\n<div class=\"card-wrap\">\n<div class=\"card-img pb-4 align-center\"><\/div>\n<div class=\"card-box\">\n<h4 class=\"card-title mbr-fonts-style align-center display-5\">GELIS<\/h4>\n<p class=\"mbr-text mbr-fonts-style align-center display-7\"><span class=\"HwtZe\" lang=\"lt\"><span class=\"jCAhz ChMk0b\"><span class=\"ryNqvb\">Bekameriai \u017eemo profilio ratai su auk\u0161tos kokyb\u0117s geliu<\/span><\/span><\/span><\/p>\n<\/div>\n<\/div>\n<\/div>\n<div class=\"card p-3 col-12 col-md-6 col-xl-3 col-lg-3\">\n<div class=\"card-wrap\">\n<div class=\"card-img pb-4 align-center\"><\/div>\n<div class=\"card-box\">\n<h4 class=\"card-title mbr-fonts-style align-center display-5\">Lietus<\/h4>\n<p class=\"mbr-text mbr-fonts-style align-center display-7\"><span class=\"HwtZe\" lang=\"lt\"><span class=\"jCAhz ChMk0b\"><span class=\"ryNqvb\">Audini\u0173 su padidintu atsparumu vandeniui naudojimas<\/span><\/span><\/span><\/p>\n<\/div>\n<\/div>\n<\/div>\n<\/div>\n<\/div>\n<\/section>\n<section id=\"content9-t\" class=\"cid-r1ieH5ubmJ mbr-parallax-background\">\n<div class=\"mbr-overlay\"><\/div>\n<div class=\"container\">\n<div class=\"row justify-content-center\">\n<div class=\"col-12 col-md-12 align-center\">\n<h1 class=\"mbr-section-title mbr-white mbr-fonts-style align-left display-1\">EMOTION <strong>XT<\/strong><\/h1>\n<\/div>\n<\/div>\n<\/div>\n<div id=\"jarallax-container-1\">\n<div><\/div>\n<\/div>\n<\/section>\n<section id=\"features10-14\" class=\"features10 cid-r1x5dSzQE3\">\n<div class=\"container\">\n<div class=\"row justify-content-center align-items-start\">\n<div class=\"card px-3 py-4 col-md-4\">\n<div class=\"card-wrapper flip-card\">\n<div class=\"card-img\"><img decoding=\"async\" class=\"lazyload\" title=\"spacer\u00f3ka prz\u00f3d ty\u0142\" src=\"https:\/\/lonexcompany.com\/assets\/images\/emotion-xtp-print-x2-1.gif\" alt=\"W\u00f3zek Dzieci\u0119cy Lonex Emotion XT\" data-src=\"assets\/images\/emotion-xtp-print-x2-1.gif\" \/><\/div>\n<div class=\"card-box\">\n<h3 class=\"mbr-title mbr-fonts-style mbr-black align-center display-2\">Kryptis<\/h3>\n<p class=\"mbr-card-text mbr-fonts-style align-center display-5\"><span class=\"HwtZe\" lang=\"lt\"><span class=\"jCAhz ChMk0b\"><span class=\"ryNqvb\">Ve\u017eim\u0117lio s\u0117dyn\u0117 tvirtinama priekyje arba gale pagal va\u017eiavimo krypt\u012f<\/span><\/span><\/span><\/p>\n<\/div>\n<\/div>\n<\/div>\n<div class=\"card px-3 py-4 col-md-4\">\n<div class=\"card-wrapper flip-card\">\n<div class=\"card-img\"><img decoding=\"async\" class=\"lazyload\" title=\"pokrowiec \" src=\"https:\/\/lonexcompany.com\/assets\/images\/emotion-xtp-print-spacerwka2.gif\" alt=\"W\u00f3zek Dzieci\u0119cy Lonex Emotion XT\" data-src=\"assets\/images\/emotion-xtp-print-spacerwka2.gif\" \/><\/div>\n<div class=\"card-box\">\n<h3 class=\"mbr-title mbr-fonts-style mbr-black align-center display-2\">U\u017edangalas<\/h3>\n<p class=\"mbr-card-text mbr-fonts-style align-center display-5\"><span class=\"HwtZe\" lang=\"lt\"><span class=\"jCAhz ChMk0b\"><span class=\"ryNqvb\">\u0160ilta koj\u0173 antklod\u0117 pagrindiniame \u201edu viename\u201c rinkinyje<\/span><\/span><\/span><\/p>\n<\/div>\n<\/div>\n<\/div>\n<div class=\"card px-3 py-4 col-md-4\">\n<div class=\"card-wrapper flip-card\">\n<div class=\"card-img\"><img decoding=\"async\" class=\"lazyload\" title=\"pozycja spania\" src=\"https:\/\/lonexcompany.com\/assets\/images\/emotion-xtp-print-spacerwka1.gif\" alt=\"W\u00f3zek Dzieci\u0119cy Lonex Emotion XT\" data-src=\"assets\/images\/emotion-xtp-print-spacerwka1.gif\" \/><\/div>\n<div class=\"card-box\">\n<h3 class=\"mbr-title mbr-fonts-style mbr-black align-center display-2\">Miegas<\/h3>\n<p class=\"mbr-card-text mbr-fonts-style align-center display-5\"><span class=\"HwtZe\" lang=\"lt\"><span class=\"jCAhz ChMk0b\"><span class=\"ryNqvb\">Visi\u0161kai vertikali miegojimo pad\u0117tis, kai atlo\u0161as nulenktas, o koj\u0173 atrama pakelta<\/span><\/span><\/span><\/p>\n<\/div>\n<\/div>\n<\/div>\n<\/div>\n<\/div>\n<\/section>\n<section id=\"features10-z\" class=\"features10 cid-r1s3HDeCBA\">\n<div class=\"container\">\n<div class=\"row justify-content-center align-items-start\">\n<div class=\"card px-3 py-4 col-md-4\">\n<div class=\"card-wrapper flip-card\">\n<div class=\"card-img\"><img decoding=\"async\" class=\"lazyload\" title=\"wypinana o\u015b\" src=\"https:\/\/lonexcompany.com\/assets\/images\/xt-01-szczegol-c-1-696x522.jpg\" alt=\"W\u00f3zek Dzieci\u0119cy Lonex Emotion XT\" data-src=\"assets\/images\/xt-01-szczegol-c-1-696x522.jpg\" \/><\/div>\n<div class=\"card-box\">\n<h3 class=\"mbr-title mbr-fonts-style mbr-black align-center display-2\">Be rib\u0173<\/h3>\n<p class=\"mbr-card-text mbr-fonts-style align-center display-5\"><span class=\"HwtZe\" lang=\"lt\"><span class=\"jCAhz ChMk0b\"><span class=\"ryNqvb\">Emotion XT buvo \u012frengta pakaba su nuimamomis galini\u0173 rat\u0173 a\u0161imis<\/span><\/span><\/span><\/p>\n<\/div>\n<\/div>\n<\/div>\n<div class=\"card px-3 py-4 col-md-4\">\n<div class=\"card-wrapper flip-card\">\n<div class=\"card-img\"><img decoding=\"async\" class=\"lazyload\" title=\"torba\" src=\"https:\/\/lonexcompany.com\/assets\/images\/emotion-xtp-print-torba.gif\" alt=\"W\u00f3zek Dzieci\u0119cy Lonex Emotion XT\" data-src=\"assets\/images\/emotion-xtp-print-torba.gif\" \/><\/div>\n<div class=\"card-box\">\n<h3 class=\"mbr-title mbr-fonts-style mbr-black align-center display-2\">Accessories<\/h3>\n<p class=\"mbr-card-text mbr-fonts-style align-center display-5\"><span class=\"HwtZe\" lang=\"lt\"><span class=\"jCAhz ChMk0b\"><span class=\"ryNqvb\">\u012e pagrindin\u012f \u201edu viename\u201c variant\u0105 \u012feina priedai: krep\u0161ys, tinklelis nuo uod\u0173, butelio laikiklis<\/span><\/span><\/span><\/p>\n<\/div>\n<\/div>\n<\/div>\n<div class=\"card px-3 py-4 col-md-4\">\n<div class=\"card-wrapper flip-card\">\n<div class=\"card-img\"><img decoding=\"async\" class=\"lazyload\" title=\"gondola\" src=\"https:\/\/lonexcompany.com\/assets\/images\/emotion-xtp-print-gondola-bokiem.gif\" alt=\"W\u00f3zek Dzieci\u0119cy Lonex Emotion XT\" data-src=\"assets\/images\/emotion-xtp-print-gondola-bokiem.gif\" \/><\/div>\n<div class=\"card-box\">\n<h3 class=\"mbr-title mbr-fonts-style mbr-black align-center display-2\">Lop\u0161ys<\/h3>\n<p class=\"mbr-card-text mbr-fonts-style align-center display-5\"><span class=\"HwtZe\" lang=\"lt\"><span class=\"jCAhz ChMk0b\"><span class=\"ryNqvb\">Lengvas lop\u0161ys su laipsni\u0161ku atlo\u0161o reguliavimu ir lop\u0161io funkcija.<\/span><\/span><\/span><\/p>\n<\/div>\n<\/div>\n<\/div>\n<\/div>\n<\/div>\n<\/section>\n<section id=\"features10-12\" class=\"features10 cid-r1subcYEwj\">\n<div class=\"container\">\n<div class=\"row justify-content-center align-items-start\">\n<div class=\"card px-3 py-4 col-md-4\">\n<div class=\"card-wrapper flip-card\">\n<div class=\"card-img\"><img decoding=\"async\" class=\"lazyload\" title=\"fotelik\" src=\"https:\/\/lonexcompany.com\/assets\/images\/emotion-xtp-print-nosideko-bokiem.gif\" alt=\"W\u00f3zek Dzieci\u0119cy Lonex Emotion XT\" data-src=\"assets\/images\/emotion-xtp-print-nosideko-bokiem.gif\" \/><\/div>\n<div class=\"card-box\">\n<h3 class=\"mbr-title mbr-fonts-style mbr-black align-center display-2\">K\u0117dut\u0117<\/h3>\n<p class=\"mbr-card-text mbr-fonts-style align-center display-5\"><span class=\"HwtZe\" lang=\"lt\"><span class=\"jCAhz ChMk0b\"><span class=\"ryNqvb\">Naujausia KITE konstrukcija, atitinkanti b\u016btinus saugos standartus<\/span><\/span><\/span><\/p>\n<\/div>\n<\/div>\n<\/div>\n<div class=\"card px-3 py-4 col-md-4\">\n<div class=\"card-wrapper flip-card\">\n<div class=\"card-img\"><img decoding=\"async\" class=\"lazyload\" title=\"adaptery\" src=\"https:\/\/lonexcompany.com\/assets\/images\/emotion-xtp-print-nosideko-na-stelazu.gif\" alt=\"W\u00f3zek Dzieci\u0119cy Lonex Emotion XT\" data-src=\"assets\/images\/emotion-xtp-print-nosideko-na-stelazu.gif\" \/><\/div>\n<div class=\"card-box\">\n<h3 class=\"mbr-title mbr-fonts-style mbr-black align-center display-2\">Adapteris<\/h3>\n<p class=\"mbr-card-text mbr-fonts-style align-center display-5\"><span class=\"HwtZe\" lang=\"lt\"><span class=\"jCAhz ChMk0b\"><span class=\"ryNqvb\">Automobilin\u0117 k\u0117dut\u0117 komplektuojama su adapteriais automobilinei k\u0117dutei prijungti prie Emotion XT r\u0117mo<\/span><\/span><\/span><\/p>\n<\/div>\n<\/div>\n<\/div>\n<div class=\"card px-3 py-4 col-md-4\">\n<div class=\"card-wrapper flip-card\">\n<div class=\"card-img\"><img decoding=\"async\" class=\"lazyload\" title=\"fotleik wk\u0142adka\" src=\"https:\/\/lonexcompany.com\/assets\/images\/emotion-xtp-print-nosideko-przodem.gif\" alt=\"W\u00f3zek Dzieci\u0119cy Lonex Emotion XT\" data-src=\"assets\/images\/emotion-xtp-print-nosideko-przodem.gif\" \/><\/div>\n<div class=\"card-box\">\n<h3 class=\"mbr-title mbr-fonts-style mbr-black align-center display-2\">\u012ed\u0117klas<\/h3>\n<p class=\"mbr-card-text mbr-fonts-style align-center display-5\"><span class=\"HwtZe\" lang=\"lt\"><span class=\"jCAhz ChMk0b\"><span class=\"ryNqvb\">3 ta\u0161k\u0173 saugos dir\u017eai, profiliuotas \u012fd\u0117klas J\u016bs\u0173 ma\u017eylio patogumui<\/span><\/span><\/span><\/p>\n<\/div>\n<\/div>\n<\/div>\n<\/div>\n<\/div>\n<\/section>\n<section id=\"features12-p\" class=\"features19 cid-r1hUsELAvJ\">\n<div class=\"container\">\n<p class=\"mbr-section-subtitle align-left mbr-fonts-style display-2\">I\u0161matavimai<\/p>\n<div class=\"row justify-content-center align-items-start\">\n<div class=\"card px-3 py-4 col-md-4\">\n<div class=\"card-wrapper flip-card\">\n<div class=\"card-img\"><img decoding=\"async\" class=\"lazyload\" title=\"\" src=\"https:\/\/lonexcompany.com\/assets\/images\/wymiary-b-600x480.jpg\" alt=\"\" data-src=\"assets\/images\/wymiary-b-600x480.jpg\" \/><\/div>\n<div class=\"card-box\">\n<p class=\"mbr-card-text mbr-fonts-style align-center display-7\">\n<\/div>\n<\/div>\n<\/div>\n<div class=\"card px-3 py-4 col-md-4\">\n<div class=\"card-wrapper flip-card\">\n<div class=\"card-img\"><img decoding=\"async\" class=\"lazyload\" title=\"\" src=\"https:\/\/lonexcompany.com\/assets\/images\/wymiary-a-600x480.jpg\" alt=\"\" data-src=\"assets\/images\/wymiary-a-600x480.jpg\" \/><\/div>\n<div class=\"card-box\">\n<p class=\"mbr-card-text mbr-fonts-style align-center display-7\">vidinis ilgis 82 cm \/ plotis 36 cm \/ auk\u0161tis 19 cm<\/p>\n<\/div>\n<\/div>\n<\/div>\n<div class=\"card px-3 py-4 col-md-4\">\n<div class=\"card-wrapper flip-card\">\n<div class=\"card-img\"><img decoding=\"async\" class=\"lazyload\" title=\"\" src=\"https:\/\/lonexcompany.com\/assets\/images\/wymiary-c-600x480.jpg\" alt=\"\" data-src=\"assets\/images\/wymiary-c-600x480.jpg\" \/><\/div>\n<div>\n<div class=\"container\">\n<h2 class=\"align-center mbr-fonts-style mbr-section-title display-2 pb-4\">EMOTION XT Ecco spalvos<\/h2>\n<\/div>\n<div class=\"container\">\n<div class=\"col-left-gallery\">\n<div class=\"mbr-gallery-row\">\n<div class=\"mbr-gallery-layout-default\">\n<div>\n<div>\n<div class=\"mbr-gallery-item mbr-gallery-item--p1\" data-video-url=\"false\" data-tags=\"Wra\u017cliwe\">\n<div data-slide-to=\"0\" data-bs-slide-to=\"0\" data-toggle=\"modal\" data-bs-toggle=\"modal\"><img decoding=\"async\" class=\"lazyload\" title=\"\" src=\"https:\/\/lonexcompany.com\/assets\/images\/xte-01-ii-v2-1-1600x1200-800x600.jpg\" alt=\"\" data-src=\"assets\/images\/xte-01-ii-v2-1-1600x1200-800x600.jpg\" \/><\/div>\n<\/div>\n<div class=\"mbr-gallery-item mbr-gallery-item--p1\" data-video-url=\"false\" data-tags=\"Wra\u017cliwe\">\n<div data-slide-to=\"1\" data-bs-slide-to=\"1\" data-toggle=\"modal\" data-bs-toggle=\"modal\"><img decoding=\"async\" class=\"lazyload\" title=\"\" src=\"https:\/\/lonexcompany.com\/assets\/images\/xte-02-ii-1600x1200-800x600.jpg\" alt=\"\" data-src=\"assets\/images\/xte-02-ii-1600x1200-800x600.jpg\" \/><\/div>\n<\/div>\n<div class=\"mbr-gallery-item mbr-gallery-item--p1\" data-video-url=\"false\" data-tags=\"Wra\u017cliwe\">\n<div data-slide-to=\"2\" data-bs-slide-to=\"2\" data-toggle=\"modal\" data-bs-toggle=\"modal\"><img decoding=\"async\" class=\"lazyload\" title=\"\" src=\"https:\/\/lonexcompany.com\/assets\/images\/xte-03-sliwka-1600x1200-800x600.jpg\" alt=\"\" data-src=\"assets\/images\/xte-03-sliwka-1600x1200-800x600.jpg\" \/><\/div>\n<\/div>\n<div class=\"mbr-gallery-item mbr-gallery-item--p1\" data-video-url=\"false\" data-tags=\"Wra\u017cliwe\">\n<div data-slide-to=\"3\" data-bs-slide-to=\"3\" data-toggle=\"modal\" data-bs-toggle=\"modal\"><img decoding=\"async\" class=\"lazyload\" title=\"\" src=\"https:\/\/lonexcompany.com\/assets\/images\/plum-gold-2-1600x1200-800x600.jpg\" alt=\"\" data-src=\"assets\/images\/plum-gold-2-1600x1200-800x600.jpg\" \/><\/div>\n<\/div>\n<div class=\"mbr-gallery-item mbr-gallery-item--p1\" data-video-url=\"false\" data-tags=\"Niesamowite\">\n<div data-slide-to=\"4\" data-bs-slide-to=\"4\" data-toggle=\"modal\" data-bs-toggle=\"modal\"><img decoding=\"async\" class=\"lazyload\" title=\"\" src=\"https:\/\/lonexcompany.com\/assets\/images\/xte-07-ii-1-1600x1200-800x600.jpg\" alt=\"\" data-src=\"assets\/images\/xte-07-ii-1-1600x1200-800x600.jpg\" \/><\/div>\n<\/div>\n<div class=\"mbr-gallery-item mbr-gallery-item--p1\" data-video-url=\"false\" data-tags=\"Wra\u017cliwe\">\n<div data-slide-to=\"5\" data-bs-slide-to=\"5\" data-toggle=\"modal\" data-bs-toggle=\"modal\"><img decoding=\"async\" class=\"lazyload\" title=\"\" src=\"https:\/\/lonexcompany.com\/assets\/images\/xte-12-1600x1200-800x600.jpg\" alt=\"\" data-src=\"assets\/images\/xte-12-1600x1200-800x600.jpg\" \/><\/div>\n<\/div>\n<\/div>\n<\/div>\n<\/div>\n<\/div>\n<\/div>\n<\/div>\n<\/div>\n<div class=\"card-box\"><\/div>\n<\/div>\n<\/div>\n<\/div>\n<\/div>\n<\/section>\n<\/div>\n<\/div>","protected":false},"excerpt":{"rendered":"<p><span class=\"HwtZe\" lang=\"lt\"><span class=\"jCAhz ChMk0b\"><span class=\"ryNqvb\">Atraskite svarbiausias Lonex Emotion XT Ecco vaiki\u0161ko ve\u017eim\u0117lio funkcijas<\/span><\/span><\/span><\/p>","protected":false},"featured_media":10257,"template":"","meta":[],"product_cat":[219],"product_tag":[],"acf":[],"_links":{"self":[{"href":"https:\/\/lonexvezimeliai.eu\/en\/wp-json\/wp\/v2\/product\/10256"}],"collection":[{"href":"https:\/\/lonexvezimeliai.eu\/en\/wp-json\/wp\/v2\/product"}],"about":[{"href":"https:\/\/lonexvezimeliai.eu\/en\/wp-json\/wp\/v2\/types\/product"}],"wp:featuredmedia":[{"embeddable":true,"href":"https:\/\/lonexvezimeliai.eu\/en\/wp-json\/wp\/v2\/media\/10257"}],"wp:attachment":[{"href":"https:\/\/lonexvezimeliai.eu\/en\/wp-json\/wp\/v2\/media?parent=10256"}],"wp:term":[{"taxonomy":"product_cat","embeddable":true,"href":"https:\/\/lonexvezimeliai.eu\/en\/wp-json\/wp\/v2\/product_cat?post=10256"},{"taxonomy":"product_tag","embeddable":true,"href":"https:\/\/lonexvezimeliai.eu\/en\/wp-json\/wp\/v2\/product_tag?post=10256"}],"curies":[{"name":"wp","href":"https:\/\/api.w.org\/{rel}","templated":true}]}}