{"id":9,"date":"2023-03-20T06:56:46","date_gmt":"2023-03-20T06:56:46","guid":{"rendered":"http:\/\/lonexvezimeliai.eu\/?page_id=9"},"modified":"2023-03-20T06:57:22","modified_gmt":"2023-03-20T06:57:22","slug":"pristatymas-ir-grazinimas","status":"publish","type":"page","link":"https:\/\/lonexvezimeliai.eu\/en\/pristatymas-ir-grazinimas\/","title":{"rendered":"Shipping and returns"},"content":{"rendered":"<p><strong>Buying goods in the www.lonexvezimeliai.eu store will only take a few minutes!<\/strong><\/p>\r\n<ol>\r\n<li>You need to choose a product, put it &quot;in the cart&quot;, press the cart symbol &quot;Buy&quot;<\/li>\r\n<li>Fill out the &quot;New registration&quot; form required for product delivery, if you have not yet registered. Or if you are already registered, enter your data in the form provided.<\/li>\r\n<li>Choose a payment method.<\/li>\r\n<li>Meet with <a href=\"https:\/\/lonexvezimeliai.eu\/en\/\">www.lonexvezimeliai.eu<\/a>\u00a0e-shop rules and confirm the order.<\/li>\r\n<\/ol>\r\n<p>The goods are sent to the buyer only after the payment amount has been transferred to the address of S. Spaustynaitis. account, as a result of which the delivery date may be delayed until the bank transfer is completed.<\/p>\r\n<p>If you pay in cash, the goods will be delivered to you within 3 working days, if they are in stock.<\/p>\r\n<p>If you want to postpone the order, write by e-mail <a href=\"mailto:info@lonexvezimeliai.eu\">info@lonexvezimeliai.eu<\/a>+370 685 39089.<\/p>\r\n<p>The price of delivery of goods is calculated individually for each customer. We will inform the customer personally about the delivery price. When delivering goods via courier services, the price depends on the weight.<\/p>\r\n<ul>\r\n<li>Up to 9.99 kg - delivery price 3.99<strong>\u20ac<\/strong><\/li>\r\n<li>From 10kg to 19.99kg - delivery price 5.99<strong>\u20ac<\/strong><\/li>\r\n<li>From 20kg to 39.99kg - delivery price 12.99<strong>\u20ac<\/strong><\/li>\r\n<li>From 40 kg - delivery price 19.99<strong>\u20ac<\/strong><\/li>\r\n<\/ul>\r\n<p>If the product you ordered is currently in stock, we will deliver it to you within 3 working days.<\/p>\r\n<p>If the product you ordered is not in stock - we will contact you and inform you that the delivery period may last longer. Maximum delivery time should not exceed 3 weeks (special orders may take even longer).<\/p>\r\n<p>You can specify when you would like to receive the order when you place the order. If we have any doubts - We will contact you<\/p>\r\n<p>If the customer&#039;s contact information contains non-existent or incorrect phone numbers, addresses, etc. data - the order is not executed.<\/p>\r\n<p>During the delivery of the goods, you must check the condition of the shipment. If you notice a shipment violation, you must not accept the shipment and mark it in the shipment&#039;s waybill. If you accept the product and sign the delivery note without comments, the shipment is considered to have been delivered in good order. The deadline for order fulfillment is calculated from the day of product order confirmation. If the product is paid for by bank transfer - from the moment the money is received in our account.<\/p>","protected":false},"excerpt":{"rendered":"<p>Preki\u0173 pirkimas www.lonexvezimeliai.eu parduotuv\u0117je u\u017eims tik kelet\u0105 minu\u010di\u0173! Jums reikia i\u0161sirinkti prek\u0119, \u012fd\u0117ti j\u0105 \u201e\u012f krep\u0161el\u012f\u201d, paspausti preki\u0173 krep\u0161elio simbol\u012f \u201ePirkti\u201c U\u017epildyti prek\u0117s pristatymui reikaling\u0105 form\u0105 \u201eNauja registracija\u201c, jei dar nesate u\u017esiregistrav\u0119s. Arba jei jau esate u\u017esiregistrav\u0119s, pateiktoje formoje \u012fvesti savo duomenis. Pasirinkti apmok\u0117jimo b\u016bd\u0105. Susipa\u017einti su www.lonexvezimeliai.eu\u00a0e-parduotuv\u0117s taisykl\u0117mis ir patvirtinti u\u017esakym\u0105. Prek\u0117s siun\u010diamos pirk\u0117jui [&hellip;]<\/p>","protected":false},"author":1,"featured_media":0,"parent":0,"menu_order":0,"comment_status":"closed","ping_status":"closed","template":"","meta":[],"acf":[],"_links":{"self":[{"href":"https:\/\/lonexvezimeliai.eu\/en\/wp-json\/wp\/v2\/pages\/9"}],"collection":[{"href":"https:\/\/lonexvezimeliai.eu\/en\/wp-json\/wp\/v2\/pages"}],"about":[{"href":"https:\/\/lonexvezimeliai.eu\/en\/wp-json\/wp\/v2\/types\/page"}],"author":[{"embeddable":true,"href":"https:\/\/lonexvezimeliai.eu\/en\/wp-json\/wp\/v2\/users\/1"}],"replies":[{"embeddable":true,"href":"https:\/\/lonexvezimeliai.eu\/en\/wp-json\/wp\/v2\/comments?post=9"}],"version-history":[{"count":3,"href":"https:\/\/lonexvezimeliai.eu\/en\/wp-json\/wp\/v2\/pages\/9\/revisions"}],"predecessor-version":[{"id":10912,"href":"https:\/\/lonexvezimeliai.eu\/en\/wp-json\/wp\/v2\/pages\/9\/revisions\/10912"}],"wp:attachment":[{"href":"https:\/\/lonexvezimeliai.eu\/en\/wp-json\/wp\/v2\/media?parent=9"}],"curies":[{"name":"wp","href":"https:\/\/api.w.org\/{rel}","templated":true}]}}