{"id":211,"date":"2016-06-13T15:48:45","date_gmt":"2016-06-13T15:48:45","guid":{"rendered":"http:\/\/template-demos.com\/wp\/WP01\/WP010005\/?page_id=2"},"modified":"2023-03-21T10:24:34","modified_gmt":"2023-03-21T10:24:34","slug":"apie-mus","status":"publish","type":"page","link":"https:\/\/lonexvezimeliai.eu\/en\/apie-mus\/","title":{"rendered":"About us"},"content":{"rendered":"<div class=\"vc_row wpb_row top-row vc_custom_1519804692056 porto-inner-container\"><div class=\"porto-wrap-container container\"><div class=\"row\"><div class=\"vc_column_container col-md-12\"><div class=\"wpb_wrapper vc_column-inner\"><div class=\"porto-u-heading  wpb_custom_95aa9a11c17ad45cfabaf210d84ee7cc\" data-hspacer=\"no_spacer\" data-halign=\"left\" style=\"text-align:left\"><div class=\"porto-u-main-heading\"><h2   style=\"font-weight:700;color:#21293c;font-size:19px;\">A short introduction<\/h2><\/div><\/div>\n\t<div class=\"wpb_text_column wpb_content_element\" >\n\t\t<div class=\"wpb_wrapper\">\n\t\t\t<p><span style=\"color: #21293c; font-size: 15px;\">Hello! We are a company that offers quality baby strollers. Our goal is to ensure that your baby travels safely and comfortably, which is why we have selected only the best brands and carefully monitor their quality. Our baby strollers are functional, durable and modern in design, and our professional team is always ready to help and advise you in choosing the most suitable option. Choose our company and be sure that your baby will travel with the best stroller!<\/span><\/p>\n\n\t\t<\/div>\n\t<\/div>\n<\/div><\/div><\/div><\/div><\/div><div class=\"vc_row wpb_row top-row vc_custom_1519805538811 vc_row-has-fill porto-inner-container\"><div class=\"porto-wrap-container container\"><div class=\"row\"><div class=\"vc_column_container col-md-12\"><div class=\"wpb_wrapper vc_column-inner\"><div class=\"porto-u-heading  wpb_custom_95aa9a11c17ad45cfabaf210d84ee7cc\" data-hspacer=\"no_spacer\" data-halign=\"left\" style=\"text-align:left\"><div class=\"porto-u-main-heading\"><h2   style=\"font-weight:700;color:#21293c;font-size:19px;\">Why choose us?<\/h2><\/div><\/div><div class=\"vc_row wpb_row vc_inner row\"><div class=\"vc_column_container col-md-4\"><div class=\"wpb_wrapper vc_column-inner\"><div class=\"porto-sicon-box custom-info-box  wpb_custom_1efe903570d178ff0a9b7bfa5febd3a4 style_1 top-icon\"><div class=\"porto-sicon-top\"><div class=\"porto-just-icon-wrapper porto-icon none\" style=\"color:#c59b9c;font-size:55px;\"><i class=\"porto-icon-shipped\"><\/i><\/div><\/div><div class=\"porto-sicon-header\"><h3 class=\"porto-sicon-title\" style=\"font-weight:600;font-size:18px;line-height:20px;color:#21293c;\">Fast delivery<\/h3><\/div> <!-- header --><div class=\"porto-sicon-description\" style=\"font-size:15px;line-height:27px;\">We offer convenient and fast delivery services to ensure that your baby&#039;s journey is safe and comfortable from the first days of life.<\/div> <!-- description --><\/div><!-- porto-sicon-box --><\/div><\/div><div class=\"vc_column_container col-md-4\"><div class=\"wpb_wrapper vc_column-inner\"><div class=\"porto-sicon-box custom-info-box  wpb_custom_1efe903570d178ff0a9b7bfa5febd3a4 style_1 top-icon\"><div class=\"porto-sicon-top\"><div class=\"porto-just-icon-wrapper porto-icon none\" style=\"color:#c59b9c;font-size:55px;\"><i class=\"porto-icon-smiling-baby\"><\/i><\/div><\/div><div class=\"porto-sicon-header\"><h3 class=\"porto-sicon-title\" style=\"font-weight:600;font-size:18px;line-height:20px;color:#21293c;\">Happy baby<\/h3><\/div> <!-- header --><div class=\"porto-sicon-description\" style=\"font-size:15px;line-height:27px;\">We only offer baby strollers of the highest quality brands, whose durability, functionality and safety are tested and guaranteed.<\/div> <!-- description --><\/div><!-- porto-sicon-box --><\/div><\/div><div class=\"vc_column_container col-md-4\"><div class=\"wpb_wrapper vc_column-inner\"><div class=\"porto-sicon-box custom-info-box  wpb_custom_1efe903570d178ff0a9b7bfa5febd3a4 style_1 top-icon\"><div class=\"porto-sicon-top\"><div class=\"porto-just-icon-wrapper porto-icon none\" style=\"color:#c59b9c;font-size:55px;\"><i class=\"porto-icon-online-support\"><\/i><\/div><\/div><div class=\"porto-sicon-header\"><h3 class=\"porto-sicon-title\" style=\"font-weight:600;font-size:18px;line-height:20px;color:#21293c;\">Help<\/h3><\/div> <!-- header --><div class=\"porto-sicon-description\" style=\"font-size:15px;line-height:27px;\">We have a professional and helpful team who will always answer your questions and advise you on the right choice of baby stroller.<\/div> <!-- description --><\/div><!-- porto-sicon-box --><\/div><\/div><\/div><\/div><\/div><\/div><\/div><\/div>","protected":false},"excerpt":{"rendered":"Trumpas prisistatymas Sveiki! Mes esame \u012fmon\u0117, kuri si\u016blo kokybi\u0161kus k\u016bdiki\u0173 ve\u017eim\u0117lius. M\u016bs\u0173 tikslas - u\u017etikrinti, kad j\u016bs\u0173 k\u016bdikis keliaut\u0173 saugiai ir patogiai, tod\u0117l mes pasirinkome tik geriausius preki\u0173 \u017eenklus ir kruop\u0161\u010diai stebime j\u0173 kokyb\u0119. M\u016bs\u0173 k\u016bdiki\u0173 ve\u017eim\u0117liai yra funkcional\u016bs, patvar\u016bs ir modernaus dizaino, o m\u016bs\u0173 profesionali komanda visada pasiruo\u0161usi pad\u0117ti ir patarti jums pasirinkti tinkamiausi\u0105 [...]","protected":false},"author":1,"featured_media":0,"parent":0,"menu_order":0,"comment_status":"closed","ping_status":"closed","template":"","meta":[],"acf":[],"_links":{"self":[{"href":"https:\/\/lonexvezimeliai.eu\/en\/wp-json\/wp\/v2\/pages\/211"}],"collection":[{"href":"https:\/\/lonexvezimeliai.eu\/en\/wp-json\/wp\/v2\/pages"}],"about":[{"href":"https:\/\/lonexvezimeliai.eu\/en\/wp-json\/wp\/v2\/types\/page"}],"author":[{"embeddable":true,"href":"https:\/\/lonexvezimeliai.eu\/en\/wp-json\/wp\/v2\/users\/1"}],"replies":[{"embeddable":true,"href":"https:\/\/lonexvezimeliai.eu\/en\/wp-json\/wp\/v2\/comments?post=211"}],"version-history":[{"count":8,"href":"https:\/\/lonexvezimeliai.eu\/en\/wp-json\/wp\/v2\/pages\/211\/revisions"}],"predecessor-version":[{"id":10947,"href":"https:\/\/lonexvezimeliai.eu\/en\/wp-json\/wp\/v2\/pages\/211\/revisions\/10947"}],"wp:attachment":[{"href":"https:\/\/lonexvezimeliai.eu\/en\/wp-json\/wp\/v2\/media?parent=211"}],"curies":[{"name":"wp","href":"https:\/\/api.w.org\/{rel}","templated":true}]}}