{"id":10907,"date":"2023-03-20T06:50:52","date_gmt":"2023-03-20T06:50:52","guid":{"rendered":"https:\/\/lonexvezimeliai.eu\/?page_id=10907"},"modified":"2023-03-20T06:50:52","modified_gmt":"2023-03-20T06:50:52","slug":"privatumo-politika","status":"publish","type":"page","link":"https:\/\/lonexvezimeliai.eu\/en\/privatumo-politika\/","title":{"rendered":"Privacy policy"},"content":{"rendered":"<p>We protect your privacy, so we aim to familiarize you as clearly as possible with the principles of information collection and use applied on our website. The terms of the privacy policy apply to each and every time you use our services.<br \/>By registering on our website, you automatically agree to our privacy policy. If you do not agree to these terms, please do not visit our website and do not use our services.<\/p>\r\n<p><br \/><strong>WHO WE ARE<\/strong><\/p>\r\n<p><br \/>The e-shop website address is:\u00a0<a href=\"https:\/\/lonexvezimeliai.eu\/en\/\" target=\"_blank\" rel=\"noreferrer noopener\">https:\/\/www.lonexvezimeliai.eu<\/a>\u00a0(hereinafter the website)<br \/>Data manager S.Spaustynaitis P.\u012e. Reg.nr 15820283; Address: Kauno 64-1 Jurbarkas, Lithuania.<\/p>\r\n<p>For questions regarding personal data and other privacy-related issues, please contact:<br \/>\u2022 By phone: +37068539089; By email: <a href=\"mailto:info@lonexvezimeliai.eu\">info@lonexvezimeliai.eu<\/a><\/p>\r\n<p><strong>WHAT PERSONAL DATA WE COLLECT AND WHY WE DO IT<\/strong><\/p>\r\n<p><br \/>We collect and process only your personal data that is sufficient and necessary to achieve the purposes for which it is processed.<br \/>Personal data we collect and process:<br \/><strong>Registration data<\/strong><br \/>We collect the personal information you have provided to us during registration:<br \/>email postal address, first name, last name, telephone number, address.<br \/>This information is required to register on our website and is used for further orders,<br \/><strong>Purchase data<\/strong><br \/>We collect personal information that you provide to us when you purchase products on the website:<br \/>name, surname, e-mail postal address, telephone number, delivery address, method of delivery of goods, method of payment, payment information, basic information about third parties receiving the goods, IP address.<br \/>This information is used to fulfill orders. For information about the progress of the order.<br \/><strong>Cookies<\/strong><br \/>The website uses cookies that improve the quality of browsing. With the help of cookies, the content of the website is adapted to your needs. By browsing our online store, you agree to the storage of cookies on your computer or other device. You can withdraw your consent at any time by changing the settings of your internet browser and deleting the saved cookies. You can find information on how to do this by entering keywords in your browser&#039;s help pages<br \/><strong>Communication choices<\/strong><br \/>This includes your consents to marketing offers from us and from third parties. We give you the option to opt-out of consents or to delete your account<br \/>You will receive necessary communications from the Website when we provide the services and content you request, or when we need to inform you of important matters related to the Website.<br \/><strong>Feedback and inquiries, price offers, comments, notes<\/strong><br \/>When you give us feedback, contact us for help, offer a product price or ask us questions, we collect the following data you provide: name, email email address, phone number, IP address, shopping cart data.<br \/>This information is needed to respond to your feedback, provide support or answer your questions. This includes records and copies of your correspondence with us.<\/p>\r\n<p><br \/><strong>PURPOSES OF PROCESSING PERSONAL DATA<\/strong><\/p>\r\n<p><br \/>We collect your personal data only for specified, clear and legitimate purposes and do not process your personal data in any way that is incompatible with these purposes.<br \/>In order to provide you with access to the website and to enable you to use the website, we process the following personal data:<br \/>\u2013 registration data;<br \/>We process the following personal data for the purposes of conducting sales and processing inquiries:<br \/>\u2013 purchase data;<br \/>\u2013 Feedback and inquiries, price offers, comments, notes<br \/>In order to make using the website as simple and convenient as possible, we use the following data:<br \/>\u2013 cookie data;<br \/>For the purposes of processing your requests and inquiries:<br \/>\u2013 Feedback and inquiries, price offers, comments, notes<br \/>For marketing purposes<br \/>\u2013 Communication options<\/p>\r\n<p><br \/><strong>WHO WE SHARE YOUR DATA WITH<\/strong><\/p>\r\n<p>Information about you is transferred to third parties only in the following cases: to our partners who provide services for collecting money and delivering goods. We only provide the providers of these services with the information that is necessary to perform the selected service.<br \/>To law enforcement institutions in accordance with the procedure provided by the legal acts of the Republic of Lithuania.<br \/>Visitor comments can be screened using an automated spam detection service.<br \/>You can submit a request by e-mail. by mail:\u00a0<a href=\"mailto:info@lonexvezimeliai.lt\" target=\"_blank\" rel=\"noreferrer noopener\">info@lonexvezimeliai.eu<\/a>.<\/p>\r\n<p><br \/><strong>HOW LONG DO WE KEEP PERSONAL DATA?<\/strong><\/p>\r\n<p><br \/>Your personal data is stored for as long as is necessary to fulfill the contract for the purchase of goods, but not less than that required by the legal acts regulating our activities. Your personal data, which are processed with your consent to such personal data processing, are processed and stored until the date of withdrawal of your consent.<\/p>\r\n<p><strong>HOW CAN I VIEW MY PERSONAL DATA THAT WE PROCESS?<\/strong><\/p>\r\n<p><br \/>You have the right to access your personal data processed by us. You can familiarize yourself with your personal data being processed by sending us a request by e-mail. by mail: <a href=\"mailto:info@lonexvezimeliai.eu\">info@lonexvezimeliai.eu<\/a><\/p>\r\n<p><strong>HOW TO REQUEST DELETE OF YOUR PERSONAL DATA<\/strong><\/p>\r\n<p>You have the right to submit a request for the deletion of your personal data processed by us by sending us a request by e-mail. by mail: <a href=\"mailto:info@lonexvezimeliai.eu\">info@lonexvezimeliai.eu<\/a><\/p>","protected":false},"excerpt":{"rendered":"<p>Mes saugome J\u016bs\u0173 privatum\u0105, tod\u0117l siekiame kuo ai\u0161kiau supa\u017eindinti Jus su m\u016bs\u0173 svetain\u0117je taikomais informacijos rinkimo ir naudojimo principais. Privatumo politikos s\u0105lygos galioja kiekvienam ir kiekvien\u0105 kart\u0105 norint pasinaudoti m\u016bs\u0173 teikiamomis paslaugomis.Prisiregistruodami m\u016bs\u0173 svetain\u0117je J\u016bs automati\u0161kai sutinkate su m\u016bs\u0173 privatumo politika.Jeigu nesutinkate su \u0161iomis s\u0105lygomis, pra\u0161ome nesilankyti m\u016bs\u0173 svetain\u0117je ir nesinaudoti m\u016bs\u0173 teikiamomis paslaugomis. KAS [&hellip;]<\/p>","protected":false},"author":1,"featured_media":0,"parent":0,"menu_order":0,"comment_status":"closed","ping_status":"closed","template":"","meta":[],"acf":[],"_links":{"self":[{"href":"https:\/\/lonexvezimeliai.eu\/en\/wp-json\/wp\/v2\/pages\/10907"}],"collection":[{"href":"https:\/\/lonexvezimeliai.eu\/en\/wp-json\/wp\/v2\/pages"}],"about":[{"href":"https:\/\/lonexvezimeliai.eu\/en\/wp-json\/wp\/v2\/types\/page"}],"author":[{"embeddable":true,"href":"https:\/\/lonexvezimeliai.eu\/en\/wp-json\/wp\/v2\/users\/1"}],"replies":[{"embeddable":true,"href":"https:\/\/lonexvezimeliai.eu\/en\/wp-json\/wp\/v2\/comments?post=10907"}],"version-history":[{"count":1,"href":"https:\/\/lonexvezimeliai.eu\/en\/wp-json\/wp\/v2\/pages\/10907\/revisions"}],"predecessor-version":[{"id":10908,"href":"https:\/\/lonexvezimeliai.eu\/en\/wp-json\/wp\/v2\/pages\/10907\/revisions\/10908"}],"wp:attachment":[{"href":"https:\/\/lonexvezimeliai.eu\/en\/wp-json\/wp\/v2\/media?parent=10907"}],"curies":[{"name":"wp","href":"https:\/\/api.w.org\/{rel}","templated":true}]}}